{"id":8237,"date":"2021-12-16T12:25:52","date_gmt":"2021-12-16T17:25:52","guid":{"rendered":"https:\/\/puyapeptide.net\/product\/abaloparatid-av-hogsta-kvalitet-cas-247062-33-5-for-minskad-frakturfrekvens-och-incidens-av-hyperkalcemi\/"},"modified":"2021-12-16T12:25:52","modified_gmt":"2021-12-16T17:25:52","slug":"abaloparatid-av-hogsta-kvalitet-cas-247062-33-5-for-minskad-frakturfrekvens-och-incidens-av-hyperkalcemi","status":"publish","type":"product","link":"https:\/\/puyapeptide.net\/sv\/product\/abaloparatid-av-hogsta-kvalitet-cas-247062-33-5-for-minskad-frakturfrekvens-och-incidens-av-hyperkalcemi\/","title":{"rendered":"Abaloparatid av h\u00f6gsta kvalitet CAS 247062-33-5 f\u00f6r minskad frakturfrekvens och incidens av hyperkalcemi"},"content":{"rendered":"<h2><strong>Abaloparatid av h\u00f6gsta kvalitet CAS 247062-33-5 f\u00f6r minskad frakturfrekvens och incidens av hyperkalcemi<\/strong><\/h2>\n<p>Produktnamn: Abaloparatid<br \/>\nSekvens: H-Ala-Val-Ser-Glu-His-Gln-Leu-Leu-His-Asp-Lys-Gly-Lys-Ser-Ile-Gln-Asp-Leu- Arg-Arg-Arg-Glu-Leu-Leu-Glu-Lys-Leu-Leu-N-Me-Ala-Lys- Leu-His-Thr-Ala-NH2<br \/>\nSynonymer: Abaloparatid<br \/>\nCAS: 247062- 33-5<br \/>\nMF: C174H300N56O49<br \/>\nMW: 3960.5896<br \/>\nEINECS:<br \/>\nProduktkategorier:<br \/>\nMol Fil: 247062-33-5.mol<\/p>\n<p>Abaloparatid, en selektiv aktivator av paratyreoideahormonreceptorn (PTH1-receptorn), har avancerat i klinisk utveckling f\u00f6r behandling av osteoporos hos postmenopausala kvinnor med h\u00f6g risk f\u00f6r frakturer p\u00e5 grund av dess goda osteogena aktivitet, gjord av abaloparatid.<\/p>\n<p> <strong>Technical index Of Abaloparatid CAS 247062-33-5<\/strong><br \/>\nUtseende: Vitt pulver<br \/>\nRenhet (HPLC) \u226598,0%<br \/>\nAcetathalt 5,0%~12,0%<br \/>\nVattenhalt \u22648,0%<br \/>\nPeptidhalt\u226580,0%<br \/>\nF\u00f6rpackning och transport:<br \/>\nL\u00e5g temperatur, vakuumf\u00f6rpackad, exakt till mg p\u00e5 beg\u00e4ran.<\/p>\n<p> <strong>Funktion och till\u00e4mpning av Abaloparatid CAS 247062-33-5<\/strong><br \/>\nAbaparatide, en peptid som best\u00e5r av med 34 aminosyrarester, \u00e4r en ny bisk\u00f6ldk\u00f6rtelhormonrelaterad peptid (PTHrP) utvecklad av RadiusHealth, som \u00e4r en kraftfull och selektiv aktivator av PTH-I-receptorn f\u00f6r att \u00f6ka benmineralinneh\u00e5ll, bent\u00e4thet och benstyrka och fr\u00e4mja benbildning , och har godk\u00e4nts f\u00f6r marknadsf\u00f6ring av FDA den april Chemicalbook28, 2017. godk\u00e4nd f\u00f6r marknadsf\u00f6ring av FDA den 28 april 2017 under handelsnamnet Tymlos.Abapatid administreras subkutant f\u00f6r behandling av osteoporos hos postmenopausala kvinnor som l\u00f6per risk f\u00f6r fraktur eller som har misslyckats med att svara p\u00e5 andra terapeutiska medel, och \u00e4r effektiv f\u00f6r att minska frekvensen av nya kotfrakturer och icke-kotfrakturer. Abapatid har b\u00e4ttre f\u00f6rm\u00e5ga att minska frakturfrekvensen och hyperkalcemifrekvensen j\u00e4mf\u00f6rt med teriparatid.<\/p>\n","protected":false},"excerpt":{"rendered":"<p>Produktnamn: Abaloparatid<br \/>\nCAS: 247062-33-5<br \/>\nMF: C174H300N56O49<br \/>\nMW: 3960.5896<br \/>\nMol Fil: 247062-33-5.mol<\/p>\n","protected":false},"featured_media":2175,"comment_status":"open","ping_status":"closed","template":"","meta":{"om_disable_all_campaigns":false,"_monsterinsights_skip_tracking":false,"_monsterinsights_sitenote_active":false,"_monsterinsights_sitenote_note":"","_monsterinsights_sitenote_category":0,"site-sidebar-layout":"default","site-content-layout":"default","ast-site-content-layout":"default","site-content-style":"default","site-sidebar-style":"default","ast-global-header-display":"","ast-banner-title-visibility":"","ast-main-header-display":"","ast-hfb-above-header-display":"","ast-hfb-below-header-display":"","ast-hfb-mobile-header-display":"","site-post-title":"","ast-breadcrumbs-content":"","ast-featured-img":"","footer-sml-layout":"","ast-disable-related-posts":"","theme-transparent-header-meta":"default","adv-header-id-meta":"","stick-header-meta":"","header-above-stick-meta":"","header-main-stick-meta":"","header-below-stick-meta":"","astra-migrate-meta-layouts":"default","ast-page-background-enabled":"default","ast-page-background-meta":{"desktop":{"background-color":"","background-image":"","background-repeat":"repeat","background-position":"center center","background-size":"auto","background-attachment":"scroll","background-type":"","background-media":"","overlay-type":"","overlay-color":"","overlay-opacity":"","overlay-gradient":""},"tablet":{"background-color":"","background-image":"","background-repeat":"repeat","background-position":"center center","background-size":"auto","background-attachment":"scroll","background-type":"","background-media":"","overlay-type":"","overlay-color":"","overlay-opacity":"","overlay-gradient":""},"mobile":{"background-color":"","background-image":"","background-repeat":"repeat","background-position":"center center","background-size":"auto","background-attachment":"scroll","background-type":"","background-media":"","overlay-type":"","overlay-color":"","overlay-opacity":"","overlay-gradient":""}},"ast-content-background-meta":{"desktop":{"background-color":"var(--ast-global-color-5)","background-image":"","background-repeat":"repeat","background-position":"center center","background-size":"auto","background-attachment":"scroll","background-type":"","background-media":"","overlay-type":"","overlay-color":"","overlay-opacity":"","overlay-gradient":""},"tablet":{"background-color":"var(--ast-global-color-5)","background-image":"","background-repeat":"repeat","background-position":"center center","background-size":"auto","background-attachment":"scroll","background-type":"","background-media":"","overlay-type":"","overlay-color":"","overlay-opacity":"","overlay-gradient":""},"mobile":{"background-color":"var(--ast-global-color-5)","background-image":"","background-repeat":"repeat","background-position":"center center","background-size":"auto","background-attachment":"scroll","background-type":"","background-media":"","overlay-type":"","overlay-color":"","overlay-opacity":"","overlay-gradient":""}}},"product_brand":[],"product_cat":[482],"product_tag":[1421],"class_list":{"0":"post-8237","1":"product","2":"type-product","3":"status-publish","4":"has-post-thumbnail","6":"product_cat-osteoporospeptid","7":"product_tag-top-grade-abaloparatide-cas-247062-33-5-for-reduced-fracture-rate-and-hypercalcemia-incidence-sv","8":"desktop-align-left","9":"tablet-align-left","10":"mobile-align-left","12":"first","13":"instock","14":"shipping-taxable","15":"product-type-simple"},"_links":{"self":[{"href":"https:\/\/puyapeptide.net\/sv\/wp-json\/wp\/v2\/product\/8237","targetHints":{"allow":["GET"]}}],"collection":[{"href":"https:\/\/puyapeptide.net\/sv\/wp-json\/wp\/v2\/product"}],"about":[{"href":"https:\/\/puyapeptide.net\/sv\/wp-json\/wp\/v2\/types\/product"}],"replies":[{"embeddable":true,"href":"https:\/\/puyapeptide.net\/sv\/wp-json\/wp\/v2\/comments?post=8237"}],"wp:featuredmedia":[{"embeddable":true,"href":"https:\/\/puyapeptide.net\/sv\/wp-json\/wp\/v2\/media\/2175"}],"wp:attachment":[{"href":"https:\/\/puyapeptide.net\/sv\/wp-json\/wp\/v2\/media?parent=8237"}],"wp:term":[{"taxonomy":"product_brand","embeddable":true,"href":"https:\/\/puyapeptide.net\/sv\/wp-json\/wp\/v2\/product_brand?post=8237"},{"taxonomy":"product_cat","embeddable":true,"href":"https:\/\/puyapeptide.net\/sv\/wp-json\/wp\/v2\/product_cat?post=8237"},{"taxonomy":"product_tag","embeddable":true,"href":"https:\/\/puyapeptide.net\/sv\/wp-json\/wp\/v2\/product_tag?post=8237"}],"curies":[{"name":"wp","href":"https:\/\/api.w.org\/{rel}","templated":true}]}}