{"id":8253,"date":"2021-12-16T12:26:51","date_gmt":"2021-12-16T17:26:51","guid":{"rendered":"https:\/\/puyapeptide.net\/product\/hogkvalitativt-cosyntropin-tetracosactide-acetate-cas-16960-16-0-behandling-for-viss-crohns-sjukdom-eller-ulceros-kolit\/"},"modified":"2021-12-16T12:26:51","modified_gmt":"2021-12-16T17:26:51","slug":"hogkvalitativt-cosyntropin-tetracosactide-acetate-cas-16960-16-0-behandling-for-viss-crohns-sjukdom-eller-ulceros-kolit","status":"publish","type":"product","link":"https:\/\/puyapeptide.net\/sv\/product\/hogkvalitativt-cosyntropin-tetracosactide-acetate-cas-16960-16-0-behandling-for-viss-crohns-sjukdom-eller-ulceros-kolit\/","title":{"rendered":"H\u00f6gkvalitativt Cosyntropin\/Tetracosactide Acetate CAS 16960-16-0 Behandling f\u00f6r viss Crohns sjukdom eller ulcer\u00f6s kolit"},"content":{"rendered":"<h2><strong>H\u00f6gkvalitativt Cosyntropin\/Tetracosactide Acetate CAS 16960-16-0 Behandling f\u00f6r viss Crohns sjukdom eller ulcer\u00f6s kolit<\/strong><\/h2>\n<p>Produktnamn: Cosyntropin<br \/>\nSynonymer: L-SER-TYR-SER-MET-GLU-HIS-PHE-ARG-TRP-GLY-LYS-PRO-VAL-GLY-LYS-LYS-ARG-ARG- PRO-VAL-LYS-VAL-TYR-PRO;cosyntropin;H-SER-TYR-SER-MET-GLU-HIS-PHE-ARG-TRP-GLY-LYS-PRO-VAL-GLY-LYS-LYS-ARG- ARG PRO-VAL-LYS-VAL-TYR-PRO-OH TETRACOSACTIDE (M\u00c4NNISKA, BOVINE, MUS, F\u00c5R, GRIS, KANIN, R\u00c5TTA);H-SER-TYR-SER-MET-GLU-HIS-PHE-ARG-TRP -GLY-LYS-PRO-VAL-GLY-LYS-LYS-ARG-ARG-PRO-VAL-LYS-VAL-TYR-PRO-OH;SER-TYR-SER-MET-GLU-HIS-PHE-ARG-TRP -GLY-LYS-PRO-VAL-GLY-LYS-LYS-ARG-ARG-PRO-VAL-LYS-VAL-TYR-PRO HUMAN;SER-TYR-SER-MET-GLU-HIS-PHE-ARG-TRP- GLY-LYS-PRO-VAL-GLY-LYS-LYS-ARG-ARG-PRO-VAL-LYS-VAL-TYR-PRO;TETRACOSACTIDE;TETRACOSACTIDE (HUMAN)<br \/>\nCAS: 16960-16-0<br \/>\nMF : C136H210N40O31S<br \/>\nMW: 2933.44<br \/>\nEINECS: 241-031-1<br \/>\nProduktkategorier: Melanokortinreceptor;Peptid;Organics<br \/>\nMol Fil: 16960-16-0.syntropin<\/p>\n<p>Cotropin \u00e4r en syntetisk polypeptid som best\u00e5r av aminosyraresterna 1 till 24 av human ACTH, men som har den fullst\u00e4ndiga biologiska aktiviteten av sin f\u00f6r\u00e4lder. Eftersom det \u00e4r av syntetiskt ursprung \u00e4r det mindre allergiframkallande \u00e4n ACTH av naturligt ursprung. Cosyntropin anv\u00e4nds som ett diagnostiskt medel vid screening av patienter som misst\u00e4nks ha binjurebarksinsufficiens. Normalt verkar parenteral administrering av cosyntropin snabbt p\u00e5 binjurebarken f\u00f6r att \u00e5stadkomma fris\u00e4ttning av plasmahydrokortison; vid utf\u00f6randet av testet j\u00e4mf\u00f6rs hydrokortisonniv\u00e5erna med ett kontrollblodprov som tagits tidigare.<\/p>\n<p> <strong>Cosyntropin\/ Tetracosactide Acetate CAS 16960-16-0 Kemiska egenskaper<\/strong><br \/>\ndensitet 1,47\u00b10,1 g\/cm3(f\u00f6rutsp\u00e5tt)&lt; &amp;&gt;lagringstemp. \u221220\u00b0C<br \/>\nl\u00f6slighet Sv\u00e5rt l\u00f6slig i vatten.<br \/>\nVattenl\u00f6slighet L\u00f6slig i vatten<br \/>\nInChIKey ZOEFCCMDUURGSE-SQKVDDBVSA-N<br \/>\nCAS DataBase Reference 16960-16-0(CAS DataBase Reference)<br \/>\n&lt; &amp;&gt; <strong>Funktion och till\u00e4mpning av Cosyntropin\/Tetracosactide Acetate CAS 16960-16-0<\/strong><br \/>\nAnv\u00e4nds f\u00f6r att diagnostisera binjurebarkinsufficiens; anv\u00e4nds \u00e4ven f\u00f6r att behandla reumatism, reumatoid artrit, hudsjukdomar och chock. Biverkningar och kontraindikationer: kl\u00e5da, rodnad, urtikaria, bronkospasm och andra allergiska reaktioner fr\u00e5n Chemicalbook \u00e4r mindre vanliga \u00e4n kortikosteroider. Enstaka synkope och brist. L\u00e5ngvarig eller \u00f6verdriven anv\u00e4ndning kan ha svullnad, h\u00f6gt blodtryck, hypokalemi, hyperpigmentering och inducerad infektion, etc. Anv\u00e4nd med f\u00f6rsiktighet om du \u00e4r allergisk mot naturliga kortikosteroider.<\/p>\n","protected":false},"excerpt":{"rendered":"<p>Produktnamn: Cosyntropin<br \/>\nCAS: 16960-16-0<br \/>\nMF: C136H210N40O31S<br \/>\nMW: 2933.44<br \/>\nEINECS: 241-031-1<br \/>\nMol Fil: 16960-16-0.mol<\/p>\n","protected":false},"featured_media":2343,"comment_status":"open","ping_status":"closed","template":"","meta":{"om_disable_all_campaigns":false,"_monsterinsights_skip_tracking":false,"_monsterinsights_sitenote_active":false,"_monsterinsights_sitenote_note":"","_monsterinsights_sitenote_category":0,"site-sidebar-layout":"default","site-content-layout":"default","ast-site-content-layout":"default","site-content-style":"default","site-sidebar-style":"default","ast-global-header-display":"","ast-banner-title-visibility":"","ast-main-header-display":"","ast-hfb-above-header-display":"","ast-hfb-below-header-display":"","ast-hfb-mobile-header-display":"","site-post-title":"","ast-breadcrumbs-content":"","ast-featured-img":"","footer-sml-layout":"","ast-disable-related-posts":"","theme-transparent-header-meta":"default","adv-header-id-meta":"","stick-header-meta":"","header-above-stick-meta":"","header-main-stick-meta":"","header-below-stick-meta":"","astra-migrate-meta-layouts":"default","ast-page-background-enabled":"default","ast-page-background-meta":{"desktop":{"background-color":"","background-image":"","background-repeat":"repeat","background-position":"center center","background-size":"auto","background-attachment":"scroll","background-type":"","background-media":"","overlay-type":"","overlay-color":"","overlay-opacity":"","overlay-gradient":""},"tablet":{"background-color":"","background-image":"","background-repeat":"repeat","background-position":"center center","background-size":"auto","background-attachment":"scroll","background-type":"","background-media":"","overlay-type":"","overlay-color":"","overlay-opacity":"","overlay-gradient":""},"mobile":{"background-color":"","background-image":"","background-repeat":"repeat","background-position":"center center","background-size":"auto","background-attachment":"scroll","background-type":"","background-media":"","overlay-type":"","overlay-color":"","overlay-opacity":"","overlay-gradient":""}},"ast-content-background-meta":{"desktop":{"background-color":"var(--ast-global-color-5)","background-image":"","background-repeat":"repeat","background-position":"center center","background-size":"auto","background-attachment":"scroll","background-type":"","background-media":"","overlay-type":"","overlay-color":"","overlay-opacity":"","overlay-gradient":""},"tablet":{"background-color":"var(--ast-global-color-5)","background-image":"","background-repeat":"repeat","background-position":"center center","background-size":"auto","background-attachment":"scroll","background-type":"","background-media":"","overlay-type":"","overlay-color":"","overlay-opacity":"","overlay-gradient":""},"mobile":{"background-color":"var(--ast-global-color-5)","background-image":"","background-repeat":"repeat","background-position":"center center","background-size":"auto","background-attachment":"scroll","background-type":"","background-media":"","overlay-type":"","overlay-color":"","overlay-opacity":"","overlay-gradient":""}}},"product_brand":[],"product_cat":[527],"product_tag":[1456],"class_list":{"0":"post-8253","1":"product","2":"type-product","3":"status-publish","4":"has-post-thumbnail","6":"product_cat-andra-peptider","7":"product_tag-high-quality-cosyntropin-tetracosactide-acetate-cas-16960-16-0-treat-for-some-crohns-disease-or-ulcerative-colitis-sv","8":"desktop-align-left","9":"tablet-align-left","10":"mobile-align-left","12":"first","13":"instock","14":"shipping-taxable","15":"product-type-simple"},"_links":{"self":[{"href":"https:\/\/puyapeptide.net\/sv\/wp-json\/wp\/v2\/product\/8253","targetHints":{"allow":["GET"]}}],"collection":[{"href":"https:\/\/puyapeptide.net\/sv\/wp-json\/wp\/v2\/product"}],"about":[{"href":"https:\/\/puyapeptide.net\/sv\/wp-json\/wp\/v2\/types\/product"}],"replies":[{"embeddable":true,"href":"https:\/\/puyapeptide.net\/sv\/wp-json\/wp\/v2\/comments?post=8253"}],"wp:featuredmedia":[{"embeddable":true,"href":"https:\/\/puyapeptide.net\/sv\/wp-json\/wp\/v2\/media\/2343"}],"wp:attachment":[{"href":"https:\/\/puyapeptide.net\/sv\/wp-json\/wp\/v2\/media?parent=8253"}],"wp:term":[{"taxonomy":"product_brand","embeddable":true,"href":"https:\/\/puyapeptide.net\/sv\/wp-json\/wp\/v2\/product_brand?post=8253"},{"taxonomy":"product_cat","embeddable":true,"href":"https:\/\/puyapeptide.net\/sv\/wp-json\/wp\/v2\/product_cat?post=8253"},{"taxonomy":"product_tag","embeddable":true,"href":"https:\/\/puyapeptide.net\/sv\/wp-json\/wp\/v2\/product_tag?post=8253"}],"curies":[{"name":"wp","href":"https:\/\/api.w.org\/{rel}","templated":true}]}}