{"id":8292,"date":"2021-12-16T13:20:57","date_gmt":"2021-12-16T18:20:57","guid":{"rendered":"https:\/\/puyapeptide.net\/product\/puya-supply-teriparatide-acetate-cas-52232-67-4-treat-for-osteoporos\/"},"modified":"2025-11-26T20:20:59","modified_gmt":"2025-11-27T01:20:59","slug":"puya-supply-teriparatide-acetate-cas-52232-67-4-treat-for-osteoporos","status":"publish","type":"product","link":"https:\/\/puyapeptide.net\/sv\/product\/puya-supply-teriparatide-acetate-cas-52232-67-4-treat-for-osteoporos\/","title":{"rendered":"Puya Supply Teriparatide Acetate CAS 52232-67-4 Treat for osteoporos"},"content":{"rendered":"<h2><strong>Puya Supply Teriparatide Acetate CAS 52232-67-4 Treat for osteoporos<\/strong><\/h2>\n<p>Produktnamn: Teriparatide acetate<br \/>\nSynonymer: PARATYROID HORMONE HUMAN: FRAGMENT 1-34; PARATYROID HORMONE (HUMAN, 1-34); PARATYROID HORMONE (1-34), HUMAN; PTH (1-34) (M\u00c4NNISKA) );PTH (HUMAN, 1-34);TERIPARATIDE;Teriparatidacetat;SVSEIQLMHNLGKHLNSMERVEWLRKKLQDVHNF<br \/>\nCAS: 52232-67-4<br \/>\nMF: C172H278N52O47S2<br \/>\nMW: 4908-9200MW: 4908-9000: 7900 &amp;&gt;Produktkategorier: Aminosyraderivat;Endokrinologiochhormoner;Peptid;hormoner;Andra protein\/peptidhormoner;proteiner;paratyreoideahormon (PTH)peptider och proteiner;paratyreoideahormonfragment;Peptider f\u00f6r cellbiologi;Peptider och proteiner; Mol Fil: 52232-67-4.mol<\/p>\n<p>Teriparatide \u00e4r en rekombinant produkt som representerar de f\u00f6rsta 34 aminosyrorna i humant bisk\u00f6ldk\u00f6rtelhormon. Teriparatid \u00f6kar benbildningen, benombildningshastigheten och osteoblastantal och aktivitet. B\u00e5de benmassa och arkitektur f\u00f6rb\u00e4ttras.<br \/>\nTeriparatide \u00e4r FDA-godk\u00e4nt f\u00f6r postmenopausala kvinnor och m\u00e4n som l\u00f6per h\u00f6g risk f\u00f6r frakturer.<\/p>\n<p> <strong>Teriparatide acetat CAS 52232-67-4 Chemical Properties<\/strong><br \/>\nRTECS SQ7770000&lt; &amp;&gt;lagringstemp. \u221220\u00b0C<br \/>\nform pulver<br \/>\nCAS DataBase Reference 52232-67-4(CAS DataBase Reference)<\/p>\n<p> <strong>Anv\u00e4ndningar av Teriparatide acetat CAS 52232-67-4<\/strong><br \/>\nTeriparatide \u00e4r en rekombinantform av bisk\u00f6ldk\u00f6rteln hormon, som anv\u00e4nds f\u00f6r behandling av osteoporos hos m\u00e4n och postmenopausala kvinnor. Den N-terminala regionen har 34 aminosyror, som \u00e4r identiska med den biologiskt aktiva regionen av 84-aminosyrasekvensen av humant bisk\u00f6ldk\u00f6rtelhormon. Det har visat sig verka p\u00e5 osteoblaster f\u00f6r att stimulera ny bentillv\u00e4xt och f\u00f6rb\u00e4ttra bent\u00e4theten.<\/p>\n","protected":false},"excerpt":{"rendered":"<p>Produktnamn: Teriparatide acetate<br \/>\nCAS: 52232-67-4<br \/>\nMF: C172H278N52O47S2<br \/>\nMW: 3890.49792<br \/>\nEINECS: 640-978-1<br \/>\nMol Fil: 57242.mol<\/p>\n","protected":false},"featured_media":2133,"comment_status":"open","ping_status":"closed","template":"","meta":{"om_disable_all_campaigns":false,"_monsterinsights_skip_tracking":false,"_monsterinsights_sitenote_active":false,"_monsterinsights_sitenote_note":"","_monsterinsights_sitenote_category":0,"site-sidebar-layout":"default","site-content-layout":"default","ast-site-content-layout":"default","site-content-style":"default","site-sidebar-style":"default","ast-global-header-display":"","ast-banner-title-visibility":"","ast-main-header-display":"","ast-hfb-above-header-display":"","ast-hfb-below-header-display":"","ast-hfb-mobile-header-display":"","site-post-title":"","ast-breadcrumbs-content":"","ast-featured-img":"","footer-sml-layout":"","ast-disable-related-posts":"","theme-transparent-header-meta":"default","adv-header-id-meta":"","stick-header-meta":"","header-above-stick-meta":"","header-main-stick-meta":"","header-below-stick-meta":"","astra-migrate-meta-layouts":"default","ast-page-background-enabled":"default","ast-page-background-meta":{"desktop":{"background-color":"","background-image":"","background-repeat":"repeat","background-position":"center center","background-size":"auto","background-attachment":"scroll","background-type":"","background-media":"","overlay-type":"","overlay-color":"","overlay-opacity":"","overlay-gradient":""},"tablet":{"background-color":"","background-image":"","background-repeat":"repeat","background-position":"center center","background-size":"auto","background-attachment":"scroll","background-type":"","background-media":"","overlay-type":"","overlay-color":"","overlay-opacity":"","overlay-gradient":""},"mobile":{"background-color":"","background-image":"","background-repeat":"repeat","background-position":"center center","background-size":"auto","background-attachment":"scroll","background-type":"","background-media":"","overlay-type":"","overlay-color":"","overlay-opacity":"","overlay-gradient":""}},"ast-content-background-meta":{"desktop":{"background-color":"var(--ast-global-color-5)","background-image":"","background-repeat":"repeat","background-position":"center center","background-size":"auto","background-attachment":"scroll","background-type":"","background-media":"","overlay-type":"","overlay-color":"","overlay-opacity":"","overlay-gradient":""},"tablet":{"background-color":"var(--ast-global-color-5)","background-image":"","background-repeat":"repeat","background-position":"center center","background-size":"auto","background-attachment":"scroll","background-type":"","background-media":"","overlay-type":"","overlay-color":"","overlay-opacity":"","overlay-gradient":""},"mobile":{"background-color":"var(--ast-global-color-5)","background-image":"","background-repeat":"repeat","background-position":"center center","background-size":"auto","background-attachment":"scroll","background-type":"","background-media":"","overlay-type":"","overlay-color":"","overlay-opacity":"","overlay-gradient":""}}},"product_brand":[],"product_cat":[482],"product_tag":[1411],"class_list":{"0":"post-8292","1":"product","2":"type-product","3":"status-publish","4":"has-post-thumbnail","6":"product_cat-osteoporospeptid","7":"product_tag-puya-supply-teriparatide-acetate-cas-52232-67-4-treat-for-osteoporosis-sv","8":"desktop-align-left","9":"tablet-align-left","10":"mobile-align-left","12":"first","13":"instock","14":"shipping-taxable","15":"product-type-simple"},"_links":{"self":[{"href":"https:\/\/puyapeptide.net\/sv\/wp-json\/wp\/v2\/product\/8292","targetHints":{"allow":["GET"]}}],"collection":[{"href":"https:\/\/puyapeptide.net\/sv\/wp-json\/wp\/v2\/product"}],"about":[{"href":"https:\/\/puyapeptide.net\/sv\/wp-json\/wp\/v2\/types\/product"}],"replies":[{"embeddable":true,"href":"https:\/\/puyapeptide.net\/sv\/wp-json\/wp\/v2\/comments?post=8292"}],"wp:featuredmedia":[{"embeddable":true,"href":"https:\/\/puyapeptide.net\/sv\/wp-json\/wp\/v2\/media\/2133"}],"wp:attachment":[{"href":"https:\/\/puyapeptide.net\/sv\/wp-json\/wp\/v2\/media?parent=8292"}],"wp:term":[{"taxonomy":"product_brand","embeddable":true,"href":"https:\/\/puyapeptide.net\/sv\/wp-json\/wp\/v2\/product_brand?post=8292"},{"taxonomy":"product_cat","embeddable":true,"href":"https:\/\/puyapeptide.net\/sv\/wp-json\/wp\/v2\/product_cat?post=8292"},{"taxonomy":"product_tag","embeddable":true,"href":"https:\/\/puyapeptide.net\/sv\/wp-json\/wp\/v2\/product_tag?post=8292"}],"curies":[{"name":"wp","href":"https:\/\/api.w.org\/{rel}","templated":true}]}}