{"id":8333,"date":"2021-12-16T13:23:27","date_gmt":"2021-12-16T18:23:27","guid":{"rendered":"https:\/\/puyapeptide.net\/product\/alarelin-acetate-gnrh-a-cas-79561-22-1-for-att-framja-agglossning-och-behandla-infertilitet-orsakad-av-onormal-aggstocksfunktion\/"},"modified":"2021-12-16T13:23:27","modified_gmt":"2021-12-16T18:23:27","slug":"alarelin-acetate-gnrh-a-cas-79561-22-1-for-att-framja-agglossning-och-behandla-infertilitet-orsakad-av-onormal-aggstocksfunktion","status":"publish","type":"product","link":"https:\/\/puyapeptide.net\/sv\/product\/alarelin-acetate-gnrh-a-cas-79561-22-1-for-att-framja-agglossning-och-behandla-infertilitet-orsakad-av-onormal-aggstocksfunktion\/","title":{"rendered":"Alarelin Acetate\/GnRH-A CAS 79561-22-1 F\u00f6r att fr\u00e4mja \u00e4gglossning och behandla infertilitet orsakad av onormal \u00e4ggstocksfunktion"},"content":{"rendered":"<h2><strong>Alarelin Acetate\/GnRH-A CAS 79561-22-1 F\u00f6r att fr\u00e4mja \u00e4gglossning och behandla infertilitet orsakad av onormal \u00e4ggstocksfunktion<\/strong><\/h2>\n<p>Produktnamn: Alarelin<br \/>\nSekvens: Pyr-His-Trp-Ser-Tyr-D-Ala-Leu-Arg-Pro-NHEt<br \/>\nSynonymer: ALARELIN;PYR-HIS-TRP-SER-TYR- D-ALA-LEU-ARG-PRO-NHET;(DES-GLY10,D-ALA6,PRO-NHET9)-GONADOTROPIN-FR\u00c4S\u00c4TTANDE HORMON (HAVBRASEN);(DES-GLY10,D-ALA6,PRO-NHET9)-GONADOTROPIN -SL\u00c4PPANDE HORMON;(DES-GLY10,D-ALA6,PRO-NHET9)-LUTEINISERANDE HORMONSL\u00c4PPANDE FAKTOR (HAVBR\u00c4D);(DES-GLY10,D-ALA6,PRO-NHET9)-LUTEINISERANDE HORMONFR\u00c4STANDE FAKTOR;( -GLY10,D-ALA6,PRO-NHET9)-LHRH (HAVBRASEN);[DES-GLY10, D-ALA6, PRO-NHET9]-LH-RH (HUMAN)<br \/>\nCAS: 79561-22-1&lt;&amp; &gt;MF: C56H78N16O12<br \/>\nMW: 1167.32<br \/>\nEINECS: 635-974-1<br \/>\nProduktkategorier: API;Peptid;LH-RH;LH-RHPeptides for Cell Biology;Neuropeptides;Releasing Factors;Amino Acid Derivatives&lt; &amp;&gt;Mol Fil: 79561-22-1.mol<\/p>\n<p>Alaralin (gonadotropinfris\u00e4ttande hormonanalog (GnRH-A), \u00e4ven k\u00e4nd som albuterol, \u00e4r en syntetisk niopeptidanalog av gonadotropinfris\u00e4ttande hormon (GnRH), som \u00e4r 15 g\u00e5nger mer potent \u00e4n f\u00f6r\u00e4ldern. Det kan stimulera hypofysen att frig\u00f6ra l uteiniserande hormon (LH) och follikelstimulerande hormon (FSH) i b\u00f6rjan av l\u00e4kemedlet, vilket orsakar en \u00f6verg\u00e5ende \u00f6kning av steroidhormon som h\u00e4rr\u00f6r fr\u00e5n \u00e4ggstockskemikalier; upprepad administrering kan h\u00e4mma fris\u00e4ttningen av LH och FSH fr\u00e5n hypofysen, vilket g\u00f6r att niv\u00e5n av \u00f6stradiol i blodet minskar, vilket uppn\u00e5r effekten av \u00e4gglossning av l\u00e4kemedel, och samtidigt har det en reglerande effekt p\u00e5 uttrycket av onkogener ras, neu och myc relaterade till endometriecancer. Det har ocks\u00e5 reglerande effekter p\u00e5 uttrycket av ras, neu och myc, som \u00e4r relaterade till endometriecancer. Kliniskt anv\u00e4nds det fr\u00e4mst f\u00f6r att fr\u00e4mja \u00e4gglossning, behandla infertilitet orsakad av onormal \u00e4ggstocksfunktion, endometrios och myom samt f\u00f6rb\u00e4ttra graviditetsfrekvensen.<\/p>\n<p> <strong>Anv\u00e4ndning av Alarelin Acetate\/GnRH-A CAS 79561-22-1<\/strong> &lt;&amp; &gt;Det anv\u00e4nds huvudsakligen kliniskt f\u00f6r att fr\u00e4mja \u00e4gglossning, behandla infertilitet orsakad av onormal \u00e4ggstocksfunktion, endometrios och myom och f\u00f6rb\u00e4ttra graviditetsfrekvensen.<\/p>\n","protected":false},"excerpt":{"rendered":"<p>Produktnamn: Alarelin<br \/>\nCAS: 79561-22-1<br \/>\nMF: C56H78N16O12<br \/>\nMW: 1167.32<br \/>\nEINECS: 635-974-1<br \/>\nMol Fil: 79561-22-1.mol<\/p>\n","protected":false},"featured_media":2133,"comment_status":"open","ping_status":"closed","template":"","meta":{"om_disable_all_campaigns":false,"_monsterinsights_skip_tracking":false,"_monsterinsights_sitenote_active":false,"_monsterinsights_sitenote_note":"","_monsterinsights_sitenote_category":0,"site-sidebar-layout":"default","site-content-layout":"default","ast-site-content-layout":"default","site-content-style":"default","site-sidebar-style":"default","ast-global-header-display":"","ast-banner-title-visibility":"","ast-main-header-display":"","ast-hfb-above-header-display":"","ast-hfb-below-header-display":"","ast-hfb-mobile-header-display":"","site-post-title":"","ast-breadcrumbs-content":"","ast-featured-img":"","footer-sml-layout":"","ast-disable-related-posts":"","theme-transparent-header-meta":"default","adv-header-id-meta":"","stick-header-meta":"","header-above-stick-meta":"","header-main-stick-meta":"","header-below-stick-meta":"","astra-migrate-meta-layouts":"default","ast-page-background-enabled":"default","ast-page-background-meta":{"desktop":{"background-color":"","background-image":"","background-repeat":"repeat","background-position":"center center","background-size":"auto","background-attachment":"scroll","background-type":"","background-media":"","overlay-type":"","overlay-color":"","overlay-opacity":"","overlay-gradient":""},"tablet":{"background-color":"","background-image":"","background-repeat":"repeat","background-position":"center center","background-size":"auto","background-attachment":"scroll","background-type":"","background-media":"","overlay-type":"","overlay-color":"","overlay-opacity":"","overlay-gradient":""},"mobile":{"background-color":"","background-image":"","background-repeat":"repeat","background-position":"center center","background-size":"auto","background-attachment":"scroll","background-type":"","background-media":"","overlay-type":"","overlay-color":"","overlay-opacity":"","overlay-gradient":""}},"ast-content-background-meta":{"desktop":{"background-color":"var(--ast-global-color-5)","background-image":"","background-repeat":"repeat","background-position":"center center","background-size":"auto","background-attachment":"scroll","background-type":"","background-media":"","overlay-type":"","overlay-color":"","overlay-opacity":"","overlay-gradient":""},"tablet":{"background-color":"var(--ast-global-color-5)","background-image":"","background-repeat":"repeat","background-position":"center center","background-size":"auto","background-attachment":"scroll","background-type":"","background-media":"","overlay-type":"","overlay-color":"","overlay-opacity":"","overlay-gradient":""},"mobile":{"background-color":"var(--ast-global-color-5)","background-image":"","background-repeat":"repeat","background-position":"center center","background-size":"auto","background-attachment":"scroll","background-type":"","background-media":"","overlay-type":"","overlay-color":"","overlay-opacity":"","overlay-gradient":""}}},"product_brand":[],"product_cat":[445],"product_tag":[1336],"class_list":{"0":"post-8333","1":"product","2":"type-product","3":"status-publish","4":"has-post-thumbnail","6":"product_cat-urogenital-peptid","7":"product_tag-alarelin-acetate-gnrh-a-cas-79561-22-1-for-promote-ovulation-and-treat-infertility-caused-by-abnormal-ovarian-function-sv","8":"desktop-align-left","9":"tablet-align-left","10":"mobile-align-left","12":"first","13":"instock","14":"shipping-taxable","15":"product-type-simple"},"_links":{"self":[{"href":"https:\/\/puyapeptide.net\/sv\/wp-json\/wp\/v2\/product\/8333","targetHints":{"allow":["GET"]}}],"collection":[{"href":"https:\/\/puyapeptide.net\/sv\/wp-json\/wp\/v2\/product"}],"about":[{"href":"https:\/\/puyapeptide.net\/sv\/wp-json\/wp\/v2\/types\/product"}],"replies":[{"embeddable":true,"href":"https:\/\/puyapeptide.net\/sv\/wp-json\/wp\/v2\/comments?post=8333"}],"wp:featuredmedia":[{"embeddable":true,"href":"https:\/\/puyapeptide.net\/sv\/wp-json\/wp\/v2\/media\/2133"}],"wp:attachment":[{"href":"https:\/\/puyapeptide.net\/sv\/wp-json\/wp\/v2\/media?parent=8333"}],"wp:term":[{"taxonomy":"product_brand","embeddable":true,"href":"https:\/\/puyapeptide.net\/sv\/wp-json\/wp\/v2\/product_brand?post=8333"},{"taxonomy":"product_cat","embeddable":true,"href":"https:\/\/puyapeptide.net\/sv\/wp-json\/wp\/v2\/product_cat?post=8333"},{"taxonomy":"product_tag","embeddable":true,"href":"https:\/\/puyapeptide.net\/sv\/wp-json\/wp\/v2\/product_tag?post=8333"}],"curies":[{"name":"wp","href":"https:\/\/api.w.org\/{rel}","templated":true}]}}