{"id":8475,"date":"2021-12-16T13:31:32","date_gmt":"2021-12-16T18:31:32","guid":{"rendered":"https:\/\/puyapeptide.net\/product\/oxytocin-%ce%b1-hypophamine-oxytocic-hormon-cas-50-56-6-ar-en-pleiotrop-hypotalamisk-peptid-som-bidrar-till-forlossning-laktation-och-prosocialt-beteende\/"},"modified":"2021-12-16T13:31:32","modified_gmt":"2021-12-16T18:31:32","slug":"oxytocin-%ce%b1-hypophamine-oxytocic-hormon-cas-50-56-6-ar-en-pleiotrop-hypotalamisk-peptid-som-bidrar-till-forlossning-laktation-och-prosocialt-beteende","status":"publish","type":"product","link":"https:\/\/puyapeptide.net\/sv\/product\/oxytocin-%ce%b1-hypophamine-oxytocic-hormon-cas-50-56-6-ar-en-pleiotrop-hypotalamisk-peptid-som-bidrar-till-forlossning-laktation-och-prosocialt-beteende\/","title":{"rendered":"Oxytocin (\u03b1-Hypophamine; Oxytocic hormon) CAS 50-56-6 \u00e4r en pleiotrop hypotalamisk peptid som bidrar till f\u00f6rlossning, laktation och prosocialt beteende."},"content":{"rendered":"<h2><strong>Oxytocin (\u03b1-Hypophamine; Oxytocic hormon) CAS 50-56-6 \u00e4r en pleiotrop hypotalamisk peptid som bidrar till f\u00f6rlossning, amning och prosocialt beteende<\/strong><\/h2>\n<p>Produktnamn: Oxytocin<br \/>\nSynonymer: (1-hemicystin)-oxytocin;3-isoleucin-8-leucinevasopressin;atonino;cyklisk(1-6)-di\/\/\/;di-sipidin;endopituitrina;glycinamid, l-cysteinyl-l-tyrosyl-l-isoleucyl-l-glutaminyl-l-asparaginyl-l-cys;nobitociner<br \/>\nCAS: 50-56-6<br \/>\nMF: C43H66N12O12S2<br \/>\nMW: 1007,19<br \/>\n EINECS: 200-048-4<br \/>\nProduktkategorier: Aminosyraderivat; Organiska \u00e4mnen; Aminosyror 13C, 2H, 15N; Peptid; Aminosyror och derivat; Mellanprodukter och finkemikalier; L\u00e4kemedel; Vasopressin- och oxyhormonreceptorer; ;peptider f\u00f6r f\u00f6delsebruk;Veterin\u00e4rmedicinska l\u00e4kemedel<br \/>\nMol Fil: 50-56-6.mol<\/p>\n<p>Oxytocin (OT) \u00e4r en typ av uteruskontraktionsl\u00e4kemedel och kan h\u00e4rledas fr\u00e5n djurets bakre hypofys eller kemiskt syntetiserad.<br \/>\nOxytocin \u00e4r ett uteruskontraktionsl\u00e4kemedel som mest anv\u00e4nds vid sen graviditetsinduktion och stillast\u00e5ende f\u00f6rlossning p\u00e5 grund av svaga livmodersammandragningar. L\u00e4mplig f\u00f6r att framkalla f\u00f6rlossning och lindra sm\u00e4rta. Anv\u00e4nds vanligen tillsammans med mj\u00f6ldrygpreparat f\u00f6r att anv\u00e4ndas f\u00f6r att framkalla f\u00f6rlossning, p\u00e5skynda f\u00f6rlossningen och vid livmoderbl\u00f6dning p\u00e5 grund av svaga livmodersammandragningar efter f\u00f6dseln eller d\u00f6df\u00f6dseln. N\u00e4sdroppar kan anv\u00e4ndas f\u00f6r att fr\u00e4mja laktation.<\/p>\n<p> <strong>Oxytocin CAS 50-56-6 Kemiska egenskaper<\/strong><br \/>\nOxytocin Kemiska egenskaper<br \/>\nSm\u00e4ltpunkt 192-194\u00b0C<br \/>\nalfa D22 -26,2\u00b0 (c = 0,53)<br \/>\ndensitet 1,1086 (grov uppskattning)<br \/>\nbrytningsindex 1,6700 (uppskattning)<br \/>\nlagringstemp. 2-8\u00b0C<br \/>\nl\u00f6slighet Mycket l\u00f6slig i vatten. Det l\u00f6ser sig i utsp\u00e4dda l\u00f6sningar av \u00e4ttiksyra och av etanol (96 procent).<br \/>\nbildar lyofiliserat pulver<br \/>\npka pKa \uff5e6.1 (fri aminogrupp p\u00e5 Cys) (Ibland);\uff5e10(fri fenol p\u00e5 Tyr) ( Ibland)<br \/>\nf\u00e4rg Vit<br \/>\nVattenl\u00f6slighet L\u00f6slig i vatten.<br \/>\nMerck 13,7049<br \/>\nBRN 3586108<br \/>\nInChIKey DSZOEVVLZMNAEH-BXUJZNQYSA-N<br \/>\nCAS DataBase Reference 6(CAS-5) Databasreferens)<\/p>\n<p> <strong>Anv\u00e4ndning av Oxytocin CAS 50-56-6<\/strong><br \/>\n1.Oxytocin \u00e4r det huvudsakliga uterussammandragande och laktationsstimulerande hormonet i hypofysens bakre k\u00f6rtel.<br \/>\n2. Oxytocin \u00e4r ett nonapeptidhormon som prim\u00e4rt syntetiseras i magnocellul\u00e4ra neuroner i de paraventrikul\u00e4ra och supraoptiska k\u00e4rnorna i hypotalamus. Den \u00e4r mest k\u00e4nd f\u00f6r sin roll i att stimulera livmoderkontraktion och laktation och \u00e4r viktig f\u00f6r socialt minne och anknytning, sexuellt och moderns beteende och aggression. Det har ocks\u00e5 varit inblandat i olika icke-sociala beteenden, inklusive inl\u00e4rning, \u00e5ngest, matning och sm\u00e4rtuppfattning.<\/p>\n","protected":false},"excerpt":{"rendered":"<p>Produktnamn: Oxytocin<br \/>\nCAS: 50-56-6<br \/>\nMF: C43H66N12O12S2<br \/>\nMW: 1007.19<br \/>\nEINECS: 200-048-4<br \/>\nMol Fil: 50-56-6.mol<\/p>\n","protected":false},"featured_media":2175,"comment_status":"open","ping_status":"closed","template":"","meta":{"om_disable_all_campaigns":false,"_monsterinsights_skip_tracking":false,"_monsterinsights_sitenote_active":false,"_monsterinsights_sitenote_note":"","_monsterinsights_sitenote_category":0,"site-sidebar-layout":"default","site-content-layout":"default","ast-site-content-layout":"default","site-content-style":"default","site-sidebar-style":"default","ast-global-header-display":"","ast-banner-title-visibility":"","ast-main-header-display":"","ast-hfb-above-header-display":"","ast-hfb-below-header-display":"","ast-hfb-mobile-header-display":"","site-post-title":"","ast-breadcrumbs-content":"","ast-featured-img":"","footer-sml-layout":"","ast-disable-related-posts":"","theme-transparent-header-meta":"default","adv-header-id-meta":"","stick-header-meta":"","header-above-stick-meta":"","header-main-stick-meta":"","header-below-stick-meta":"","astra-migrate-meta-layouts":"default","ast-page-background-enabled":"default","ast-page-background-meta":{"desktop":{"background-color":"","background-image":"","background-repeat":"repeat","background-position":"center center","background-size":"auto","background-attachment":"scroll","background-type":"","background-media":"","overlay-type":"","overlay-color":"","overlay-opacity":"","overlay-gradient":""},"tablet":{"background-color":"","background-image":"","background-repeat":"repeat","background-position":"center center","background-size":"auto","background-attachment":"scroll","background-type":"","background-media":"","overlay-type":"","overlay-color":"","overlay-opacity":"","overlay-gradient":""},"mobile":{"background-color":"","background-image":"","background-repeat":"repeat","background-position":"center center","background-size":"auto","background-attachment":"scroll","background-type":"","background-media":"","overlay-type":"","overlay-color":"","overlay-opacity":"","overlay-gradient":""}},"ast-content-background-meta":{"desktop":{"background-color":"var(--ast-global-color-5)","background-image":"","background-repeat":"repeat","background-position":"center center","background-size":"auto","background-attachment":"scroll","background-type":"","background-media":"","overlay-type":"","overlay-color":"","overlay-opacity":"","overlay-gradient":""},"tablet":{"background-color":"var(--ast-global-color-5)","background-image":"","background-repeat":"repeat","background-position":"center center","background-size":"auto","background-attachment":"scroll","background-type":"","background-media":"","overlay-type":"","overlay-color":"","overlay-opacity":"","overlay-gradient":""},"mobile":{"background-color":"var(--ast-global-color-5)","background-image":"","background-repeat":"repeat","background-position":"center center","background-size":"auto","background-attachment":"scroll","background-type":"","background-media":"","overlay-type":"","overlay-color":"","overlay-opacity":"","overlay-gradient":""}}},"product_brand":[],"product_cat":[445],"product_tag":[],"class_list":{"0":"post-8475","1":"product","2":"type-product","3":"status-publish","4":"has-post-thumbnail","6":"product_cat-urogenital-peptid","7":"desktop-align-left","8":"tablet-align-left","9":"mobile-align-left","11":"first","12":"instock","13":"shipping-taxable","14":"product-type-simple"},"_links":{"self":[{"href":"https:\/\/puyapeptide.net\/sv\/wp-json\/wp\/v2\/product\/8475","targetHints":{"allow":["GET"]}}],"collection":[{"href":"https:\/\/puyapeptide.net\/sv\/wp-json\/wp\/v2\/product"}],"about":[{"href":"https:\/\/puyapeptide.net\/sv\/wp-json\/wp\/v2\/types\/product"}],"replies":[{"embeddable":true,"href":"https:\/\/puyapeptide.net\/sv\/wp-json\/wp\/v2\/comments?post=8475"}],"wp:featuredmedia":[{"embeddable":true,"href":"https:\/\/puyapeptide.net\/sv\/wp-json\/wp\/v2\/media\/2175"}],"wp:attachment":[{"href":"https:\/\/puyapeptide.net\/sv\/wp-json\/wp\/v2\/media?parent=8475"}],"wp:term":[{"taxonomy":"product_brand","embeddable":true,"href":"https:\/\/puyapeptide.net\/sv\/wp-json\/wp\/v2\/product_brand?post=8475"},{"taxonomy":"product_cat","embeddable":true,"href":"https:\/\/puyapeptide.net\/sv\/wp-json\/wp\/v2\/product_cat?post=8475"},{"taxonomy":"product_tag","embeddable":true,"href":"https:\/\/puyapeptide.net\/sv\/wp-json\/wp\/v2\/product_tag?post=8475"}],"curies":[{"name":"wp","href":"https:\/\/api.w.org\/{rel}","templated":true}]}}