{"id":8509,"date":"2021-12-17T01:44:15","date_gmt":"2021-12-17T06:44:15","guid":{"rendered":"https:\/\/puyapeptide.net\/product\/liraglutid-cas-204656-20-2-for-viktminskning-och-behandling-for-typ-2-diabetes\/"},"modified":"2021-12-17T01:44:15","modified_gmt":"2021-12-17T06:44:15","slug":"liraglutid-cas-204656-20-2-for-viktminskning-och-behandling-for-typ-2-diabetes","status":"publish","type":"product","link":"https:\/\/puyapeptide.net\/sv\/product\/liraglutid-cas-204656-20-2-for-viktminskning-och-behandling-for-typ-2-diabetes\/","title":{"rendered":"Liraglutid CAS 204656-20-2 f\u00f6r viktminskning och behandling f\u00f6r typ 2-diabetes"},"content":{"rendered":"<h2><strong>Liraglutid CAS 204656-20-2 f\u00f6r viktminskning och behandling f\u00f6r typ 2-diabetes<\/strong><\/h2>\n<p>Produktnamn: Liraglutid<br \/>\nSynonymer: Liraglutid;Glycin, L-histidyl-L-alanyl-L-alfa-glutamylglycyl-L-treonyl-L-fenylalanyl-L-treonyl-L-seryl-L-alfa- aspartyl-L-valyl-L-seryl-L-seryl-L-tyrosyl-L-leucyl-L-alfa-glutamylglycyl-L-glutaminyl-L-alanyl-L-alanyl-N6-(N-(1-oxohexadecyl) -L-gamma-glutamyl)-L-lysyl-L-alfa-glutamyl-L-fenylalanyl-L-isoleucyl-L-alanyl-L-tryptofyl-L-leucyl-L-valyl-L-arginylglycyl-L-arginyl- ;Liraglutida;Liraglutida [inn-spanska];Liraglutide [usan:inn];Liraglutidum;Liraglutidum [inn-latin];N26-(Hexadecanoyl-gamma-glutamyle)-(34-arginin)glp-1-(7-37) -peptid<br \/>\nCAS: 204656-20-2<br \/>\nMF: C172H265N43O51<br \/>\nMW: 3751.202<br \/>\nEINECS: 810-818-7<br \/>\nProduktkategorier: GLP<br \/>\nMol Fil: 204656-204656 -2,mol<\/p>\n<p>Liraglutid \u00e4r en klar, f\u00e4rgl\u00f6s l\u00f6sning. Doseringsformen \u00e4r subkutan injektion. Efter mer \u00e4n 10 \u00e5rs forskning och utveckling har Liraglutid m\u00e5nga funktioner som att fr\u00e4mja regenereringen av cell\u00f6ar, s\u00e4nka blodsockret, minska vikten och skydda det kardiovaskul\u00e4ra systemet. Varunamnet Victoza anv\u00e4nds f\u00f6r att behandla typ 2-diabetes, och varum\u00e4rket Saxenda anv\u00e4nds f\u00f6r att behandla kronisk fetma. Som ett komplement till kostkontroll och fysisk tr\u00e4ning. Liraglutid \u00e4r en acylerad human glukagon-liknande peptid-1 (GLP-1) receptoragonist, som har 97 % aminosyrasekvenshomologi med human endogen GChemicalbookLP-1 (7-37), och beh\u00e5ller den har alla biologiska aktiviteter av GLP- 1 och har GLP-1-receptoragonism. Genom uttrycket av rekombinant DNA i Saccharomyces cerevisiae \u00e4r dess molekyl\u00e4ra struktur bara en aminosyraskillnad fr\u00e5n den naturliga GLP-1-molekylen. Strukturen modifierar endast f\u00f6ljande tv\u00e5 delar av GLP-1: det vill s\u00e4ga det 34:e lysinet ers\u00e4tts med arginin. Syrasubstitution, f\u00f6rutom att l\u00e4gga till en glutaminsyramedierad 16-kols palmitoylfettsyrasidokedja p\u00e5 det 26:e lysinet.<\/p>\n<p> <strong>Funktion av Liraglutid CAS 204656-20-2<\/strong> <\/p>\n<p>1.Det verkar p\u00e5 ett glukosberoende s\u00e4tt, vilket inneb\u00e4r att det kommer att stimulera insulinsekretion endast n\u00e4r blodsockerniv\u00e5erna \u00e4r h\u00f6gre \u00e4n normalt, vilket f\u00f6rhindrar &quot;&quot;\u00f6verskott&quot;&quot;. F\u00f6ljaktligen visar den en f\u00f6rsumbar risk f\u00f6r hypoglykemi.<br \/>\n2.Den har potential att h\u00e4mma apoptos och stimulera regenerering av betaceller (setts i djurstudier).<br \/>\n3.Det minskar aptiten och h\u00e4mmar kroppsvikts\u00f6kning, som visas i en head-to-head studie mot glimepirid.<br \/>\n4.Det s\u00e4nker triglyceridniv\u00e5erna i blodet.<\/p>\n<p> <strong>Applicering av Liraglutid CAS 204656-20-2<\/strong><br \/>\n1.Behandling av typ 2-diabetes.<br \/>\n 2.Behandling av fetma.<\/p>\n","protected":false},"excerpt":{"rendered":"<p>Produktnamn: Liraglutide<br \/>\nCAS: 204656-20-2<br \/>\nMF: C172H265N43O51<br \/>\nMW: 3751.202<br \/>\nEINECS: 810-818-7<br \/>\nProduktkategorier: GLP<br \/>\nMol Fil: 2 -20-2 mol<\/p>\n","protected":false},"featured_media":2133,"comment_status":"open","ping_status":"closed","template":"","meta":{"om_disable_all_campaigns":false,"_monsterinsights_skip_tracking":false,"_monsterinsights_sitenote_active":false,"_monsterinsights_sitenote_note":"","_monsterinsights_sitenote_category":0,"site-sidebar-layout":"default","site-content-layout":"default","ast-site-content-layout":"default","site-content-style":"default","site-sidebar-style":"default","ast-global-header-display":"","ast-banner-title-visibility":"","ast-main-header-display":"","ast-hfb-above-header-display":"","ast-hfb-below-header-display":"","ast-hfb-mobile-header-display":"","site-post-title":"","ast-breadcrumbs-content":"","ast-featured-img":"","footer-sml-layout":"","ast-disable-related-posts":"","theme-transparent-header-meta":"default","adv-header-id-meta":"","stick-header-meta":"","header-above-stick-meta":"","header-main-stick-meta":"","header-below-stick-meta":"","astra-migrate-meta-layouts":"default","ast-page-background-enabled":"default","ast-page-background-meta":{"desktop":{"background-color":"","background-image":"","background-repeat":"repeat","background-position":"center center","background-size":"auto","background-attachment":"scroll","background-type":"","background-media":"","overlay-type":"","overlay-color":"","overlay-opacity":"","overlay-gradient":""},"tablet":{"background-color":"","background-image":"","background-repeat":"repeat","background-position":"center center","background-size":"auto","background-attachment":"scroll","background-type":"","background-media":"","overlay-type":"","overlay-color":"","overlay-opacity":"","overlay-gradient":""},"mobile":{"background-color":"","background-image":"","background-repeat":"repeat","background-position":"center center","background-size":"auto","background-attachment":"scroll","background-type":"","background-media":"","overlay-type":"","overlay-color":"","overlay-opacity":"","overlay-gradient":""}},"ast-content-background-meta":{"desktop":{"background-color":"var(--ast-global-color-5)","background-image":"","background-repeat":"repeat","background-position":"center center","background-size":"auto","background-attachment":"scroll","background-type":"","background-media":"","overlay-type":"","overlay-color":"","overlay-opacity":"","overlay-gradient":""},"tablet":{"background-color":"var(--ast-global-color-5)","background-image":"","background-repeat":"repeat","background-position":"center center","background-size":"auto","background-attachment":"scroll","background-type":"","background-media":"","overlay-type":"","overlay-color":"","overlay-opacity":"","overlay-gradient":""},"mobile":{"background-color":"var(--ast-global-color-5)","background-image":"","background-repeat":"repeat","background-position":"center center","background-size":"auto","background-attachment":"scroll","background-type":"","background-media":"","overlay-type":"","overlay-color":"","overlay-opacity":"","overlay-gradient":""}}},"product_brand":[],"product_cat":[351],"product_tag":[1206],"class_list":{"0":"post-8509","1":"product","2":"type-product","3":"status-publish","4":"has-post-thumbnail","6":"product_cat-diabetespeptid","7":"product_tag-liraglutide-cas-204656-20-2-for-weight-loss-and-treat-for-type-2-diabetes-sv","8":"desktop-align-left","9":"tablet-align-left","10":"mobile-align-left","12":"first","13":"instock","14":"shipping-taxable","15":"product-type-simple"},"_links":{"self":[{"href":"https:\/\/puyapeptide.net\/sv\/wp-json\/wp\/v2\/product\/8509","targetHints":{"allow":["GET"]}}],"collection":[{"href":"https:\/\/puyapeptide.net\/sv\/wp-json\/wp\/v2\/product"}],"about":[{"href":"https:\/\/puyapeptide.net\/sv\/wp-json\/wp\/v2\/types\/product"}],"replies":[{"embeddable":true,"href":"https:\/\/puyapeptide.net\/sv\/wp-json\/wp\/v2\/comments?post=8509"}],"wp:featuredmedia":[{"embeddable":true,"href":"https:\/\/puyapeptide.net\/sv\/wp-json\/wp\/v2\/media\/2133"}],"wp:attachment":[{"href":"https:\/\/puyapeptide.net\/sv\/wp-json\/wp\/v2\/media?parent=8509"}],"wp:term":[{"taxonomy":"product_brand","embeddable":true,"href":"https:\/\/puyapeptide.net\/sv\/wp-json\/wp\/v2\/product_brand?post=8509"},{"taxonomy":"product_cat","embeddable":true,"href":"https:\/\/puyapeptide.net\/sv\/wp-json\/wp\/v2\/product_cat?post=8509"},{"taxonomy":"product_tag","embeddable":true,"href":"https:\/\/puyapeptide.net\/sv\/wp-json\/wp\/v2\/product_tag?post=8509"}],"curies":[{"name":"wp","href":"https:\/\/api.w.org\/{rel}","templated":true}]}}