{"id":8523,"date":"2021-12-17T01:45:18","date_gmt":"2021-12-17T06:45:18","guid":{"rendered":"https:\/\/puyapeptide.net\/product\/puya-levererar-hogkvalitativ-lypressin-cas-50-57-7\/"},"modified":"2021-12-17T01:45:18","modified_gmt":"2021-12-17T06:45:18","slug":"puya-levererar-hogkvalitativ-lypressin-cas-50-57-7","status":"publish","type":"product","link":"https:\/\/puyapeptide.net\/sv\/product\/puya-levererar-hogkvalitativ-lypressin-cas-50-57-7\/","title":{"rendered":"Puya levererar h\u00f6gkvalitativ lypressin CAS 50-57-7"},"content":{"rendered":"<h2><strong>Puya levererar h\u00f6gkvalitativ lypressin CAS 50-57-7<\/strong><\/h2>\n<p>Produktnamn: Lypressin<br \/>\nSynonymer: Lysipressin;LyspessinAcetate;(8-lysin)vasopressin;8-l-lysin-vasopressi;CYFQNCPKG-NH2;LYSINVASOPRESSIN;[LYS8]-VASOPRESSIN;LYPRESSIN<br \/>\nCAS 50-57-7<br \/>\nMF: C46H65N13O12S2<br \/>\nMW: 1056.22<br \/>\nEINECS: 200-050-5<br \/>\nProduktkategorier: hormoner;Andra API:er;Aminosyraderivat;Peptid<br \/>\nMolfil: 50 -57-7.mol<\/p>\n<p>Lypressin \u00e4r syntetiskt 8-L-lysinvasopressin, en polypeptid som liknar ADH. Lysinanalogen anses vara mer stabil och den absorberas snabbt fr\u00e5n n\u00e4sslemhinnan. Lypressin (Diapid) \u00e4r farmaceutiskt tillg\u00e4ngligt som en topikal l\u00f6sning, spray, 50 pressorenheter (185 g)\/ml i 5 ml beh\u00e5llare. Vanlig dos, topikal (intranasal), en eller flera sprayer applicerade p\u00e5 en eller b\u00e5da n\u00e4sborren eller flera g\u00e5nger dagligen.<\/p>\n<p> <strong>Lypressin CAS 50-57-7 Kemiska egenskaper<\/strong><br \/>\ndensitet 1,1080 (grov uppskattning)<br \/>\n brytningsindex 1,6700 (uppskattning)<br \/>\nlagringstemp. -20\u00b0C<br \/>\nInChIKey NKWAIKZITYLOMT-DHSVNZEYSA-N<\/p>\n<p> <strong>Anv\u00e4ndning av Lypressin CAS 50-57-7<\/strong><br \/>\nDen huvudsakliga fysiologiska funktionen hos vasopressin \u00e4r att reglera volymen av extracellul\u00e4r v\u00e4tska, fr\u00e4mja reabsorption av vatten genom njurtubuli, drar ihop blodk\u00e4rlen och \u00f6kar blodtrycket. Vasopressin (lysfenolacetat) \u00e4r ett syntetiskt derivat av vasopressin. Dess antidiuretiska och vasokonstriktionseffekter \u00e4r relativt milda, och den kan anv\u00e4ndas som en farmaceutisk syntesintermedi\u00e4r.<\/p>\n","protected":false},"excerpt":{"rendered":"<p>Produktnamn: Lypressin<br \/>\nCAS: 50-57-7<br \/>\nMF: C46H65N13O12S2<br \/>\nMW: 1056.22<br \/>\nEINECS: 200-050-5<br \/>\nMol Fil: 50-57-7.mol<\/p>\n","protected":false},"featured_media":2175,"comment_status":"open","ping_status":"closed","template":"","meta":{"om_disable_all_campaigns":false,"_monsterinsights_skip_tracking":false,"_monsterinsights_sitenote_active":false,"_monsterinsights_sitenote_note":"","_monsterinsights_sitenote_category":0,"site-sidebar-layout":"default","site-content-layout":"default","ast-site-content-layout":"default","site-content-style":"default","site-sidebar-style":"default","ast-global-header-display":"","ast-banner-title-visibility":"","ast-main-header-display":"","ast-hfb-above-header-display":"","ast-hfb-below-header-display":"","ast-hfb-mobile-header-display":"","site-post-title":"","ast-breadcrumbs-content":"","ast-featured-img":"","footer-sml-layout":"","ast-disable-related-posts":"","theme-transparent-header-meta":"default","adv-header-id-meta":"","stick-header-meta":"","header-above-stick-meta":"","header-main-stick-meta":"","header-below-stick-meta":"","astra-migrate-meta-layouts":"default","ast-page-background-enabled":"default","ast-page-background-meta":{"desktop":{"background-color":"","background-image":"","background-repeat":"repeat","background-position":"center center","background-size":"auto","background-attachment":"scroll","background-type":"","background-media":"","overlay-type":"","overlay-color":"","overlay-opacity":"","overlay-gradient":""},"tablet":{"background-color":"","background-image":"","background-repeat":"repeat","background-position":"center center","background-size":"auto","background-attachment":"scroll","background-type":"","background-media":"","overlay-type":"","overlay-color":"","overlay-opacity":"","overlay-gradient":""},"mobile":{"background-color":"","background-image":"","background-repeat":"repeat","background-position":"center center","background-size":"auto","background-attachment":"scroll","background-type":"","background-media":"","overlay-type":"","overlay-color":"","overlay-opacity":"","overlay-gradient":""}},"ast-content-background-meta":{"desktop":{"background-color":"var(--ast-global-color-5)","background-image":"","background-repeat":"repeat","background-position":"center center","background-size":"auto","background-attachment":"scroll","background-type":"","background-media":"","overlay-type":"","overlay-color":"","overlay-opacity":"","overlay-gradient":""},"tablet":{"background-color":"var(--ast-global-color-5)","background-image":"","background-repeat":"repeat","background-position":"center center","background-size":"auto","background-attachment":"scroll","background-type":"","background-media":"","overlay-type":"","overlay-color":"","overlay-opacity":"","overlay-gradient":""},"mobile":{"background-color":"var(--ast-global-color-5)","background-image":"","background-repeat":"repeat","background-position":"center center","background-size":"auto","background-attachment":"scroll","background-type":"","background-media":"","overlay-type":"","overlay-color":"","overlay-opacity":"","overlay-gradient":""}}},"product_brand":[],"product_cat":[422],"product_tag":[],"class_list":{"0":"post-8523","1":"product","2":"type-product","3":"status-publish","4":"has-post-thumbnail","6":"product_cat-blod-och-vaskular-peptid","7":"desktop-align-left","8":"tablet-align-left","9":"mobile-align-left","11":"first","12":"instock","13":"shipping-taxable","14":"product-type-simple"},"_links":{"self":[{"href":"https:\/\/puyapeptide.net\/sv\/wp-json\/wp\/v2\/product\/8523","targetHints":{"allow":["GET"]}}],"collection":[{"href":"https:\/\/puyapeptide.net\/sv\/wp-json\/wp\/v2\/product"}],"about":[{"href":"https:\/\/puyapeptide.net\/sv\/wp-json\/wp\/v2\/types\/product"}],"replies":[{"embeddable":true,"href":"https:\/\/puyapeptide.net\/sv\/wp-json\/wp\/v2\/comments?post=8523"}],"wp:featuredmedia":[{"embeddable":true,"href":"https:\/\/puyapeptide.net\/sv\/wp-json\/wp\/v2\/media\/2175"}],"wp:attachment":[{"href":"https:\/\/puyapeptide.net\/sv\/wp-json\/wp\/v2\/media?parent=8523"}],"wp:term":[{"taxonomy":"product_brand","embeddable":true,"href":"https:\/\/puyapeptide.net\/sv\/wp-json\/wp\/v2\/product_brand?post=8523"},{"taxonomy":"product_cat","embeddable":true,"href":"https:\/\/puyapeptide.net\/sv\/wp-json\/wp\/v2\/product_cat?post=8523"},{"taxonomy":"product_tag","embeddable":true,"href":"https:\/\/puyapeptide.net\/sv\/wp-json\/wp\/v2\/product_tag?post=8523"}],"curies":[{"name":"wp","href":"https:\/\/api.w.org\/{rel}","templated":true}]}}