{"id":8575,"date":"2021-12-17T01:47:31","date_gmt":"2021-12-17T06:47:31","guid":{"rendered":"https:\/\/puyapeptide.net\/product\/nesiritide-bnp-32-human-cas-124584-08-3-natriuretisk-hjarnpeptid-for-hjartsvikt\/"},"modified":"2021-12-17T01:47:31","modified_gmt":"2021-12-17T06:47:31","slug":"nesiritide-bnp-32-human-cas-124584-08-3-natriuretisk-hjarnpeptid-for-hjartsvikt","status":"publish","type":"product","link":"https:\/\/puyapeptide.net\/sv\/product\/nesiritide-bnp-32-human-cas-124584-08-3-natriuretisk-hjarnpeptid-for-hjartsvikt\/","title":{"rendered":"Nesiritide \/ BNP-32 (HUMAN) CAS 124584-08-3 Natriuretisk hj\u00e4rnpeptid f\u00f6r hj\u00e4rtsvikt"},"content":{"rendered":"<h2><strong>Nesiritide \/ BNP-32 (HUMAN) CAS 124584-08-3 Natriuretisk hj\u00e4rnpeptid f\u00f6r hj\u00e4rtsvikt<\/strong><\/h2>\n<p>Produktnamn: Nesiritide \/ BNP-32 (HUMAN)<br \/>\nSynonymer: Nesiritide, Brain Natriuretic Peptide-32 human, BNP-32, &gt;98%;BNP-32 (human) hydrochloride;Nesiritide [USAN:INN] ;SPKMVQGSGCFGRKMDRISSSSGLGCKVLRRH (DISULFIDBRO: 10-26);SER-PRO-LYS-MET-VAL-GLN-GLY-SER-GLY-CYS-PHE-GLY-ARG-LYS-MET-ASP-ARG-ILE-SER-SER -SER-SER-GLY-LEU-GLY-CYS-LYS-VAL-LEU-ARG-ARG-HIS;H-SER-PRO-LYS-MET-VAL-GLN-GLY-SER-GLY-CYS-PHE-GLY -ARG-LYS-MET-ASP-ARG-ILE-SER-SER-SER-SER-GLY-LEU-GLY-CYS-LYS-VAL-LEU-ARG-ARG-HIS-OH;H-SER-PRO-LYS -MET-VAL-GLN-GLY-SER-GLY-CYS-PHE-GLY-ARG-LYS-MET-ASP-ARG-ILE-SER-SER-SER-SER-GLY-LEU-GLY-CYS-LYS-VAL -LEU-ARG-ARG-HIS-OH (DISULFIDBRO: 10-26); HJ\u00c4RNANATRIURETISK PEPTID (1-32), HUMAN<br \/>\nCAS: 124584-08-3<br \/>\nMF: C143H244N50O42S4<br \/>\nMW: 3464.04<br \/>\nEINECS: 1312995-182-4<br \/>\nProduktkategorier:<br \/>\nMol Fil: 124584-08-3.mol<\/p>\n<p>Nesiritide introducerades i USA som en ny intraven\u00f6s behandling f\u00f6r patienter med akut dekompenserad kongestiv hj\u00e4rtsvikt som har dyspn\u00e9 i vila eller med minimal aktivitet ity. Nesiritide \u00e4r den f\u00f6rsta humana rekombinanta formen av den potenta vasodilaterande natriuretiska peptiden av B-typ (\u00e4ven k\u00e4nd som hj\u00e4rnans natriuretisk peptid), en naturligt f\u00f6rekommande peptid med 32 aminosyror med en disulfidbunden ringstruktur p\u00e5 17 aminosyror. Nesiritid binder till den natriuretiska peptidreceptorn Atype p\u00e5 ytan av endotelceller och glatta muskelceller och stimulerar produktionen av den andra budb\u00e4raren cGMP som f\u00f6rmedlar huvudsakligen vaskul\u00e4r glattmuskelcellavslappning. Det underl\u00e4ttar ocks\u00e5 elimineringen av natrium och vatten genom njurarna och minskar uts\u00f6ndringen av vissa hormoner, s\u00e5som adrenalin, angiotensin II, aldosteron och endotelin, vilket framkallar skadliga l\u00e5ngsiktiga effekter inklusive blodk\u00e4rlsf\u00f6rtr\u00e4ngning och f\u00f6rh\u00f6jt blodtryck. I kliniska pr\u00f6vningar med hj\u00e4rtsviktspatienter minskade nesidtid dosberoende pulmon\u00e4rt kapill\u00e4rkiltryck, h\u00f6ger f\u00f6rmakstryck och systemiskt vaskul\u00e4rt motst\u00e5nd och \u00f6kade hj\u00e4rtindex utan att p\u00e5verka hj\u00e4rtfrekvensen. Den huvudsakliga biverkningen som observerades var dosberoende hypotoni. I en j\u00e4mf\u00f6rande fas III-studie visade sig nesiritid vara \u00f6verl\u00e4gsen iv. nitroglycerin i sina hemodynamiska effekter samt l\u00e4ttare att administrera och tolereras b\u00e4ttre. Nesiritid elimineras genom proteolytisk klyvning av enzymet neutralt endopeptidas NEP24.11 och genom bindning till den natriuretiska peptidreceptorn av C-typ f\u00f6ljt av endocytos och intracellul\u00e4r lysosomal hydrolys. Eftersom det har en kort halveringstid (18 min), administreras nesiritid som en 21 \u03bcg\/kg bolusinfusion f\u00f6ljt av en kontinuerlig underh\u00e5llsinfusion med 0,011 \u03bcg\/kg\/min, vanligtvis under 24-48 timmar.<\/p>\n<p> <strong>Nesiritide \/ BNP-32 (HUMAN) CAS 124584-08-3 Kemiska egenskaper<\/strong><br \/>\nBNP-32 (HUMAN) Kemiska egenskaper<br \/>\ndensitet 1,52\u00b10,1 g\/cm3(F\u00f6rutsp\u00e5dd)<br \/>\nRTECS EE1534000<br \/>\nlagringstemp. \u221220\u00b0C<br \/>\nform pulver<br \/>\nVattenl\u00f6slighet L\u00f6slig i vatten vid 1mg\/ml<br \/>\nCAS DataBase Reference 124584-08-3<\/p>\n<p> <strong>Funktion och till\u00e4mpning av Nesiritide \/ BNP-32 (HUMAN) CAS 124584-08-3<\/strong><br \/>\nBehandling av kronisk hj\u00e4rtsvikt (renin-angiotensinsystemantagonist).<\/p>\n","protected":false},"excerpt":{"rendered":"<p>Produktnamn: Nesiritide \/ BNP-32 (HUMAN)<br \/>\nCAS: 124584-08-3<br \/>\nMF: C143H244N50O42S4<br \/>\nMW: 3464.04<br \/>\nEINECS: 1312995-182-4<br \/>\nProduktkategorier:<br \/>\n &amp;&gt;Mol Fil: 124584-08-3.mol<\/p>\n","protected":false},"featured_media":2301,"comment_status":"open","ping_status":"closed","template":"","meta":{"om_disable_all_campaigns":false,"_monsterinsights_skip_tracking":false,"_monsterinsights_sitenote_active":false,"_monsterinsights_sitenote_note":"","_monsterinsights_sitenote_category":0,"site-sidebar-layout":"default","site-content-layout":"default","ast-site-content-layout":"default","site-content-style":"default","site-sidebar-style":"default","ast-global-header-display":"","ast-banner-title-visibility":"","ast-main-header-display":"","ast-hfb-above-header-display":"","ast-hfb-below-header-display":"","ast-hfb-mobile-header-display":"","site-post-title":"","ast-breadcrumbs-content":"","ast-featured-img":"","footer-sml-layout":"","ast-disable-related-posts":"","theme-transparent-header-meta":"default","adv-header-id-meta":"","stick-header-meta":"","header-above-stick-meta":"","header-main-stick-meta":"","header-below-stick-meta":"","astra-migrate-meta-layouts":"default","ast-page-background-enabled":"default","ast-page-background-meta":{"desktop":{"background-color":"","background-image":"","background-repeat":"repeat","background-position":"center center","background-size":"auto","background-attachment":"scroll","background-type":"","background-media":"","overlay-type":"","overlay-color":"","overlay-opacity":"","overlay-gradient":""},"tablet":{"background-color":"","background-image":"","background-repeat":"repeat","background-position":"center center","background-size":"auto","background-attachment":"scroll","background-type":"","background-media":"","overlay-type":"","overlay-color":"","overlay-opacity":"","overlay-gradient":""},"mobile":{"background-color":"","background-image":"","background-repeat":"repeat","background-position":"center center","background-size":"auto","background-attachment":"scroll","background-type":"","background-media":"","overlay-type":"","overlay-color":"","overlay-opacity":"","overlay-gradient":""}},"ast-content-background-meta":{"desktop":{"background-color":"var(--ast-global-color-5)","background-image":"","background-repeat":"repeat","background-position":"center center","background-size":"auto","background-attachment":"scroll","background-type":"","background-media":"","overlay-type":"","overlay-color":"","overlay-opacity":"","overlay-gradient":""},"tablet":{"background-color":"var(--ast-global-color-5)","background-image":"","background-repeat":"repeat","background-position":"center center","background-size":"auto","background-attachment":"scroll","background-type":"","background-media":"","overlay-type":"","overlay-color":"","overlay-opacity":"","overlay-gradient":""},"mobile":{"background-color":"var(--ast-global-color-5)","background-image":"","background-repeat":"repeat","background-position":"center center","background-size":"auto","background-attachment":"scroll","background-type":"","background-media":"","overlay-type":"","overlay-color":"","overlay-opacity":"","overlay-gradient":""}}},"product_brand":[],"product_cat":[511],"product_tag":[1135],"class_list":{"0":"post-8575","1":"product","2":"type-product","3":"status-publish","4":"has-post-thumbnail","6":"product_cat-peptid-for-det-kardiovaskulara-systemet","7":"product_tag-nesiritide-bnp-32-human-cas-124584-08-3-brain-natriuretic-peptide-for-heart-failure-sv","8":"desktop-align-left","9":"tablet-align-left","10":"mobile-align-left","12":"first","13":"instock","14":"shipping-taxable","15":"product-type-simple"},"_links":{"self":[{"href":"https:\/\/puyapeptide.net\/sv\/wp-json\/wp\/v2\/product\/8575","targetHints":{"allow":["GET"]}}],"collection":[{"href":"https:\/\/puyapeptide.net\/sv\/wp-json\/wp\/v2\/product"}],"about":[{"href":"https:\/\/puyapeptide.net\/sv\/wp-json\/wp\/v2\/types\/product"}],"replies":[{"embeddable":true,"href":"https:\/\/puyapeptide.net\/sv\/wp-json\/wp\/v2\/comments?post=8575"}],"wp:featuredmedia":[{"embeddable":true,"href":"https:\/\/puyapeptide.net\/sv\/wp-json\/wp\/v2\/media\/2301"}],"wp:attachment":[{"href":"https:\/\/puyapeptide.net\/sv\/wp-json\/wp\/v2\/media?parent=8575"}],"wp:term":[{"taxonomy":"product_brand","embeddable":true,"href":"https:\/\/puyapeptide.net\/sv\/wp-json\/wp\/v2\/product_brand?post=8575"},{"taxonomy":"product_cat","embeddable":true,"href":"https:\/\/puyapeptide.net\/sv\/wp-json\/wp\/v2\/product_cat?post=8575"},{"taxonomy":"product_tag","embeddable":true,"href":"https:\/\/puyapeptide.net\/sv\/wp-json\/wp\/v2\/product_tag?post=8575"}],"curies":[{"name":"wp","href":"https:\/\/api.w.org\/{rel}","templated":true}]}}