{"id":8604,"date":"2021-12-17T01:49:37","date_gmt":"2021-12-17T06:49:37","guid":{"rendered":"https:\/\/puyapeptide.net\/product\/hot-sale-anti-cancer-peptide-lanreotide-cas-108736-35-2\/"},"modified":"2021-12-17T01:49:37","modified_gmt":"2021-12-17T06:49:37","slug":"hot-sale-anti-cancer-peptide-lanreotide-cas-108736-35-2","status":"publish","type":"product","link":"https:\/\/puyapeptide.net\/sv\/product\/hot-sale-anti-cancer-peptide-lanreotide-cas-108736-35-2\/","title":{"rendered":"Hot Sale Anti Cancer Peptide Lanreotide CAS 108736-35-2"},"content":{"rendered":"<h2><strong>Hot Sale Anti Cancer Peptide Lanreotide CAS 108736-35-2<\/strong><\/h2>\n<p>Produktnamn: Lanreotide<br \/>\nSynonymer: LANREOTIDE;AUTOGEL;BETA-(2-NAPHTYL)-D-ALA-CYS-TYR-D-TRP-LYS-VAL-CYS-THR AMIDE;BIM-23014;ANGIOPEPTIN ;HD-2-NAL-CYS-TYR-D-TRP-LYS-VAL-CYS-THR-NH2;HD-2-NAL-CYS-TYR-D-TRP-LYS-VAL-CYS-THR-NH2, ( DISULFIDE BOND);IPSTYL<br \/>\nCAS: 108736-35-2<br \/>\nMF: C54 H69 N11 O10 S2<br \/>\nMW: 1096.32<br \/>\nEINECS: 689-178-4<br \/>\nProduktkategorier: hormoner&lt;&amp; &gt;Mol Fil: 108736-35-2.mol<\/p>\n<p>Lanreotid (INN) som naturliga tillv\u00e4xth\u00e4mmare \u00e4r lanreotid en peptidh\u00e4mmare av m\u00e5nga endokrina, neuroendokrina, exokrina och parakrina funktioner. Lanreotid \u00e4r mer aktivt och har en l\u00e4ngre verkningstid \u00e4n naturliga tillv\u00e4xth\u00e4mmare. Dess h\u00e4mmande effekt p\u00e5 uts\u00f6ndring av tillv\u00e4xthormon \u00e4r betydligt mer selektiv \u00e4n p\u00e5 insulinuts\u00f6ndring, och 2017 godk\u00e4nde FDA lanreotidacetat f\u00f6r injektion f\u00f6r behandling av neuroendokrina tum\u00f6rer.<\/p>\n<p>Lanreotid (INN) \u00e4r ett l\u00e4kemedel som anv\u00e4nds i hantering av akromegali och symtom orsakade av neuroendokrina tum\u00f6rer, framf\u00f6r allt karcinoidsyndrom.<\/p>\n<p>Lanreotid anv\u00e4nds vid behandling av akromegali, p\u00e5 grund av b\u00e5de hypofysen och icke-hypofysen som uts\u00f6ndrar tillv\u00e4xthormon, och hanteringen av orsakade symtom av neuroendokrina tum\u00f6rer, speciellt karcinoida tum\u00f6rer och VIPom. I USA och Kanada \u00e4r lanreotid endast indicerat f\u00f6r behandling av akromegali. I Storbritannien \u00e4r det ocks\u00e5 indicerat f\u00f6r behandling av tyrotrofisk adenom, en s\u00e4llsynt tum\u00f6r i hypofysen som uts\u00f6ndrar TSH.<\/p>\n<p>Lanreotid visar ocks\u00e5 aktivitet mot icke-endokrina tum\u00f6rer, och tillsammans med andra somatostatinanaloger , studeras som ett m\u00f6jligt allm\u00e4nt antitum\u00f6rmedel.<\/p>\n<p> <strong>Lanreotid CAS 108736-35-2 Kemiska egenskaper<\/strong><br \/>\nKokpunkt 1508,2\u00b165,0 \u00b0C(F\u00f6rutsp\u00e5dd)<br \/>\ndensitet 1,40\u00b10,1 g\/cm3( F\u00f6rutsp\u00e5dd)<br \/>\nlagringstemp. F\u00f6rvara p\u00e5 m\u00f6rk plats, F\u00f6rseglad i torrt, F\u00f6rvara i frys, under -20\u00b0C<br \/>\npka 9,90\u00b10,15(f\u00f6rutsp\u00e5dd)<\/p>\n<p> <strong>Funktion och till\u00e4mpning av Lanreotide CAS 108736-35-2<\/strong><br \/>\nLanreotid \u00e4r anv\u00e4nds vid behandling av akromegali, p\u00e5 grund av tillv\u00e4xthormonuts\u00f6ndrande tum\u00f6rer fr\u00e5n b\u00e5de hypofysen och icke-hypofysen, och hanteringen av symtom orsakade av neuroendokrina tum\u00f6rer, s\u00e4rskilt karcinoida tum\u00f6rer och VIPom. I USA och Kanada \u00e4r lanreotid endast indicerat f\u00f6r behandling av akromegali. I Storbritannien \u00e4r det ocks\u00e5 indicerat f\u00f6r behandling av tyrotrofiskt adenom, en s\u00e4llsynt tum\u00f6r i hypofysen som uts\u00f6ndrar.<\/p>\n<p>Lanreotid visar \u00e4ven aktivitet mot icke-endokrina tum\u00f6rer och, tillsammans med andra somatostatinanaloger, studeras som ett m\u00f6jligt allm\u00e4nt antitum\u00f6rmedel.<\/p>\n<p>Lanreotid ,I december 2014 godk\u00e4nde amerikanska FDA lanreotid f\u00f6r behandling av patienter med icke-opererbara, v\u00e4l eller m\u00e5ttligt differentierade, lokalt avancerade eller metastaserande gastroenteropankreatiska neuroendokrina tum\u00f6rer (GEP-NETs) ).<\/p>\n","protected":false},"excerpt":{"rendered":"<p>Produktnamn: Lanreotide<br \/>\nCAS: 108736-35-2<br \/>\nMF: C54 H69 N11 O10 S2<br \/>\nMW: 1096.32<br \/>\nEINECS: 689-178-4<br \/>\nProduktkategorier: hormoner<br \/>\n Mol Fil: 108736-35-2.mol<\/p>\n","protected":false},"featured_media":2112,"comment_status":"open","ping_status":"closed","template":"","meta":{"om_disable_all_campaigns":false,"_monsterinsights_skip_tracking":false,"_monsterinsights_sitenote_active":false,"_monsterinsights_sitenote_note":"","_monsterinsights_sitenote_category":0,"site-sidebar-layout":"default","site-content-layout":"default","ast-site-content-layout":"default","site-content-style":"default","site-sidebar-style":"default","ast-global-header-display":"","ast-banner-title-visibility":"","ast-main-header-display":"","ast-hfb-above-header-display":"","ast-hfb-below-header-display":"","ast-hfb-mobile-header-display":"","site-post-title":"","ast-breadcrumbs-content":"","ast-featured-img":"","footer-sml-layout":"","ast-disable-related-posts":"","theme-transparent-header-meta":"default","adv-header-id-meta":"","stick-header-meta":"","header-above-stick-meta":"","header-main-stick-meta":"","header-below-stick-meta":"","astra-migrate-meta-layouts":"default","ast-page-background-enabled":"default","ast-page-background-meta":{"desktop":{"background-color":"","background-image":"","background-repeat":"repeat","background-position":"center center","background-size":"auto","background-attachment":"scroll","background-type":"","background-media":"","overlay-type":"","overlay-color":"","overlay-opacity":"","overlay-gradient":""},"tablet":{"background-color":"","background-image":"","background-repeat":"repeat","background-position":"center center","background-size":"auto","background-attachment":"scroll","background-type":"","background-media":"","overlay-type":"","overlay-color":"","overlay-opacity":"","overlay-gradient":""},"mobile":{"background-color":"","background-image":"","background-repeat":"repeat","background-position":"center center","background-size":"auto","background-attachment":"scroll","background-type":"","background-media":"","overlay-type":"","overlay-color":"","overlay-opacity":"","overlay-gradient":""}},"ast-content-background-meta":{"desktop":{"background-color":"var(--ast-global-color-5)","background-image":"","background-repeat":"repeat","background-position":"center center","background-size":"auto","background-attachment":"scroll","background-type":"","background-media":"","overlay-type":"","overlay-color":"","overlay-opacity":"","overlay-gradient":""},"tablet":{"background-color":"var(--ast-global-color-5)","background-image":"","background-repeat":"repeat","background-position":"center center","background-size":"auto","background-attachment":"scroll","background-type":"","background-media":"","overlay-type":"","overlay-color":"","overlay-opacity":"","overlay-gradient":""},"mobile":{"background-color":"var(--ast-global-color-5)","background-image":"","background-repeat":"repeat","background-position":"center center","background-size":"auto","background-attachment":"scroll","background-type":"","background-media":"","overlay-type":"","overlay-color":"","overlay-opacity":"","overlay-gradient":""}}},"product_brand":[],"product_cat":[384],"product_tag":[],"class_list":{"0":"post-8604","1":"product","2":"type-product","3":"status-publish","4":"has-post-thumbnail","6":"product_cat-anti-tumor-peptid","7":"desktop-align-left","8":"tablet-align-left","9":"mobile-align-left","11":"first","12":"instock","13":"shipping-taxable","14":"product-type-simple"},"_links":{"self":[{"href":"https:\/\/puyapeptide.net\/sv\/wp-json\/wp\/v2\/product\/8604","targetHints":{"allow":["GET"]}}],"collection":[{"href":"https:\/\/puyapeptide.net\/sv\/wp-json\/wp\/v2\/product"}],"about":[{"href":"https:\/\/puyapeptide.net\/sv\/wp-json\/wp\/v2\/types\/product"}],"replies":[{"embeddable":true,"href":"https:\/\/puyapeptide.net\/sv\/wp-json\/wp\/v2\/comments?post=8604"}],"wp:featuredmedia":[{"embeddable":true,"href":"https:\/\/puyapeptide.net\/sv\/wp-json\/wp\/v2\/media\/2112"}],"wp:attachment":[{"href":"https:\/\/puyapeptide.net\/sv\/wp-json\/wp\/v2\/media?parent=8604"}],"wp:term":[{"taxonomy":"product_brand","embeddable":true,"href":"https:\/\/puyapeptide.net\/sv\/wp-json\/wp\/v2\/product_brand?post=8604"},{"taxonomy":"product_cat","embeddable":true,"href":"https:\/\/puyapeptide.net\/sv\/wp-json\/wp\/v2\/product_cat?post=8604"},{"taxonomy":"product_tag","embeddable":true,"href":"https:\/\/puyapeptide.net\/sv\/wp-json\/wp\/v2\/product_tag?post=8604"}],"curies":[{"name":"wp","href":"https:\/\/api.w.org\/{rel}","templated":true}]}}