{"id":8620,"date":"2021-12-17T01:50:38","date_gmt":"2021-12-17T06:50:38","guid":{"rendered":"https:\/\/puyapeptide.net\/product\/icatibant-acetate-cas-30308-48-4-anvandning-for-behandling-av-arftligt-angioodem\/"},"modified":"2026-03-22T07:42:18","modified_gmt":"2026-03-22T11:42:18","slug":"icatibant-acetate-cas-30308-48-4-anvandning-for-behandling-av-arftligt-angioodem","status":"publish","type":"product","link":"https:\/\/puyapeptide.net\/sv\/product\/icatibant-acetate-cas-30308-48-4-anvandning-for-behandling-av-arftligt-angioodem\/","title":{"rendered":"Icatibant Acetate CAS 30308-48-4 Anv\u00e4ndning f\u00f6r behandling av \u00e4rftligt angio\u00f6dem"},"content":{"rendered":"<h2><strong>Icatibant Acetate CAS 30308-48-4 Anv\u00e4ndning f\u00f6r behandling av \u00e4rftligt angio\u00f6dem<\/strong><\/h2>\n<p>Produktnamn: Icatibant Acetate<br \/>\nSynonymer: Icatibant Acetate;Icatibant Orenhet;Itibantide Acetate<br \/>\nCAS: 130308-48-4<br \/>\nSekvens: HD-Arg-Arg-Pro-Hyp-Gly-Thi- Ser-D-Tic-Oic-Arg-OH<br \/>\nMolekylformel: C59H89N19O13S<br \/>\nMolekylvikt: 1304,54<\/p>\n<p>Eltebante, en selektiv kompetitiv antagonist vid bradykinin typ 2 (B2)-receptorn, \u00e4r en dekapeptid med en bradykininliknande struktur med fem icke-protein-h\u00e4rledda aminosyror. Eltebante godk\u00e4ndes f\u00f6r marknadsf\u00f6ring i EU redan den 1 november 2010 f\u00f6r behandling av akuta attacker av heredit\u00e4rt angio\u00f6dem (HAE).<\/p>\n<p> <strong>Funktion och till\u00e4mpning av Icatibant Acetate CAS 30308-48-4<\/strong><br \/>\nEltebante Acetat \u00e4r en potent och selektiv kompetitiv antagonist av bradykinin typ 2 (B2) receptorer som behandlar den lokala svullnaden av emboli vid akut HAE genom att h\u00e4mma effekterna av bradykinin associerade med den emboliska lokala svullnaden, inflammationen och sm\u00e4rtsamma symtomen av HAE. HAE \u00e4r bara den f\u00f6rsta av flera indikationer som kan behandlas med eltebanteacetat; andra potentiella indikationer \u00e4r astma, cirros och andra typer av angio\u00f6dem.<\/p>\n","protected":false},"excerpt":{"rendered":"<p>Produktnamn: Icatibant Acetate<br \/>\nCAS: 130308-48-4<br \/>\nSekvens: HD-Arg-Arg-Pro-Hyp-Gly-Thi-Ser-D-Tic-Oic-Arg-OH<br \/>\nMolekylformel : C59H89N19O13S<br \/>\nMolekylvikt: 1304,54<\/p>\n","protected":false},"featured_media":2133,"comment_status":"open","ping_status":"closed","template":"","meta":{"om_disable_all_campaigns":false,"_monsterinsights_skip_tracking":false,"_monsterinsights_sitenote_active":false,"_monsterinsights_sitenote_note":"","_monsterinsights_sitenote_category":0,"site-sidebar-layout":"default","site-content-layout":"default","ast-site-content-layout":"default","site-content-style":"default","site-sidebar-style":"default","ast-global-header-display":"","ast-banner-title-visibility":"","ast-main-header-display":"","ast-hfb-above-header-display":"","ast-hfb-below-header-display":"","ast-hfb-mobile-header-display":"","site-post-title":"","ast-breadcrumbs-content":"","ast-featured-img":"","footer-sml-layout":"","ast-disable-related-posts":"","theme-transparent-header-meta":"default","adv-header-id-meta":"","stick-header-meta":"","header-above-stick-meta":"","header-main-stick-meta":"","header-below-stick-meta":"","astra-migrate-meta-layouts":"default","ast-page-background-enabled":"default","ast-page-background-meta":{"desktop":{"background-color":"","background-image":"","background-repeat":"repeat","background-position":"center center","background-size":"auto","background-attachment":"scroll","background-type":"","background-media":"","overlay-type":"","overlay-color":"","overlay-opacity":"","overlay-gradient":""},"tablet":{"background-color":"","background-image":"","background-repeat":"repeat","background-position":"center center","background-size":"auto","background-attachment":"scroll","background-type":"","background-media":"","overlay-type":"","overlay-color":"","overlay-opacity":"","overlay-gradient":""},"mobile":{"background-color":"","background-image":"","background-repeat":"repeat","background-position":"center center","background-size":"auto","background-attachment":"scroll","background-type":"","background-media":"","overlay-type":"","overlay-color":"","overlay-opacity":"","overlay-gradient":""}},"ast-content-background-meta":{"desktop":{"background-color":"var(--ast-global-color-5)","background-image":"","background-repeat":"repeat","background-position":"center center","background-size":"auto","background-attachment":"scroll","background-type":"","background-media":"","overlay-type":"","overlay-color":"","overlay-opacity":"","overlay-gradient":""},"tablet":{"background-color":"var(--ast-global-color-5)","background-image":"","background-repeat":"repeat","background-position":"center center","background-size":"auto","background-attachment":"scroll","background-type":"","background-media":"","overlay-type":"","overlay-color":"","overlay-opacity":"","overlay-gradient":""},"mobile":{"background-color":"var(--ast-global-color-5)","background-image":"","background-repeat":"repeat","background-position":"center center","background-size":"auto","background-attachment":"scroll","background-type":"","background-media":"","overlay-type":"","overlay-color":"","overlay-opacity":"","overlay-gradient":""}}},"product_brand":[],"product_cat":[422],"product_tag":[1114],"class_list":{"0":"post-8620","1":"product","2":"type-product","3":"status-publish","4":"has-post-thumbnail","6":"product_cat-blod-och-vaskular-peptid","7":"product_tag-icatibant-acetate-cas-30308-48-4-use-for-treat-hereditary-angioedema-sv","8":"desktop-align-left","9":"tablet-align-left","10":"mobile-align-left","12":"first","13":"instock","14":"shipping-taxable","15":"product-type-simple"},"_links":{"self":[{"href":"https:\/\/puyapeptide.net\/sv\/wp-json\/wp\/v2\/product\/8620","targetHints":{"allow":["GET"]}}],"collection":[{"href":"https:\/\/puyapeptide.net\/sv\/wp-json\/wp\/v2\/product"}],"about":[{"href":"https:\/\/puyapeptide.net\/sv\/wp-json\/wp\/v2\/types\/product"}],"replies":[{"embeddable":true,"href":"https:\/\/puyapeptide.net\/sv\/wp-json\/wp\/v2\/comments?post=8620"}],"wp:featuredmedia":[{"embeddable":true,"href":"https:\/\/puyapeptide.net\/sv\/wp-json\/wp\/v2\/media\/2133"}],"wp:attachment":[{"href":"https:\/\/puyapeptide.net\/sv\/wp-json\/wp\/v2\/media?parent=8620"}],"wp:term":[{"taxonomy":"product_brand","embeddable":true,"href":"https:\/\/puyapeptide.net\/sv\/wp-json\/wp\/v2\/product_brand?post=8620"},{"taxonomy":"product_cat","embeddable":true,"href":"https:\/\/puyapeptide.net\/sv\/wp-json\/wp\/v2\/product_cat?post=8620"},{"taxonomy":"product_tag","embeddable":true,"href":"https:\/\/puyapeptide.net\/sv\/wp-json\/wp\/v2\/product_tag?post=8620"}],"curies":[{"name":"wp","href":"https:\/\/api.w.org\/{rel}","templated":true}]}}