{"id":8645,"date":"2021-12-17T01:51:50","date_gmt":"2021-12-17T06:51:50","guid":{"rendered":"https:\/\/puyapeptide.net\/product\/glukagon-cas-16941-32-5-framjar-glykogenolys-och-glukosproduktion-for-att-hoja-blodsockret\/"},"modified":"2021-12-17T01:51:50","modified_gmt":"2021-12-17T06:51:50","slug":"glukagon-cas-16941-32-5-framjar-glykogenolys-och-glukosproduktion-for-att-hoja-blodsockret","status":"publish","type":"product","link":"https:\/\/puyapeptide.net\/sv\/product\/glukagon-cas-16941-32-5-framjar-glykogenolys-och-glukosproduktion-for-att-hoja-blodsockret\/","title":{"rendered":"Glukagon CAS 16941-32-5 Fr\u00e4mjar glykogenolys och glukosproduktion f\u00f6r att h\u00f6ja blodsockret"},"content":{"rendered":"<h2><strong>Glukagon CAS 16941-32-5 Fr\u00e4mjar glykogenolys och glukosproduktion f\u00f6r att h\u00f6ja blodsockret<\/strong><\/h2>\n<p>Produktnamn: Glucagon<br \/>\nSynonymer: GLUCAGON 1-37;GLUCAGON (1-37) (PORCINE);GLUCAGON 37;GLUCAGON ACETATE;HSQGTFTSDYSKYLDSRRAQDFVQWLMNTKRNKNNIA;H-HIS-SER-THRN-PGLY- -SER-ASP-TYR-SER-LYS-TYR-LEU-ASP-SER-ARG-ARG-ALA-GLN-ASP-PHE-VAL-GLN-TRP-LEU-MET-ASN-THR-LYS-ARG-ASN -LYS-ASN-ASN-ILE-ALA-OH;Glukagon 1-29;Glukagon(1-29) Human HCl<br \/>\nCAS: 16941-32-5<br \/>\nMF: C153H225N43O49S<br \/>\nMW: 3482,75&lt;&amp; &gt;EINECS: 685-611-6<br \/>\nProduktkategorier: Aminosyraderivat;Peptid;GlukagonIslet-stamcellsbiologi;Isletstamcellsdifferentiering;Hormoner;Andra protein-\/peptidhormoner;Glukagon- och glukagonliknande peptider, biIl-peptider, G-cellpeptider f\u00f6r Cellbiologi;Cytokiner tillv\u00e4xtfaktorer och hormoner (fetma);Gastrointestinala peptider;GlukagonFetmaforskning;API;Diabetesforskning<br \/>\nMol Fil: 16941-32-5.mol<\/p>\n<p>Glukagon, \u00e4ven k\u00e4nt som glukagon, \u00e4r en rakkedjigt polypeptidhormon som uts\u00f6ndras av \u03b1-celler fr\u00e5n pankreatiska \u00f6ar, inneh\u00e5llande 29 aminosyror, med molekylformel och relativ molekyl\u00e4r massa av C153H225N43O49S = 3482,8. Kina har syntetiserat detta hormon. Det \u00e4r ett slags vitt, luktfritt och smakl\u00f6st fint kristallint pulver vid rumstemperatur. Glukagon \u00e4r n\u00e4stan ol\u00f6sligt i vatten och de flesta organiska l\u00f6sningsmedel, medan det \u00e4r l\u00f6sligt i utsp\u00e4dd syra och utsp\u00e4dd alkalil\u00f6sning. Det mesta av preparatet \u00e4r hydroklorid som l\u00f6ses i vatten. Det \u00e4r k\u00e4nt att glukagon m\u00e5ste beh\u00e5lla sin molekyl\u00e4ra integritet f\u00f6r att ut\u00f6va sin fysiologiska aktivitet. Glukagonstrukturen hos m\u00e4nniskor och d\u00e4ggdjur (kanin, n\u00f6tkreatur, svin, r\u00e5tta, etc.) kan vara konsekvent, medan n\u00e5got olika f\u00e5glar.<\/p>\n<p>Glukagon \u00e4r en polypeptid som best\u00e5r av 29 aminosyror och uts\u00f6ndras av alfacellerna av bukspottk\u00f6rtelns \u00f6ar. Glukagon produceras fr\u00e5n pro-glukagon-genen, initialt som prekursorn pro-glukagon, som bearbetas v\u00e4vnadsspecifikt i pankreatiska alfaceller f\u00f6r att bilda glukagon och i tarmceller f\u00f6r att bilda GLP-1 och GLP-2.<br \/>\n&lt;&amp; &gt;Det \u00e4r allm\u00e4nt accepterat att insulin och glukagon \u00e4r de viktigaste hormonerna som \u00e4r involverade i diabetesens patofysiologi, men glukagons roll vid diabetes \u00e4r komplex och kontroversiell i vissa fall. Glukagons roll i f\u00f6r n\u00e4rvarande anv\u00e4nda hypoglykemiska medel f\u00e5r allt st\u00f6rre uppm\u00e4rksamhet, och den fortsatta utvecklingen av glukagoninriktad terapi belyser det viktiga bidraget fr\u00e5n glukagon f\u00f6r att optimera diabeteshanteringen.<\/p>\n<p>Glukagon \u00e4r ett motreglerande hormon som stimulerar leverglukos. produktion f\u00f6r att undvika hypoglykemi. Glukagonreceptorer finns p\u00e5 hepatocyter och glukagonbindningsst\u00e4llen har ocks\u00e5 identifierats i njure, hj\u00e4rta, mag-tarmkanalen, fettv\u00e4vnad, hj\u00e4rna och mj\u00e4lte. Baserat p\u00e5 studier p\u00e5 hundar bryts cirka 17 % av glukagon ned av njurarna och 20 % till 25 % bryts ned i levern. Fris\u00e4ttningen av glukagon som svar p\u00e5 hypoglykemi har etablerats v\u00e4l och f\u00f6rmedlas genom autonoma, endokrina och parakrina mekanismer och m\u00f6jligen ocks\u00e5 genom direkt avk\u00e4nning av blodsockerniv\u00e5er av alfaceller. De exakta molekyl\u00e4ra mekanismerna genom vilka celler uts\u00f6ndrar glukagon \u00e4r inte helt klarlagda, men involverar kaliumadenosintrifosfatkanaler (KATP) och kalciumkanaler.<\/p>\n<p>I normal fysiologi h\u00e4mmas glukagonuts\u00f6ndring under hyperglykemi av celluts\u00f6ndringsprodukterna insulin, zink och gamma-aminosm\u00f6rsyra (GABA), som frig\u00f6rs som svar p\u00e5 m\u00e5ltider och f\u00f6rh\u00f6jt blodsocker. N\u00e4r blodsockerniv\u00e5erna sjunker minskar betaceller produktionen av dessa produkter och eliminerar d\u00e4rmed deras h\u00e4mmande effekt p\u00e5 alfaceller. Denna mekanism, k\u00e4nd som &quot;shutdown&quot;-hypotesen, leder i slut\u00e4ndan till en \u00f6kning av glukagonuts\u00f6ndringen n\u00e4r blodsockret \u00e4r f\u00f6r l\u00e5gt. Tillv\u00e4xth\u00e4mmande hormon, som produceras av \u03b4-celler och GLP-1 i \u00f6arna, h\u00e4mmar ocks\u00e5 glukagonuts\u00f6ndringen.<\/p>\n<p>I b\u00e5de typ 1-diabetes mellitus (T1DM) och typ 2-diabetes mellitus (T2DM), plasmaglukagonniv\u00e5er \u00e4r f\u00f6r h\u00f6ga. Glukagon, ett reglerande hormon som fr\u00e4mjar produktionen av glukos i levern, f\u00f6rhindrar hypoglykemi under normala fysiologiska f\u00f6rh\u00e5llanden. Hos patienter med diabetes kan glukagonuts\u00f6ndringen vara okontrollerad, vilket leder till problem med glukoshomeostas. Vissa behandlingar f\u00f6r diabetes \u00e4r effektiva genom att h\u00e4mma uts\u00f6ndringen eller verkan av glukagon, s\u00e5v\u00e4l som glukagonspecifik riktad terapi.<\/p>\n<p> <strong>Glukagon CAS 16941-32-5 Kemiska egenskaper<\/strong><br \/>\ndensitet 1,53\u00b10,1 g\/cm3( F\u00f6rutsp\u00e5dd)<br \/>\nlagringstemp. F\u00f6rvaras p\u00e5 m\u00f6rk plats, f\u00f6rseglad i torrt, 2-8\u00b0C<br \/>\nl\u00f6slighet Praktiskt taget ol\u00f6slig i vatten och i de flesta organiska l\u00f6sningsmedel. Det \u00e4r l\u00f6sligt i utsp\u00e4dda mineralsyror och i utsp\u00e4dda l\u00f6sningar av alkalihydroxider.<br \/>\nform pulver<\/p>\n<p> <strong>Funktion och till\u00e4mpning av Glucagon CAS 16941-32-5<\/strong><br \/>\n1\u3001H\u00f6j blodsockereffekten: Det kan aktivera leverfosforylas, fr\u00e4mjar nedbrytning av glykogen i levern och glykogenisogenes och h\u00f6jer blodsockret.<br \/>\n2\u3001Positiv inotrop effekt: Det kan \u00f6ka intracellul\u00e4rt cAMP-inneh\u00e5ll, f\u00f6rb\u00e4ttra myokardiell kontraktilitet, \u00f6ka hj\u00e4rtminutvolymen och arbeta per slag. Dess positiva inotropa effekt kan fortfarande ut\u00f6vas efter applicering av tillr\u00e4cklig m\u00e4ngd hj\u00e4rtglykosid, och den blockeras inte av propranolol. \u00c4ven om det kan \u00f6ka hj\u00e4rtfrekvensen och blodtrycket, orsakar det inte arytmi. Mekanismerna \u00e4r: (1) aktivering av adenylatcyklas f\u00f6r att omvandla adenosintrifosfat till cykliserat adenosinmonofosfat, vilket \u00f6kar myokardiell kontraktilitet; (2) fr\u00e4mjande av leverglykogenolys och \u00f6kning av blodglukosniv\u00e5n; (3) fr\u00e4mja insulinfris\u00e4ttning Chemicalbook-fris\u00e4ttning, f\u00f6rb\u00e4ttra myokardutnyttjandet av glukos och fr\u00e4mja myokardiala anaeroba enzymer, vilket f\u00f6rb\u00e4ttrar myokardens energimetabolism. I kombination med digitalisliknande hj\u00e4rtglykosider kan det \u00f6ka effekten.<br \/>\n3. Effekter p\u00e5 njurarna: vidga njurblodk\u00e4rl, f\u00f6rb\u00e4ttra njurblodfl\u00f6det och fr\u00e4mja uts\u00f6ndring av natrium, kalium och kalcium.<br \/>\n4. Effekter p\u00e5 matsm\u00e4ltningssystemet: kan orsaka avslappning av glatt muskulatur i mage och tolvfingertarm, tunntarm och tjocktarm, h\u00e4mma peristaltiken i mage, tunntarm och tjocktarm samt \u00f6ka uts\u00f6ndringen av galla och tarmv\u00e4tska.<br \/>\n5. Effekter p\u00e5 sekretoriskt system: excitera binjurem\u00e4rgen, fr\u00e4mja fris\u00e4ttningen av katekolaminer. Det kan ocks\u00e5 fr\u00e4mja uts\u00f6ndringen av insulin, sk\u00f6ldk\u00f6rtelhormon, kalcitonin och tillv\u00e4xthormon.<\/p>\n","protected":false},"excerpt":{"rendered":"<p>Produktnamn: Glukagon<br \/>\nCAS: 16941-32-5<br \/>\nMF: C153H225N43O49S<br \/>\nMW: 3482.75<br \/>\nEINECS: 685-611-6<br \/>\nMol Fil: 16941-32-5.mol<\/p>\n","protected":false},"featured_media":2133,"comment_status":"open","ping_status":"closed","template":"","meta":{"om_disable_all_campaigns":false,"_monsterinsights_skip_tracking":false,"_monsterinsights_sitenote_active":false,"_monsterinsights_sitenote_note":"","_monsterinsights_sitenote_category":0,"site-sidebar-layout":"default","site-content-layout":"default","ast-site-content-layout":"default","site-content-style":"default","site-sidebar-style":"default","ast-global-header-display":"","ast-banner-title-visibility":"","ast-main-header-display":"","ast-hfb-above-header-display":"","ast-hfb-below-header-display":"","ast-hfb-mobile-header-display":"","site-post-title":"","ast-breadcrumbs-content":"","ast-featured-img":"","footer-sml-layout":"","ast-disable-related-posts":"","theme-transparent-header-meta":"default","adv-header-id-meta":"","stick-header-meta":"","header-above-stick-meta":"","header-main-stick-meta":"","header-below-stick-meta":"","astra-migrate-meta-layouts":"default","ast-page-background-enabled":"default","ast-page-background-meta":{"desktop":{"background-color":"","background-image":"","background-repeat":"repeat","background-position":"center center","background-size":"auto","background-attachment":"scroll","background-type":"","background-media":"","overlay-type":"","overlay-color":"","overlay-opacity":"","overlay-gradient":""},"tablet":{"background-color":"","background-image":"","background-repeat":"repeat","background-position":"center center","background-size":"auto","background-attachment":"scroll","background-type":"","background-media":"","overlay-type":"","overlay-color":"","overlay-opacity":"","overlay-gradient":""},"mobile":{"background-color":"","background-image":"","background-repeat":"repeat","background-position":"center center","background-size":"auto","background-attachment":"scroll","background-type":"","background-media":"","overlay-type":"","overlay-color":"","overlay-opacity":"","overlay-gradient":""}},"ast-content-background-meta":{"desktop":{"background-color":"var(--ast-global-color-5)","background-image":"","background-repeat":"repeat","background-position":"center center","background-size":"auto","background-attachment":"scroll","background-type":"","background-media":"","overlay-type":"","overlay-color":"","overlay-opacity":"","overlay-gradient":""},"tablet":{"background-color":"var(--ast-global-color-5)","background-image":"","background-repeat":"repeat","background-position":"center center","background-size":"auto","background-attachment":"scroll","background-type":"","background-media":"","overlay-type":"","overlay-color":"","overlay-opacity":"","overlay-gradient":""},"mobile":{"background-color":"var(--ast-global-color-5)","background-image":"","background-repeat":"repeat","background-position":"center center","background-size":"auto","background-attachment":"scroll","background-type":"","background-media":"","overlay-type":"","overlay-color":"","overlay-opacity":"","overlay-gradient":""}}},"product_brand":[],"product_cat":[351],"product_tag":[1095],"class_list":{"0":"post-8645","1":"product","2":"type-product","3":"status-publish","4":"has-post-thumbnail","6":"product_cat-diabetespeptid","7":"product_tag-glucagon-cas-16941-32-5-promotes-glycogenolysis-and-glucose-production-to-raise-blood-sugar-sv","8":"desktop-align-left","9":"tablet-align-left","10":"mobile-align-left","12":"first","13":"instock","14":"shipping-taxable","15":"product-type-simple"},"_links":{"self":[{"href":"https:\/\/puyapeptide.net\/sv\/wp-json\/wp\/v2\/product\/8645","targetHints":{"allow":["GET"]}}],"collection":[{"href":"https:\/\/puyapeptide.net\/sv\/wp-json\/wp\/v2\/product"}],"about":[{"href":"https:\/\/puyapeptide.net\/sv\/wp-json\/wp\/v2\/types\/product"}],"replies":[{"embeddable":true,"href":"https:\/\/puyapeptide.net\/sv\/wp-json\/wp\/v2\/comments?post=8645"}],"wp:featuredmedia":[{"embeddable":true,"href":"https:\/\/puyapeptide.net\/sv\/wp-json\/wp\/v2\/media\/2133"}],"wp:attachment":[{"href":"https:\/\/puyapeptide.net\/sv\/wp-json\/wp\/v2\/media?parent=8645"}],"wp:term":[{"taxonomy":"product_brand","embeddable":true,"href":"https:\/\/puyapeptide.net\/sv\/wp-json\/wp\/v2\/product_brand?post=8645"},{"taxonomy":"product_cat","embeddable":true,"href":"https:\/\/puyapeptide.net\/sv\/wp-json\/wp\/v2\/product_cat?post=8645"},{"taxonomy":"product_tag","embeddable":true,"href":"https:\/\/puyapeptide.net\/sv\/wp-json\/wp\/v2\/product_tag?post=8645"}],"curies":[{"name":"wp","href":"https:\/\/api.w.org\/{rel}","templated":true}]}}