{"id":8663,"date":"2021-12-17T01:52:51","date_gmt":"2021-12-17T06:52:51","guid":{"rendered":"https:\/\/puyapeptide.net\/product\/glp-1-7-37-cas-106612-94-6-minskar-blodsockret-pa-ett-glukosberoende-satt-utan-nagra-biverkningar\/"},"modified":"2021-12-17T01:52:51","modified_gmt":"2021-12-17T06:52:51","slug":"glp-1-7-37-cas-106612-94-6-minskar-blodsockret-pa-ett-glukosberoende-satt-utan-nagra-biverkningar","status":"publish","type":"product","link":"https:\/\/puyapeptide.net\/sv\/product\/glp-1-7-37-cas-106612-94-6-minskar-blodsockret-pa-ett-glukosberoende-satt-utan-nagra-biverkningar\/","title":{"rendered":"GLP-1 (7-37) CAS 106612-94-6 minskar blodsockret p\u00e5 ett glukosberoende s\u00e4tt utan n\u00e5gra biverkningar"},"content":{"rendered":"<h2><strong>GLP-1 (7-37) CAS 106612-94-6 L\u00e4gre blodsockerniv\u00e5er utan n\u00e5gra negativa effekter<\/strong><\/h2>\n<p>Produktnamn: H-HIS-ALA-GLU-GLY-THR-PHE-THR-SER-ASP-VAL-SER-SER-TYR-LEU-GLU-GLY-GLN-ALA-ALA-LYS-GLU- PHE-ILE-ALA-TRP-LEU-VAL-LYS-GLY-ARG-GLY-OH\/ GLP-1 (7-37)<br \/>\nSynonymer: Insulinotropin (humant);Peptid GLP-1 (human glukoss\u00e4nkande peptid -1);Glp-I (7-37);Glukagonliknande peptid I (7-37);Glukagonrelaterad peptid (oncorhynchus kisutch), 3-L-glutaminsyra-6-L-fenylalanin-9-L-asparaginsyra syra-12-L-serin-15-L-glutaminsyra-16-glycin-21-L-isoleucin-24-L-alanin-27-L-valin-28-L-lysin-31-glycin-;Tglp- 1;GLP-1, 7-37;Preproglucagon 78-108<br \/>\nCAS: 106612-94-6<br \/>\nMF: C151H228N40O47<br \/>\nMW: 3355.67<br \/>\nEINECS:<br \/>\nProduktkategorier: peptider peptid<br \/>\nMol Fil: 106612-94-6.mol<\/p>\n<p> <strong>GLP-1 (7-37) CAS 106612-94-6 Kemiska egenskaper<\/strong><br \/>\ndensitet 1,48\u00b10,1 g\/cm3(f\u00f6rutsp\u00e5tt)&lt; &amp;&gt;lagringstemp. \u221220\u00b0C<br \/>\nVattenl\u00f6slighet L\u00f6slig i vatten vid 2mg\/ml<br \/>\nCAS DataBase Reference 106612-94-6<\/p>\n<p> <strong>Funktion och till\u00e4mpning av GLP-1 (7-37) CAS 106612-94- 6<\/strong><br \/>\nHumanglukagon-liknande peptid -1(GLP-1) \u00e4r en liten polypeptid med 30 aminosyror, som \u00e4r potent f\u00f6r att s\u00e4nka blodsockret p\u00e5 ett glukosberoende s\u00e4tt utan n\u00e5gra biverkningar, f\u00f6rutom GLP-1:s multipla funktioner , det blir en forskningshotspot f\u00f6r att bota diabetes II. F\u00f6r att f\u00f6rverkliga dess kliniska till\u00e4mpning \u00e4r det emellertid angel\u00e4get att l\u00f6sa problemet med dess korta halveringstid in vivo. D\u00e4rf\u00f6r kommer recensionerna av de senaste framstegen inom forskning och klinisk till\u00e4mpning av GLP-1 i Kina och utomlands p\u00e5 grundval av tidigare studier att ge referens f\u00f6r forskare och medicinska arbetare i utvecklingen av GLP-1-relevanta l\u00e4kemedel.<\/p>\n","protected":false},"excerpt":{"rendered":"<p>Produktnamn: H-HIS-ALA-GLU-GLY-THR-PHE-THR-SER-ASP-VAL-SER-SER-TYR-LEU-GLU-GLY-GLN-ALA-ALA-LYS-GLU-PHE-ILE -ALA-TRP-LEU-VAL-LYS-GLY-ARG-GLY-OH\/GLP-1 (7-37)<br \/>\nCAS: 106612-94-6<br \/>\nMF: C151H228N40O47<br \/>\nMW: 3355,67&lt; &amp;&gt;Mol Fil: 106612-94-6.mol<\/p>\n","protected":false},"featured_media":2301,"comment_status":"open","ping_status":"closed","template":"","meta":{"om_disable_all_campaigns":false,"_monsterinsights_skip_tracking":false,"_monsterinsights_sitenote_active":false,"_monsterinsights_sitenote_note":"","_monsterinsights_sitenote_category":0,"site-sidebar-layout":"default","site-content-layout":"default","ast-site-content-layout":"default","site-content-style":"default","site-sidebar-style":"default","ast-global-header-display":"","ast-banner-title-visibility":"","ast-main-header-display":"","ast-hfb-above-header-display":"","ast-hfb-below-header-display":"","ast-hfb-mobile-header-display":"","site-post-title":"","ast-breadcrumbs-content":"","ast-featured-img":"","footer-sml-layout":"","ast-disable-related-posts":"","theme-transparent-header-meta":"default","adv-header-id-meta":"","stick-header-meta":"","header-above-stick-meta":"","header-main-stick-meta":"","header-below-stick-meta":"","astra-migrate-meta-layouts":"default","ast-page-background-enabled":"default","ast-page-background-meta":{"desktop":{"background-color":"","background-image":"","background-repeat":"repeat","background-position":"center center","background-size":"auto","background-attachment":"scroll","background-type":"","background-media":"","overlay-type":"","overlay-color":"","overlay-opacity":"","overlay-gradient":""},"tablet":{"background-color":"","background-image":"","background-repeat":"repeat","background-position":"center center","background-size":"auto","background-attachment":"scroll","background-type":"","background-media":"","overlay-type":"","overlay-color":"","overlay-opacity":"","overlay-gradient":""},"mobile":{"background-color":"","background-image":"","background-repeat":"repeat","background-position":"center center","background-size":"auto","background-attachment":"scroll","background-type":"","background-media":"","overlay-type":"","overlay-color":"","overlay-opacity":"","overlay-gradient":""}},"ast-content-background-meta":{"desktop":{"background-color":"var(--ast-global-color-5)","background-image":"","background-repeat":"repeat","background-position":"center center","background-size":"auto","background-attachment":"scroll","background-type":"","background-media":"","overlay-type":"","overlay-color":"","overlay-opacity":"","overlay-gradient":""},"tablet":{"background-color":"var(--ast-global-color-5)","background-image":"","background-repeat":"repeat","background-position":"center center","background-size":"auto","background-attachment":"scroll","background-type":"","background-media":"","overlay-type":"","overlay-color":"","overlay-opacity":"","overlay-gradient":""},"mobile":{"background-color":"var(--ast-global-color-5)","background-image":"","background-repeat":"repeat","background-position":"center center","background-size":"auto","background-attachment":"scroll","background-type":"","background-media":"","overlay-type":"","overlay-color":"","overlay-opacity":"","overlay-gradient":""}}},"product_brand":[],"product_cat":[351],"product_tag":[1069],"class_list":{"0":"post-8663","1":"product","2":"type-product","3":"status-publish","4":"has-post-thumbnail","6":"product_cat-diabetespeptid","7":"product_tag-glp-1-7-37-cas-106612-94-6-reduce-blood-sugar-in-a-glucose-dependentmanner-without-any-adverse-reactions-sv","8":"desktop-align-left","9":"tablet-align-left","10":"mobile-align-left","12":"first","13":"instock","14":"shipping-taxable","15":"product-type-simple"},"_links":{"self":[{"href":"https:\/\/puyapeptide.net\/sv\/wp-json\/wp\/v2\/product\/8663","targetHints":{"allow":["GET"]}}],"collection":[{"href":"https:\/\/puyapeptide.net\/sv\/wp-json\/wp\/v2\/product"}],"about":[{"href":"https:\/\/puyapeptide.net\/sv\/wp-json\/wp\/v2\/types\/product"}],"replies":[{"embeddable":true,"href":"https:\/\/puyapeptide.net\/sv\/wp-json\/wp\/v2\/comments?post=8663"}],"wp:featuredmedia":[{"embeddable":true,"href":"https:\/\/puyapeptide.net\/sv\/wp-json\/wp\/v2\/media\/2301"}],"wp:attachment":[{"href":"https:\/\/puyapeptide.net\/sv\/wp-json\/wp\/v2\/media?parent=8663"}],"wp:term":[{"taxonomy":"product_brand","embeddable":true,"href":"https:\/\/puyapeptide.net\/sv\/wp-json\/wp\/v2\/product_brand?post=8663"},{"taxonomy":"product_cat","embeddable":true,"href":"https:\/\/puyapeptide.net\/sv\/wp-json\/wp\/v2\/product_cat?post=8663"},{"taxonomy":"product_tag","embeddable":true,"href":"https:\/\/puyapeptide.net\/sv\/wp-json\/wp\/v2\/product_tag?post=8663"}],"curies":[{"name":"wp","href":"https:\/\/api.w.org\/{rel}","templated":true}]}}