{"id":8691,"date":"2021-12-17T01:54:01","date_gmt":"2021-12-17T06:54:01","guid":{"rendered":"https:\/\/puyapeptide.net\/product\/puya-supply-abarelix-cas-183552-38-7-anvandning-for-prostatacancer\/"},"modified":"2021-12-17T01:54:01","modified_gmt":"2021-12-17T06:54:01","slug":"puya-supply-abarelix-cas-183552-38-7-anvandning-for-prostatacancer","status":"publish","type":"product","link":"https:\/\/puyapeptide.net\/sv\/product\/puya-supply-abarelix-cas-183552-38-7-anvandning-for-prostatacancer\/","title":{"rendered":"Puya Supply Abarelix CAS 183552-38-7 Anv\u00e4ndning f\u00f6r prostatacancer"},"content":{"rendered":"<h2><strong>Puya Supply Abarelix CAS 183552-38-7 Anv\u00e4ndning f\u00f6r prostatacancer<\/strong><\/h2>\n<p>Produktnamn: Abarelix<br \/>\nSynonymer: PPI-149;Abarelix Acetate;Plenaxis;R 3827;Ac-DNal-DCpa-DPal-Ser-N\u03b1MeTyr-DAsp-Leu-Ilys-Pro-DAl-NH2;Abarelix; Abarelix Acetate(Plenaxis);D-Alaninamid, N-acetyl-3-(2-naftalenyl)-D-alanyl-4-klor-D-fenylalanyl-3-(3-pyridinyl)-D-alanyl-L-seryl- N-metyl-L-tyrosyl-D-asparaginyl-L-leucyl-N6-(1-metyletyl)-L-lysyl-L-prolyl-<br \/>\n CAS: 183552-38-7<br \/>\nMF: C72H95ClN14O14&lt;&amp; &gt;MW: 1416.06<br \/>\nEINECS: 1592732-453-0<br \/>\nProduktkategorier:<br \/>\nMol Fil: 183552-38-7.mol<\/p>\n<p>Abarelix minskar testosteronproduktionen i testiklarna genom att direkt h\u00e4mma uts\u00f6ndring av luteiniserande hormon (LH) och follikelstimulerande hormon (FSH). P\u00e5 grund av den direkta h\u00e4mningen av LH-uts\u00f6ndring av Chemicalbook, \u00f6kar inte plasmakoncentrationen av testosteron f\u00f6r att sedan minska. Resultaten av studien visade att abarelixacetat har en h\u00f6g affinitet f\u00f6r hypofysens LHRH-receptorer hos r\u00e5ttor.<\/p>\n<p> <strong>Abarelix CAS 183552-38-7 Chemical Properties<\/strong><br \/>\nAbarelix Chemical Properties<br \/>\nKokpunkt 1688,4\u00b1650. \u00b0C(Predicted)<br \/>\ndensitet 1,286\u00b10,06 g\/cm3(Predicted)<br \/>\npka 9,82\u00b10,15(Predicted)<br \/>\nCAS DataBase Reference 183552-38-7<\/p>\n<p> <strong>Funktion och till\u00e4mpning av Abarelix CAS 183552-38-7<\/strong><br \/>\nAbarelix, ett antineoplastiskt medel, \u00e4r den f\u00f6rsta lagringsbara gonadotropinfris\u00e4ttande hormonantagonistformuleringen som f\u00f6r n\u00e4rvarande \u00e4r godk\u00e4nd och den f\u00f6rsta nya typen av prostatacancerl\u00e4kemedel.<\/p>\n<p>Abarelix CAS 183552-38-7 Anv\u00e4nd f\u00f6r prostatacancer<\/p>\n","protected":false},"excerpt":{"rendered":"<p>Produktnamn: Abarelix<br \/>\nCAS: 183552-38-7<br \/>\nMF: C72H95ClN14O14<br \/>\nMW: 1416.06<br \/>\nEINECS: 1592732-453-0<br \/>\nMol Fil: 183552-7-38.mol<\/p>\n","protected":false},"featured_media":2133,"comment_status":"open","ping_status":"closed","template":"","meta":{"om_disable_all_campaigns":false,"_monsterinsights_skip_tracking":false,"_monsterinsights_sitenote_active":false,"_monsterinsights_sitenote_note":"","_monsterinsights_sitenote_category":0,"site-sidebar-layout":"default","site-content-layout":"default","ast-site-content-layout":"default","site-content-style":"default","site-sidebar-style":"default","ast-global-header-display":"","ast-banner-title-visibility":"","ast-main-header-display":"","ast-hfb-above-header-display":"","ast-hfb-below-header-display":"","ast-hfb-mobile-header-display":"","site-post-title":"","ast-breadcrumbs-content":"","ast-featured-img":"","footer-sml-layout":"","ast-disable-related-posts":"","theme-transparent-header-meta":"default","adv-header-id-meta":"","stick-header-meta":"","header-above-stick-meta":"","header-main-stick-meta":"","header-below-stick-meta":"","astra-migrate-meta-layouts":"default","ast-page-background-enabled":"default","ast-page-background-meta":{"desktop":{"background-color":"","background-image":"","background-repeat":"repeat","background-position":"center center","background-size":"auto","background-attachment":"scroll","background-type":"","background-media":"","overlay-type":"","overlay-color":"","overlay-opacity":"","overlay-gradient":""},"tablet":{"background-color":"","background-image":"","background-repeat":"repeat","background-position":"center center","background-size":"auto","background-attachment":"scroll","background-type":"","background-media":"","overlay-type":"","overlay-color":"","overlay-opacity":"","overlay-gradient":""},"mobile":{"background-color":"","background-image":"","background-repeat":"repeat","background-position":"center center","background-size":"auto","background-attachment":"scroll","background-type":"","background-media":"","overlay-type":"","overlay-color":"","overlay-opacity":"","overlay-gradient":""}},"ast-content-background-meta":{"desktop":{"background-color":"var(--ast-global-color-5)","background-image":"","background-repeat":"repeat","background-position":"center center","background-size":"auto","background-attachment":"scroll","background-type":"","background-media":"","overlay-type":"","overlay-color":"","overlay-opacity":"","overlay-gradient":""},"tablet":{"background-color":"var(--ast-global-color-5)","background-image":"","background-repeat":"repeat","background-position":"center center","background-size":"auto","background-attachment":"scroll","background-type":"","background-media":"","overlay-type":"","overlay-color":"","overlay-opacity":"","overlay-gradient":""},"mobile":{"background-color":"var(--ast-global-color-5)","background-image":"","background-repeat":"repeat","background-position":"center center","background-size":"auto","background-attachment":"scroll","background-type":"","background-media":"","overlay-type":"","overlay-color":"","overlay-opacity":"","overlay-gradient":""}}},"product_brand":[],"product_cat":[384],"product_tag":[1053],"class_list":{"0":"post-8691","1":"product","2":"type-product","3":"status-publish","4":"has-post-thumbnail","6":"product_cat-anti-tumor-peptid","7":"product_tag-puya-supply-abarelix-cas-183552-38-7-use-for-prostate-cancer-sv","8":"desktop-align-left","9":"tablet-align-left","10":"mobile-align-left","12":"first","13":"instock","14":"shipping-taxable","15":"product-type-simple"},"_links":{"self":[{"href":"https:\/\/puyapeptide.net\/sv\/wp-json\/wp\/v2\/product\/8691","targetHints":{"allow":["GET"]}}],"collection":[{"href":"https:\/\/puyapeptide.net\/sv\/wp-json\/wp\/v2\/product"}],"about":[{"href":"https:\/\/puyapeptide.net\/sv\/wp-json\/wp\/v2\/types\/product"}],"replies":[{"embeddable":true,"href":"https:\/\/puyapeptide.net\/sv\/wp-json\/wp\/v2\/comments?post=8691"}],"wp:featuredmedia":[{"embeddable":true,"href":"https:\/\/puyapeptide.net\/sv\/wp-json\/wp\/v2\/media\/2133"}],"wp:attachment":[{"href":"https:\/\/puyapeptide.net\/sv\/wp-json\/wp\/v2\/media?parent=8691"}],"wp:term":[{"taxonomy":"product_brand","embeddable":true,"href":"https:\/\/puyapeptide.net\/sv\/wp-json\/wp\/v2\/product_brand?post=8691"},{"taxonomy":"product_cat","embeddable":true,"href":"https:\/\/puyapeptide.net\/sv\/wp-json\/wp\/v2\/product_cat?post=8691"},{"taxonomy":"product_tag","embeddable":true,"href":"https:\/\/puyapeptide.net\/sv\/wp-json\/wp\/v2\/product_tag?post=8691"}],"curies":[{"name":"wp","href":"https:\/\/api.w.org\/{rel}","templated":true}]}}