{"id":8741,"date":"2021-12-17T03:03:17","date_gmt":"2021-12-17T08:03:17","guid":{"rendered":"https:\/\/puyapeptide.net\/product\/exenatidacetat-cas-141732-76-5-anvands-som-ett-enteralt-hypoglykemiskt-medel\/"},"modified":"2021-12-17T03:03:17","modified_gmt":"2021-12-17T08:03:17","slug":"exenatidacetat-cas-141732-76-5-anvands-som-ett-enteralt-hypoglykemiskt-medel","status":"publish","type":"product","link":"https:\/\/puyapeptide.net\/sv\/product\/exenatidacetat-cas-141732-76-5-anvands-som-ett-enteralt-hypoglykemiskt-medel\/","title":{"rendered":"Exenatidacetat CAS 141732-76-5 anv\u00e4nds som ett enteralt hypoglykemiskt medel"},"content":{"rendered":"<h2><strong>Exenatidacetat CAS 141732-76-5 anv\u00e4nds som ett enteralt hypoglykemiskt medel<\/strong><\/h2>\n<p>Produktnamn: Exenatidacetat<br \/>\nSynonymer: Exenatide;His-Gly-Gly-Gly-Thr-Phe-Thr-Ser-Asp-Leu-Ser-Lys-Gln-Met-Glu-Glu-Glu-Ala -Val-Arg-Leu-Phe-Ile-Glu-Trp-Leu-Lys-Asn-Gly-Gly-Pro-Ser-Gly-Ala-Pro-Pro-Pro-Ser-NH{2};EXENATID ACETATE(EXENDIN -4);His-Gly-Gly-Gly-Thr-Phe-Thr-Ser-Asp-Leu-Ser-Lys-Gln-Met-Glu-Glu-Glu-Ala-Val-Arg-Leu-Phe-Ile- Glu-Trp-Leu-Lys-Asn-Gly-Gly-Pro-Ser-Ser-Gly-Ala-Pro-Pro-Pro-Ser-NH2;Exenatid Acettate;EXENATID ACETATE;ENFUVIRTIDE ACETATE;Extendin-4<br \/>\nCAS : 141732-76-5<br \/>\nMF: C186H286N50O62S<br \/>\nMW: 4244.60796<br \/>\nEINECS: 1592732-453-0<br \/>\nProduktkategorier: Agonist;Baser &amp; relaterade reagenser; PNeptides; L\u00e4kemedel;GLP<br \/>\nMol Fil: 141732-76-5.mol<\/p>\n<p>Aminosyrasekvensen f\u00f6r Exenatidacetat \u00f6verlappar delvis humant GLP-1. Exenatidacetat har visats binda till och aktivera den k\u00e4nda humana GLP-1-receptorn in vitro. Detta inneb\u00e4r att genom att inkludera cAMP (cykliskt adenosinmonofosfat) eller andra intracellul\u00e4ra signalmekanismer, \u00f6kas glukosberoende insulinsyntes och insulinuts\u00f6ndring av pankreatiska \u03b2-celler i kroppen.<\/p>\n<p> <strong>Funktion och till\u00e4mpning av exenatidacetat CAS 141732-76-5<\/strong><br \/>\nApplicering av exenatidacetat orsakar en \u00f6kning av acin\u00e4r cAMP utan att stimulera amylasfris\u00e4ttning. Som ett inkretinmimetikum fungerar exenatidacetat som agonist f\u00f6r den glukagonliknande peptid-1 (GLP-1)-receptorn. Eftersom GLP-1, men med f\u00f6rl\u00e4ngd aktivitet, \u00f6kar exenatidacetat den postprandiala produktionen av insulin och undertrycker uts\u00f6ndringen av glukagon. Av denna anledning har exenatidacetat funnit anv\u00e4ndning som ett l\u00e4kemedel f\u00f6r diabetes II.<\/p>\n","protected":false},"excerpt":{"rendered":"<p>Produktnamn: Exenatidacetat<br \/>\nCAS: 141732-76-5<br \/>\nMF: C186H286N50O62S<br \/>\nMW: 4244.60796<br \/>\nEINECS: 1592732-453-0<br \/>\nMol Fil: 7617-153,2 mol<\/p>\n","protected":false},"featured_media":2217,"comment_status":"open","ping_status":"closed","template":"","meta":{"om_disable_all_campaigns":false,"_monsterinsights_skip_tracking":false,"_monsterinsights_sitenote_active":false,"_monsterinsights_sitenote_note":"","_monsterinsights_sitenote_category":0,"site-sidebar-layout":"default","site-content-layout":"default","ast-site-content-layout":"default","site-content-style":"default","site-sidebar-style":"default","ast-global-header-display":"","ast-banner-title-visibility":"","ast-main-header-display":"","ast-hfb-above-header-display":"","ast-hfb-below-header-display":"","ast-hfb-mobile-header-display":"","site-post-title":"","ast-breadcrumbs-content":"","ast-featured-img":"","footer-sml-layout":"","ast-disable-related-posts":"","theme-transparent-header-meta":"default","adv-header-id-meta":"","stick-header-meta":"","header-above-stick-meta":"","header-main-stick-meta":"","header-below-stick-meta":"","astra-migrate-meta-layouts":"default","ast-page-background-enabled":"default","ast-page-background-meta":{"desktop":{"background-color":"","background-image":"","background-repeat":"repeat","background-position":"center center","background-size":"auto","background-attachment":"scroll","background-type":"","background-media":"","overlay-type":"","overlay-color":"","overlay-opacity":"","overlay-gradient":""},"tablet":{"background-color":"","background-image":"","background-repeat":"repeat","background-position":"center center","background-size":"auto","background-attachment":"scroll","background-type":"","background-media":"","overlay-type":"","overlay-color":"","overlay-opacity":"","overlay-gradient":""},"mobile":{"background-color":"","background-image":"","background-repeat":"repeat","background-position":"center center","background-size":"auto","background-attachment":"scroll","background-type":"","background-media":"","overlay-type":"","overlay-color":"","overlay-opacity":"","overlay-gradient":""}},"ast-content-background-meta":{"desktop":{"background-color":"var(--ast-global-color-5)","background-image":"","background-repeat":"repeat","background-position":"center center","background-size":"auto","background-attachment":"scroll","background-type":"","background-media":"","overlay-type":"","overlay-color":"","overlay-opacity":"","overlay-gradient":""},"tablet":{"background-color":"var(--ast-global-color-5)","background-image":"","background-repeat":"repeat","background-position":"center center","background-size":"auto","background-attachment":"scroll","background-type":"","background-media":"","overlay-type":"","overlay-color":"","overlay-opacity":"","overlay-gradient":""},"mobile":{"background-color":"var(--ast-global-color-5)","background-image":"","background-repeat":"repeat","background-position":"center center","background-size":"auto","background-attachment":"scroll","background-type":"","background-media":"","overlay-type":"","overlay-color":"","overlay-opacity":"","overlay-gradient":""}}},"product_brand":[],"product_cat":[351],"product_tag":[1015],"class_list":{"0":"post-8741","1":"product","2":"type-product","3":"status-publish","4":"has-post-thumbnail","6":"product_cat-diabetespeptid","7":"product_tag-exenatide-acetate-cas-141732-76-5-used-as-an-enteral-hypoglycemic-agent-sv","8":"desktop-align-left","9":"tablet-align-left","10":"mobile-align-left","12":"first","13":"instock","14":"shipping-taxable","15":"product-type-simple"},"_links":{"self":[{"href":"https:\/\/puyapeptide.net\/sv\/wp-json\/wp\/v2\/product\/8741","targetHints":{"allow":["GET"]}}],"collection":[{"href":"https:\/\/puyapeptide.net\/sv\/wp-json\/wp\/v2\/product"}],"about":[{"href":"https:\/\/puyapeptide.net\/sv\/wp-json\/wp\/v2\/types\/product"}],"replies":[{"embeddable":true,"href":"https:\/\/puyapeptide.net\/sv\/wp-json\/wp\/v2\/comments?post=8741"}],"wp:featuredmedia":[{"embeddable":true,"href":"https:\/\/puyapeptide.net\/sv\/wp-json\/wp\/v2\/media\/2217"}],"wp:attachment":[{"href":"https:\/\/puyapeptide.net\/sv\/wp-json\/wp\/v2\/media?parent=8741"}],"wp:term":[{"taxonomy":"product_brand","embeddable":true,"href":"https:\/\/puyapeptide.net\/sv\/wp-json\/wp\/v2\/product_brand?post=8741"},{"taxonomy":"product_cat","embeddable":true,"href":"https:\/\/puyapeptide.net\/sv\/wp-json\/wp\/v2\/product_cat?post=8741"},{"taxonomy":"product_tag","embeddable":true,"href":"https:\/\/puyapeptide.net\/sv\/wp-json\/wp\/v2\/product_tag?post=8741"}],"curies":[{"name":"wp","href":"https:\/\/api.w.org\/{rel}","templated":true}]}}