{"id":8807,"date":"2021-12-17T03:07:21","date_gmt":"2021-12-17T08:07:21","guid":{"rendered":"https:\/\/puyapeptide.net\/product\/puya-supply-degarelix-acetate-cas-214766-78-6-anvands-for-att-behandla-prostatacancer\/"},"modified":"2021-12-17T03:07:21","modified_gmt":"2021-12-17T08:07:21","slug":"puya-supply-degarelix-acetate-cas-214766-78-6-anvands-for-att-behandla-prostatacancer","status":"publish","type":"product","link":"https:\/\/puyapeptide.net\/sv\/product\/puya-supply-degarelix-acetate-cas-214766-78-6-anvands-for-att-behandla-prostatacancer\/","title":{"rendered":"Puya Supply Degarelix Acetate CAS 214766-78-6 anv\u00e4nds f\u00f6r att behandla prostatacancer"},"content":{"rendered":"<h2><strong>Puya Supply Degarelix Acetate CAS 214766-78-6 anv\u00e4nds f\u00f6r att behandla prostatacancer<\/strong><\/h2>\n<p>Produktnamn: DEGARELIX<br \/>\nSynonymer: DEGARELIX;Degarelixacetat;N-acetyl-3-(2-naftyl)-D-alanyl-4-klor-D-fenylalanyl-3-(3-pyridyl)-D -alanyl-L-seryl-4-[2,6-dioxohexahydropyrimidin-4(S)-ylkarboxamido]-L-fenylalanyl-4-ureido-D-fenylalanyl-L-leucyl-N6-isopropyl-L-lysyl-L- prolyl-D-alaninamidacetat; Degarelix-acetatsalt; D-alaninamid, N-acetyl-3-(naftalen-2-yl)-D-alanyl-4-klor-D-fenylalanyl-3-(pyridin-3-yl) -D-alanyl-L-seryl-4-((((4S)-2,6-dioxohexahydropyrimidin-4-yl)karbonyl)amino)-L-fenylalanyl-4-(karbamoylamino)-D-fenylalanyl-L-leucyl -N6-(1-metyletyl)-L-lysyl-L-prolyl-;Degarelixacetat(FE-200486,Degarelix);FirMagon;Degarelix, Degarelixacetat<br \/>\nCAS: 214766-78-6<br \/>\nMF: C82H103ClN18O<br \/>\nMW: 1632.26<br \/>\nEINECS: 807-277-4<br \/>\nProduktkategorier: API<br \/>\nMol Fil: 214766-78-6.mol<\/p>\n<p>Antagonister av GnRH har visat sig vara en effektiv terapi f\u00f6r hormonellt reglerade cancerformer, s\u00e5som prostata och vissa typer av br\u00f6st. Som analoger av GnRH binder de kompetitivt och reversibelt till GnRH-receptorer i hypofysen och blockerar d\u00e4rigenom fris\u00e4ttningen av luteiniserande hormon (LH) och follikelstimulerande hormon (FSH). Hos m\u00e4n utl\u00f6ser minskningen av LH ablationen av testosteronsekretionen fr\u00e5n testiklarna, och dessa kastrationsliknande niv\u00e5er har varit avg\u00f6rande f\u00f6r effektiv hantering av avancerad prostatacancer. I j\u00e4mf\u00f6relse med GnRH-agonister lider inte antagonister av en potentiell uppblossning av sjukdomen som ett resultat av en initial stimulering av hypotalamus-hypofys-gonadala axeln f\u00f6re nedreglering av GnRH-receptorn. Dessutom ger GnRH-antagonister gynnsamma effekter snabbare efter dosering och resulterar i ett mer effektivt undertryckande av gonadotropinniv\u00e5er. Med detta i \u00e5tanke har degarelixacetat lanserats som en tredje generationens GnRH-antagonist f\u00f6r behandling av prostatacancer, och den ansluter sig till andra tredje generationens medel, ganirelix och cetronelix, p\u00e5 marknaden.<\/p>\n<p> <strong>Kemiska egenskaper hos Degarelix Acetate CAS 214766-78-6<\/strong><br \/>\ndensitet 1,325\u00b10,06 g\/cm3(f\u00f6rutsp\u00e5dd)<br \/>\nlagringstemp. F\u00f6rvara p\u00e5 m\u00f6rk plats, inert atmosf\u00e4r, F\u00f6rvara i frysen, under -20\u00b0C<br \/>\npka 10,38\u00b10,40(f\u00f6rutsp\u00e5dd)<\/p>\n<p> <strong>Funktion och till\u00e4mpning av Degarelix Acetate CAS 214766-78-6<\/strong><br \/>\nAvancerat hormon -beroende prostatakarcinom<\/p>\n<p>Desmopressin&#39; (varunamn: DDAVP, DesmoMelt, Minirin, Minirin Melt, Octim, Stimate) \u00e4r en syntetisk ers\u00e4ttning f\u00f6r vasopressin, hormonet som minskar urinproduktionen. Det kan tas nasalt, intraven\u00f6st eller som en oral eller sublingual tablett. L\u00e4kare ordinerar desmopressin oftast f\u00f6r behandling av diabetes insipidus, s\u00e4ngv\u00e4tning eller nocturi.<\/p>\n<p>Det kan tas nasalt, intraven\u00f6st eller som en tablett. L\u00e4kare ordinerar Desmopressin&#39; oftast f\u00f6r behandling av diabetes insipidus eller nattlig enures. Desmopressin&#39; (1-desamino-8-D-argininvasopressin) \u00e4r en modifierad form av det normala humana hormonet argininvasopressin, en peptid som inneh\u00e5ller nio aminosyror. Medicinsk anv\u00e4ndning av Desmopressin&#39;acetat inkluderar: (a) s\u00e4ngv\u00e4tning; (b) nattlig urinering; (c) koaguleringsst\u00f6rningar; (d) diabetes insipidus.<\/p>\n","protected":false},"excerpt":{"rendered":"<p>Produktnamn: DEGARELIX<br \/>\nCAS: 214766-78-6<br \/>\nMF: C82H103ClN18O16<br \/>\nMW: 1632.26<br \/>\nEINECS: 807-277-4<br \/>\nProduktkategorier: API<br \/>\nMol-fil: 2147 -78-6 mol<\/p>\n","protected":false},"featured_media":2133,"comment_status":"open","ping_status":"closed","template":"","meta":{"om_disable_all_campaigns":false,"_monsterinsights_skip_tracking":false,"_monsterinsights_sitenote_active":false,"_monsterinsights_sitenote_note":"","_monsterinsights_sitenote_category":0,"site-sidebar-layout":"default","site-content-layout":"default","ast-site-content-layout":"default","site-content-style":"default","site-sidebar-style":"default","ast-global-header-display":"","ast-banner-title-visibility":"","ast-main-header-display":"","ast-hfb-above-header-display":"","ast-hfb-below-header-display":"","ast-hfb-mobile-header-display":"","site-post-title":"","ast-breadcrumbs-content":"","ast-featured-img":"","footer-sml-layout":"","ast-disable-related-posts":"","theme-transparent-header-meta":"default","adv-header-id-meta":"","stick-header-meta":"","header-above-stick-meta":"","header-main-stick-meta":"","header-below-stick-meta":"","astra-migrate-meta-layouts":"default","ast-page-background-enabled":"default","ast-page-background-meta":{"desktop":{"background-color":"","background-image":"","background-repeat":"repeat","background-position":"center center","background-size":"auto","background-attachment":"scroll","background-type":"","background-media":"","overlay-type":"","overlay-color":"","overlay-opacity":"","overlay-gradient":""},"tablet":{"background-color":"","background-image":"","background-repeat":"repeat","background-position":"center center","background-size":"auto","background-attachment":"scroll","background-type":"","background-media":"","overlay-type":"","overlay-color":"","overlay-opacity":"","overlay-gradient":""},"mobile":{"background-color":"","background-image":"","background-repeat":"repeat","background-position":"center center","background-size":"auto","background-attachment":"scroll","background-type":"","background-media":"","overlay-type":"","overlay-color":"","overlay-opacity":"","overlay-gradient":""}},"ast-content-background-meta":{"desktop":{"background-color":"var(--ast-global-color-5)","background-image":"","background-repeat":"repeat","background-position":"center center","background-size":"auto","background-attachment":"scroll","background-type":"","background-media":"","overlay-type":"","overlay-color":"","overlay-opacity":"","overlay-gradient":""},"tablet":{"background-color":"var(--ast-global-color-5)","background-image":"","background-repeat":"repeat","background-position":"center center","background-size":"auto","background-attachment":"scroll","background-type":"","background-media":"","overlay-type":"","overlay-color":"","overlay-opacity":"","overlay-gradient":""},"mobile":{"background-color":"var(--ast-global-color-5)","background-image":"","background-repeat":"repeat","background-position":"center center","background-size":"auto","background-attachment":"scroll","background-type":"","background-media":"","overlay-type":"","overlay-color":"","overlay-opacity":"","overlay-gradient":""}}},"product_brand":[],"product_cat":[384],"product_tag":[949],"class_list":{"0":"post-8807","1":"product","2":"type-product","3":"status-publish","4":"has-post-thumbnail","6":"product_cat-anti-tumor-peptid","7":"product_tag-puya-supply-degarelix-acetate-cas-214766-78-6-used-for-treat-prostate-cancer-sv","8":"desktop-align-left","9":"tablet-align-left","10":"mobile-align-left","12":"first","13":"instock","14":"shipping-taxable","15":"product-type-simple"},"_links":{"self":[{"href":"https:\/\/puyapeptide.net\/sv\/wp-json\/wp\/v2\/product\/8807","targetHints":{"allow":["GET"]}}],"collection":[{"href":"https:\/\/puyapeptide.net\/sv\/wp-json\/wp\/v2\/product"}],"about":[{"href":"https:\/\/puyapeptide.net\/sv\/wp-json\/wp\/v2\/types\/product"}],"replies":[{"embeddable":true,"href":"https:\/\/puyapeptide.net\/sv\/wp-json\/wp\/v2\/comments?post=8807"}],"wp:featuredmedia":[{"embeddable":true,"href":"https:\/\/puyapeptide.net\/sv\/wp-json\/wp\/v2\/media\/2133"}],"wp:attachment":[{"href":"https:\/\/puyapeptide.net\/sv\/wp-json\/wp\/v2\/media?parent=8807"}],"wp:term":[{"taxonomy":"product_brand","embeddable":true,"href":"https:\/\/puyapeptide.net\/sv\/wp-json\/wp\/v2\/product_brand?post=8807"},{"taxonomy":"product_cat","embeddable":true,"href":"https:\/\/puyapeptide.net\/sv\/wp-json\/wp\/v2\/product_cat?post=8807"},{"taxonomy":"product_tag","embeddable":true,"href":"https:\/\/puyapeptide.net\/sv\/wp-json\/wp\/v2\/product_tag?post=8807"}],"curies":[{"name":"wp","href":"https:\/\/api.w.org\/{rel}","templated":true}]}}