{"id":8818,"date":"2021-12-17T03:07:25","date_gmt":"2021-12-17T08:07:25","guid":{"rendered":"https:\/\/puyapeptide.net\/product\/desmopressinacetat-cas-16679-58-6-anvands-for-behandling-av-uropares\/"},"modified":"2021-12-17T03:07:25","modified_gmt":"2021-12-17T08:07:25","slug":"desmopressinacetat-cas-16679-58-6-anvands-for-behandling-av-uropares","status":"publish","type":"product","link":"https:\/\/puyapeptide.net\/sv\/product\/desmopressinacetat-cas-16679-58-6-anvands-for-behandling-av-uropares\/","title":{"rendered":"Desmopressinacetat CAS 16679-58-6 anv\u00e4nds f\u00f6r behandling av uropares"},"content":{"rendered":"<h2><strong>Desmopressinacetat CAS 16679-58-6 anv\u00e4nds f\u00f6r behandling av uropares<\/strong><\/h2>\n<p>Produktnamn: Desmopressin<br \/>\nSynonymer: MPR-TYR-PHE-GLN-ASN-CYS-PRO-D-ARG-GLY-NH2;MINIRIN;[DEAMINO1, DARG8] VASOPRESSIN;[DEAMINO-CYS1, D- ARG8]-VASOPRESSIN;DDAVP, HUMAN;DESMOPRESSIN;DESMOPRESSIN, HUMAN;DESAMINO-[D-ARG8]VASOPRESSIN<br \/>\nCAS: 16679-58-6<br \/>\nMF: C46H64N14O12S2<br \/>\nMW:219.E. 240-726-7<br \/>\nProduktkategorier: Aminosyraderivat;Peptid;Vasopressin- och Oxytocinreceptor<br \/>\nMol Fil: 16679-58-6.mol<\/p>\n<p>Desmopressin (Varunamn: DDAVP) \u00e4r en artificiell derivat av vasopressin, som liknar det antidiuretiska hormon (ADH) som produceras naturligt i kroppen. Det anv\u00e4nds f\u00f6r behandling av diabetes insipidus, s\u00e4ngv\u00e4tning, hemofili A, von Willebrands sjukdom och h\u00f6ga ureaniv\u00e5er i blodet. Det kan \u00f6ka vattenpermeabiliteten i njurens tubul\u00e4ra celler, ytterligare \u00f6ka urinkoncentrationen och minska urinproduktionen. D\u00e4rf\u00f6r kan den anv\u00e4ndas f\u00f6r att f\u00f6rebygga och kontrollera sv\u00e5r t\u00f6rst, urinering och uttorkning orsakad av olika typer av orsaker inklusive skada, operation och vissa medicinska tillst\u00e5nd. Detta hj\u00e4lper dig att sova hela natten utan att v\u00e4ckas av urinering.<\/p>\n<p> <strong>Desmopressin CAS 16679-58-6 Kemiska egenskaper<\/strong><br \/>\nalfa D25 +85,5 \u00b1 2\u00b0 (ber\u00e4knat f\u00f6r den fria peptiden)<br \/>\ndensitet 1,56 \u00b10,1 g\/cm3(f\u00f6rutsp\u00e5dd)<br \/>\nRTECS YW9000000<br \/>\nlagringstemp. F\u00f6rvaras vid 0\u00b0C<br \/>\nl\u00f6slighet H2O: l\u00f6slig20mg\/ml, klar, f\u00e4rgl\u00f6s<br \/>\npka 9,90\u00b10,15(f\u00f6rutsp\u00e5dd)<br \/>\nform ren<br \/>\nInChIKey NFLWUMRGJYTJIN-PNIOQBSNSA-N<\/p>\n<p> <strong>Anv\u00e4ndningar av Desmopressin CAS 16679-58-6<\/strong><br \/>\nAntidiuretikum.<\/p>\n","protected":false},"excerpt":{"rendered":"<p>Produktnamn: Desmopressin<br \/>\nCAS: 16679-58-6<br \/>\nMF: C46H64N14O12S2<br \/>\nMW: 1069.22<br \/>\nEINECS: 240-726-7<br \/>\nMol Fil: 16679-58-6.mol<\/p>\n","protected":false},"featured_media":2217,"comment_status":"open","ping_status":"closed","template":"","meta":{"om_disable_all_campaigns":false,"_monsterinsights_skip_tracking":false,"_monsterinsights_sitenote_active":false,"_monsterinsights_sitenote_note":"","_monsterinsights_sitenote_category":0,"site-sidebar-layout":"default","site-content-layout":"default","ast-site-content-layout":"default","site-content-style":"default","site-sidebar-style":"default","ast-global-header-display":"","ast-banner-title-visibility":"","ast-main-header-display":"","ast-hfb-above-header-display":"","ast-hfb-below-header-display":"","ast-hfb-mobile-header-display":"","site-post-title":"","ast-breadcrumbs-content":"","ast-featured-img":"","footer-sml-layout":"","ast-disable-related-posts":"","theme-transparent-header-meta":"default","adv-header-id-meta":"","stick-header-meta":"","header-above-stick-meta":"","header-main-stick-meta":"","header-below-stick-meta":"","astra-migrate-meta-layouts":"default","ast-page-background-enabled":"default","ast-page-background-meta":{"desktop":{"background-color":"","background-image":"","background-repeat":"repeat","background-position":"center center","background-size":"auto","background-attachment":"scroll","background-type":"","background-media":"","overlay-type":"","overlay-color":"","overlay-opacity":"","overlay-gradient":""},"tablet":{"background-color":"","background-image":"","background-repeat":"repeat","background-position":"center center","background-size":"auto","background-attachment":"scroll","background-type":"","background-media":"","overlay-type":"","overlay-color":"","overlay-opacity":"","overlay-gradient":""},"mobile":{"background-color":"","background-image":"","background-repeat":"repeat","background-position":"center center","background-size":"auto","background-attachment":"scroll","background-type":"","background-media":"","overlay-type":"","overlay-color":"","overlay-opacity":"","overlay-gradient":""}},"ast-content-background-meta":{"desktop":{"background-color":"var(--ast-global-color-5)","background-image":"","background-repeat":"repeat","background-position":"center center","background-size":"auto","background-attachment":"scroll","background-type":"","background-media":"","overlay-type":"","overlay-color":"","overlay-opacity":"","overlay-gradient":""},"tablet":{"background-color":"var(--ast-global-color-5)","background-image":"","background-repeat":"repeat","background-position":"center center","background-size":"auto","background-attachment":"scroll","background-type":"","background-media":"","overlay-type":"","overlay-color":"","overlay-opacity":"","overlay-gradient":""},"mobile":{"background-color":"var(--ast-global-color-5)","background-image":"","background-repeat":"repeat","background-position":"center center","background-size":"auto","background-attachment":"scroll","background-type":"","background-media":"","overlay-type":"","overlay-color":"","overlay-opacity":"","overlay-gradient":""}}},"product_brand":[],"product_cat":[422],"product_tag":[916],"class_list":{"0":"post-8818","1":"product","2":"type-product","3":"status-publish","4":"has-post-thumbnail","6":"product_cat-blod-och-vaskular-peptid","7":"product_tag-desmopressin-acetate-cas-16679-58-6-used-for-treat-uroparesis-sv","8":"desktop-align-left","9":"tablet-align-left","10":"mobile-align-left","12":"first","13":"instock","14":"shipping-taxable","15":"product-type-simple"},"_links":{"self":[{"href":"https:\/\/puyapeptide.net\/sv\/wp-json\/wp\/v2\/product\/8818","targetHints":{"allow":["GET"]}}],"collection":[{"href":"https:\/\/puyapeptide.net\/sv\/wp-json\/wp\/v2\/product"}],"about":[{"href":"https:\/\/puyapeptide.net\/sv\/wp-json\/wp\/v2\/types\/product"}],"replies":[{"embeddable":true,"href":"https:\/\/puyapeptide.net\/sv\/wp-json\/wp\/v2\/comments?post=8818"}],"wp:featuredmedia":[{"embeddable":true,"href":"https:\/\/puyapeptide.net\/sv\/wp-json\/wp\/v2\/media\/2217"}],"wp:attachment":[{"href":"https:\/\/puyapeptide.net\/sv\/wp-json\/wp\/v2\/media?parent=8818"}],"wp:term":[{"taxonomy":"product_brand","embeddable":true,"href":"https:\/\/puyapeptide.net\/sv\/wp-json\/wp\/v2\/product_brand?post=8818"},{"taxonomy":"product_cat","embeddable":true,"href":"https:\/\/puyapeptide.net\/sv\/wp-json\/wp\/v2\/product_cat?post=8818"},{"taxonomy":"product_tag","embeddable":true,"href":"https:\/\/puyapeptide.net\/sv\/wp-json\/wp\/v2\/product_tag?post=8818"}],"curies":[{"name":"wp","href":"https:\/\/api.w.org\/{rel}","templated":true}]}}