{"id":8872,"date":"2021-12-17T03:11:02","date_gmt":"2021-12-17T08:11:02","guid":{"rendered":"https:\/\/puyapeptide.net\/product\/terlipressinacetat-av-hog-kvalitet-cas-14636-12-5-for-behandling-av-akuta-variceal-blodningar\/"},"modified":"2021-12-17T03:11:02","modified_gmt":"2021-12-17T08:11:02","slug":"terlipressinacetat-av-hog-kvalitet-cas-14636-12-5-for-behandling-av-akuta-variceal-blodningar","status":"publish","type":"product","link":"https:\/\/puyapeptide.net\/sv\/product\/terlipressinacetat-av-hog-kvalitet-cas-14636-12-5-for-behandling-av-akuta-variceal-blodningar\/","title":{"rendered":"Terlipressinacetat av h\u00f6g kvalitet CAS 14636-12-5 f\u00f6r behandling av akuta variceal bl\u00f6dningar"},"content":{"rendered":"<h2><strong>Terlipressinacetat av h\u00f6g kvalitet CAS 14636-12-5 f\u00f6r behandling av akuta variceal bl\u00f6dningar<\/strong><\/h2>\n<p>Produktnamn: N-(N-(N-Glycylglycyl)glycyl)-8-L-lysinevasopressin<br \/>\nSynonymer: [N-\u03b1-Triglycyl-8-lysin]-vasopressin;130: PN: WO2010033207 SEKVID: 171 claiMed protein;1-Triglycyl-8-lysin Vasopressin;Na-Glycyl-glycyl-glycyl-[8-lysin]-vasopressin; Na-Glycyl-glycyl-glycyl-lysin-vasopressin; Na-Glycylglycylglycyl-vasopressin; Na-Gly -Gly-Gly-8-Lys-vasopressin;Terlipressin, Terlipressine, Terlipressina, Terlipressinum<br \/>\nCAS: 14636-12-5<br \/>\nMF: C52H74N16O15S2<br \/>\nMW: 1227.37<br \/>\nEINECS: 0388-68<br \/>\nProduktkategorier: hormoner;Peptid;Aminosyraderivat<br \/>\nMol Fil: 14636-12-5.mol<\/p>\n<p>Det kemiska namnet p\u00e5 terlipressin \u00e4r triglycylamidlysin i sulin, som \u00e4r en ny typ av syntetiskt material l\u00e5ngtidsverkande angiogent preparat. Det \u00e4r en prodrug som \u00e4r inaktiv i sig sj\u00e4lv. Efter att ha tagit bort de 3 glycinsubstitutionsresterna vid dess N-terminal &quot;fris\u00e4tter&quot; det l\u00e5ngsamt aktivt lysin plus. D\u00e4rf\u00f6r \u00e4r terlipressin ekvivalent med en reservoar som kan frig\u00f6ra lysinvasopressin med en stabil hastighet.<\/p>\n<p> <strong>Terlipressinacetats kemiska egenskaper CAS 14636-12-5<\/strong><br \/>\nKokpunkt 1824,0\u00b165,0 \u00b0C(Predicted)<br \/>\ndensitet 1,46\u00b10,1 g\/cm3(Predicted)<br \/>\nlagringstemp. F\u00f6rvara p\u00e5 m\u00f6rk plats, inert atmosf\u00e4r, F\u00f6rvara i frysen, under -20\u00b0C<br \/>\npka 9,90\u00b10,15(f\u00f6rutsp\u00e5dd)<br \/>\nCAS DataBase Reference 14636-12-5(CAS DataBase Reference)<\/p>\n<p> <strong>Funktion Och till\u00e4mpning AV Terlipressin Acetate CAS 14636-12-5<\/strong><br \/>\nN-(N-(N-Glycylglycyl)glycyl)-8-L-lysinevasopressin \u00e4r en analog till vasopressin som anv\u00e4nds som ett vasoaktivt l\u00e4kemedel vid behandling av hypotoni. N-(N-(N-Glycylglycyl)glycyl)-8-L-lysinevasopressin anv\u00e4nds noradrenalin-resistent septisk chock och hepatorenalt syndrom. N-(N-(N-Glycylglycyl)glycyl)-8-L-lysinevasopressin anv\u00e4nds ocks\u00e5 vid behandling av akut variceal bl\u00f6dning.<\/p>\n","protected":false},"excerpt":{"rendered":"<p>Produktnamn: N-(N-(N-Glycylglycyl)glycyl)-8-L-lysinevasopressin<br \/>\nCAS: 14636-12-5<br \/>\nMF: C52H74N16O15S2<br \/>\nMW: 1227.37<br \/>\nEINECS: 238- 680-8<br \/>\nProduktkategorier: hormoner;Peptid;Aminosyraderivat<br \/>\nMol Fil: 14636-12-5.mol<\/p>\n","protected":false},"featured_media":2301,"comment_status":"open","ping_status":"closed","template":"","meta":{"om_disable_all_campaigns":false,"_monsterinsights_skip_tracking":false,"_monsterinsights_sitenote_active":false,"_monsterinsights_sitenote_note":"","_monsterinsights_sitenote_category":0,"site-sidebar-layout":"default","site-content-layout":"default","ast-site-content-layout":"default","site-content-style":"default","site-sidebar-style":"default","ast-global-header-display":"","ast-banner-title-visibility":"","ast-main-header-display":"","ast-hfb-above-header-display":"","ast-hfb-below-header-display":"","ast-hfb-mobile-header-display":"","site-post-title":"","ast-breadcrumbs-content":"","ast-featured-img":"","footer-sml-layout":"","ast-disable-related-posts":"","theme-transparent-header-meta":"default","adv-header-id-meta":"","stick-header-meta":"","header-above-stick-meta":"","header-main-stick-meta":"","header-below-stick-meta":"","astra-migrate-meta-layouts":"default","ast-page-background-enabled":"default","ast-page-background-meta":{"desktop":{"background-color":"","background-image":"","background-repeat":"repeat","background-position":"center center","background-size":"auto","background-attachment":"scroll","background-type":"","background-media":"","overlay-type":"","overlay-color":"","overlay-opacity":"","overlay-gradient":""},"tablet":{"background-color":"","background-image":"","background-repeat":"repeat","background-position":"center center","background-size":"auto","background-attachment":"scroll","background-type":"","background-media":"","overlay-type":"","overlay-color":"","overlay-opacity":"","overlay-gradient":""},"mobile":{"background-color":"","background-image":"","background-repeat":"repeat","background-position":"center center","background-size":"auto","background-attachment":"scroll","background-type":"","background-media":"","overlay-type":"","overlay-color":"","overlay-opacity":"","overlay-gradient":""}},"ast-content-background-meta":{"desktop":{"background-color":"var(--ast-global-color-5)","background-image":"","background-repeat":"repeat","background-position":"center center","background-size":"auto","background-attachment":"scroll","background-type":"","background-media":"","overlay-type":"","overlay-color":"","overlay-opacity":"","overlay-gradient":""},"tablet":{"background-color":"var(--ast-global-color-5)","background-image":"","background-repeat":"repeat","background-position":"center center","background-size":"auto","background-attachment":"scroll","background-type":"","background-media":"","overlay-type":"","overlay-color":"","overlay-opacity":"","overlay-gradient":""},"mobile":{"background-color":"var(--ast-global-color-5)","background-image":"","background-repeat":"repeat","background-position":"center center","background-size":"auto","background-attachment":"scroll","background-type":"","background-media":"","overlay-type":"","overlay-color":"","overlay-opacity":"","overlay-gradient":""}}},"product_brand":[],"product_cat":[422],"product_tag":[883],"class_list":{"0":"post-8872","1":"product","2":"type-product","3":"status-publish","4":"has-post-thumbnail","6":"product_cat-blod-och-vaskular-peptid","7":"product_tag-terlipressin-acetate-cas-14636-12-5-for-treat-acute-variceal-bleeding-sv","8":"desktop-align-left","9":"tablet-align-left","10":"mobile-align-left","12":"first","13":"instock","14":"shipping-taxable","15":"product-type-simple"},"_links":{"self":[{"href":"https:\/\/puyapeptide.net\/sv\/wp-json\/wp\/v2\/product\/8872","targetHints":{"allow":["GET"]}}],"collection":[{"href":"https:\/\/puyapeptide.net\/sv\/wp-json\/wp\/v2\/product"}],"about":[{"href":"https:\/\/puyapeptide.net\/sv\/wp-json\/wp\/v2\/types\/product"}],"replies":[{"embeddable":true,"href":"https:\/\/puyapeptide.net\/sv\/wp-json\/wp\/v2\/comments?post=8872"}],"wp:featuredmedia":[{"embeddable":true,"href":"https:\/\/puyapeptide.net\/sv\/wp-json\/wp\/v2\/media\/2301"}],"wp:attachment":[{"href":"https:\/\/puyapeptide.net\/sv\/wp-json\/wp\/v2\/media?parent=8872"}],"wp:term":[{"taxonomy":"product_brand","embeddable":true,"href":"https:\/\/puyapeptide.net\/sv\/wp-json\/wp\/v2\/product_brand?post=8872"},{"taxonomy":"product_cat","embeddable":true,"href":"https:\/\/puyapeptide.net\/sv\/wp-json\/wp\/v2\/product_cat?post=8872"},{"taxonomy":"product_tag","embeddable":true,"href":"https:\/\/puyapeptide.net\/sv\/wp-json\/wp\/v2\/product_tag?post=8872"}],"curies":[{"name":"wp","href":"https:\/\/api.w.org\/{rel}","templated":true}]}}