{"id":8937,"date":"2021-12-17T03:38:44","date_gmt":"2021-12-17T08:38:44","guid":{"rendered":"https:\/\/puyapeptide.net\/product\/hot-sale-plecanatide-cas-467426-54-6-anvands-for-behandling-av-kronisk-idiopatisk-forstoppning-cic\/"},"modified":"2021-12-17T03:38:44","modified_gmt":"2021-12-17T08:38:44","slug":"hot-sale-plecanatide-cas-467426-54-6-anvands-for-behandling-av-kronisk-idiopatisk-forstoppning-cic","status":"publish","type":"product","link":"https:\/\/puyapeptide.net\/sv\/product\/hot-sale-plecanatide-cas-467426-54-6-anvands-for-behandling-av-kronisk-idiopatisk-forstoppning-cic\/","title":{"rendered":"Hot Sale Plecanatide CAS 467426-54-6 Anv\u00e4nds f\u00f6r behandling av kronisk idiopatisk f\u00f6rstoppning (CIC)"},"content":{"rendered":"<h2><strong>Hot Sale Plecanatide CAS 467426-54-6 Anv\u00e4nds f\u00f6r behandling av kronisk idiopatisk f\u00f6rstoppning (CIC)<\/strong><\/h2>\n<p>Produktnamn: Plecanatide<br \/>\nSynonymer: Plecanatide;ASN-ASP-GLU-CYS-GLU-LEU-CYS-VAL-ASN-VAL-ALA-CYS-THR-GLY-CYS-LEU(DISULFIDE BOND CYS1&amp;CYS3, CYS2&amp;CYS4); Plecanatid Orenhet; L-leucin, L-asparaginyl-L-a-aspartyl-L-a-glutamyl-L-cysteinyl-L-a-glutamyl-L-leucyl-L-cysteinyl-L-valyl-L- asparaginyl-L-valyl-L-alanyl-L-cysteinyl-L-treonylglycyl-L-cysteinyl-, cyklisk (4\u219212),(7\u219215)-bis(disulfid); Plecanatid fandachem; Plecanatid-f\u00f6rorening; Plecanatid USP\/ EP\/BP;Prikanatide<br \/>\nCAS: 467426-54-6<br \/>\nMF: C65H104N18O26S4<br \/>\nMW: 1681.89<br \/>\nMol Fil: 467426-54-6.mol<\/p>\n<p>Plecanatide \u00e4r en ny l\u00e4kemedel som p\u00e5verkar enzymet guanylatcyklas, stimulerar tarmv\u00e4tskeuts\u00f6ndringen och p\u00e5skyndar tarmr\u00f6relserna. Den orala peptiden, som best\u00e5r av 16 aminosyror, \u00e4r utformad f\u00f6r att efterlikna guanosin i urinen, en m\u00e4nsklig gastrointestinal peptid. Ursprungligen utvecklad av Callisto Pharmaceuticals i USA och \u00f6verf\u00f6rd till Synergy Pharmaceuticals f\u00f6r utveckling, prokainatid godk\u00e4ndes f\u00f6r marknadsf\u00f6ring av US Food and Drug Administration (FDA) den 19 januari 2017 Chemicalbook f\u00f6r behandling av CIC hos vuxna. Prokainatid \u00e4r en analog till uroguanosin (uroguanylin) och inneh\u00e5ller en 16 Det \u00e4r en analog av uroguanylin, en cyklisk peptid som inneh\u00e5ller 16 aminosyror, och har funktionen av en guanylatcyklasreceptoragonist som fr\u00e4mjar urinuts\u00f6ndring av natrium, reglerar syra-basjoner i mag-tarmkanalen, inducerar v\u00e4tska transport in i mag-tarmkanalen, och \u00f6kar peristaltiken i mag-tarmkanalen.<\/p>\n<p>\u00d6versatt med www.DeepL.com\/Translator (gratisversion)<\/p>\n<p> <strong>Funktion och till\u00e4mpning av Plecanatide<\/strong><br \/>\nProcainide \u00e4r en guanylatecyklas-C (GC-C) receptoragonist som fr\u00e4mjar urinuts\u00f6ndring av natrium, reglerar syra-basjoner i mag-tarmkanalen, inducerar v\u00e4tsketransport in i e mag-tarmkanalen, och \u00f6kar peristaltiken i mag-tarmkanalen, och \u00e4r indicerat f\u00f6r behandling av CIC hos vuxna.<\/p>\n","protected":false},"excerpt":{"rendered":"<p>Produktnamn: Plecanatide <strong><br \/>\nCAS: 467426-54-6<br \/>\nMF: C65H104N18O26S4<br \/>\nMW: 1681.89<br \/>\nMol Fil: 467426-54-6.mol<\/strong><\/p>\n","protected":false},"featured_media":2175,"comment_status":"open","ping_status":"closed","template":"","meta":{"om_disable_all_campaigns":false,"_monsterinsights_skip_tracking":false,"_monsterinsights_sitenote_active":false,"_monsterinsights_sitenote_note":"","_monsterinsights_sitenote_category":0,"site-sidebar-layout":"default","site-content-layout":"default","ast-site-content-layout":"default","site-content-style":"default","site-sidebar-style":"default","ast-global-header-display":"","ast-banner-title-visibility":"","ast-main-header-display":"","ast-hfb-above-header-display":"","ast-hfb-below-header-display":"","ast-hfb-mobile-header-display":"","site-post-title":"","ast-breadcrumbs-content":"","ast-featured-img":"","footer-sml-layout":"","ast-disable-related-posts":"","theme-transparent-header-meta":"default","adv-header-id-meta":"","stick-header-meta":"","header-above-stick-meta":"","header-main-stick-meta":"","header-below-stick-meta":"","astra-migrate-meta-layouts":"default","ast-page-background-enabled":"default","ast-page-background-meta":{"desktop":{"background-color":"","background-image":"","background-repeat":"repeat","background-position":"center center","background-size":"auto","background-attachment":"scroll","background-type":"","background-media":"","overlay-type":"","overlay-color":"","overlay-opacity":"","overlay-gradient":""},"tablet":{"background-color":"","background-image":"","background-repeat":"repeat","background-position":"center center","background-size":"auto","background-attachment":"scroll","background-type":"","background-media":"","overlay-type":"","overlay-color":"","overlay-opacity":"","overlay-gradient":""},"mobile":{"background-color":"","background-image":"","background-repeat":"repeat","background-position":"center center","background-size":"auto","background-attachment":"scroll","background-type":"","background-media":"","overlay-type":"","overlay-color":"","overlay-opacity":"","overlay-gradient":""}},"ast-content-background-meta":{"desktop":{"background-color":"var(--ast-global-color-5)","background-image":"","background-repeat":"repeat","background-position":"center center","background-size":"auto","background-attachment":"scroll","background-type":"","background-media":"","overlay-type":"","overlay-color":"","overlay-opacity":"","overlay-gradient":""},"tablet":{"background-color":"var(--ast-global-color-5)","background-image":"","background-repeat":"repeat","background-position":"center center","background-size":"auto","background-attachment":"scroll","background-type":"","background-media":"","overlay-type":"","overlay-color":"","overlay-opacity":"","overlay-gradient":""},"mobile":{"background-color":"var(--ast-global-color-5)","background-image":"","background-repeat":"repeat","background-position":"center center","background-size":"auto","background-attachment":"scroll","background-type":"","background-media":"","overlay-type":"","overlay-color":"","overlay-opacity":"","overlay-gradient":""}}},"product_brand":[],"product_cat":[448],"product_tag":[815],"class_list":{"0":"post-8937","1":"product","2":"type-product","3":"status-publish","4":"has-post-thumbnail","6":"product_cat-peptid-for-mag-tarmsystemet","7":"product_tag-plecanatide-cas-467426-54-6-use-for-treat-chronic-idiopathic-constipation-sv","8":"desktop-align-left","9":"tablet-align-left","10":"mobile-align-left","12":"first","13":"instock","14":"shipping-taxable","15":"product-type-simple"},"_links":{"self":[{"href":"https:\/\/puyapeptide.net\/sv\/wp-json\/wp\/v2\/product\/8937","targetHints":{"allow":["GET"]}}],"collection":[{"href":"https:\/\/puyapeptide.net\/sv\/wp-json\/wp\/v2\/product"}],"about":[{"href":"https:\/\/puyapeptide.net\/sv\/wp-json\/wp\/v2\/types\/product"}],"replies":[{"embeddable":true,"href":"https:\/\/puyapeptide.net\/sv\/wp-json\/wp\/v2\/comments?post=8937"}],"wp:featuredmedia":[{"embeddable":true,"href":"https:\/\/puyapeptide.net\/sv\/wp-json\/wp\/v2\/media\/2175"}],"wp:attachment":[{"href":"https:\/\/puyapeptide.net\/sv\/wp-json\/wp\/v2\/media?parent=8937"}],"wp:term":[{"taxonomy":"product_brand","embeddable":true,"href":"https:\/\/puyapeptide.net\/sv\/wp-json\/wp\/v2\/product_brand?post=8937"},{"taxonomy":"product_cat","embeddable":true,"href":"https:\/\/puyapeptide.net\/sv\/wp-json\/wp\/v2\/product_cat?post=8937"},{"taxonomy":"product_tag","embeddable":true,"href":"https:\/\/puyapeptide.net\/sv\/wp-json\/wp\/v2\/product_tag?post=8937"}],"curies":[{"name":"wp","href":"https:\/\/api.w.org\/{rel}","templated":true}]}}