{"id":8980,"date":"2021-12-17T03:41:12","date_gmt":"2021-12-17T08:41:12","guid":{"rendered":"https:\/\/puyapeptide.net\/product\/puya-supply-toppklass-semaglutid-cas-910463-68-2-anvandning-for-behandling-av-typ-2-diabetes\/"},"modified":"2021-12-17T03:41:12","modified_gmt":"2021-12-17T08:41:12","slug":"puya-supply-toppklass-semaglutid-cas-910463-68-2-anvandning-for-behandling-av-typ-2-diabetes","status":"publish","type":"product","link":"https:\/\/puyapeptide.net\/sv\/product\/puya-supply-toppklass-semaglutid-cas-910463-68-2-anvandning-for-behandling-av-typ-2-diabetes\/","title":{"rendered":"Puya Supply Toppklass Semaglutid Cas 910463-68-2 Anv\u00e4ndning f\u00f6r behandling av typ 2-diabetes"},"content":{"rendered":"<h2><strong>Puya Supply Toppklass Semaglutid Cas 910463-68-2 Anv\u00e4ndning f\u00f6r behandling av typ 2-diabetes<\/strong><\/h2>\n<p>Produktnamn: Sermaglutid<br \/>\nSynonymer: Sermaglutid;Semaglutide fandachem;Semaglutidf\u00f6rorening;Sermaglutid USP\/EP\/BP;semaglutid;Sermaglutid CAS 910463 68 2<br \/>\nCAS: 910463-690463-628-28-28-28-28-28-28-28-28-28-25-25-25-25-25-25-25-28-25-25-25-25-25-25-24-2<br \/>\nMW: 4113.57754<br \/>\nEINECS: 203-405-2<br \/>\nProduktkategorier: GLP;PP;APIs;API<br \/>\nMol Fil: 910463-68-2.mol<br \/>\nF\u00f6rpackningsstorlek 1g\/flaska , 10g\/flaska,50g\/flaska eller p\u00e5 kundbeg\u00e4ran<\/p>\n<p>Semaglutid \u00e4r en ny generation av GLP-1 (glukagonliknande peptid-1) analoger. Semaglutid \u00e4r en l\u00e5ngverkande doseringsform baserad p\u00e5 den grundl\u00e4ggande strukturen av liraglutid, som \u00e4r mer effektiv vid behandling av typ 2-diabetes mellitus. J\u00e4mf\u00f6rt med lilarlutid har somalutid en l\u00e4ngre alifobisk kedja och en \u00f6kad hydrofobicitet, men somalutid modifieras med en kort kedja av PEG, och dess hydrofilicitet f\u00f6rb\u00e4ttras avsev\u00e4rt. PEG-modifiering kan inte bara binda h\u00e5rt till albumin, utan t\u00e4cka DPP-4-enzymet hydrolysst\u00e4lle, men ocks\u00e5 minska renal uts\u00f6ndring, f\u00f6rl\u00e4nga den biologiska halveringstiden och uppn\u00e5 effekten av l\u00e5ng cirkulation.<\/p>\n<p> <strong>Funktion och till\u00e4mpning<\/strong><br \/>\nSemaglutid (USAN; handelsnamn Ozempic) \u00e4r ett farmaceutiskt l\u00e4kemedel under utveckling av ett danskt f\u00f6retag Novo Nordisk f\u00f6r behandling av typ 2-diabetes. Det marknadsf\u00f6rs under namnet Ozempic. Som en glukagonliknande peptid-1-receptoragonist s\u00e4nker den blodsockerniv\u00e5n genom att \u00f6ka produktionen av insulin. Den uppt\u00e4cktes 2012, av ett team av forskare vid Novo Nordisk, som ett mer l\u00e5ngverkande alternativ till liraglutid. Kliniska pr\u00f6vningar startade 2015 och fas 3 slutf\u00f6rdes 2016. FDA-godk\u00e4nnande till\u00e4mpades i december 2016 och i oktober 2017 r\u00f6stade FDAs r\u00e5dgivande kommitt\u00e9 med 16-0 f\u00f6r. Det kan anv\u00e4ndas som l\u00e4kemedel av b\u00e5de injektionstyp eller oralt l\u00e4kemedel.<br \/>\nForskare vid University of Leeds rapporterade 2017 att det ocks\u00e5 kan anv\u00e4ndas f\u00f6r behandling av fetma. Det minskar hunger, matbeg\u00e4r och kroppsfett.<\/p>\n","protected":false},"excerpt":{"rendered":"<p>Produktnamn: Sermaglutid<br \/>\nCAS: 910463-68-2<br \/>\nMF: C187H291N45O59<br \/>\nMW: 4113.57754<br \/>\nEINECS: 203-405-2<br \/>\nProduktkategorier: GLP;PP;APIs; &amp;&gt;Mol Fil: 910463-68-2.mol<\/p>\n","protected":false},"featured_media":2112,"comment_status":"open","ping_status":"closed","template":"","meta":{"om_disable_all_campaigns":false,"_monsterinsights_skip_tracking":false,"_monsterinsights_sitenote_active":false,"_monsterinsights_sitenote_note":"","_monsterinsights_sitenote_category":0,"site-sidebar-layout":"default","site-content-layout":"default","ast-site-content-layout":"default","site-content-style":"default","site-sidebar-style":"default","ast-global-header-display":"","ast-banner-title-visibility":"","ast-main-header-display":"","ast-hfb-above-header-display":"","ast-hfb-below-header-display":"","ast-hfb-mobile-header-display":"","site-post-title":"","ast-breadcrumbs-content":"","ast-featured-img":"","footer-sml-layout":"","ast-disable-related-posts":"","theme-transparent-header-meta":"default","adv-header-id-meta":"","stick-header-meta":"","header-above-stick-meta":"","header-main-stick-meta":"","header-below-stick-meta":"","astra-migrate-meta-layouts":"default","ast-page-background-enabled":"default","ast-page-background-meta":{"desktop":{"background-color":"","background-image":"","background-repeat":"repeat","background-position":"center center","background-size":"auto","background-attachment":"scroll","background-type":"","background-media":"","overlay-type":"","overlay-color":"","overlay-opacity":"","overlay-gradient":""},"tablet":{"background-color":"","background-image":"","background-repeat":"repeat","background-position":"center center","background-size":"auto","background-attachment":"scroll","background-type":"","background-media":"","overlay-type":"","overlay-color":"","overlay-opacity":"","overlay-gradient":""},"mobile":{"background-color":"","background-image":"","background-repeat":"repeat","background-position":"center center","background-size":"auto","background-attachment":"scroll","background-type":"","background-media":"","overlay-type":"","overlay-color":"","overlay-opacity":"","overlay-gradient":""}},"ast-content-background-meta":{"desktop":{"background-color":"var(--ast-global-color-5)","background-image":"","background-repeat":"repeat","background-position":"center center","background-size":"auto","background-attachment":"scroll","background-type":"","background-media":"","overlay-type":"","overlay-color":"","overlay-opacity":"","overlay-gradient":""},"tablet":{"background-color":"var(--ast-global-color-5)","background-image":"","background-repeat":"repeat","background-position":"center center","background-size":"auto","background-attachment":"scroll","background-type":"","background-media":"","overlay-type":"","overlay-color":"","overlay-opacity":"","overlay-gradient":""},"mobile":{"background-color":"var(--ast-global-color-5)","background-image":"","background-repeat":"repeat","background-position":"center center","background-size":"auto","background-attachment":"scroll","background-type":"","background-media":"","overlay-type":"","overlay-color":"","overlay-opacity":"","overlay-gradient":""}}},"product_brand":[],"product_cat":[351],"product_tag":[792,770],"class_list":{"0":"post-8980","1":"product","2":"type-product","3":"status-publish","4":"has-post-thumbnail","6":"product_cat-diabetespeptid","7":"product_tag-cas-910463-68-2-sv","8":"product_tag-semaglutide-sv","9":"desktop-align-left","10":"tablet-align-left","11":"mobile-align-left","13":"first","14":"instock","15":"shipping-taxable","16":"product-type-simple"},"_links":{"self":[{"href":"https:\/\/puyapeptide.net\/sv\/wp-json\/wp\/v2\/product\/8980","targetHints":{"allow":["GET"]}}],"collection":[{"href":"https:\/\/puyapeptide.net\/sv\/wp-json\/wp\/v2\/product"}],"about":[{"href":"https:\/\/puyapeptide.net\/sv\/wp-json\/wp\/v2\/types\/product"}],"replies":[{"embeddable":true,"href":"https:\/\/puyapeptide.net\/sv\/wp-json\/wp\/v2\/comments?post=8980"}],"wp:featuredmedia":[{"embeddable":true,"href":"https:\/\/puyapeptide.net\/sv\/wp-json\/wp\/v2\/media\/2112"}],"wp:attachment":[{"href":"https:\/\/puyapeptide.net\/sv\/wp-json\/wp\/v2\/media?parent=8980"}],"wp:term":[{"taxonomy":"product_brand","embeddable":true,"href":"https:\/\/puyapeptide.net\/sv\/wp-json\/wp\/v2\/product_brand?post=8980"},{"taxonomy":"product_cat","embeddable":true,"href":"https:\/\/puyapeptide.net\/sv\/wp-json\/wp\/v2\/product_cat?post=8980"},{"taxonomy":"product_tag","embeddable":true,"href":"https:\/\/puyapeptide.net\/sv\/wp-json\/wp\/v2\/product_tag?post=8980"}],"curies":[{"name":"wp","href":"https:\/\/api.w.org\/{rel}","templated":true}]}}