{"id":5046,"date":"2021-12-16T03:25:44","date_gmt":"2021-12-16T08:25:44","guid":{"rendered":"https:\/\/puyapeptide.net\/ozel-peptit\/"},"modified":"2021-12-16T03:25:51","modified_gmt":"2021-12-16T08:25:51","slug":"ozel-peptit","status":"publish","type":"page","link":"https:\/\/puyapeptide.net\/tr\/ozel-peptit\/","title":{"rendered":"\u00d6zel Peptit"},"content":{"rendered":"\t\t<div data-elementor-type=\"wp-page\" data-elementor-id=\"5046\" class=\"elementor elementor-5046\">\n\t\t\t\t\t\t<section class=\"elementor-section elementor-top-section elementor-element elementor-element-750ce8d elementor-section-boxed elementor-section-height-default elementor-section-height-default\" data-id=\"750ce8d\" data-element_type=\"section\" data-e-type=\"section\" data-settings=\"{&quot;background_background&quot;:&quot;classic&quot;}\">\n\t\t\t\t\t\t<div class=\"elementor-container elementor-column-gap-no\">\n\t\t\t\t\t<div class=\"elementor-column elementor-col-100 elementor-top-column elementor-element elementor-element-5392e4d\" data-id=\"5392e4d\" data-element_type=\"column\" data-e-type=\"column\">\n\t\t\t<div class=\"elementor-widget-wrap elementor-element-populated\">\n\t\t\t\t\t\t<div class=\"elementor-element elementor-element-950ab56 elementor-widget elementor-widget-heading\" data-id=\"950ab56\" data-element_type=\"widget\" data-e-type=\"widget\" data-widget_type=\"heading.default\">\n\t\t\t\t<div class=\"elementor-widget-container\">\n\t\t\t\t\t<h1 class=\"elementor-heading-title elementor-size-default\">\u00d6zel peptit<\/h1>\t\t\t\t<\/div>\n\t\t\t\t<\/div>\n\t\t\t\t<div class=\"elementor-element elementor-element-8063b88 elementor-widget elementor-widget-text-editor\" data-id=\"8063b88\" data-element_type=\"widget\" data-e-type=\"widget\" data-widget_type=\"text-editor.default\">\n\t\t\t\t<div class=\"elementor-widget-container\">\n\t\t\t\t\t\t\t\t\t<p>Biyoteknoloji \u015firketlerine, ara\u015ft\u0131rma enstit\u00fclerine ve \u00fcniversitelere yurti\u00e7inde ve yurtd\u0131\u015f\u0131nda y\u00fcksek kaliteli ve kapsaml\u0131 peptit \u00f6zelle\u015ftirme hizmetleri ve teknik destek sa\u011flamay\u0131 taahh\u00fct ediyoruz. \u015eimdiye kadar m\u00fc\u015fterilerimize yakla\u015f\u0131k 20.000 peptit teslim ettik. S\u0131k\u0131 kalite sistemi alt\u0131nda firmam\u0131z, \u00fcr\u00fcnlerin kalitesi i\u00e7in g\u00fc\u00e7l\u00fc garanti sa\u011flayan Waters, Agilent gibi geli\u015fmi\u015f ekipmanlar\u0131 bir arada benimser.<\/p>\n\t\t\t\t\t\t\t\t<\/div>\n\t\t\t\t<\/div>\n\t\t\t\t\t<\/div>\n\t\t<\/div>\n\t\t\t\t\t<\/div>\n\t\t<\/section>\n\t\t\t\t<section class=\"elementor-section elementor-top-section elementor-element elementor-element-f7e7052 elementor-section-boxed elementor-section-height-default elementor-section-height-default\" data-id=\"f7e7052\" data-element_type=\"section\" data-e-type=\"section\">\n\t\t\t\t\t\t<div class=\"elementor-container elementor-column-gap-default\">\n\t\t\t\t\t<div class=\"elementor-column elementor-col-33 elementor-top-column elementor-element elementor-element-afe398d\" data-id=\"afe398d\" data-element_type=\"column\" data-e-type=\"column\">\n\t\t\t<div class=\"elementor-widget-wrap elementor-element-populated\">\n\t\t\t\t\t\t<div class=\"elementor-element elementor-element-d447bbe elementor-widget elementor-widget-image\" data-id=\"d447bbe\" data-element_type=\"widget\" data-e-type=\"widget\" data-widget_type=\"image.default\">\n\t\t\t\t<div class=\"elementor-widget-container\">\n\t\t\t\t\t\t\t\t\t\t\t\t\t\t\t<img fetchpriority=\"high\" decoding=\"async\" width=\"344\" height=\"258\" src=\"https:\/\/puyapeptide.net\/wp-content\/uploads\/2020\/08\/pathologycam-testing.jpg\" class=\"attachment-large size-large wp-image-1316\" alt=\"\" \/>\t\t\t\t\t\t\t\t\t\t\t\t\t\t\t<\/div>\n\t\t\t\t<\/div>\n\t\t\t\t\t<\/div>\n\t\t<\/div>\n\t\t\t\t<div class=\"elementor-column elementor-col-33 elementor-top-column elementor-element elementor-element-1f724c8\" data-id=\"1f724c8\" data-element_type=\"column\" data-e-type=\"column\">\n\t\t\t<div class=\"elementor-widget-wrap elementor-element-populated\">\n\t\t\t\t\t\t<div class=\"elementor-element elementor-element-179709f elementor-widget elementor-widget-image\" data-id=\"179709f\" data-element_type=\"widget\" data-e-type=\"widget\" data-widget_type=\"image.default\">\n\t\t\t\t<div class=\"elementor-widget-container\">\n\t\t\t\t\t\t\t\t\t\t\t\t\t\t\t<img decoding=\"async\" width=\"344\" height=\"258\" src=\"https:\/\/puyapeptide.net\/wp-content\/uploads\/2020\/08\/mineral-assay.jpg\" class=\"attachment-large size-large wp-image-1274\" alt=\"\" \/>\t\t\t\t\t\t\t\t\t\t\t\t\t\t\t<\/div>\n\t\t\t\t<\/div>\n\t\t\t\t\t<\/div>\n\t\t<\/div>\n\t\t\t\t<div class=\"elementor-column elementor-col-33 elementor-top-column elementor-element elementor-element-38c63b1\" data-id=\"38c63b1\" data-element_type=\"column\" data-e-type=\"column\">\n\t\t\t<div class=\"elementor-widget-wrap elementor-element-populated\">\n\t\t\t\t\t\t<div class=\"elementor-element elementor-element-47f701a elementor-widget elementor-widget-image\" data-id=\"47f701a\" data-element_type=\"widget\" data-e-type=\"widget\" data-widget_type=\"image.default\">\n\t\t\t\t<div class=\"elementor-widget-container\">\n\t\t\t\t\t\t\t\t\t\t\t\t\t\t\t<img decoding=\"async\" width=\"344\" height=\"258\" src=\"https:\/\/puyapeptide.net\/wp-content\/uploads\/2020\/08\/parmaceutical-reserach.jpg\" class=\"attachment-large size-large wp-image-1295\" alt=\"\" \/>\t\t\t\t\t\t\t\t\t\t\t\t\t\t\t<\/div>\n\t\t\t\t<\/div>\n\t\t\t\t\t<\/div>\n\t\t<\/div>\n\t\t\t\t\t<\/div>\n\t\t<\/section>\n\t\t\t\t<section class=\"elementor-section elementor-top-section elementor-element elementor-element-c933d5a elementor-section-boxed elementor-section-height-default elementor-section-height-default\" data-id=\"c933d5a\" data-element_type=\"section\" data-e-type=\"section\">\n\t\t\t\t\t\t<div class=\"elementor-container elementor-column-gap-default\">\n\t\t\t\t\t<div class=\"elementor-column elementor-col-33 elementor-top-column elementor-element elementor-element-9ada36e\" data-id=\"9ada36e\" data-element_type=\"column\" data-e-type=\"column\">\n\t\t\t<div class=\"elementor-widget-wrap elementor-element-populated\">\n\t\t\t\t\t\t<div class=\"elementor-element elementor-element-9431dcd elementor-widget elementor-widget-heading\" data-id=\"9431dcd\" data-element_type=\"widget\" data-e-type=\"widget\" data-widget_type=\"heading.default\">\n\t\t\t\t<div class=\"elementor-widget-container\">\n\t\t\t\t\t<h3 class=\"elementor-heading-title elementor-size-default\">Pathologycam Testi<\/h3>\t\t\t\t<\/div>\n\t\t\t\t<\/div>\n\t\t\t\t\t<\/div>\n\t\t<\/div>\n\t\t\t\t<div class=\"elementor-column elementor-col-33 elementor-top-column elementor-element elementor-element-42668e2\" data-id=\"42668e2\" data-element_type=\"column\" data-e-type=\"column\">\n\t\t\t<div class=\"elementor-widget-wrap elementor-element-populated\">\n\t\t\t\t\t\t<div class=\"elementor-element elementor-element-caa987b elementor-widget elementor-widget-heading\" data-id=\"caa987b\" data-element_type=\"widget\" data-e-type=\"widget\" data-widget_type=\"heading.default\">\n\t\t\t\t<div class=\"elementor-widget-container\">\n\t\t\t\t\t<h3 class=\"elementor-heading-title elementor-size-default\">Mineral Analizi<\/h3>\t\t\t\t<\/div>\n\t\t\t\t<\/div>\n\t\t\t\t\t<\/div>\n\t\t<\/div>\n\t\t\t\t<div class=\"elementor-column elementor-col-33 elementor-top-column elementor-element elementor-element-24f94bf\" data-id=\"24f94bf\" data-element_type=\"column\" data-e-type=\"column\">\n\t\t\t<div class=\"elementor-widget-wrap elementor-element-populated\">\n\t\t\t\t\t\t<div class=\"elementor-element elementor-element-7229e80 elementor-widget elementor-widget-heading\" data-id=\"7229e80\" data-element_type=\"widget\" data-e-type=\"widget\" data-widget_type=\"heading.default\">\n\t\t\t\t<div class=\"elementor-widget-container\">\n\t\t\t\t\t<h3 class=\"elementor-heading-title elementor-size-default\">Farmas\u00f6tik Ara\u015ft\u0131rma<\/h3>\t\t\t\t<\/div>\n\t\t\t\t<\/div>\n\t\t\t\t\t<\/div>\n\t\t<\/div>\n\t\t\t\t\t<\/div>\n\t\t<\/section>\n\t\t\t\t<section class=\"elementor-section elementor-top-section elementor-element elementor-element-9267557 elementor-section-boxed elementor-section-height-default elementor-section-height-default\" data-id=\"9267557\" data-element_type=\"section\" data-e-type=\"section\">\n\t\t\t\t\t\t<div class=\"elementor-container elementor-column-gap-default\">\n\t\t\t\t\t<div class=\"elementor-column elementor-col-100 elementor-top-column elementor-element elementor-element-282c6ae\" data-id=\"282c6ae\" data-element_type=\"column\" data-e-type=\"column\">\n\t\t\t<div class=\"elementor-widget-wrap elementor-element-populated\">\n\t\t\t\t\t\t<div class=\"elementor-element elementor-element-a30e273 elementor-widget elementor-widget-heading\" data-id=\"a30e273\" data-element_type=\"widget\" data-e-type=\"widget\" data-widget_type=\"heading.default\">\n\t\t\t\t<div class=\"elementor-widget-container\">\n\t\t\t\t\t<h2 class=\"elementor-heading-title elementor-size-default\">Servisimiz<\/h2>\t\t\t\t<\/div>\n\t\t\t\t<\/div>\n\t\t\t\t\t<\/div>\n\t\t<\/div>\n\t\t\t\t\t<\/div>\n\t\t<\/section>\n\t\t\t\t<section class=\"elementor-section elementor-top-section elementor-element elementor-element-34e06f5 elementor-section-boxed elementor-section-height-default elementor-section-height-default\" data-id=\"34e06f5\" data-element_type=\"section\" data-e-type=\"section\">\n\t\t\t\t\t\t<div class=\"elementor-container elementor-column-gap-default\">\n\t\t\t\t\t<div class=\"elementor-column elementor-col-100 elementor-top-column elementor-element elementor-element-edf93ef\" data-id=\"edf93ef\" data-element_type=\"column\" data-e-type=\"column\">\n\t\t\t<div class=\"elementor-widget-wrap elementor-element-populated\">\n\t\t\t\t\t\t<div class=\"elementor-element elementor-element-1a6bc98 elementor-widget elementor-widget-text-editor\" data-id=\"1a6bc98\" data-element_type=\"widget\" data-e-type=\"widget\" data-widget_type=\"text-editor.default\">\n\t\t\t\t<div class=\"elementor-widget-container\">\n\t\t\t\t\t\t\t\t\t<p>Peptit uzunlu\u011fu: 100 amino asitten daha b\u00fcy\u00fck peptitlerin sentezi, siklik dipeptitlerin sentezi<\/p>\n<p> Siklizasyon modifikasyonu: 4&#39;ten fazla \u00e7ifti olan dis\u00fclfid ba\u011fl\u0131 siklik peptitler, ilk amide ba\u011fl\u0131 siklik peptitler, yan zincir amide ba\u011fl\u0131 siklik peptitler, amide ba\u011fl\u0131 ve dis\u00fclfide ba\u011fl\u0131 siklik peptitler<\/p>\n<p> Floresan modifikasyonu: Cy3, Cy5, vb. floresan etiketleme, Dabcyl\/Edans s\u00f6nd\u00fcrme kombinasyonu, AMC, PNA, Dnasyl, MCA<\/p>\n<p> \u00d6zel materyal modifikasyonu: glikosilasyon ile modifiye edilmi\u015f peptit, fosforilasyon ve s\u00fclfonasyon ile modifiye edilmi\u015f peptit, azid (alkil) ile modifiye edilmi\u015f peptit Arg(me), Arg(Me)2(asi-metrial), Arg(Me)2(simetrik) ile de\u011fi\u015ftirilmi\u015f peptit, Lys(Me ), Lys(Me)2, Lys(me)3 modifiye peptit<br \/> Antikor e\u015fle\u015fmesi: Cys e\u015fle\u015fmesi veya karboksil-terminal e\u015fle\u015fmesi KLH,BSA,OVA ile<\/p>\n<p> Dallanm\u0131\u015f peptit: Lys, Orn iki dall\u0131, d\u00f6rt dall\u0131, sekiz dall\u0131 peptit; Asp, Glu iki dall\u0131, d\u00f6rt dall\u0131, sekiz dall\u0131 peptid<br \/> RGD siklik polipeptit: RGD siklik polipeptit ve modifiye polipeptit<\/p>\n<p> T\u00fcm\u00f6r neoantijen peptit: h\u00fccreye n\u00fcfuz eden peptit, antibakteriyel peptit, ila\u00e7 y\u00fckl\u00fc peptit tasar\u0131m\u0131 ve geli\u015ftirme, t\u00fcm\u00f6r neoantijen peptit \u00fcretimi (GMP i\u015flem spesifikasyonu)<\/p>\n<p> Anti-neo-crown peptit: pop\u00fcler hedefler i\u00e7in neo-crown vir\u00fcs\u00fc ile ilgili peptitlerin tasar\u0131m\u0131 ve sentezi, \u00e7ok y\u00f6nl\u00fc destek<\/p>\n<p> Peptit kitapl\u0131\u011f\u0131 : \u00c7ak\u0131\u015fan peptit kitapl\u0131\u011f\u0131, amino asit tarama peptit kitapl\u0131\u011f\u0131, lokalizasyon tarama peptit kitapl\u0131\u011f\u0131, rastgele peptit kitapl\u0131\u011f\u0131 (rastgele peptit kitapl\u0131\u011f\u0131)<\/p>\n<p> Di\u011fer peptitler. Peptit benzeri peptit, z\u0131mbalanm\u0131\u015f peptit, sialik asit peptit, kolesterol peptit, Hynic peptit, vb.<\/p>\n\t\t\t\t\t\t\t\t<\/div>\n\t\t\t\t<\/div>\n\t\t\t\t\t<\/div>\n\t\t<\/div>\n\t\t\t\t\t<\/div>\n\t\t<\/section>\n\t\t\t\t<\/div>\n\t\t","protected":false},"excerpt":{"rendered":"<p>\u00d6zel peptit Biyoteknoloji \u015firketlerine, ara\u015ft\u0131rma enstit\u00fclerine ve \u00fcniversitelere yurti\u00e7inde ve yurtd\u0131\u015f\u0131nda y\u00fcksek kaliteli ve kapsaml\u0131 peptit \u00f6zelle\u015ftirme hizmetleri ve teknik destek sa\u011flamay\u0131 taahh\u00fct ediyoruz. \u015eimdiye kadar m\u00fc\u015fterilerimize yakla\u015f\u0131k 20.000 peptit teslim ettik. S\u0131k\u0131 kalite sistemi alt\u0131nda firmam\u0131z, \u00fcr\u00fcnlerin kalitesi i\u00e7in g\u00fc\u00e7l\u00fc garanti sa\u011flayan Waters, Agilent gibi geli\u015fmi\u015f ekipmanlar\u0131 bir arada benimser. Pathologycam Testi Mineral Analizi [&hellip;]<\/p>\n","protected":false},"author":1,"featured_media":0,"parent":0,"menu_order":0,"comment_status":"closed","ping_status":"closed","template":"","meta":{"om_disable_all_campaigns":false,"_monsterinsights_skip_tracking":false,"_monsterinsights_sitenote_active":false,"_monsterinsights_sitenote_note":"","_monsterinsights_sitenote_category":0,"site-sidebar-layout":"no-sidebar","site-content-layout":"page-builder","ast-site-content-layout":"default","site-content-style":"default","site-sidebar-style":"default","ast-global-header-display":"","ast-banner-title-visibility":"","ast-main-header-display":"","ast-hfb-above-header-display":"","ast-hfb-below-header-display":"","ast-hfb-mobile-header-display":"","site-post-title":"disabled","ast-breadcrumbs-content":"","ast-featured-img":"disabled","footer-sml-layout":"","ast-disable-related-posts":"","theme-transparent-header-meta":"enabled","adv-header-id-meta":"","stick-header-meta":"","header-above-stick-meta":"","header-main-stick-meta":"","header-below-stick-meta":"","astra-migrate-meta-layouts":"default","ast-page-background-enabled":"default","ast-page-background-meta":{"desktop":{"background-color":"","background-image":"","background-repeat":"repeat","background-position":"center center","background-size":"auto","background-attachment":"scroll","background-type":"","background-media":"","overlay-type":"","overlay-color":"","overlay-opacity":"","overlay-gradient":""},"tablet":{"background-color":"","background-image":"","background-repeat":"repeat","background-position":"center center","background-size":"auto","background-attachment":"scroll","background-type":"","background-media":"","overlay-type":"","overlay-color":"","overlay-opacity":"","overlay-gradient":""},"mobile":{"background-color":"","background-image":"","background-repeat":"repeat","background-position":"center center","background-size":"auto","background-attachment":"scroll","background-type":"","background-media":"","overlay-type":"","overlay-color":"","overlay-opacity":"","overlay-gradient":""}},"ast-content-background-meta":{"desktop":{"background-color":"var(--ast-global-color-5)","background-image":"","background-repeat":"repeat","background-position":"center center","background-size":"auto","background-attachment":"scroll","background-type":"","background-media":"","overlay-type":"","overlay-color":"","overlay-opacity":"","overlay-gradient":""},"tablet":{"background-color":"var(--ast-global-color-5)","background-image":"","background-repeat":"repeat","background-position":"center center","background-size":"auto","background-attachment":"scroll","background-type":"","background-media":"","overlay-type":"","overlay-color":"","overlay-opacity":"","overlay-gradient":""},"mobile":{"background-color":"var(--ast-global-color-5)","background-image":"","background-repeat":"repeat","background-position":"center center","background-size":"auto","background-attachment":"scroll","background-type":"","background-media":"","overlay-type":"","overlay-color":"","overlay-opacity":"","overlay-gradient":""}},"footnotes":""},"class_list":["post-5046","page","type-page","status-publish","hentry"],"_links":{"self":[{"href":"https:\/\/puyapeptide.net\/tr\/wp-json\/wp\/v2\/pages\/5046","targetHints":{"allow":["GET"]}}],"collection":[{"href":"https:\/\/puyapeptide.net\/tr\/wp-json\/wp\/v2\/pages"}],"about":[{"href":"https:\/\/puyapeptide.net\/tr\/wp-json\/wp\/v2\/types\/page"}],"author":[{"embeddable":true,"href":"https:\/\/puyapeptide.net\/tr\/wp-json\/wp\/v2\/users\/1"}],"replies":[{"embeddable":true,"href":"https:\/\/puyapeptide.net\/tr\/wp-json\/wp\/v2\/comments?post=5046"}],"version-history":[{"count":1,"href":"https:\/\/puyapeptide.net\/tr\/wp-json\/wp\/v2\/pages\/5046\/revisions"}],"predecessor-version":[{"id":5047,"href":"https:\/\/puyapeptide.net\/tr\/wp-json\/wp\/v2\/pages\/5046\/revisions\/5047"}],"wp:attachment":[{"href":"https:\/\/puyapeptide.net\/tr\/wp-json\/wp\/v2\/media?parent=5046"}],"curies":[{"name":"wp","href":"https:\/\/api.w.org\/{rel}","templated":true}]}}