{"id":5926,"date":"2021-12-16T03:43:18","date_gmt":"2021-12-16T08:43:18","guid":{"rendered":"https:\/\/puyapeptide.net\/kullanim-sartlari\/"},"modified":"2022-07-09T11:30:49","modified_gmt":"2022-07-09T15:30:49","slug":"kullanim-sartlari","status":"publish","type":"page","link":"https:\/\/puyapeptide.net\/tr\/kullanim-sartlari\/","title":{"rendered":"Kullan\u0131m \u015eartlar\u0131"},"content":{"rendered":"\t\t<div data-elementor-type=\"wp-page\" data-elementor-id=\"5926\" class=\"elementor elementor-5926\">\n\t\t\t\t\t\t<section class=\"elementor-section elementor-top-section elementor-element elementor-element-11542c42 elementor-section-boxed elementor-section-height-default elementor-section-height-default\" data-id=\"11542c42\" data-element_type=\"section\" data-e-type=\"section\">\n\t\t\t\t\t\t<div class=\"elementor-container elementor-column-gap-default\">\n\t\t\t\t\t<div class=\"elementor-column elementor-col-100 elementor-top-column elementor-element elementor-element-2c981488\" data-id=\"2c981488\" data-element_type=\"column\" data-e-type=\"column\">\n\t\t\t<div class=\"elementor-widget-wrap elementor-element-populated\">\n\t\t\t\t\t\t<div class=\"elementor-element elementor-element-1d3c05d5 elementor-widget elementor-widget-text-editor\" data-id=\"1d3c05d5\" data-element_type=\"widget\" data-e-type=\"widget\" data-widget_type=\"text-editor.default\">\n\t\t\t\t<div class=\"elementor-widget-container\">\n\t\t\t\t\t\t\t\t\t<\/p>\n<h3>genel bak\u0131\u015f<\/h3>\n<\/p>\n<p> Bu web sitesi puyapeptid.com taraf\u0131ndan online sat\u0131\u015f hizmeti sunmak amac\u0131yla i\u015fletilmektedir.<\/p>\n<p> Site genelinde &quot;biz&quot;, &quot;bize&quot; ve &quot;bizim&quot; terimleri <span style=\"color: var(--ast-global-color-3); font-size: 1rem;\">puyapeptid.com&#39;u<\/span> ifade eder.<\/p>\n<p> Burada belirtilen t\u00fcm \u015fartlar\u0131, ko\u015fullar\u0131, politikalar\u0131 ve bildirimleri kabul etmeniz ko\u015fuluyla, bu siteden sa\u011flanan t\u00fcm bilgiler, ara\u00e7lar ve hizmetler dahil olmak \u00fczere bu puyapeptid.com \u00e7evrimi\u00e7i ma\u011fazas\u0131n\u0131 size, kullan\u0131c\u0131ya sunuyoruz.<\/p>\n<p> Sitemizi ziyaret ederek veya bizden bir \u015fey sat\u0131n alarak, &quot;Hizmetimize&quot; dahil olursunuz ve bu ek h\u00fck\u00fcm ve ko\u015fullar ve politikalar dahil olmak \u00fczere a\u015fa\u011f\u0131daki h\u00fck\u00fcm ve ko\u015fullara (&quot;Hizmet \u015eartlar\u0131&quot;) ba\u011fl\u0131 kalmay\u0131 kabul edersiniz.<\/p>\n<p> Web sitemizde g\u00fcncellemeler ve\/veya de\u011fi\u015fiklikler yay\u0131nlayarak bu Hizmet Ko\u015fullar\u0131n\u0131n herhangi bir b\u00f6l\u00fcm\u00fcn\u00fc g\u00fcncelleme, de\u011fi\u015ftirme veya de\u011fi\u015ftirme hakk\u0131n\u0131 sakl\u0131 tutar\u0131z.<br \/> <strong>B\u00d6L\u00dcM 1 \u2013 puyapeptid.com \u015eARTLARI<\/strong><\/p>\n<p> Bu Hizmet Ko\u015fullar\u0131n\u0131 kabul ederek, \u00fcr\u00fcnlerimizi herhangi bir yasa d\u0131\u015f\u0131 veya yetkisiz ama\u00e7 i\u00e7in kullanamazs\u0131n\u0131z ya da Hizmetin kullan\u0131m\u0131nda (telif hakk\u0131 yasalar\u0131 dahil ancak bunlarla s\u0131n\u0131rl\u0131 olmamak \u00fczere) yarg\u0131 b\u00f6lgenizdeki herhangi bir yasay\u0131 ihlal edemezsiniz.<\/p>\n<p> <strong>B\u00d6L\u00dcM 2 \u2013 GENEL KO\u015eULLAR<\/strong><\/p>\n<p> \u0130\u00e7eri\u011finizin (kredi kart\u0131 bilgileri dahil de\u011fil) \u015fifrelenmemi\u015f olarak aktar\u0131labilece\u011fini ve (a) \u00e7e\u015fitli a\u011flar \u00fczerinden aktar\u0131mlar; ve (b) ba\u011flanan a\u011flar\u0131n veya cihazlar\u0131n teknik gereksinimlerine uyum sa\u011flamak ve bunlara uyum sa\u011flamak i\u00e7in yap\u0131lan de\u011fi\u015fiklikler. Bloglar\u0131m\u0131za yapt\u0131\u011f\u0131n\u0131z yorumlar gibi.<\/p>\n<p> (A\u011flar \u00fczerinden aktar\u0131m s\u0131ras\u0131nda kredi kart\u0131 bilgileri her zaman \u015fifrelenir.)<\/p>\n<p> <strong>B\u00d6L\u00dcM 3 \u2013 H\u0130ZMET VE F\u0130YATLARDA YAPILAN DE\u011e\u0130\u015e\u0130KL\u0130KLER<\/strong><\/p>\n<p> \u00dcr\u00fcnlerimizin fiyatlar\u0131 haber verilmeksizin de\u011fi\u015ftirilebilir.<\/p>\n<p> Hizmeti (veya herhangi bir b\u00f6l\u00fcm\u00fcn\u00fc veya i\u00e7eri\u011fini) herhangi bir zamanda \u00f6nceden haber vermeksizin de\u011fi\u015ftirme hakk\u0131m\u0131z\u0131 sakl\u0131 tutar\u0131z.<\/p>\n<p> <strong>B\u00d6L\u00dcM 4 \u2013 \u00dcR\u00dcNLER VEYA H\u0130ZMETLER (varsa)<\/strong><\/p>\n<p> \u00dcr\u00fcnlerimizin ma\u011fazada g\u00f6r\u00fcnen renklerini ve resimlerini m\u00fcmk\u00fcn oldu\u011funca do\u011fru bir \u015fekilde sergilemek i\u00e7in her t\u00fcrl\u00fc \u00e7abay\u0131 g\u00f6sterdik. Bilgisayar monit\u00f6r\u00fcn\u00fcz\u00fcn herhangi bir renkteki g\u00f6r\u00fcnt\u00fcs\u00fcn\u00fcn do\u011fru olaca\u011f\u0131n\u0131 garanti edemeyiz.<\/p>\n<p> \u00dcr\u00fcnlerimizin veya Hizmetlerimizin sat\u0131\u015f\u0131n\u0131 herhangi bir ki\u015fi, co\u011frafi b\u00f6lge veya yarg\u0131 alan\u0131yla s\u0131n\u0131rlama hakk\u0131m\u0131z\u0131 sakl\u0131 tutar\u0131z, ancak buna mecbur de\u011filiz. Bu hakk\u0131 duruma g\u00f6re kullanabiliriz. Sundu\u011fumuz herhangi bir \u00fcr\u00fcn veya hizmetin miktar\u0131n\u0131 s\u0131n\u0131rlama hakk\u0131m\u0131z sakl\u0131d\u0131r.<\/p>\n<p> Sizin taraf\u0131n\u0131zdan sat\u0131n al\u0131nan veya elde edilen herhangi bir \u00fcr\u00fcn, hizmet, bilgi veya di\u011fer materyalin kalitesinin %100 beklentilerinizi kar\u015f\u0131layaca\u011f\u0131n\u0131 veya Hizmetteki hatalar\u0131n d\u00fczeltilece\u011fini garanti etmiyoruz.<\/p>\n<p> <strong>B\u00d6L\u00dcM 5 \u2013 FATURA VE HESAP B\u0130LG\u0130LER\u0130N\u0130N DO\u011eRULU\u011eU<\/strong><\/p>\n<p> Bize verdi\u011finiz herhangi bir sipari\u015fi reddetme hakk\u0131m\u0131z\u0131 sakl\u0131 tutar\u0131z. Tamamen kendi takdirimize ba\u011fl\u0131 olarak, ki\u015fi ba\u015f\u0131na, hane ba\u015f\u0131na veya sipari\u015f ba\u015f\u0131na sat\u0131n al\u0131nan miktarlar\u0131 s\u0131n\u0131rlayabilir veya iptal edebiliriz. Bu k\u0131s\u0131tlamalar, ayn\u0131 m\u00fc\u015fteri hesab\u0131, ayn\u0131 kredi kart\u0131 ve\/veya ayn\u0131 fatura ve\/veya teslimat adresini kullanan sipari\u015fler taraf\u0131ndan veya alt\u0131nda verilen sipari\u015fleri i\u00e7erebilir. Bir sipari\u015fte de\u011fi\u015fiklik yapmam\u0131z veya bir sipari\u015fi iptal etmemiz durumunda, sizi bilgilendirmeye \u00e7al\u0131\u015fabiliriz. sipari\u015f s\u0131ras\u0131nda verilen e-posta ve\/veya fatura adresi telefon numaras\u0131 ile ileti\u015fime ge\u00e7erek.<\/p>\n<p> Ma\u011fazam\u0131zda yap\u0131lan t\u00fcm sat\u0131n alma i\u015flemleri i\u00e7in g\u00fcncel, eksiksiz ve do\u011fru sat\u0131n alma ve hesap bilgilerini sa\u011flamay\u0131 kabul etmektesiniz. \u0130\u015flemlerinizi tamamlayabilmemiz ve gerekti\u011finde sizinle ileti\u015fim kurabilmemiz i\u00e7in hesab\u0131n\u0131z\u0131 ve e-posta adresiniz, kredi kart\u0131 numaralar\u0131n\u0131z ve son kullanma tarihleri dahil olmak \u00fczere di\u011fer bilgileri derhal g\u00fcncellemeyi kabul etmektesiniz.<\/p>\n<p> <strong>B\u00d6L\u00dcM 6 \u2013 \u00dc\u00c7\u00dcNC\u00dc \u015eAHIS BA\u011eLANTILARI<\/strong><\/p>\n<p> Hizmetimiz arac\u0131l\u0131\u011f\u0131yla sunulan belirli i\u00e7erik, \u00fcr\u00fcnler ve hizmetler, \u00fc\u00e7\u00fcnc\u00fc taraflardan gelen materyalleri i\u00e7erebilir.<\/p>\n<p> \u00dc\u00e7\u00fcnc\u00fc taraf i\u00e7eri\u011fi en \u00e7ok, baz\u0131 daha ayr\u0131nt\u0131l\u0131 bilgilerin yay\u0131nland\u0131\u011f\u0131 sosyal medyam\u0131zla ba\u011flant\u0131l\u0131 olacakt\u0131r. puyapeptid.com \u00fcr\u00fcnlerimizin \u00e7o\u011fu g\u00fcvenilirdir.<\/p>\n<p> <strong>B\u00d6L\u00dcM 9 \u2013 KULLANICI YORUMLARI, GER\u0130 B\u0130LD\u0130R\u0130M VE D\u0130\u011eER G\u00d6NDER\u0130LER<\/strong><\/p>\n<p> \u0130ste\u011fimiz \u00fczerine belirli belirli g\u00f6nderiler (\u00f6rne\u011fin yar\u0131\u015fma giri\u015fleri) g\u00f6nderirseniz veya bizden bir talep olmadan yarat\u0131c\u0131 fikirler, \u00f6neriler, teklifler, planlar veya di\u011fer materyalleri ister \u00e7evrimi\u00e7i, ister e-posta, posta veya ba\u015fka bir \u015fekilde g\u00f6nderirsiniz. (topluca &#39;yorumlar&#39;), bize iletti\u011finiz yorumlar\u0131 herhangi bir zamanda herhangi bir k\u0131s\u0131tlama olmaks\u0131z\u0131n d\u00fczenleyebilece\u011fimizi, kopyalayabilece\u011fimizi, yay\u0131nlayabilece\u011fimizi, da\u011f\u0131tabilece\u011fimizi, terc\u00fcme edebilece\u011fimizi ve herhangi bir ortamda kullanabilece\u011fimizi kabul etmektesiniz.<\/p>\n<p> Hi\u00e7bir y\u00fck\u00fcml\u00fcl\u00fc\u011f\u00fcm\u00fcz yok ve olmayaca\u011f\u0131z<\/p>\n<p> (1) herhangi bir yorumu gizli tutmak;<\/p>\n<p> (2) herhangi bir yorum i\u00e7in tazminat \u00f6demek;<\/p>\n<p> (3) herhangi bir yoruma cevap vermek.<\/p>\n<p> Tamamen kendi takdirimize ba\u011fl\u0131 olarak yasa d\u0131\u015f\u0131, sald\u0131rgan, tehdit edici, iftira niteli\u011finde, karalay\u0131c\u0131, pornografik, m\u00fcstehcen veya ba\u015fka bir \u015fekilde sak\u0131ncal\u0131 oldu\u011funu veya herhangi bir taraf\u0131n fikri m\u00fclkiyetini veya bu Hizmet Ko\u015fullar\u0131n\u0131 ihlal etti\u011fini belirledi\u011fimiz i\u00e7eri\u011fi izleme, d\u00fczenleme veya kald\u0131rma y\u00fck\u00fcml\u00fcl\u00fc\u011f\u00fcm\u00fcz yoktur, ancak herhangi bir y\u00fck\u00fcml\u00fcl\u00fc\u011f\u00fcm\u00fcz yoktur. .<\/p>\n<p> Yorumlar\u0131n\u0131z\u0131n telif hakk\u0131, ticari marka, mahremiyet, ki\u015filik veya di\u011fer ki\u015fisel veya m\u00fclkiyet haklar\u0131 dahil olmak \u00fczere herhangi bir \u00fc\u00e7\u00fcnc\u00fc \u015fahs\u0131n hakk\u0131n\u0131 ihlal etmeyece\u011fini kabul etmektesiniz. Ayr\u0131ca yorumlar\u0131n\u0131z\u0131n iftira niteli\u011finde veya ba\u015fka bir \u015fekilde yasa d\u0131\u015f\u0131, taciz edici veya m\u00fcstehcen materyal i\u00e7ermedi\u011fini veya Hizmetin veya ilgili herhangi bir web sitesinin \u00e7al\u0131\u015fmas\u0131n\u0131 herhangi bir \u015fekilde etkileyebilecek herhangi bir bilgisayar vir\u00fcs\u00fc veya ba\u015fka k\u00f6t\u00fc ama\u00e7l\u0131 yaz\u0131l\u0131m i\u00e7ermedi\u011fini kabul edersiniz.<\/p>\n<p> Yanl\u0131\u015f bir e-posta adresi kullanamaz, kendinizden ba\u015fka biri gibi davranamaz veya herhangi bir yorumun kayna\u011f\u0131 konusunda bizi veya \u00fc\u00e7\u00fcnc\u00fc \u015fah\u0131slar\u0131 yanl\u0131\u015f y\u00f6nlendiremezsiniz. Yapt\u0131\u011f\u0131n\u0131z t\u00fcm yorumlardan ve bunlar\u0131n do\u011frulu\u011fundan yaln\u0131zca siz sorumlusunuz. Sizin veya herhangi bir \u00fc\u00e7\u00fcnc\u00fc \u015fah\u0131s taraf\u0131ndan g\u00f6nderilen herhangi bir yorum i\u00e7in hi\u00e7bir sorumluluk kabul etmiyoruz ve hi\u00e7bir y\u00fck\u00fcml\u00fcl\u00fck kabul etmiyoruz.<\/p>\n<p> <strong>B\u00d6L\u00dcM 7 \u2013 K\u0130\u015e\u0130SEL B\u0130LG\u0130LER<\/strong><\/p>\n<p> Ma\u011faza arac\u0131l\u0131\u011f\u0131yla ki\u015fisel bilgilerinizi g\u00f6ndermeniz, Gizlilik Politikam\u0131za tabidir.<\/p>\n<p> <strong>B\u00d6L\u00dcM 8 \u2013 HATALAR, YANLI\u015eLIKLAR VE \u0130HMALLER<\/strong><\/p>\n<p> Bazen sitemizde veya Hizmette \u00fcr\u00fcn a\u00e7\u0131klamalar\u0131, fiyatland\u0131rma, promosyonlar, teklifler, \u00fcr\u00fcn nakliye \u00fccretleri, nakliye s\u00fcreleri ve bulunabilirlik ile ilgili olabilecek yaz\u0131m hatalar\u0131, yanl\u0131\u015fl\u0131klar veya eksiklikler i\u00e7eren bilgiler olabilir.<\/p>\n<p> Herhangi bir hatay\u0131, yanl\u0131\u015fl\u0131\u011f\u0131 veya ihmali d\u00fczeltme ve Hizmet&#39;teki veya ilgili herhangi bir web sitesindeki herhangi bir bilginin yanl\u0131\u015f olmas\u0131 durumunda, \u00f6nceden bildirimde bulunmaks\u0131z\u0131n herhangi bir zamanda bilgileri de\u011fi\u015ftirme veya g\u00fcncelleme hakk\u0131n\u0131 sakl\u0131 tutar\u0131z.<\/p>\n<p> Fiyatland\u0131rma bilgileri dahil ancak bunlarla s\u0131n\u0131rl\u0131 olmamak \u00fczere Hizmetteki veya ilgili herhangi bir web sitesindeki bilgileri g\u00fcncelleme, de\u011fi\u015ftirme veya netle\u015ftirme y\u00fck\u00fcml\u00fcl\u00fc\u011f\u00fcn\u00fc \u00fcstleniyoruz.<\/p>\n<p> Hizmette veya ilgili herhangi bir web sitesinde uygulanan belirli bir g\u00fcncelleme veya yenileme tarihi, Hizmetteki veya ilgili herhangi bir web sitesindeki t\u00fcm bilgilerin de\u011fi\u015ftirildi\u011fini veya g\u00fcncellendi\u011fini belirtmek i\u00e7in al\u0131nmamal\u0131d\u0131r.<\/p>\n<p> <strong>B\u00d6L\u00dcM 9 \u2013 YASAK KULLANIMLAR<\/strong><\/p>\n<p> Hizmet \u015eartlar\u0131nda belirtilen di\u011fer yasaklara ek olarak, \u00fcr\u00fcnlerimizi kullanman\u0131z yasakt\u0131r.<\/p>\n<p> (a) herhangi bir yasa d\u0131\u015f\u0131 ama\u00e7 i\u00e7in;<\/p>\n<p> (b) ba\u015fkalar\u0131n\u0131 herhangi bir yasa d\u0131\u015f\u0131 eylemde bulunmaya veya kat\u0131lmaya te\u015fvik etmek;<\/p>\n<p> (c) herhangi bir uluslararas\u0131, federal, eyalet veya eyalet d\u00fczenlemesini, kural\u0131, kanunu veya yerel<br \/> y\u00f6netmelikler;<\/p>\n<p> (d) taciz etmek, suistimal etmek, hakaret etmek, zarar vermek, karalamak, iftira atmak, k\u00fc\u00e7\u00fck d\u00fc\u015f\u00fcrmek, korkutmak veya cinsiyet, cinsel y\u00f6nelim, din, etnik k\u00f6ken, \u0131rk, ya\u015f, ulusal k\u00f6ken veya engellilik temelinde ayr\u0131mc\u0131l\u0131k yapmak;<\/p>\n<p> (e) ba\u015fkalar\u0131n\u0131n ki\u015fisel bilgilerini toplamak veya izlemek;<\/p>\n<p> (f) herhangi bir m\u00fcstehcen veya ahlaks\u0131z ama\u00e7 i\u00e7in;<\/p>\n<p> <strong>B\u00d6L\u00dcM 10 \u2013<\/strong> \u0130THALAT HAKLARI VE \u0130THALAT G\u00d6REV\u0130<\/p>\n<p> \u00dcr\u00fcn\u00fc bizden sat\u0131n almadan \u00f6nce, bu \u00fcr\u00fcn\u00fc sat\u0131n almaya uygun oldu\u011funuzdan emin olmak i\u00e7in yerel yetkililere dan\u0131\u015fmal\u0131s\u0131n\u0131z. L\u00fctfen \u00fclkenizin g\u00fcmr\u00fck departman\u0131n\u0131n sizden ithalat vergilerini tahsil edebilece\u011fini unutmay\u0131n. Bu t\u00fcr ithalat vergilerini \u00f6demekten al\u0131c\u0131 olarak siz sorumlu olacaks\u0131n\u0131z. \u00dcr\u00fcnleri tahsil edememeniz ve \u00fcr\u00fcnlerin bize iade edilmesi durumunda, iade \u00fccretinden siz sorumlu olacaks\u0131n\u0131z.<\/p>\n<p> <strong>B\u00d6L\u00dcM 11 \u2013 GE\u00c7ERL\u0130 HUKUK<\/strong><\/p>\n<p> Bu Hizmet \u015eartlar\u0131 ve size Hizmetler sa\u011flad\u0131\u011f\u0131m\u0131z her t\u00fcrl\u00fc ayr\u0131 anla\u015fma, yasalara g\u00f6re y\u00f6netilecek ve yorumlanacakt\u0131r.<\/p><\/p>\n\t\t\t\t\t\t\t\t<\/div>\n\t\t\t\t<\/div>\n\t\t\t\t\t<\/div>\n\t\t<\/div>\n\t\t\t\t\t<\/div>\n\t\t<\/section>\n\t\t\t\t<\/div>\n\t\t","protected":false},"excerpt":{"rendered":"<p>genel bak\u0131\u015f Bu web sitesi puyapeptid.com taraf\u0131ndan online sat\u0131\u015f hizmeti sunmak amac\u0131yla i\u015fletilmektedir. Site genelinde &quot;biz&quot;, &quot;bize&quot; ve &quot;bizim&quot; terimleri puyapeptid.com&#39;u ifade eder. Burada belirtilen t\u00fcm \u015fartlar\u0131, ko\u015fullar\u0131, politikalar\u0131 ve bildirimleri kabul etmeniz ko\u015fuluyla, bu siteden sa\u011flanan t\u00fcm bilgiler, ara\u00e7lar ve hizmetler dahil olmak \u00fczere bu puyapeptid.com \u00e7evrimi\u00e7i ma\u011fazas\u0131n\u0131 size, kullan\u0131c\u0131ya sunuyoruz. Sitemizi ziyaret ederek [&hellip;]<\/p>\n","protected":false},"author":1,"featured_media":0,"parent":0,"menu_order":0,"comment_status":"closed","ping_status":"closed","template":"elementor_header_footer","meta":{"om_disable_all_campaigns":false,"_monsterinsights_skip_tracking":false,"_monsterinsights_sitenote_active":false,"_monsterinsights_sitenote_note":"","_monsterinsights_sitenote_category":0,"site-sidebar-layout":"default","site-content-layout":"","ast-site-content-layout":"default","site-content-style":"default","site-sidebar-style":"default","ast-global-header-display":"","ast-banner-title-visibility":"","ast-main-header-display":"","ast-hfb-above-header-display":"","ast-hfb-below-header-display":"","ast-hfb-mobile-header-display":"","site-post-title":"","ast-breadcrumbs-content":"","ast-featured-img":"","footer-sml-layout":"","ast-disable-related-posts":"","theme-transparent-header-meta":"","adv-header-id-meta":"","stick-header-meta":"","header-above-stick-meta":"","header-main-stick-meta":"","header-below-stick-meta":"","astra-migrate-meta-layouts":"default","ast-page-background-enabled":"default","ast-page-background-meta":{"desktop":{"background-color":"","background-image":"","background-repeat":"repeat","background-position":"center center","background-size":"auto","background-attachment":"scroll","background-type":"","background-media":"","overlay-type":"","overlay-color":"","overlay-opacity":"","overlay-gradient":""},"tablet":{"background-color":"","background-image":"","background-repeat":"repeat","background-position":"center center","background-size":"auto","background-attachment":"scroll","background-type":"","background-media":"","overlay-type":"","overlay-color":"","overlay-opacity":"","overlay-gradient":""},"mobile":{"background-color":"","background-image":"","background-repeat":"repeat","background-position":"center center","background-size":"auto","background-attachment":"scroll","background-type":"","background-media":"","overlay-type":"","overlay-color":"","overlay-opacity":"","overlay-gradient":""}},"ast-content-background-meta":{"desktop":{"background-color":"var(--ast-global-color-5)","background-image":"","background-repeat":"repeat","background-position":"center center","background-size":"auto","background-attachment":"scroll","background-type":"","background-media":"","overlay-type":"","overlay-color":"","overlay-opacity":"","overlay-gradient":""},"tablet":{"background-color":"var(--ast-global-color-5)","background-image":"","background-repeat":"repeat","background-position":"center center","background-size":"auto","background-attachment":"scroll","background-type":"","background-media":"","overlay-type":"","overlay-color":"","overlay-opacity":"","overlay-gradient":""},"mobile":{"background-color":"var(--ast-global-color-5)","background-image":"","background-repeat":"repeat","background-position":"center center","background-size":"auto","background-attachment":"scroll","background-type":"","background-media":"","overlay-type":"","overlay-color":"","overlay-opacity":"","overlay-gradient":""}},"footnotes":""},"class_list":["post-5926","page","type-page","status-publish","hentry"],"_links":{"self":[{"href":"https:\/\/puyapeptide.net\/tr\/wp-json\/wp\/v2\/pages\/5926","targetHints":{"allow":["GET"]}}],"collection":[{"href":"https:\/\/puyapeptide.net\/tr\/wp-json\/wp\/v2\/pages"}],"about":[{"href":"https:\/\/puyapeptide.net\/tr\/wp-json\/wp\/v2\/types\/page"}],"author":[{"embeddable":true,"href":"https:\/\/puyapeptide.net\/tr\/wp-json\/wp\/v2\/users\/1"}],"replies":[{"embeddable":true,"href":"https:\/\/puyapeptide.net\/tr\/wp-json\/wp\/v2\/comments?post=5926"}],"version-history":[{"count":12,"href":"https:\/\/puyapeptide.net\/tr\/wp-json\/wp\/v2\/pages\/5926\/revisions"}],"predecessor-version":[{"id":9615,"href":"https:\/\/puyapeptide.net\/tr\/wp-json\/wp\/v2\/pages\/5926\/revisions\/9615"}],"wp:attachment":[{"href":"https:\/\/puyapeptide.net\/tr\/wp-json\/wp\/v2\/media?parent=5926"}],"curies":[{"name":"wp","href":"https:\/\/api.w.org\/{rel}","templated":true}]}}