{"id":6299,"date":"2021-12-16T04:23:43","date_gmt":"2021-12-16T09:23:43","guid":{"rendered":"https:\/\/puyapeptide.net\/product\/cilt-nemlendirici-asetil-heksapeptid-37-cas-1447824-16-9\/"},"modified":"2021-12-16T04:23:43","modified_gmt":"2021-12-16T09:23:43","slug":"cilt-nemlendirici-asetil-heksapeptid-37-cas-1447824-16-9","status":"publish","type":"product","link":"https:\/\/puyapeptide.net\/tr\/product\/cilt-nemlendirici-asetil-heksapeptid-37-cas-1447824-16-9\/","title":{"rendered":"Cilt Nemlendirici Asetil Heksapeptid-37 CAS 1447824-16-9"},"content":{"rendered":"<h2><strong>Cilt Nemlendirici Asetil Heksapeptid-37 CAS 1447824-16-9<\/strong><\/h2>\n<p>\u00dcr\u00fcn Ad\u0131: Asetil Heksapeptid-37, Diffuporine<br \/>\nCAS No.: N\/A<br \/>\nSafl\u0131k\uff1a\u2265%98<br \/>\nMolek\u00fcl a\u011f\u0131rl\u0131\u011f\u0131 \uff1a539,55g\/mol<br \/>\nMolek\u00fcler form\u00fcl : C22H33N7O9<br \/>\n G\u00f6r\u00fcn\u00fcm: beyaz toz<br \/>\nSaklama ko\u015fulu: 2 \u2103\uff5e8 \u2103<br \/>\nAmbalaj \u00f6zellikleri (toz): 1g, 10g, 100g<br \/>\nUygulama: Kozmetik ham maddeler<\/p>\n<p>Asetil hekzapeptid-37, bir su kanal protein h\u00fccre nemlendiricisi, insan v\u00fccudunda AQP3 ekspresyonunu mRNA d\u00fczeyinde etkili bir \u015fekilde art\u0131rabilen, b\u00f6ylece ciltteki AQP3 i\u00e7eri\u011fini art\u0131ran do\u011fal amino asitlerden olu\u015fan yeni bir hekzapeptiddir. \u0130nsan dermal fibroblast progenit\u00f6r h\u00fccrelerinde tip I kollajen sentezini ve keratinize h\u00fccrelerin proliferasyonunu destekler.<\/p>\n<p> <strong>Acetyl Hexapeptide-37 CAS 1447824-16-9<\/strong><br \/>\n1. Acetyl Hexapeptide-37, k\u0131r\u0131\u015f\u0131kl\u0131k ve ya\u015flanma kar\u015f\u0131t\u0131 ve cilt nemlendirmesi i\u00e7in<br \/>\n2 olabilir. Cilt kalitesini iyile\u015ftirin<br \/>\n3. Y\u00fcz ve V\u00fccut Bak\u0131m\u0131<br \/>\n4. Y\u00fcz, boyun ve el bak\u0131m \u00fcr\u00fcnleri<br \/>\n5. Losyonlar, sabah ve gece kremleri, g\u00f6z serumlar\u0131 vb. g\u00fczellik bak\u0131m \u00fcr\u00fcnlerine eklenebilir.<\/p>\n<p> <strong>Acetyl Hexapeptide-37 CAS 1447824-16-9 Kullan\u0131m\u0131<\/strong><br \/>\nAQP3 ifadesini etkin bir \u015fekilde art\u0131rabilir. insan v\u00fccudunda mRNA seviyesinde, b\u00f6ylece derideki AQP3 i\u00e7eri\u011fini artt\u0131r\u0131r. Nemlendirmeyi art\u0131rma \u00f6zelliklerine sahiptir ve iyi bir nemlendirici aktif bile\u015fendir. Ayr\u0131ca insan dermal fibroblastlar\u0131nda tip I&#39;i destekleyebilir. Kollajen sentezi ve keratinositlerin \u00e7o\u011falmas\u0131. Asetil heksapeptid-37 nemlendirici peptid, yeni ve kapsaml\u0131 bir ya\u015flanma kar\u015f\u0131t\u0131 aktif bile\u015fendir.<\/p>\n","protected":false},"excerpt":{"rendered":"<p>\u00dcr\u00fcn Ad\u0131: Asetil Hekzapeptid-37, Diffuporine<br \/>\nSafl\u0131k\uff1a\u2265%98<br \/>\nMolek\u00fcler a\u011f\u0131rl\u0131k \uff1a539,55g\/mol<br \/>\nMolek\u00fcler form\u00fcl : C22H33N7O9<br \/>\nG\u00f6r\u00fcn\u00fc\u015f: beyaz toz<br \/>\nUygulama: Kozmetik hammaddeler<\/p>\n","protected":false},"featured_media":2219,"comment_status":"open","ping_status":"closed","template":"","meta":{"om_disable_all_campaigns":false,"_monsterinsights_skip_tracking":false,"_monsterinsights_sitenote_active":false,"_monsterinsights_sitenote_note":"","_monsterinsights_sitenote_category":0,"site-sidebar-layout":"default","site-content-layout":"default","ast-site-content-layout":"default","site-content-style":"default","site-sidebar-style":"default","ast-global-header-display":"","ast-banner-title-visibility":"","ast-main-header-display":"","ast-hfb-above-header-display":"","ast-hfb-below-header-display":"","ast-hfb-mobile-header-display":"","site-post-title":"","ast-breadcrumbs-content":"","ast-featured-img":"","footer-sml-layout":"","ast-disable-related-posts":"","theme-transparent-header-meta":"default","adv-header-id-meta":"","stick-header-meta":"","header-above-stick-meta":"","header-main-stick-meta":"","header-below-stick-meta":"","astra-migrate-meta-layouts":"default","ast-page-background-enabled":"default","ast-page-background-meta":{"desktop":{"background-color":"","background-image":"","background-repeat":"repeat","background-position":"center center","background-size":"auto","background-attachment":"scroll","background-type":"","background-media":"","overlay-type":"","overlay-color":"","overlay-opacity":"","overlay-gradient":""},"tablet":{"background-color":"","background-image":"","background-repeat":"repeat","background-position":"center center","background-size":"auto","background-attachment":"scroll","background-type":"","background-media":"","overlay-type":"","overlay-color":"","overlay-opacity":"","overlay-gradient":""},"mobile":{"background-color":"","background-image":"","background-repeat":"repeat","background-position":"center center","background-size":"auto","background-attachment":"scroll","background-type":"","background-media":"","overlay-type":"","overlay-color":"","overlay-opacity":"","overlay-gradient":""}},"ast-content-background-meta":{"desktop":{"background-color":"var(--ast-global-color-5)","background-image":"","background-repeat":"repeat","background-position":"center center","background-size":"auto","background-attachment":"scroll","background-type":"","background-media":"","overlay-type":"","overlay-color":"","overlay-opacity":"","overlay-gradient":""},"tablet":{"background-color":"var(--ast-global-color-5)","background-image":"","background-repeat":"repeat","background-position":"center center","background-size":"auto","background-attachment":"scroll","background-type":"","background-media":"","overlay-type":"","overlay-color":"","overlay-opacity":"","overlay-gradient":""},"mobile":{"background-color":"var(--ast-global-color-5)","background-image":"","background-repeat":"repeat","background-position":"center center","background-size":"auto","background-attachment":"scroll","background-type":"","background-media":"","overlay-type":"","overlay-color":"","overlay-opacity":"","overlay-gradient":""}}},"product_brand":[],"product_cat":[729],"product_tag":[3611],"class_list":{"0":"post-6299","1":"product","2":"type-product","3":"status-publish","4":"has-post-thumbnail","6":"product_cat-nemlendirici-antioksidan-peptit","7":"product_tag-acetyl-hexapeptide-37-cas-1447824-16-9-for-skin-moisturizing-tr","8":"desktop-align-left","9":"tablet-align-left","10":"mobile-align-left","12":"first","13":"instock","14":"shipping-taxable","15":"product-type-simple"},"_links":{"self":[{"href":"https:\/\/puyapeptide.net\/tr\/wp-json\/wp\/v2\/product\/6299","targetHints":{"allow":["GET"]}}],"collection":[{"href":"https:\/\/puyapeptide.net\/tr\/wp-json\/wp\/v2\/product"}],"about":[{"href":"https:\/\/puyapeptide.net\/tr\/wp-json\/wp\/v2\/types\/product"}],"replies":[{"embeddable":true,"href":"https:\/\/puyapeptide.net\/tr\/wp-json\/wp\/v2\/comments?post=6299"}],"wp:featuredmedia":[{"embeddable":true,"href":"https:\/\/puyapeptide.net\/tr\/wp-json\/wp\/v2\/media\/2219"}],"wp:attachment":[{"href":"https:\/\/puyapeptide.net\/tr\/wp-json\/wp\/v2\/media?parent=6299"}],"wp:term":[{"taxonomy":"product_brand","embeddable":true,"href":"https:\/\/puyapeptide.net\/tr\/wp-json\/wp\/v2\/product_brand?post=6299"},{"taxonomy":"product_cat","embeddable":true,"href":"https:\/\/puyapeptide.net\/tr\/wp-json\/wp\/v2\/product_cat?post=6299"},{"taxonomy":"product_tag","embeddable":true,"href":"https:\/\/puyapeptide.net\/tr\/wp-json\/wp\/v2\/product_tag?post=6299"}],"curies":[{"name":"wp","href":"https:\/\/api.w.org\/{rel}","templated":true}]}}