{"id":6386,"date":"2021-12-16T04:40:23","date_gmt":"2021-12-16T09:40:23","guid":{"rendered":"https:\/\/puyapeptide.net\/product\/cilt-onarimi-icin-asetil-tetrapeptid-22\/"},"modified":"2021-12-16T04:40:23","modified_gmt":"2021-12-16T09:40:23","slug":"cilt-onarimi-icin-asetil-tetrapeptid-22","status":"publish","type":"product","link":"https:\/\/puyapeptide.net\/tr\/product\/cilt-onarimi-icin-asetil-tetrapeptid-22\/","title":{"rendered":"Cilt Onar\u0131m\u0131 i\u00e7in Asetil Tetrapeptid-22"},"content":{"rendered":"<h2><strong>Cilt Onar\u0131m\u0131 i\u00e7in Asetil Tetrapeptid-22<\/strong><\/h2>\n<p>\u00dcr\u00fcn Ad\u0131: Asetil Tetrapeptid-22<br \/>\nReferans: Termostresin<br \/>\nForm\u00fcl:<br \/>\nMolek\u00fcler:<br \/>\nSafl\u0131k: &gt;%95<br \/>\nKaynak: sentetik<br \/>\nS\u0131n\u0131f: kozmetik<br \/>\nForm\u00fclasyon : referans\u0131n\u0131z i\u00e7in mevcut, l\u00fctfen bizimle ileti\u015fime ge\u00e7in.<br \/>\nMSDS ve COA: referans\u0131n\u0131z i\u00e7in mevcut, l\u00fctfen bizimle ileti\u015fime ge\u00e7in<br \/>\nTeslimat: hemen stoktan<br \/>\nKoku: karakteristik<br \/>\nKararl\u0131l\u0131k: kararl\u0131<br \/>\n\u00c7\u00f6z\u00fcn\u00fcrl\u00fck: suda \u00e7\u00f6z\u00fcn\u00fcr<br \/>\n\u00c7\u00f6z\u00fcn\u00fcr: %0,05 peptit<br \/>\n\u00d6nerilen kullan\u0131m d\u00fczeyi:2-5 %<br \/>\nG\u00f6r\u00fcn\u00fcm: beyaz toz<\/p>\n<p>Ciltteki HPS70 (Is\u0131 \u015eok Proteini) d\u00fczeylerini art\u0131ran Asetil Tetrapeptid-22 h\u00fccrelere g\u00fcnl\u00fck zorluklara ve stresli uyaranlara kar\u015f\u0131 bir stres tolerans\u0131 veren koruyucu bir kalkan sa\u011flar. Daha canl\u0131 bir g\u00f6r\u00fcn\u00fcm ile cildin daha rahat olmas\u0131na yard\u0131mc\u0131 olur. Stresle sava\u015fmak ve k\u0131r\u0131lgan, yorgun ve donuk cildi tedavi etmek i\u00e7in em\u00fclsiyonlar, jeller, serumlar gibi kozmetik form\u00fclasyonlara dahil edilebilir.<\/p>\n<p> <strong>Asetil Tetrapeptid-22&#39;nin<\/strong> Kullan\u0131m\u0131<br \/>\nKullan\u0131m\u0131: Asetil Tetrapeptid-22 H\u00fccresel m\u00fccadeleye yard\u0131mc\u0131 olur. <strong>Asetil Tetrapeptid-22&#39;nin Fonksiyonlar\u0131<\/strong><br \/>\nAsetil tetrapeptid-22, asetik asit ve tetrapeptid-22&#39;nin reaksiyon \u00fcr\u00fcn\u00fcd\u00fcr. Derideki \u0131s\u0131yla uyar\u0131lan protein (HSP70) miktar\u0131n\u0131 artt\u0131r\u0131r, b\u00f6ylece stres tolerans\u0131n\u0131 artt\u0131r\u0131r ve hasar\u0131 \u00f6nler. Bu nedenle, en etkili cilt yenileme bile\u015fenlerinden biri olan asetil tetrapeptid-22, cildi daha rahat ve daha \u00f6nemli hale getirebilir.<\/p>\n<p>Asetil tetrapeptid-22, v\u00fccudu \u0131s\u0131 \u015foku proteini 70&#39;i b\u00fcy\u00fck miktarlarda sentezlemeye te\u015fvik eder; hasarl\u0131 proteinlerin onar\u0131m\u0131 ve uzakla\u015ft\u0131r\u0131lmas\u0131nda yer al\u0131r, h\u00fccreleri ciddi hasarlardan korur, onar\u0131m\u0131 h\u0131zland\u0131r\u0131r ve h\u00fccrelerin normal fizyolojik i\u015flevlerini s\u00fcrd\u00fcr\u00fcr; h\u00fccrelerin stres\u00f6rlere kar\u015f\u0131 tolerans\u0131n\u0131 art\u0131r\u0131r.<\/p>\n<p>Asetil tetrapeptid-22, oksijen serbest radikalleri, jet gecikmesi, dehidrasyon, UV \u0131\u015f\u0131mas\u0131, a\u015f\u0131r\u0131 so\u011fuk ve s\u0131cak gibi g\u00fcnl\u00fck olarak kar\u015f\u0131la\u015f\u0131lan \u00e7e\u015fitli olumsuz streslere kar\u015f\u0131 cildi korur. cilde zarar verir ve cildin canl\u0131l\u0131\u011f\u0131n\u0131 korur. Y\u00fcksek \u00e7al\u0131\u015fma bask\u0131s\u0131 olan beyaz yakal\u0131 i\u015f\u00e7iler gibi genellikle k\u00f6t\u00fc stres ortam\u0131nda bulunan ki\u015filer i\u00e7in daha uygundur.<\/p>\n","protected":false},"excerpt":{"rendered":"<p>\u00dcr\u00fcn Ad\u0131: Asetil Tetrapeptid-22<br \/>\nReferans: Termostresin<br \/>\nSafl\u0131k: &gt;%95<br \/>\nKaynak: sentetik<br \/>\nS\u0131n\u0131f: kozmetik<\/p>\n","protected":false},"featured_media":2177,"comment_status":"open","ping_status":"closed","template":"","meta":{"om_disable_all_campaigns":false,"_monsterinsights_skip_tracking":false,"_monsterinsights_sitenote_active":false,"_monsterinsights_sitenote_note":"","_monsterinsights_sitenote_category":0,"site-sidebar-layout":"default","site-content-layout":"default","ast-site-content-layout":"default","site-content-style":"default","site-sidebar-style":"default","ast-global-header-display":"","ast-banner-title-visibility":"","ast-main-header-display":"","ast-hfb-above-header-display":"","ast-hfb-below-header-display":"","ast-hfb-mobile-header-display":"","site-post-title":"","ast-breadcrumbs-content":"","ast-featured-img":"","footer-sml-layout":"","ast-disable-related-posts":"","theme-transparent-header-meta":"default","adv-header-id-meta":"","stick-header-meta":"","header-above-stick-meta":"","header-main-stick-meta":"","header-below-stick-meta":"","astra-migrate-meta-layouts":"default","ast-page-background-enabled":"default","ast-page-background-meta":{"desktop":{"background-color":"","background-image":"","background-repeat":"repeat","background-position":"center center","background-size":"auto","background-attachment":"scroll","background-type":"","background-media":"","overlay-type":"","overlay-color":"","overlay-opacity":"","overlay-gradient":""},"tablet":{"background-color":"","background-image":"","background-repeat":"repeat","background-position":"center center","background-size":"auto","background-attachment":"scroll","background-type":"","background-media":"","overlay-type":"","overlay-color":"","overlay-opacity":"","overlay-gradient":""},"mobile":{"background-color":"","background-image":"","background-repeat":"repeat","background-position":"center center","background-size":"auto","background-attachment":"scroll","background-type":"","background-media":"","overlay-type":"","overlay-color":"","overlay-opacity":"","overlay-gradient":""}},"ast-content-background-meta":{"desktop":{"background-color":"var(--ast-global-color-5)","background-image":"","background-repeat":"repeat","background-position":"center center","background-size":"auto","background-attachment":"scroll","background-type":"","background-media":"","overlay-type":"","overlay-color":"","overlay-opacity":"","overlay-gradient":""},"tablet":{"background-color":"var(--ast-global-color-5)","background-image":"","background-repeat":"repeat","background-position":"center center","background-size":"auto","background-attachment":"scroll","background-type":"","background-media":"","overlay-type":"","overlay-color":"","overlay-opacity":"","overlay-gradient":""},"mobile":{"background-color":"var(--ast-global-color-5)","background-image":"","background-repeat":"repeat","background-position":"center center","background-size":"auto","background-attachment":"scroll","background-type":"","background-media":"","overlay-type":"","overlay-color":"","overlay-opacity":"","overlay-gradient":""}}},"product_brand":[],"product_cat":[685],"product_tag":[3522],"class_list":{"0":"post-6386","1":"product","2":"type-product","3":"status-publish","4":"has-post-thumbnail","6":"product_cat-anti-alerji-ve-anti-inflamatuar-peptit","7":"product_tag-acetyl-tetrapeptide-22-for-skin-repair-tr","8":"desktop-align-left","9":"tablet-align-left","10":"mobile-align-left","12":"first","13":"instock","14":"shipping-taxable","15":"product-type-simple"},"_links":{"self":[{"href":"https:\/\/puyapeptide.net\/tr\/wp-json\/wp\/v2\/product\/6386","targetHints":{"allow":["GET"]}}],"collection":[{"href":"https:\/\/puyapeptide.net\/tr\/wp-json\/wp\/v2\/product"}],"about":[{"href":"https:\/\/puyapeptide.net\/tr\/wp-json\/wp\/v2\/types\/product"}],"replies":[{"embeddable":true,"href":"https:\/\/puyapeptide.net\/tr\/wp-json\/wp\/v2\/comments?post=6386"}],"wp:featuredmedia":[{"embeddable":true,"href":"https:\/\/puyapeptide.net\/tr\/wp-json\/wp\/v2\/media\/2177"}],"wp:attachment":[{"href":"https:\/\/puyapeptide.net\/tr\/wp-json\/wp\/v2\/media?parent=6386"}],"wp:term":[{"taxonomy":"product_brand","embeddable":true,"href":"https:\/\/puyapeptide.net\/tr\/wp-json\/wp\/v2\/product_brand?post=6386"},{"taxonomy":"product_cat","embeddable":true,"href":"https:\/\/puyapeptide.net\/tr\/wp-json\/wp\/v2\/product_cat?post=6386"},{"taxonomy":"product_tag","embeddable":true,"href":"https:\/\/puyapeptide.net\/tr\/wp-json\/wp\/v2\/product_tag?post=6386"}],"curies":[{"name":"wp","href":"https:\/\/api.w.org\/{rel}","templated":true}]}}