{"id":6408,"date":"2021-12-16T04:58:08","date_gmt":"2021-12-16T09:58:08","guid":{"rendered":"https:\/\/puyapeptide.net\/product\/asetil-tetrapeptid-15-cas-928007-64-1-genellikle-hassas-cilt-bakimi-icin-kullanilir\/"},"modified":"2021-12-16T04:58:08","modified_gmt":"2021-12-16T09:58:08","slug":"asetil-tetrapeptid-15-cas-928007-64-1-genellikle-hassas-cilt-bakimi-icin-kullanilir","status":"publish","type":"product","link":"https:\/\/puyapeptide.net\/tr\/product\/asetil-tetrapeptid-15-cas-928007-64-1-genellikle-hassas-cilt-bakimi-icin-kullanilir\/","title":{"rendered":"Asetil Tetrapeptid-15 CAS 928007-64-1 genellikle hassas cilt bak\u0131m\u0131 i\u00e7in kullan\u0131l\u0131r"},"content":{"rendered":"<h2><strong>Asetil Tetrapeptid-15 CAS 928007-64-1 genellikle hassas cilt bak\u0131m\u0131 i\u00e7in kullan\u0131l\u0131r<\/strong><\/h2>\n<p>\u00dcr\u00fcn Ad\u0131: Acetyl tetrapeptide 15<br \/>\nE\u015f anlaml\u0131lar: Asetil tetrapeptid 15;N-Asetil-L-tirosil-L-prolil-L-fenilalanil-L-fenilalaninamid;Skinasensyl;acetyl tetrapeptide-15\/Skinasensyl LS 9749;( 2S)-1-[(2S)-2-asetamido-3-(4-hidroksifenil)propanoil]-N-[(2S)-1-[[(2S)-1-amino-1-okso-3-fenilpropan -2-il]amino]-1-okso-3-fenilpropan-2-il]pirrolidin-2-karboksamid;L-Fenilalaninamid, N-asetil-L-tirosil-L-prolil-L-fenilalanil-;AC-PPLY -OH;Asetil tetrapeptid 15 USP\/EP\/BP<br \/>\nCAS: 928007-64-1<br \/>\nMF: C34H39N5O6<br \/>\nMW: 613.7<br \/>\nEINECS:<br \/>\n\u00dcr\u00fcn Kategorileri:<br \/>\nMol Dosyas\u0131: 928007-64-1.mol<\/p>\n<p>Asetil Tetrapeptid-15, \u00e7evresel fakt\u00f6rler, belirli topikal olarak uygulanan rahats\u0131z edici \u00fcr\u00fcnler veya cilt bak\u0131m\u0131 tedavileri i\u00e7in tolerans e\u015fi\u011fini normalle\u015ftirerek hassas cildi rahatlatmaya yard\u0131mc\u0131 olan yeni bir sentetik tetrapeptiddir. Do\u011fal bir opioid peptidi taklit eder ve cildin sinir u\u00e7lar\u0131n\u0131n uyar\u0131lmas\u0131n\u0131 azaltmak amac\u0131yla geli\u015ftirilmi\u015ftir.<\/p>\n<p>Asetil Tetrapeptid-15 genellikle hassas cilt bak\u0131m\u0131 i\u00e7in kullan\u0131l\u0131r. Tetrapeptit, pro-inflamatuar arac\u0131lar\u0131n sal\u0131n\u0131m\u0131n\u0131 azaltarak ve cildin tolerans seviyelerini art\u0131rarak n\u00f6ro-hassas cildi hedefler, bu da daha az reaktif cilt ve daha az a\u011fr\u0131 ve rahats\u0131zl\u0131k ile sonu\u00e7lan\u0131r.<\/p>\n<p>Toplumun %40&#39;tan fazlas\u0131 cilt hassasiyetinden \u015fikayet eder. Bu cilt, normal cildin aksine farkl\u0131 \u00e7evresel fakt\u00f6rlere olumsuz tepki verir: s\u0131cakl\u0131k de\u011fi\u015fiklikleri, g\u00fcne\u015fe maruz kalma, kozmetikler ve ila\u00e7 kullan\u0131m\u0131. Bu fakt\u00f6rlere maruz kald\u0131ktan sonra, hassas cilt bozukluklar\u0131 olan ki\u015filer, ciltte kar\u0131ncalanma, yanma veya k\u0131zar\u0131kl\u0131k gibi rahats\u0131z edici duyumlar ya\u015farlar.<\/p>\n<p>Asetil tetrapeptid 15 a\u011fr\u0131 resept\u00f6rlerine (sinir u\u00e7lar\u0131) etki eder ve aktivitelerini azalt\u0131r. Bu, cilt hassasiyetine neden olan fakt\u00f6rlerin neden oldu\u011fu a\u011fr\u0131 ve rahats\u0131zl\u0131k hissini azalt\u0131r.<\/p>\n<p>\u0130n vitro klinik \u00e7al\u0131\u015fmalar, duyu n\u00f6ronlar\u0131nda n\u00f6rotransmitter CGRP&#39;nin (kalsitonin geni ile ili\u015fkili peptid) gev\u015femesinde bir azalman\u0131n cildi azaltt\u0131\u011f\u0131n\u0131 g\u00f6stermi\u015ftir. duyarl\u0131l\u0131k tepkileri. Asetiltetrapeptid-15&#39;in ayr\u0131ca bir opioid benzeri madde resept\u00f6r\u00fc agonisti olarak hareket etti\u011fi g\u00f6sterilmi\u015ftir. In vivo klinik \u00e7al\u0131\u015fmalar bunun, d\u0131\u015f uyaranlar\u0131n (\u0131s\u0131 ve kapsaisin) neden oldu\u011fu rahats\u0131zl\u0131\u011f\u0131 ve a\u011fr\u0131y\u0131 azaltt\u0131\u011f\u0131n\u0131 g\u00f6stermi\u015ftir.<\/p>\n<p>Bu nedenle, asetil tetrapeptid 15, \u00e7evresel fakt\u00f6rlere veya kozmetiklere kar\u015f\u0131 normal cilt tolerans\u0131 seviyelerinin geri kazan\u0131lmas\u0131na yard\u0131mc\u0131 olur ve cilt bariyerini onar\u0131r. .<\/p>\n<p> <strong>Asetil Tetrapeptid-15&#39;in \u0130\u015flevi ve Uygulamas\u0131 CAS 928007-64-1<\/strong><br \/>\nAsetil Tetrapeptid-15, hassas ciltlerde rahats\u0131zl\u0131\u011f\u0131 ve a\u011fr\u0131l\u0131 hisleri azalt\u0131r.<\/p>\n","protected":false},"excerpt":{"rendered":"<p>\u00dcr\u00fcn Ad\u0131: Asetil tetrapeptid 15<br \/>\nCAS: 928007-64-1<br \/>\nMF: C34H39N5O6<br \/>\nMW: 613.7<br \/>\nMol Dosya: 928007-64-1.mol<\/p>\n","protected":false},"featured_media":2135,"comment_status":"open","ping_status":"closed","template":"","meta":{"om_disable_all_campaigns":false,"_monsterinsights_skip_tracking":false,"_monsterinsights_sitenote_active":false,"_monsterinsights_sitenote_note":"","_monsterinsights_sitenote_category":0,"site-sidebar-layout":"default","site-content-layout":"default","ast-site-content-layout":"default","site-content-style":"default","site-sidebar-style":"default","ast-global-header-display":"","ast-banner-title-visibility":"","ast-main-header-display":"","ast-hfb-above-header-display":"","ast-hfb-below-header-display":"","ast-hfb-mobile-header-display":"","site-post-title":"","ast-breadcrumbs-content":"","ast-featured-img":"","footer-sml-layout":"","ast-disable-related-posts":"","theme-transparent-header-meta":"default","adv-header-id-meta":"","stick-header-meta":"","header-above-stick-meta":"","header-main-stick-meta":"","header-below-stick-meta":"","astra-migrate-meta-layouts":"default","ast-page-background-enabled":"default","ast-page-background-meta":{"desktop":{"background-color":"","background-image":"","background-repeat":"repeat","background-position":"center center","background-size":"auto","background-attachment":"scroll","background-type":"","background-media":"","overlay-type":"","overlay-color":"","overlay-opacity":"","overlay-gradient":""},"tablet":{"background-color":"","background-image":"","background-repeat":"repeat","background-position":"center center","background-size":"auto","background-attachment":"scroll","background-type":"","background-media":"","overlay-type":"","overlay-color":"","overlay-opacity":"","overlay-gradient":""},"mobile":{"background-color":"","background-image":"","background-repeat":"repeat","background-position":"center center","background-size":"auto","background-attachment":"scroll","background-type":"","background-media":"","overlay-type":"","overlay-color":"","overlay-opacity":"","overlay-gradient":""}},"ast-content-background-meta":{"desktop":{"background-color":"var(--ast-global-color-5)","background-image":"","background-repeat":"repeat","background-position":"center center","background-size":"auto","background-attachment":"scroll","background-type":"","background-media":"","overlay-type":"","overlay-color":"","overlay-opacity":"","overlay-gradient":""},"tablet":{"background-color":"var(--ast-global-color-5)","background-image":"","background-repeat":"repeat","background-position":"center center","background-size":"auto","background-attachment":"scroll","background-type":"","background-media":"","overlay-type":"","overlay-color":"","overlay-opacity":"","overlay-gradient":""},"mobile":{"background-color":"var(--ast-global-color-5)","background-image":"","background-repeat":"repeat","background-position":"center center","background-size":"auto","background-attachment":"scroll","background-type":"","background-media":"","overlay-type":"","overlay-color":"","overlay-opacity":"","overlay-gradient":""}}},"product_brand":[],"product_cat":[685],"product_tag":[3500],"class_list":{"0":"post-6408","1":"product","2":"type-product","3":"status-publish","4":"has-post-thumbnail","6":"product_cat-anti-alerji-ve-anti-inflamatuar-peptit","7":"product_tag-acetyl-tetrapeptide-15-cas-928007-64-1-is-generally-used-for-sensitive-skin-care-tr","8":"desktop-align-left","9":"tablet-align-left","10":"mobile-align-left","12":"first","13":"instock","14":"shipping-taxable","15":"product-type-simple"},"_links":{"self":[{"href":"https:\/\/puyapeptide.net\/tr\/wp-json\/wp\/v2\/product\/6408","targetHints":{"allow":["GET"]}}],"collection":[{"href":"https:\/\/puyapeptide.net\/tr\/wp-json\/wp\/v2\/product"}],"about":[{"href":"https:\/\/puyapeptide.net\/tr\/wp-json\/wp\/v2\/types\/product"}],"replies":[{"embeddable":true,"href":"https:\/\/puyapeptide.net\/tr\/wp-json\/wp\/v2\/comments?post=6408"}],"wp:featuredmedia":[{"embeddable":true,"href":"https:\/\/puyapeptide.net\/tr\/wp-json\/wp\/v2\/media\/2135"}],"wp:attachment":[{"href":"https:\/\/puyapeptide.net\/tr\/wp-json\/wp\/v2\/media?parent=6408"}],"wp:term":[{"taxonomy":"product_brand","embeddable":true,"href":"https:\/\/puyapeptide.net\/tr\/wp-json\/wp\/v2\/product_brand?post=6408"},{"taxonomy":"product_cat","embeddable":true,"href":"https:\/\/puyapeptide.net\/tr\/wp-json\/wp\/v2\/product_cat?post=6408"},{"taxonomy":"product_tag","embeddable":true,"href":"https:\/\/puyapeptide.net\/tr\/wp-json\/wp\/v2\/product_tag?post=6408"}],"curies":[{"name":"wp","href":"https:\/\/api.w.org\/{rel}","templated":true}]}}