{"id":6433,"date":"2021-12-16T05:00:51","date_gmt":"2021-12-16T10:00:51","guid":{"rendered":"https:\/\/puyapeptide.net\/product\/tahris-olmus-ciltte-iltihabi-onlemek-ve-yatistirmak-icin-palmitoyl-tripeptid-8-cas-936544-53-5\/"},"modified":"2021-12-16T05:00:51","modified_gmt":"2021-12-16T10:00:51","slug":"tahris-olmus-ciltte-iltihabi-onlemek-ve-yatistirmak-icin-palmitoyl-tripeptid-8-cas-936544-53-5","status":"publish","type":"product","link":"https:\/\/puyapeptide.net\/tr\/product\/tahris-olmus-ciltte-iltihabi-onlemek-ve-yatistirmak-icin-palmitoyl-tripeptid-8-cas-936544-53-5\/","title":{"rendered":"Tahri\u015f olmu\u015f ciltte iltihab\u0131 \u00f6nlemek ve yat\u0131\u015ft\u0131rmak i\u00e7in Palmitoyl Tripeptid-8 CAS 936544-53-5"},"content":{"rendered":"<h2><strong>Tahri\u015f olmu\u015f ciltte iltihab\u0131 \u00f6nlemek ve yat\u0131\u015ft\u0131rmak i\u00e7in Palmitoyl Tripeptid-8 CAS 936544-53-5<\/strong><\/h2>\n<p>\u00dcr\u00fcn Ad\u0131: Palmitoyl Tripeptide-8<br \/>\nE\u015f Anlaml\u0131lar\u0131: Neutrazen;Palmitoyl Tripeptide-8;Palmiltoyl Tripeptide-8;L-Argininamide, N-(1-oxohexadecyl)-L-histidil-D-fenilalanil-;Fabrika Tedarik\u00e7isi Palmitoyl Tripeptide-8;Kozmetik Peptit Palmitoyl Tripeptide-8 Anti-Alerjik ve Onar\u0131m i\u00e7in N\u00f6trazen Toz CAS 936544-53-5<br \/>\nCAS: 936544-53-5<br \/>\nMF: C37H61N9O4<br \/>\nMW: 695.94<br \/>\n EINECS:<br \/>\n\u00dcr\u00fcn Kategorileri:<br \/>\nMol Dosyas\u0131: 936544-53-5.mol<\/p>\n<p>Palmitoyl Tripeptide-8 yeni bir peptittir. Tahri\u015f olmu\u015f ciltte iltihab\u0131 \u00f6nlemeye ve yat\u0131\u015ft\u0131rmaya yard\u0131mc\u0131 olur. Ek bir varl\u0131k olarak, hassas cildin esnekli\u011fini art\u0131rmaya \u00e7al\u0131\u015f\u0131r. Palmitoil tripeptit-8, P maddesinin sal\u0131n\u0131m\u0131n\u0131n neden oldu\u011fu bir dizi olumsuz sonucu azaltabilir, inflamatuar sitokinlerin (IL-1, IL-8, TNF-\u03b1) sal\u0131n\u0131m\u0131n\u0131 azaltabilir, vazodilatasyonu giderebilir, d\u0131\u015f uyaranlar\u0131n tahri\u015fini \u00f6nleyebilir ve azaltabilir. , ka\u015f\u0131nt\u0131, batma, eritem, \u00f6dem ve di\u011fer semptomlar\u0131 giderir, normal cilt hassasiyet e\u015fi\u011fini korur ve cildi sa\u011fl\u0131kl\u0131 tutar.<\/p>\n<p> <strong>Palmitoyl Tripeptide-8 CAS 936544-53-5 Kimyasal \u00d6zellikler<\/strong><br \/>\nyo\u011funluk 1.20\u00b1 0.1 g\/cm3(Tahmini)<br \/>\npka 13.34\u00b10.46(Tahmini)<\/p>\n<p> <strong>Palmitoyl Tripeptide-8 CAS 936544-53-5&#39;in \u0130\u015flevi<\/strong><br \/>\n1\u3001Cildin tahri\u015f edici maddelere tepkisini azalt\u0131r, cildin azalmas\u0131na yard\u0131mc\u0131 olur inflamatuar reaksiyonlar\u0131 ve n\u00f6ro\u00f6demi rahatlat\u0131r.<\/p>\n<p>2\u3001\u00d6zellikle hassas ciltlerin bak\u0131m\u0131 i\u00e7in uygundur<\/p>\n<p>3\u3001k\u0131zar\u0131kl\u0131k, \u015fi\u015fme ve a\u011fr\u0131 gibi inflamatuar semptomlar\u0131 h\u0131zla giderir<br \/>\n&lt;&amp; <strong>&gt; Palmitoil Tripeptid-8 CAS 936544-53-5<\/strong><br \/>\n1. Palmitoyl Tripeptide-8, n\u00f6rojenik inflamasyon belirtilerini \u00f6nler ve tersine \u00e7evirir.<\/p>\n<p>2. Palmitoyl Tripeptid-8 Tahri\u015f olmu\u015f cildi sakinle\u015ftirir ve yat\u0131\u015ft\u0131r\u0131r.<\/p>\n<p>3. Palmitoyl Tripeptide-8, normal bir duyarl\u0131l\u0131k e\u015fi\u011fini korumaya ve geri y\u00fcklemeye yard\u0131mc\u0131 olur.<\/p>\n","protected":false},"excerpt":{"rendered":"<p>\u00dcr\u00fcn Ad\u0131: Palmitoil Tripeptid-8<br \/>\nCAS: 936544-53-5<br \/>\nMF: C37H61N9O4<br \/>\nMW: 695.94<br \/>\nMol Dosya: 936544-53-5.mol<\/p>\n","protected":false},"featured_media":2219,"comment_status":"open","ping_status":"closed","template":"","meta":{"om_disable_all_campaigns":false,"_monsterinsights_skip_tracking":false,"_monsterinsights_sitenote_active":false,"_monsterinsights_sitenote_note":"","_monsterinsights_sitenote_category":0,"site-sidebar-layout":"default","site-content-layout":"default","ast-site-content-layout":"default","site-content-style":"default","site-sidebar-style":"default","ast-global-header-display":"","ast-banner-title-visibility":"","ast-main-header-display":"","ast-hfb-above-header-display":"","ast-hfb-below-header-display":"","ast-hfb-mobile-header-display":"","site-post-title":"","ast-breadcrumbs-content":"","ast-featured-img":"","footer-sml-layout":"","ast-disable-related-posts":"","theme-transparent-header-meta":"default","adv-header-id-meta":"","stick-header-meta":"","header-above-stick-meta":"","header-main-stick-meta":"","header-below-stick-meta":"","astra-migrate-meta-layouts":"default","ast-page-background-enabled":"default","ast-page-background-meta":{"desktop":{"background-color":"","background-image":"","background-repeat":"repeat","background-position":"center center","background-size":"auto","background-attachment":"scroll","background-type":"","background-media":"","overlay-type":"","overlay-color":"","overlay-opacity":"","overlay-gradient":""},"tablet":{"background-color":"","background-image":"","background-repeat":"repeat","background-position":"center center","background-size":"auto","background-attachment":"scroll","background-type":"","background-media":"","overlay-type":"","overlay-color":"","overlay-opacity":"","overlay-gradient":""},"mobile":{"background-color":"","background-image":"","background-repeat":"repeat","background-position":"center center","background-size":"auto","background-attachment":"scroll","background-type":"","background-media":"","overlay-type":"","overlay-color":"","overlay-opacity":"","overlay-gradient":""}},"ast-content-background-meta":{"desktop":{"background-color":"var(--ast-global-color-5)","background-image":"","background-repeat":"repeat","background-position":"center center","background-size":"auto","background-attachment":"scroll","background-type":"","background-media":"","overlay-type":"","overlay-color":"","overlay-opacity":"","overlay-gradient":""},"tablet":{"background-color":"var(--ast-global-color-5)","background-image":"","background-repeat":"repeat","background-position":"center center","background-size":"auto","background-attachment":"scroll","background-type":"","background-media":"","overlay-type":"","overlay-color":"","overlay-opacity":"","overlay-gradient":""},"mobile":{"background-color":"var(--ast-global-color-5)","background-image":"","background-repeat":"repeat","background-position":"center center","background-size":"auto","background-attachment":"scroll","background-type":"","background-media":"","overlay-type":"","overlay-color":"","overlay-opacity":"","overlay-gradient":""}}},"product_brand":[],"product_cat":[685],"product_tag":[3480],"class_list":{"0":"post-6433","1":"product","2":"type-product","3":"status-publish","4":"has-post-thumbnail","6":"product_cat-anti-alerji-ve-anti-inflamatuar-peptit","7":"product_tag-palmitoyl-tripeptide-8-cas-936544-53-5-to-prevent-and-sooth-inflammation-in-irritated-skin-tr","8":"desktop-align-left","9":"tablet-align-left","10":"mobile-align-left","12":"first","13":"instock","14":"shipping-taxable","15":"product-type-simple"},"_links":{"self":[{"href":"https:\/\/puyapeptide.net\/tr\/wp-json\/wp\/v2\/product\/6433","targetHints":{"allow":["GET"]}}],"collection":[{"href":"https:\/\/puyapeptide.net\/tr\/wp-json\/wp\/v2\/product"}],"about":[{"href":"https:\/\/puyapeptide.net\/tr\/wp-json\/wp\/v2\/types\/product"}],"replies":[{"embeddable":true,"href":"https:\/\/puyapeptide.net\/tr\/wp-json\/wp\/v2\/comments?post=6433"}],"wp:featuredmedia":[{"embeddable":true,"href":"https:\/\/puyapeptide.net\/tr\/wp-json\/wp\/v2\/media\/2219"}],"wp:attachment":[{"href":"https:\/\/puyapeptide.net\/tr\/wp-json\/wp\/v2\/media?parent=6433"}],"wp:term":[{"taxonomy":"product_brand","embeddable":true,"href":"https:\/\/puyapeptide.net\/tr\/wp-json\/wp\/v2\/product_brand?post=6433"},{"taxonomy":"product_cat","embeddable":true,"href":"https:\/\/puyapeptide.net\/tr\/wp-json\/wp\/v2\/product_cat?post=6433"},{"taxonomy":"product_tag","embeddable":true,"href":"https:\/\/puyapeptide.net\/tr\/wp-json\/wp\/v2\/product_tag?post=6433"}],"curies":[{"name":"wp","href":"https:\/\/api.w.org\/{rel}","templated":true}]}}