{"id":6450,"date":"2021-12-16T05:01:42","date_gmt":"2021-12-16T10:01:42","guid":{"rendered":"https:\/\/puyapeptide.net\/product\/selulit-ve-zayiflama-icin-pentapeptid-25\/"},"modified":"2021-12-16T05:01:42","modified_gmt":"2021-12-16T10:01:42","slug":"selulit-ve-zayiflama-icin-pentapeptid-25","status":"publish","type":"product","link":"https:\/\/puyapeptide.net\/tr\/product\/selulit-ve-zayiflama-icin-pentapeptid-25\/","title":{"rendered":"Sel\u00fclit ve Zay\u0131flama i\u00e7in Pentapeptid-25"},"content":{"rendered":"<h2><strong>Sel\u00fclit ve Zay\u0131flama i\u00e7in Pentapeptid-25<\/strong><\/h2>\n<p>\u00dcr\u00fcn ad\u0131: PENTAPEPTIDE-25<br \/>\nReferans: UCPEPTIDE V<br \/>\nSafl\u0131k: &gt;%95<br \/>\nKaynak: sentetik<br \/>\nS\u0131n\u0131f: kozmetik<br \/>\nKararl\u0131l\u0131k: kararl\u0131<br \/>\n\u00c7\u00f6z\u00fcn\u00fcrl\u00fck: suda \u00e7\u00f6z\u00fcn\u00fcr<br \/>\nKoku: hay\u0131r<br \/>\nForm\u00fclasyon: referans\u0131n\u0131z i\u00e7in mevcuttur, l\u00fctfen bizimle ileti\u015fime ge\u00e7in.<br \/>\nMSDS ve COA: referans\u0131n\u0131z i\u00e7in mevcuttur, l\u00fctfen bizimle ileti\u015fime ge\u00e7in.<br \/>\nTeslim: hemen stoktan<br \/>\n\u00d6nerilen doz: 50 PPM<br \/>\nKapasite: Ayda 500g<br \/>\nG\u00f6r\u00fcn\u00fcm: beyaz toz<\/p>\n<p>Pentapeptid-25, v\u00fccuttaki ya\u011f birikimini s\u0131n\u0131rlayabilen, v\u00fccuttaki vezik\u00fcllerin hacmini azaltabilen, zay\u0131flama etkisine sahip bir peptittir. ya\u011f h\u00fccrelerinin yan\u0131 s\u0131ra kilo kayb\u0131, zay\u0131flama ve y\u00fcz inceltme etkisini elde etmek i\u00e7in ya\u011f h\u00fccrelerinin hacmini azalt\u0131r.<\/p>\n<p>Pentapeptid-25 sentez yoluyla elde edilen ve zay\u0131flama cilt bak\u0131m \u00fcr\u00fcnleri i\u00e7in tasarlanm\u0131\u015f UCP benzeri bir peptittir. .UCPEPTIDE V&#39;in dizisi, enerjinin \u0131s\u0131 olarak sal\u0131nmas\u0131na izin veren evrensel bir mitokondriyal ta\u015f\u0131y\u0131c\u0131 ailesi olan ayr\u0131\u015ft\u0131r\u0131c\u0131 proteinlerdeki (UCP&#39;ler) ortak bir diziye benzer.<\/p>\n<p> <strong>Pentapeptid-25&#39;in Kullan\u0131m\u0131<\/strong> &lt; &amp;&gt;1 &#8211; UCP&#39;lerin sentetik peptit biyomimeti\u011fi (ay\u0131ran proteinler)<br \/>\n2- PENTAPEPTIDE-25 Lipidlerin depolanmas\u0131n\u0131 k\u0131s\u0131tlar<br \/>\n3- PENTAPEPTIDE-25 Adipositlerdeki vakuollerin hacmini ve adiposit boyutunu azalt\u0131r<\/p>\n","protected":false},"excerpt":{"rendered":"<p>\u00dcr\u00fcn ad\u0131: PENTAPEPTIDE-25<br \/>\nReferans: UCPEPTIDE V<br \/>\nSafl\u0131k: &gt;%95<br \/>\nKaynak: sentetik<br \/>\nS\u0131n\u0131f: kozmetik<br \/>\n\u00c7\u00f6z\u00fcn\u00fcrl\u00fck: suda \u00e7\u00f6z\u00fcn\u00fcr<\/p>\n","protected":false},"featured_media":2177,"comment_status":"open","ping_status":"closed","template":"","meta":{"om_disable_all_campaigns":false,"_monsterinsights_skip_tracking":false,"_monsterinsights_sitenote_active":false,"_monsterinsights_sitenote_note":"","_monsterinsights_sitenote_category":0,"site-sidebar-layout":"default","site-content-layout":"default","ast-site-content-layout":"default","site-content-style":"default","site-sidebar-style":"default","ast-global-header-display":"","ast-banner-title-visibility":"","ast-main-header-display":"","ast-hfb-above-header-display":"","ast-hfb-below-header-display":"","ast-hfb-mobile-header-display":"","site-post-title":"","ast-breadcrumbs-content":"","ast-featured-img":"","footer-sml-layout":"","ast-disable-related-posts":"","theme-transparent-header-meta":"default","adv-header-id-meta":"","stick-header-meta":"","header-above-stick-meta":"","header-main-stick-meta":"","header-below-stick-meta":"","astra-migrate-meta-layouts":"default","ast-page-background-enabled":"default","ast-page-background-meta":{"desktop":{"background-color":"","background-image":"","background-repeat":"repeat","background-position":"center center","background-size":"auto","background-attachment":"scroll","background-type":"","background-media":"","overlay-type":"","overlay-color":"","overlay-opacity":"","overlay-gradient":""},"tablet":{"background-color":"","background-image":"","background-repeat":"repeat","background-position":"center center","background-size":"auto","background-attachment":"scroll","background-type":"","background-media":"","overlay-type":"","overlay-color":"","overlay-opacity":"","overlay-gradient":""},"mobile":{"background-color":"","background-image":"","background-repeat":"repeat","background-position":"center center","background-size":"auto","background-attachment":"scroll","background-type":"","background-media":"","overlay-type":"","overlay-color":"","overlay-opacity":"","overlay-gradient":""}},"ast-content-background-meta":{"desktop":{"background-color":"var(--ast-global-color-5)","background-image":"","background-repeat":"repeat","background-position":"center center","background-size":"auto","background-attachment":"scroll","background-type":"","background-media":"","overlay-type":"","overlay-color":"","overlay-opacity":"","overlay-gradient":""},"tablet":{"background-color":"var(--ast-global-color-5)","background-image":"","background-repeat":"repeat","background-position":"center center","background-size":"auto","background-attachment":"scroll","background-type":"","background-media":"","overlay-type":"","overlay-color":"","overlay-opacity":"","overlay-gradient":""},"mobile":{"background-color":"var(--ast-global-color-5)","background-image":"","background-repeat":"repeat","background-position":"center center","background-size":"auto","background-attachment":"scroll","background-type":"","background-media":"","overlay-type":"","overlay-color":"","overlay-opacity":"","overlay-gradient":""}}},"product_brand":[],"product_cat":[660],"product_tag":[3454],"class_list":{"0":"post-6450","1":"product","2":"type-product","3":"status-publish","4":"has-post-thumbnail","6":"product_cat-yag-kaybi-peptidi","7":"product_tag-pentapeptide-25-for-cellulite-and-slimming-tr","8":"desktop-align-left","9":"tablet-align-left","10":"mobile-align-left","12":"first","13":"instock","14":"shipping-taxable","15":"product-type-simple"},"_links":{"self":[{"href":"https:\/\/puyapeptide.net\/tr\/wp-json\/wp\/v2\/product\/6450","targetHints":{"allow":["GET"]}}],"collection":[{"href":"https:\/\/puyapeptide.net\/tr\/wp-json\/wp\/v2\/product"}],"about":[{"href":"https:\/\/puyapeptide.net\/tr\/wp-json\/wp\/v2\/types\/product"}],"replies":[{"embeddable":true,"href":"https:\/\/puyapeptide.net\/tr\/wp-json\/wp\/v2\/comments?post=6450"}],"wp:featuredmedia":[{"embeddable":true,"href":"https:\/\/puyapeptide.net\/tr\/wp-json\/wp\/v2\/media\/2177"}],"wp:attachment":[{"href":"https:\/\/puyapeptide.net\/tr\/wp-json\/wp\/v2\/media?parent=6450"}],"wp:term":[{"taxonomy":"product_brand","embeddable":true,"href":"https:\/\/puyapeptide.net\/tr\/wp-json\/wp\/v2\/product_brand?post=6450"},{"taxonomy":"product_cat","embeddable":true,"href":"https:\/\/puyapeptide.net\/tr\/wp-json\/wp\/v2\/product_cat?post=6450"},{"taxonomy":"product_tag","embeddable":true,"href":"https:\/\/puyapeptide.net\/tr\/wp-json\/wp\/v2\/product_tag?post=6450"}],"curies":[{"name":"wp","href":"https:\/\/api.w.org\/{rel}","templated":true}]}}