{"id":6499,"date":"2021-12-16T05:04:05","date_gmt":"2021-12-16T10:04:05","guid":{"rendered":"https:\/\/puyapeptide.net\/product\/asetil-heksapeptid-38-adifyline-cas-1400634-44-7-goguslerin-veya-yanaklarin-hacmini-artirabilir\/"},"modified":"2021-12-16T05:04:05","modified_gmt":"2021-12-16T10:04:05","slug":"asetil-heksapeptid-38-adifyline-cas-1400634-44-7-goguslerin-veya-yanaklarin-hacmini-artirabilir","status":"publish","type":"product","link":"https:\/\/puyapeptide.net\/tr\/product\/asetil-heksapeptid-38-adifyline-cas-1400634-44-7-goguslerin-veya-yanaklarin-hacmini-artirabilir\/","title":{"rendered":"Asetil heksapeptid 38\/ Adifyline CAS 1400634-44-7, g\u00f6\u011f\u00fcslerin veya yanaklar\u0131n hacmini art\u0131rabilir"},"content":{"rendered":"<h2><strong>Asetil heksapeptid 38\/ Adifyline CAS 1400634-44-7, g\u00f6\u011f\u00fcslerin veya yanaklar\u0131n hacmini art\u0131rabilir<\/strong><\/h2>\n<p>\u00dcr\u00fcn Ad\u0131: Acetyl hexapeptide 38<br \/>\nE\u015f anlaml\u0131lar: Acetyl hexapeptide 38;adifyline;PAW-\u03b2;Acetyl Hexapeptide-38, Adifyline;Asetil alt\u0131 peptid;Asetil heksapeptid-38 tozu;Asetil Heksapeptid-38;Asetil hekzapeptid 38 USP \/EP\/BP<br \/>\nCAS: 1400634-44-7<br \/>\nMF:<br \/>\nMW: 0<br \/>\nEINECS: 000-000-0<br \/>\n\u00dcr\u00fcn Kategorileri:<br \/>\nMol Dosyas\u0131: Mol Dosyas\u0131&lt; &amp;&gt;\u00d6deme S\u00fcresi: Ticaret G\u00fcvencesi, T\/T, Western Union, L\/C<\/p>\n<p>Asetil Hexapeptid-38 (Adifyline), belirli b\u00f6lgelerdeki ya\u011f dokusu hacmini art\u0131ran, y\u00fcz g\u00f6r\u00fcn\u00fcm\u00fcn\u00fc iyile\u015ftiren ve \u00e7ekici v\u00fccut k\u0131vr\u0131mlar\u0131 sa\u011flayan .Peroksizom proliferat\u00f6r\u00fc ile aktive olan resept\u00f6r Gama koaktivat\u00f6r 1a(PGC-1a) ekspresyonunu uyar\u0131r, adipogenez oran\u0131n\u0131 artt\u0131r\u0131r. Bu, meme ve yanaklar gibi istenen alanlarda daha y\u00fcksek lipid birikimine ve hacim b\u00fcy\u00fcmesine yol a\u00e7ar.<br \/>\nHeksapeptid38 lokal hacmi artt\u0131r\u0131r, y\u00fcz g\u00f6r\u00fcn\u00fcm\u00fcn\u00fc iyile\u015ftirir ve ya\u011f dokusunda PGC-1a ekspresyonunu ve lipid birikimini te\u015fvik ederek k\u0131vr\u0131ml\u0131 bir siluet sa\u011flar.<\/p>\n<p> <strong>Asetil heksapeptidin \u0130\u015flevi ve Uygulamas\u0131 38 \/ Adifyline CAS 1400634-44-7<\/strong> <\/p>\n<p>1. Adipogenez h\u0131z\u0131n\u0131 art\u0131r\u0131n.<\/p>\n<p>2. G\u00f6\u011f\u00fcs ve yanaklar gibi istenen b\u00f6lgelerde daha y\u00fcksek lipid birikimine ve hacim b\u00fcy\u00fcmesine neden olur.<\/p>\n<p>3. Y\u00fcz g\u00f6r\u00fcn\u00fcm\u00fcn\u00fc iyile\u015ftirin ve \u00e7ekici v\u00fccut k\u0131vr\u0131mlar\u0131 sa\u011flay\u0131n.<\/p>\n<p> <strong>Asetil heksapeptid 38\/ Adifyline CAS 1400634-44-7 kullan\u0131m\u0131<\/strong><br \/>\nY\u00fcz g\u00f6r\u00fcn\u00fcm\u00fcn\u00fc iyile\u015ftiren ve k\u0131vr\u0131ml\u0131 bir sil\u00fcet sa\u011flayan, PGC-1a ifadesini ve ya\u011f dokusunda lipid birikimi.<\/p>\n","protected":false},"excerpt":{"rendered":"<p>\u00dcr\u00fcn Ad\u0131: Asetil hekzapeptid 38<br \/>\nCAS: 1400634-44-7<br \/>\nMol Dosyas\u0131: Mol Dosyas\u0131<\/p>\n","protected":false},"featured_media":2135,"comment_status":"open","ping_status":"closed","template":"","meta":{"om_disable_all_campaigns":false,"_monsterinsights_skip_tracking":false,"_monsterinsights_sitenote_active":false,"_monsterinsights_sitenote_note":"","_monsterinsights_sitenote_category":0,"site-sidebar-layout":"default","site-content-layout":"default","ast-site-content-layout":"default","site-content-style":"default","site-sidebar-style":"default","ast-global-header-display":"","ast-banner-title-visibility":"","ast-main-header-display":"","ast-hfb-above-header-display":"","ast-hfb-below-header-display":"","ast-hfb-mobile-header-display":"","site-post-title":"","ast-breadcrumbs-content":"","ast-featured-img":"","footer-sml-layout":"","ast-disable-related-posts":"","theme-transparent-header-meta":"default","adv-header-id-meta":"","stick-header-meta":"","header-above-stick-meta":"","header-main-stick-meta":"","header-below-stick-meta":"","astra-migrate-meta-layouts":"default","ast-page-background-enabled":"default","ast-page-background-meta":{"desktop":{"background-color":"","background-image":"","background-repeat":"repeat","background-position":"center center","background-size":"auto","background-attachment":"scroll","background-type":"","background-media":"","overlay-type":"","overlay-color":"","overlay-opacity":"","overlay-gradient":""},"tablet":{"background-color":"","background-image":"","background-repeat":"repeat","background-position":"center center","background-size":"auto","background-attachment":"scroll","background-type":"","background-media":"","overlay-type":"","overlay-color":"","overlay-opacity":"","overlay-gradient":""},"mobile":{"background-color":"","background-image":"","background-repeat":"repeat","background-position":"center center","background-size":"auto","background-attachment":"scroll","background-type":"","background-media":"","overlay-type":"","overlay-color":"","overlay-opacity":"","overlay-gradient":""}},"ast-content-background-meta":{"desktop":{"background-color":"var(--ast-global-color-5)","background-image":"","background-repeat":"repeat","background-position":"center center","background-size":"auto","background-attachment":"scroll","background-type":"","background-media":"","overlay-type":"","overlay-color":"","overlay-opacity":"","overlay-gradient":""},"tablet":{"background-color":"var(--ast-global-color-5)","background-image":"","background-repeat":"repeat","background-position":"center center","background-size":"auto","background-attachment":"scroll","background-type":"","background-media":"","overlay-type":"","overlay-color":"","overlay-opacity":"","overlay-gradient":""},"mobile":{"background-color":"var(--ast-global-color-5)","background-image":"","background-repeat":"repeat","background-position":"center center","background-size":"auto","background-attachment":"scroll","background-type":"","background-media":"","overlay-type":"","overlay-color":"","overlay-opacity":"","overlay-gradient":""}}},"product_brand":[],"product_cat":[643],"product_tag":[3415],"class_list":{"0":"post-6499","1":"product","2":"type-product","3":"status-publish","4":"has-post-thumbnail","6":"product_cat-yag-artirici-ve-meme-buyutucu-peptit","7":"product_tag-acetyl-hexapeptide-38-adifyline-cas-1400634-44-7-can-increase-the-volume-of-the-breasts-or-cheeks-tr","8":"desktop-align-left","9":"tablet-align-left","10":"mobile-align-left","12":"first","13":"instock","14":"shipping-taxable","15":"product-type-simple"},"_links":{"self":[{"href":"https:\/\/puyapeptide.net\/tr\/wp-json\/wp\/v2\/product\/6499","targetHints":{"allow":["GET"]}}],"collection":[{"href":"https:\/\/puyapeptide.net\/tr\/wp-json\/wp\/v2\/product"}],"about":[{"href":"https:\/\/puyapeptide.net\/tr\/wp-json\/wp\/v2\/types\/product"}],"replies":[{"embeddable":true,"href":"https:\/\/puyapeptide.net\/tr\/wp-json\/wp\/v2\/comments?post=6499"}],"wp:featuredmedia":[{"embeddable":true,"href":"https:\/\/puyapeptide.net\/tr\/wp-json\/wp\/v2\/media\/2135"}],"wp:attachment":[{"href":"https:\/\/puyapeptide.net\/tr\/wp-json\/wp\/v2\/media?parent=6499"}],"wp:term":[{"taxonomy":"product_brand","embeddable":true,"href":"https:\/\/puyapeptide.net\/tr\/wp-json\/wp\/v2\/product_brand?post=6499"},{"taxonomy":"product_cat","embeddable":true,"href":"https:\/\/puyapeptide.net\/tr\/wp-json\/wp\/v2\/product_cat?post=6499"},{"taxonomy":"product_tag","embeddable":true,"href":"https:\/\/puyapeptide.net\/tr\/wp-json\/wp\/v2\/product_tag?post=6499"}],"curies":[{"name":"wp","href":"https:\/\/api.w.org\/{rel}","templated":true}]}}