{"id":6520,"date":"2021-12-16T05:05:44","date_gmt":"2021-12-16T10:05:44","guid":{"rendered":"https:\/\/puyapeptide.net\/product\/palmitoyl-tripeptid-28-cilt-elastikiyetini-ve-sikiligini-artirir-ve-bir-anti-inflamatuar-olarak-hizmet-eder\/"},"modified":"2021-12-16T05:05:44","modified_gmt":"2021-12-16T10:05:44","slug":"palmitoyl-tripeptid-28-cilt-elastikiyetini-ve-sikiligini-artirir-ve-bir-anti-inflamatuar-olarak-hizmet-eder","status":"publish","type":"product","link":"https:\/\/puyapeptide.net\/tr\/product\/palmitoyl-tripeptid-28-cilt-elastikiyetini-ve-sikiligini-artirir-ve-bir-anti-inflamatuar-olarak-hizmet-eder\/","title":{"rendered":"Palmitoyl Tripeptid-28 cilt elastikiyetini ve s\u0131k\u0131l\u0131\u011f\u0131n\u0131 art\u0131r\u0131r ve bir anti-inflamatuar olarak hizmet eder."},"content":{"rendered":"<h2><strong>Palmitoyl Tripeptid-28 cilt elastikiyetini ve s\u0131k\u0131l\u0131\u011f\u0131n\u0131 art\u0131r\u0131r ve bir anti-inflamatuar olarak hizmet eder.<\/strong><\/h2>\n<p>\u00dcr\u00fcn Ad\u0131: Palmitoyl Tripeptid-28<br \/>\nReferans: ECM Moduline peptid<br \/>\nKaynak: sentetik<br \/>\n\u00c7\u00f6z\u00fcn\u00fcrl\u00fck: suda \u00e7\u00f6z\u00fcn\u00fcr<br \/>\nKararl\u0131l\u0131k: kararl\u0131<br \/>\nSafl\u0131k: &gt;=%95<br \/>\n S\u0131n\u0131f: kozmetik<br \/>\nMSDS ve COA: referans\u0131n\u0131z i\u00e7in mevcuttur, l\u00fctfen bizimle ileti\u015fime ge\u00e7in<br \/>\nKapasite: ayda 1 kg<br \/>\nG\u00f6r\u00fcn\u00fcm: beyaz toz<\/p>\n<p> <strong>Palmitoyl Tripeptid-28&#39;in \u0130\u015flevleri<\/strong><br \/>\nPalmitoyl Tripeptide -28, cilt elastikiyetini ve s\u0131k\u0131l\u0131\u011f\u0131n\u0131 art\u0131r\u0131r ve bir anti-inflamatuar olarak hizmet eder.<\/p>\n<p> <strong>Palmitoyl Tripeptid-28&#39;in Uygulanmas\u0131<\/strong><br \/>\nPalmitoyl Tripeptid-28, h\u00fccresel y\u00fczeyde spesifik resept\u00f6r TGF-bII (TbRII) ile ba\u011flan\u0131r. Bu resept\u00f6r, aktif bir resept\u00f6r kompleksi olu\u015fturmak i\u00e7in TGF-bI (TbRI) resept\u00f6r\u00fcn\u00fc fosforile eder, b\u00f6ylece bunlar protein Smad 2 veya Smad 3&#39;\u00fc fosforile eder, Smad 2 veya Smad 3, protein sitoplazmik Smad 4 ile bir kompleks olu\u015fturur ve bu, Smad kompleksinin translokasyonunu sa\u011flar \u00e7ekirde\u011fin i\u00e7ine. Orada, g\u00fc\u00e7lendirici Smad kompleksi, ekspresyonunu aktive eden h\u00fccre d\u0131\u015f\u0131 matris genlerinin promot\u00f6rlerinin spesifik dizileriyle ba\u011flan\u0131r. h\u00fccre d\u0131\u015f\u0131 matris, kollajeni bozan metalloproteinazlar\u0131 inhibe eder, proteaz inhibit\u00f6rlerinin \u00fcretimini ve integrinlerin sentezini uyar\u0131r.<\/p>\n","protected":false},"excerpt":{"rendered":"<p>\u00dcr\u00fcn Ad\u0131: Palmitoyl Tripeptid-28<br \/>\nKaynak: sentetik<br \/>\n\u00c7\u00f6z\u00fcn\u00fcrl\u00fck: suda \u00e7\u00f6z\u00fcn\u00fcr<br \/>\nKararl\u0131l\u0131k: kararl\u0131<br \/>\nSafl\u0131k: &gt;=%95<br \/>\nS\u0131n\u0131f: kozmetik<br \/>\nG\u00f6r\u00fcn\u00fcm: beyaz toz<\/p>\n","protected":false},"featured_media":2219,"comment_status":"open","ping_status":"closed","template":"","meta":{"om_disable_all_campaigns":false,"_monsterinsights_skip_tracking":false,"_monsterinsights_sitenote_active":false,"_monsterinsights_sitenote_note":"","_monsterinsights_sitenote_category":0,"site-sidebar-layout":"default","site-content-layout":"default","ast-site-content-layout":"default","site-content-style":"default","site-sidebar-style":"default","ast-global-header-display":"","ast-banner-title-visibility":"","ast-main-header-display":"","ast-hfb-above-header-display":"","ast-hfb-below-header-display":"","ast-hfb-mobile-header-display":"","site-post-title":"","ast-breadcrumbs-content":"","ast-featured-img":"","footer-sml-layout":"","ast-disable-related-posts":"","theme-transparent-header-meta":"default","adv-header-id-meta":"","stick-header-meta":"","header-above-stick-meta":"","header-main-stick-meta":"","header-below-stick-meta":"","astra-migrate-meta-layouts":"default","ast-page-background-enabled":"default","ast-page-background-meta":{"desktop":{"background-color":"","background-image":"","background-repeat":"repeat","background-position":"center center","background-size":"auto","background-attachment":"scroll","background-type":"","background-media":"","overlay-type":"","overlay-color":"","overlay-opacity":"","overlay-gradient":""},"tablet":{"background-color":"","background-image":"","background-repeat":"repeat","background-position":"center center","background-size":"auto","background-attachment":"scroll","background-type":"","background-media":"","overlay-type":"","overlay-color":"","overlay-opacity":"","overlay-gradient":""},"mobile":{"background-color":"","background-image":"","background-repeat":"repeat","background-position":"center center","background-size":"auto","background-attachment":"scroll","background-type":"","background-media":"","overlay-type":"","overlay-color":"","overlay-opacity":"","overlay-gradient":""}},"ast-content-background-meta":{"desktop":{"background-color":"var(--ast-global-color-5)","background-image":"","background-repeat":"repeat","background-position":"center center","background-size":"auto","background-attachment":"scroll","background-type":"","background-media":"","overlay-type":"","overlay-color":"","overlay-opacity":"","overlay-gradient":""},"tablet":{"background-color":"var(--ast-global-color-5)","background-image":"","background-repeat":"repeat","background-position":"center center","background-size":"auto","background-attachment":"scroll","background-type":"","background-media":"","overlay-type":"","overlay-color":"","overlay-opacity":"","overlay-gradient":""},"mobile":{"background-color":"var(--ast-global-color-5)","background-image":"","background-repeat":"repeat","background-position":"center center","background-size":"auto","background-attachment":"scroll","background-type":"","background-media":"","overlay-type":"","overlay-color":"","overlay-opacity":"","overlay-gradient":""}}},"product_brand":[],"product_cat":[643],"product_tag":[3391,3369],"class_list":{"0":"post-6520","1":"product","2":"type-product","3":"status-publish","4":"has-post-thumbnail","6":"product_cat-yag-artirici-ve-meme-buyutucu-peptit","7":"product_tag-firmness-and-serves-as-an-anti-inflammatory-tr","8":"product_tag-palmitoyl-tripeptide-28-improves-skin-elasticity-tr","9":"desktop-align-left","10":"tablet-align-left","11":"mobile-align-left","13":"first","14":"instock","15":"shipping-taxable","16":"product-type-simple"},"_links":{"self":[{"href":"https:\/\/puyapeptide.net\/tr\/wp-json\/wp\/v2\/product\/6520","targetHints":{"allow":["GET"]}}],"collection":[{"href":"https:\/\/puyapeptide.net\/tr\/wp-json\/wp\/v2\/product"}],"about":[{"href":"https:\/\/puyapeptide.net\/tr\/wp-json\/wp\/v2\/types\/product"}],"replies":[{"embeddable":true,"href":"https:\/\/puyapeptide.net\/tr\/wp-json\/wp\/v2\/comments?post=6520"}],"wp:featuredmedia":[{"embeddable":true,"href":"https:\/\/puyapeptide.net\/tr\/wp-json\/wp\/v2\/media\/2219"}],"wp:attachment":[{"href":"https:\/\/puyapeptide.net\/tr\/wp-json\/wp\/v2\/media?parent=6520"}],"wp:term":[{"taxonomy":"product_brand","embeddable":true,"href":"https:\/\/puyapeptide.net\/tr\/wp-json\/wp\/v2\/product_brand?post=6520"},{"taxonomy":"product_cat","embeddable":true,"href":"https:\/\/puyapeptide.net\/tr\/wp-json\/wp\/v2\/product_cat?post=6520"},{"taxonomy":"product_tag","embeddable":true,"href":"https:\/\/puyapeptide.net\/tr\/wp-json\/wp\/v2\/product_tag?post=6520"}],"curies":[{"name":"wp","href":"https:\/\/api.w.org\/{rel}","templated":true}]}}