{"id":6537,"date":"2021-12-16T05:06:52","date_gmt":"2021-12-16T10:06:52","guid":{"rendered":"https:\/\/puyapeptide.net\/product\/gri-saclar-icin-ust-sinif-palmitoyl-tetrapeptid-20\/"},"modified":"2021-12-16T05:37:26","modified_gmt":"2021-12-16T10:37:26","slug":"gri-saclar-icin-ust-sinif-palmitoyl-tetrapeptid-20","status":"publish","type":"product","link":"https:\/\/puyapeptide.net\/tr\/product\/gri-saclar-icin-ust-sinif-palmitoyl-tetrapeptid-20\/","title":{"rendered":"Gri Sa\u00e7lar \u0130\u00e7in \u00dcst S\u0131n\u0131f Palmitoyl Tetrapeptid-20"},"content":{"rendered":"<h2><strong>Gri Sa\u00e7lar \u0130\u00e7in \u00dcst S\u0131n\u0131f Palmitoyl Tetrapeptid-20<\/strong><\/h2>\n<p>\u00dcr\u00fcn Ad\u0131 Palmitoyl Tetrapeptid-20<br \/>\nSafl\u0131k %95-99<br \/>\nReferans\u0131n\u0131z i\u00e7in MSDS ve COA mevcuttur<br \/>\nStoktan hemen teslim<br \/>\nSequence Pal-PEKK<br \/>\nCas 221227-05-0 <\/p>\n<p>Palmitoil tetrapeptid-20 bir a-MSH agonistidir, melanin sentezini uyar\u0131r ve katalaz aktivitesini iyile\u015ftirir ve fazlal\u0131\u011f\u0131 azalt\u0131r (H202). Sa\u00e7 pigmentasyonunda kullan\u0131labilir.<\/p>\n<p>Palmitoil tetrapeptid-20, gri sa\u00e7\u0131n iki ana nedeni \u00fczerinde etkili olan hormon (MSH-\u03b1) biyonik peptittir: melanin azalmas\u0131 ve oksidatif stres. Palmitoyl Tetrapeptide-10 (Marka: Kramer), sa\u00e7 ya\u015flanmas\u0131 olgusunu \u00f6nlemek, durdurmak ve tersine \u00e7evirmek i\u00e7in e\u015fi g\u00f6r\u00fclmemi\u015f derecede etkili bir yol sunar. Etkili oldu\u011fu klinik olarak test edilen Siyah Sa\u00e7 Peptidi, sa\u00e7\u0131n ya\u015flanma s\u00fcrecini tersine \u00e7evirerek ve insanlar\u0131n daha do\u011fal bir \u015fekilde gen\u00e7 g\u00f6r\u00fcnmeleri i\u00e7in \u00f6zg\u00fcvenlerini art\u0131rarak gri sa\u00e7tan muzdarip erkek ve kad\u0131nlara yard\u0131mc\u0131 olabilir.<\/p>\n<p> <strong>Palmitoyl Tetrapeptide-20 Kullan\u0131m\u0131<\/strong> &lt; &amp;&gt;Palmitoyl tetrapeptide-20 sa\u00e7 pigmentasyonunu uyar\u0131r ve gri sa\u00e7 s\u00fcrecini tersine \u00e7evirir, erkek ve kad\u0131nlara daha gen\u00e7 bir g\u00f6r\u00fcn\u00fcm sa\u011flar ve \u00f6zg\u00fcvenlerini geli\u015ftirir<\/p>\n<p> <strong>Palmitoyl Tetrapeptide-20&#39;nin \u0130\u015flevi<\/strong><br \/>\nPalmitoyl Tetrapeptide-20 can Uyar\u0131c\u0131 do\u011fal sa\u00e7 pigmenti \u00fcretimi ve yava\u015f yava\u015f do\u011fal sa\u00e7 rengini geri kazand\u0131r\u0131r; sa\u00e7\u0131n ya\u015flanmas\u0131na kar\u015f\u0131 diren\u00e7 g\u00f6sterir ve gri sa\u00e7 g\u00f6r\u00fcn\u00fcm\u00fcn\u00fc engeller. Sa\u00e7 ya\u015flanmas\u0131n\u0131 geciktirici, erken ba\u015flayan gri sa\u00e7lar\u0131 kapat\u0131c\u0131, boya sonras\u0131 bak\u0131m, do\u011fal sa\u00e7 rengi artt\u0131r\u0131c\u0131, sa\u00e7 derisi ve sakal bak\u0131m \u00fcr\u00fcnleri i\u00e7in kimyasal boyalardan daha hafif olarak kullan\u0131labilir.<\/p>\n","protected":false},"excerpt":{"rendered":"<p>\u00dcr\u00fcn Ad\u0131 Palmitoyl Tetrapeptide-20<br \/>\nSafl\u0131k %95-99<br \/>\nStoktan hemen teslim<br \/>\nS\u0131ra Pal-PEKK<br \/>\nCas 221227-05-0<\/p>\n","protected":false},"featured_media":2177,"comment_status":"open","ping_status":"closed","template":"","meta":{"om_disable_all_campaigns":false,"_monsterinsights_skip_tracking":false,"_monsterinsights_sitenote_active":false,"_monsterinsights_sitenote_note":"","_monsterinsights_sitenote_category":0,"site-sidebar-layout":"default","site-content-layout":"default","ast-site-content-layout":"default","site-content-style":"default","site-sidebar-style":"default","ast-global-header-display":"","ast-banner-title-visibility":"","ast-main-header-display":"","ast-hfb-above-header-display":"","ast-hfb-below-header-display":"","ast-hfb-mobile-header-display":"","site-post-title":"","ast-breadcrumbs-content":"","ast-featured-img":"","footer-sml-layout":"","ast-disable-related-posts":"","theme-transparent-header-meta":"default","adv-header-id-meta":"","stick-header-meta":"","header-above-stick-meta":"","header-main-stick-meta":"","header-below-stick-meta":"","astra-migrate-meta-layouts":"default","ast-page-background-enabled":"default","ast-page-background-meta":{"desktop":{"background-color":"","background-image":"","background-repeat":"repeat","background-position":"center center","background-size":"auto","background-attachment":"scroll","background-type":"","background-media":"","overlay-type":"","overlay-color":"","overlay-opacity":"","overlay-gradient":""},"tablet":{"background-color":"","background-image":"","background-repeat":"repeat","background-position":"center center","background-size":"auto","background-attachment":"scroll","background-type":"","background-media":"","overlay-type":"","overlay-color":"","overlay-opacity":"","overlay-gradient":""},"mobile":{"background-color":"","background-image":"","background-repeat":"repeat","background-position":"center center","background-size":"auto","background-attachment":"scroll","background-type":"","background-media":"","overlay-type":"","overlay-color":"","overlay-opacity":"","overlay-gradient":""}},"ast-content-background-meta":{"desktop":{"background-color":"var(--ast-global-color-5)","background-image":"","background-repeat":"repeat","background-position":"center center","background-size":"auto","background-attachment":"scroll","background-type":"","background-media":"","overlay-type":"","overlay-color":"","overlay-opacity":"","overlay-gradient":""},"tablet":{"background-color":"var(--ast-global-color-5)","background-image":"","background-repeat":"repeat","background-position":"center center","background-size":"auto","background-attachment":"scroll","background-type":"","background-media":"","overlay-type":"","overlay-color":"","overlay-opacity":"","overlay-gradient":""},"mobile":{"background-color":"var(--ast-global-color-5)","background-image":"","background-repeat":"repeat","background-position":"center center","background-size":"auto","background-attachment":"scroll","background-type":"","background-media":"","overlay-type":"","overlay-color":"","overlay-opacity":"","overlay-gradient":""}}},"product_brand":[],"product_cat":[616],"product_tag":[3344],"class_list":{"0":"post-6537","1":"product","2":"type-product","3":"status-publish","4":"has-post-thumbnail","6":"product_cat-sac-kirpik-uzamasini-tesvik-eden-peptit","7":"product_tag-top-grade-palmitoyl-tetrapeptide-20-for-grey-hair-tr","8":"desktop-align-left","9":"tablet-align-left","10":"mobile-align-left","12":"first","13":"instock","14":"shipping-taxable","15":"product-type-simple"},"_links":{"self":[{"href":"https:\/\/puyapeptide.net\/tr\/wp-json\/wp\/v2\/product\/6537","targetHints":{"allow":["GET"]}}],"collection":[{"href":"https:\/\/puyapeptide.net\/tr\/wp-json\/wp\/v2\/product"}],"about":[{"href":"https:\/\/puyapeptide.net\/tr\/wp-json\/wp\/v2\/types\/product"}],"replies":[{"embeddable":true,"href":"https:\/\/puyapeptide.net\/tr\/wp-json\/wp\/v2\/comments?post=6537"}],"wp:featuredmedia":[{"embeddable":true,"href":"https:\/\/puyapeptide.net\/tr\/wp-json\/wp\/v2\/media\/2177"}],"wp:attachment":[{"href":"https:\/\/puyapeptide.net\/tr\/wp-json\/wp\/v2\/media?parent=6537"}],"wp:term":[{"taxonomy":"product_brand","embeddable":true,"href":"https:\/\/puyapeptide.net\/tr\/wp-json\/wp\/v2\/product_brand?post=6537"},{"taxonomy":"product_cat","embeddable":true,"href":"https:\/\/puyapeptide.net\/tr\/wp-json\/wp\/v2\/product_cat?post=6537"},{"taxonomy":"product_tag","embeddable":true,"href":"https:\/\/puyapeptide.net\/tr\/wp-json\/wp\/v2\/product_tag?post=6537"}],"curies":[{"name":"wp","href":"https:\/\/api.w.org\/{rel}","templated":true}]}}