{"id":6581,"date":"2021-12-16T05:08:41","date_gmt":"2021-12-16T10:08:41","guid":{"rendered":"https:\/\/puyapeptide.net\/product\/oligopeptid-54-yeni-bir-sac-buyumesini-tesvik-eden-peptittir\/"},"modified":"2021-12-16T05:08:41","modified_gmt":"2021-12-16T10:08:41","slug":"oligopeptid-54-yeni-bir-sac-buyumesini-tesvik-eden-peptittir","status":"publish","type":"product","link":"https:\/\/puyapeptide.net\/tr\/product\/oligopeptid-54-yeni-bir-sac-buyumesini-tesvik-eden-peptittir\/","title":{"rendered":"Oligopeptid-54, yeni bir sa\u00e7 b\u00fcy\u00fcmesini te\u015fvik eden peptittir"},"content":{"rendered":"<h2><strong>Oligopeptid-54, yeni bir sa\u00e7 b\u00fcy\u00fcmesini te\u015fvik eden peptittir<\/strong><\/h2>\n<p>\u0130ngilizce ad\u0131: Oligopeptid-54, CG-Nokkin<br \/>\nSafl\u0131k \uff1a\u2265%98<br \/>\nMolek\u00fcler a\u011f\u0131rl\u0131k \uff1a923.61g\/mol<br \/>\nMolek\u00fcler form\u00fcl \uff1aC51H57N9O8<br \/>\nG\u00f6r\u00fcn\u00fcm: beyaz toz<br \/>\nAmbalaj \u00f6zellikleri (toz): 1g, 10g, 100g<\/p>\n<p>Oligopeptid-54, oligopeptid-54 (CG nokkin), bu biyopeptid, DHT&#39;ye duyarl\u0131 genlerin ekspresyonunu bloke ederek androjenik alopesiden sorumlu genlerin aktivitesini azalt\u0131r. Sa\u00e7 b\u00fcy\u00fcmesini destekleyen ve sa\u00e7ta pigment kayb\u0131n\u0131 engelleyen g\u00fc\u00e7l\u00fc bir BMP antagonisti ile WNT sinyalini etkinle\u015ftirir. Daha sa\u011fl\u0131kl\u0131 sa\u00e7lar \u00fcretmek i\u00e7in folik\u00fclleri uyar\u0131rken sa\u00e7lar\u0131 g\u00fc\u00e7lendirir. Sa\u00e7 derisindeki kan dola\u015f\u0131m\u0131na yard\u0131mc\u0131 olur ve sa\u00e7 k\u00f6klerini canland\u0131r\u0131r.<\/p>\n<p>Ayr\u0131ca melanositlerin metabolizmas\u0131n\u0131 ve g\u00f6\u00e7lerini uyar\u0131r, b\u00f6ylece sa\u00e7 k\u00f6klerinde melanin \u00fcretimini iyile\u015ftirir ve b\u00f6ylece sa\u00e7 rengine etki eder. <\/p>\n<p>Sa\u011fl\u0131kl\u0131 sa\u00e7lar \u00fcretmek i\u00e7in sa\u00e7 k\u00f6klerini uyar\u0131rken sa\u00e7\u0131 g\u00fc\u00e7lendirir, sa\u00e7lar\u0131n beyazlamas\u0131n\u0131 \u00f6nler.<\/p>\n<p>Oligopeptid-54, oligopeptid-54 (CG nokkin) sa\u00e7 k\u00f6klerini uyar\u0131rken sa\u00e7\u0131 g\u00fc\u00e7lendirir sa\u011fl\u0131kl\u0131 sa\u00e7lar \u00fcretir ve sa\u00e7lar\u0131n beyazlamas\u0131n\u0131 \u00f6nler.<\/p>\n<p> <strong>Oligopeptid-54&#39;\u00fcn \u0130\u015flevi<\/strong><br \/>\n1. Sa\u00e7 pigmentasyonu ve sa\u00e7 grile\u015fme s\u00fcrecinin tersine \u00e7evrilmesi<br \/>\n2. Sa\u00e7 b\u00fcy\u00fcmesinin uyar\u0131lmas\u0131<\/p>\n","protected":false},"excerpt":{"rendered":"<p>\u0130ngilizce ad\u0131: Oligopeptid-54, CG-Nokkin<br \/>\nSafl\u0131k \uff1a\u2265%98<br \/>\nMolek\u00fcler a\u011f\u0131rl\u0131k \uff1a923.61g\/mol<br \/>\nMolek\u00fcler form\u00fcl \uff1aC51H57N9O8<br \/>\nG\u00f6r\u00fcn\u00fcm: beyaz toz<\/p>\n","protected":false},"featured_media":2135,"comment_status":"open","ping_status":"closed","template":"","meta":{"om_disable_all_campaigns":false,"_monsterinsights_skip_tracking":false,"_monsterinsights_sitenote_active":false,"_monsterinsights_sitenote_note":"","_monsterinsights_sitenote_category":0,"site-sidebar-layout":"default","site-content-layout":"default","ast-site-content-layout":"default","site-content-style":"default","site-sidebar-style":"default","ast-global-header-display":"","ast-banner-title-visibility":"","ast-main-header-display":"","ast-hfb-above-header-display":"","ast-hfb-below-header-display":"","ast-hfb-mobile-header-display":"","site-post-title":"","ast-breadcrumbs-content":"","ast-featured-img":"","footer-sml-layout":"","ast-disable-related-posts":"","theme-transparent-header-meta":"default","adv-header-id-meta":"","stick-header-meta":"","header-above-stick-meta":"","header-main-stick-meta":"","header-below-stick-meta":"","astra-migrate-meta-layouts":"default","ast-page-background-enabled":"default","ast-page-background-meta":{"desktop":{"background-color":"","background-image":"","background-repeat":"repeat","background-position":"center center","background-size":"auto","background-attachment":"scroll","background-type":"","background-media":"","overlay-type":"","overlay-color":"","overlay-opacity":"","overlay-gradient":""},"tablet":{"background-color":"","background-image":"","background-repeat":"repeat","background-position":"center center","background-size":"auto","background-attachment":"scroll","background-type":"","background-media":"","overlay-type":"","overlay-color":"","overlay-opacity":"","overlay-gradient":""},"mobile":{"background-color":"","background-image":"","background-repeat":"repeat","background-position":"center center","background-size":"auto","background-attachment":"scroll","background-type":"","background-media":"","overlay-type":"","overlay-color":"","overlay-opacity":"","overlay-gradient":""}},"ast-content-background-meta":{"desktop":{"background-color":"var(--ast-global-color-5)","background-image":"","background-repeat":"repeat","background-position":"center center","background-size":"auto","background-attachment":"scroll","background-type":"","background-media":"","overlay-type":"","overlay-color":"","overlay-opacity":"","overlay-gradient":""},"tablet":{"background-color":"var(--ast-global-color-5)","background-image":"","background-repeat":"repeat","background-position":"center center","background-size":"auto","background-attachment":"scroll","background-type":"","background-media":"","overlay-type":"","overlay-color":"","overlay-opacity":"","overlay-gradient":""},"mobile":{"background-color":"var(--ast-global-color-5)","background-image":"","background-repeat":"repeat","background-position":"center center","background-size":"auto","background-attachment":"scroll","background-type":"","background-media":"","overlay-type":"","overlay-color":"","overlay-opacity":"","overlay-gradient":""}}},"product_brand":[],"product_cat":[616],"product_tag":[3299],"class_list":{"0":"post-6581","1":"product","2":"type-product","3":"status-publish","4":"has-post-thumbnail","6":"product_cat-sac-kirpik-uzamasini-tesvik-eden-peptit","7":"product_tag-oligopeptide-54-is-a-novel-hair-growth-promoting-peptide-tr","8":"desktop-align-left","9":"tablet-align-left","10":"mobile-align-left","12":"first","13":"instock","14":"shipping-taxable","15":"product-type-simple"},"_links":{"self":[{"href":"https:\/\/puyapeptide.net\/tr\/wp-json\/wp\/v2\/product\/6581","targetHints":{"allow":["GET"]}}],"collection":[{"href":"https:\/\/puyapeptide.net\/tr\/wp-json\/wp\/v2\/product"}],"about":[{"href":"https:\/\/puyapeptide.net\/tr\/wp-json\/wp\/v2\/types\/product"}],"replies":[{"embeddable":true,"href":"https:\/\/puyapeptide.net\/tr\/wp-json\/wp\/v2\/comments?post=6581"}],"wp:featuredmedia":[{"embeddable":true,"href":"https:\/\/puyapeptide.net\/tr\/wp-json\/wp\/v2\/media\/2135"}],"wp:attachment":[{"href":"https:\/\/puyapeptide.net\/tr\/wp-json\/wp\/v2\/media?parent=6581"}],"wp:term":[{"taxonomy":"product_brand","embeddable":true,"href":"https:\/\/puyapeptide.net\/tr\/wp-json\/wp\/v2\/product_brand?post=6581"},{"taxonomy":"product_cat","embeddable":true,"href":"https:\/\/puyapeptide.net\/tr\/wp-json\/wp\/v2\/product_cat?post=6581"},{"taxonomy":"product_tag","embeddable":true,"href":"https:\/\/puyapeptide.net\/tr\/wp-json\/wp\/v2\/product_tag?post=6581"}],"curies":[{"name":"wp","href":"https:\/\/api.w.org\/{rel}","templated":true}]}}