{"id":6606,"date":"2021-12-16T05:09:40","date_gmt":"2021-12-16T10:09:40","guid":{"rendered":"https:\/\/puyapeptide.net\/product\/myristoyl-pentapeptide-17-cas-959610-30-1-kirpik-buyumesini-destekleyen-etkili-bir-kozmetik-bilesendir\/"},"modified":"2021-12-16T05:09:40","modified_gmt":"2021-12-16T10:09:40","slug":"myristoyl-pentapeptide-17-cas-959610-30-1-kirpik-buyumesini-destekleyen-etkili-bir-kozmetik-bilesendir","status":"publish","type":"product","link":"https:\/\/puyapeptide.net\/tr\/product\/myristoyl-pentapeptide-17-cas-959610-30-1-kirpik-buyumesini-destekleyen-etkili-bir-kozmetik-bilesendir\/","title":{"rendered":"Myristoyl Pentapeptide-17 CAS 959610-30-1, kirpik b\u00fcy\u00fcmesini destekleyen etkili bir kozmetik bile\u015fendir."},"content":{"rendered":"<h2><strong>Myristoyl Pentapeptide-17 CAS 959610-30-1, kirpik b\u00fcy\u00fcmesini destekleyen etkili bir kozmetik bile\u015fendir.<\/strong><\/h2>\n<p>\u00dcr\u00fcn Ad\u0131: Myristoyl Pentapeptide-17<br \/>\nE\u015f Anlaml\u0131lar\u0131: Myristoyl Pentapeptide-17;sympeptide226;N2-(1-Oxotetradecyl)-L-lysyl-L-leucyl-L-alanyl-L-lysyl-L-lysinamide; Nutmeg be\u015f peptit 17;Myr-KLAKK-NH2;N-[(2S)-6-amino-1-[[(2S)-1-[[(2S)-1-[[(2S)-6-amino-] 1-[[(2S)-1,6-diamino-1-oksohekzan-2-il]amino]-1-oksohekzan-2-il]amino]-1-oksopropan-2-il]amino]-4-metil -1-oksopentan-2-il]amino]-1-oksheksan-2-il]tetradekanamid;N2-(1-Oksotetradesil)-L-lisil-L-leusil-L-alanil-L-lisil-L-lys; Sympeptide 235<br \/>\nCAS: 959610-30-1<br \/>\nMF: C41H81N9O6<br \/>\nMW: 796.14<br \/>\nEINECS:<br \/>\n\u00dcr\u00fcn Kategorileri:<br \/>\nMol Dosyas\u0131: 959610-30-1.mol&lt;&amp; &gt;<br \/>\nMyristoyl pentapeptit-17\/kirpik peptidi, k\u0131llar\u0131n keratin sentezini etkili bir \u015fekilde uyarabilen, k\u0131llar\u0131n (kirpikler, ka\u015flar, sa\u00e7lar) b\u00fcy\u00fcmesini destekleyen ve daha kal\u0131n ve daha sert hale getiren kirpik b\u00fcy\u00fcmesini te\u015fvik eden etkili bir kozmetik bile\u015fendir. .<\/p>\n<p>Miristoyl Pentapeptid-17&#39;nin birincil rollerinden biri bir antioksidand\u0131r. T\u00fcm antioksidanlar gibi, Myristoyl Pentapeptide-17&#39;nin rol\u00fc, cildi \u00e7ok fazla g\u00fcne\u015fe maruz kalman\u0131n veya \u00e7evresel kirleticilerle kar\u015f\u0131la\u015fman\u0131n bir sonucu olan zararl\u0131 serbest radikallerden korumakt\u0131r. Bu serbest radikaller tek tek cilt h\u00fccrelerine zarar verir, ancak as\u0131l tehlikeleri erken ya\u015flanmaya neden olabilmeleridir. Serbest radikallerin neden oldu\u011fu cilt h\u00fccrelerini h\u0131zla ve kontrols\u00fcz \u00e7o\u011falmaya te\u015fvik edebilir. Cilt h\u00fccrelerini sadece antioksidanlardan korumakla kalmaz, ayn\u0131 zamanda yok edilmeleri i\u00e7in onlar\u0131 n\u00f6tralize etmeye de yard\u0131mc\u0131 olur. Y\u00fcz yeniden sa\u011fl\u0131kl\u0131 olmaya ba\u015flayabilir. Bu onu piyasadaki en faydal\u0131 antioksidanlardan biri yapar.<\/p>\n<p> <strong>Myristoyl Pentapeptide-17 CAS 959610-30-1 Kimyasal \u00d6zellikler<\/strong><br \/>\nKaynama noktas\u0131 1071.6\u00b165.0 \u00b0C(Tahmini)<br \/>\n yo\u011funluk 1.062\u00b10.06 g\/cm3(Tahmini)<br \/>\ndepolama s\u0131cakl\u0131\u011f\u0131. Kuru ortamda s\u0131zd\u0131rmaz,Oda S\u0131cakl\u0131\u011f\u0131<br \/>\npka 13.42\u00b10.46(Tahmini)<\/p>\n<p> <strong>Myristoyl Pentapeptide-17 CAS 959610-30-1 Uygulamas\u0131 ve Kullan\u0131mlar\u0131<\/strong><br \/>\n1.Kirpik ve ka\u015f g\u00f6r\u00fcn\u00fcm\u00fcnde ola\u011fan\u00fcst\u00fc geli\u015fme<br \/>\n2.Muhte\u015fem, yo\u011fun ve g\u00fcr g\u00f6r\u00fcn\u00fcml\u00fc kirpikler sunar<br \/>\n3.Prostaglandin i\u00e7ermeyen teknoloji<br \/>\n4.G\u00f6z tahri\u015fi veya renk de\u011fi\u015fikli\u011fi riski yoktur<br \/>\n5.Dermatolog ve Oftalmolog g\u00fcvenli\u011fi test edilmi\u015ftir.<\/p>\n","protected":false},"excerpt":{"rendered":"<p>\u00dcr\u00fcn Ad\u0131: Myristoyl Pentapeptide-17<br \/>\nCAS: 959610-30-1<br \/>\nMF: C41H81N9O6<br \/>\nMW: 796.14<br \/>\nMol Dosya: 959610-30-1.mol<\/p>\n","protected":false},"featured_media":2114,"comment_status":"open","ping_status":"closed","template":"","meta":{"om_disable_all_campaigns":false,"_monsterinsights_skip_tracking":false,"_monsterinsights_sitenote_active":false,"_monsterinsights_sitenote_note":"","_monsterinsights_sitenote_category":0,"site-sidebar-layout":"default","site-content-layout":"default","ast-site-content-layout":"default","site-content-style":"default","site-sidebar-style":"default","ast-global-header-display":"","ast-banner-title-visibility":"","ast-main-header-display":"","ast-hfb-above-header-display":"","ast-hfb-below-header-display":"","ast-hfb-mobile-header-display":"","site-post-title":"","ast-breadcrumbs-content":"","ast-featured-img":"","footer-sml-layout":"","ast-disable-related-posts":"","theme-transparent-header-meta":"default","adv-header-id-meta":"","stick-header-meta":"","header-above-stick-meta":"","header-main-stick-meta":"","header-below-stick-meta":"","astra-migrate-meta-layouts":"default","ast-page-background-enabled":"default","ast-page-background-meta":{"desktop":{"background-color":"","background-image":"","background-repeat":"repeat","background-position":"center center","background-size":"auto","background-attachment":"scroll","background-type":"","background-media":"","overlay-type":"","overlay-color":"","overlay-opacity":"","overlay-gradient":""},"tablet":{"background-color":"","background-image":"","background-repeat":"repeat","background-position":"center center","background-size":"auto","background-attachment":"scroll","background-type":"","background-media":"","overlay-type":"","overlay-color":"","overlay-opacity":"","overlay-gradient":""},"mobile":{"background-color":"","background-image":"","background-repeat":"repeat","background-position":"center center","background-size":"auto","background-attachment":"scroll","background-type":"","background-media":"","overlay-type":"","overlay-color":"","overlay-opacity":"","overlay-gradient":""}},"ast-content-background-meta":{"desktop":{"background-color":"var(--ast-global-color-5)","background-image":"","background-repeat":"repeat","background-position":"center center","background-size":"auto","background-attachment":"scroll","background-type":"","background-media":"","overlay-type":"","overlay-color":"","overlay-opacity":"","overlay-gradient":""},"tablet":{"background-color":"var(--ast-global-color-5)","background-image":"","background-repeat":"repeat","background-position":"center center","background-size":"auto","background-attachment":"scroll","background-type":"","background-media":"","overlay-type":"","overlay-color":"","overlay-opacity":"","overlay-gradient":""},"mobile":{"background-color":"var(--ast-global-color-5)","background-image":"","background-repeat":"repeat","background-position":"center center","background-size":"auto","background-attachment":"scroll","background-type":"","background-media":"","overlay-type":"","overlay-color":"","overlay-opacity":"","overlay-gradient":""}}},"product_brand":[],"product_cat":[596],"product_tag":[3280],"class_list":{"0":"post-6606","1":"product","2":"type-product","3":"status-publish","4":"has-post-thumbnail","6":"product_cat-goz-bakim-peptidi","7":"product_tag-myristoyl-pentapeptide-17-cas-959610-30-1-is-an-effective-cosmetic-ingredient-to-promote-eyelash-growth-tr","8":"desktop-align-left","9":"tablet-align-left","10":"mobile-align-left","12":"first","13":"instock","14":"shipping-taxable","15":"product-type-simple"},"_links":{"self":[{"href":"https:\/\/puyapeptide.net\/tr\/wp-json\/wp\/v2\/product\/6606","targetHints":{"allow":["GET"]}}],"collection":[{"href":"https:\/\/puyapeptide.net\/tr\/wp-json\/wp\/v2\/product"}],"about":[{"href":"https:\/\/puyapeptide.net\/tr\/wp-json\/wp\/v2\/types\/product"}],"replies":[{"embeddable":true,"href":"https:\/\/puyapeptide.net\/tr\/wp-json\/wp\/v2\/comments?post=6606"}],"wp:featuredmedia":[{"embeddable":true,"href":"https:\/\/puyapeptide.net\/tr\/wp-json\/wp\/v2\/media\/2114"}],"wp:attachment":[{"href":"https:\/\/puyapeptide.net\/tr\/wp-json\/wp\/v2\/media?parent=6606"}],"wp:term":[{"taxonomy":"product_brand","embeddable":true,"href":"https:\/\/puyapeptide.net\/tr\/wp-json\/wp\/v2\/product_brand?post=6606"},{"taxonomy":"product_cat","embeddable":true,"href":"https:\/\/puyapeptide.net\/tr\/wp-json\/wp\/v2\/product_cat?post=6606"},{"taxonomy":"product_tag","embeddable":true,"href":"https:\/\/puyapeptide.net\/tr\/wp-json\/wp\/v2\/product_tag?post=6606"}],"curies":[{"name":"wp","href":"https:\/\/api.w.org\/{rel}","templated":true}]}}