{"id":6631,"date":"2021-12-16T05:36:37","date_gmt":"2021-12-16T10:36:37","guid":{"rendered":"https:\/\/puyapeptide.net\/product\/asetil-tetrapeptid-3-cas-827306-88-7-sac-folikulu-hucrelerini-onarabilir-kaslarin-ve-saclarin-dogal-buyumesini-uyarir\/"},"modified":"2021-12-16T05:36:37","modified_gmt":"2021-12-16T10:36:37","slug":"asetil-tetrapeptid-3-cas-827306-88-7-sac-folikulu-hucrelerini-onarabilir-kaslarin-ve-saclarin-dogal-buyumesini-uyarir","status":"publish","type":"product","link":"https:\/\/puyapeptide.net\/tr\/product\/asetil-tetrapeptid-3-cas-827306-88-7-sac-folikulu-hucrelerini-onarabilir-kaslarin-ve-saclarin-dogal-buyumesini-uyarir\/","title":{"rendered":"Asetil Tetrapeptid-3 CAS 827306-88-7 sa\u00e7 folik\u00fcl\u00fc h\u00fccrelerini onarabilir Ka\u015flar\u0131n ve sa\u00e7lar\u0131n do\u011fal b\u00fcy\u00fcmesini uyar\u0131r"},"content":{"rendered":"<h2><strong>Asetil Tetrapeptid-3 CAS 827306-88-7 sa\u00e7 folik\u00fcl\u00fc h\u00fccrelerini onarabilir Ka\u015flar\u0131n ve sa\u00e7lar\u0131n do\u011fal b\u00fcy\u00fcmesini uyar\u0131r<\/strong><\/h2>\n<p>\u00dcr\u00fcn Ad\u0131: Asetil Tetrapeptid-3<br \/>\nE\u015f Anlaml\u0131lar\u0131: N2-Asetil-L-lisilglisil-L-histidil-L-lizinamid;Asetil Tetrapeptid-3;capixyl;asetil tetrapeptid-3\/capixyl;Asetil Tetrapeptid-4, Capixyl;Ac-KGHK;Asetil Tetrapeptid-3\/Capixyl-3;L-Lisinamid, N2-asetil-L-lisilglisil-L-histidil-CAS: 827306-88-7<br \/>\nMF: C22H39N9O5<br \/>\n MW: 509.6<br \/>\nEINECS: 1308068-626-2<br \/>\n\u00dcr\u00fcn Kategorileri:<br \/>\nMol Dosya: 827306-88-7.mol<\/p>\n<p>Asetil tetrapeptid-3, d\u00f6rt amino asit i\u00e7eren bir g\u00fczellik polipeptididir. sa\u00e7 folik\u00fcl\u00fc h\u00fccrelerini h\u0131zl\u0131 bir \u015fekilde onarabilen, ka\u015flar\u0131n ve sa\u00e7lar\u0131n do\u011fal b\u00fcy\u00fcmesini uyarabilen, ya\u015flanman\u0131n neden oldu\u011fu sa\u00e7 d\u00f6k\u00fclmesini etkili bir \u015fekilde azaltabilen ve ka\u015flar\u0131 ve sa\u00e7lar\u0131 daha yo\u011fun, do\u011fal, esnek ve s\u0131k\u0131 hale getiren .<\/p>\n<p> <strong>Acetyl Tetrapeptide-3 CAS 827306-88-7 Kimyasal \u00d6zellikler<\/strong><br \/>\nKaynama noktas\u0131 1075.4\u00b165,0 \u00b0C(Tahmini)<br \/>\nyo\u011funluk 1.250\u00b10.06 g\/cm3(Tahmini)<br \/>\ndepolama s\u0131cakl\u0131\u011f\u0131. Karanl\u0131k bir yerde saklay\u0131n,Atmosferde,Dondurucuda saklay\u0131n, -20\u00b0C&#39;nin alt\u0131nda<br \/>\npka 13,35\u00b10,46(Tahmini)<\/p>\n<p> <strong>Asetil Tetrapeptid-3&#39;\u00fcn Fonksiyonlar\u0131 CAS 827306-88-7<\/strong><br \/>\nSa\u00e7 uzamas\u0131 uyar\u0131c\u0131, sa\u00e7\u0131n tutunmas\u0131n\u0131 iyile\u015ftirir.<br \/>\nKirpik ve\/veya ka\u015flar\u0131n g\u00f6r\u00fcn\u00fcm\u00fcn\u00fc iyile\u015ftirir.<\/p>\n<p> <strong>Acetyl Tetrapeptide-3 CAS 827306-88-7 Uygulamalar\u0131<\/strong><br \/>\nSa\u00e7 d\u00f6k\u00fclmesini azalt\u0131r;<br \/>\nSa\u00e7lar\u0131n yeniden b\u00fcy\u00fcmesini art\u0131r\u0131r. ;<br \/>\nFollik\u00fcl sa\u011fl\u0131\u011f\u0131n\u0131 iyile\u015ftirir ve sa\u00e7\u0131n k\u00f6ke tutunmas\u0131n\u0131 sa\u011flar;<br \/>\nSa\u00e7 derisi iltihab\u0131n\u0131 azalt\u0131r<\/p>\n","protected":false},"excerpt":{"rendered":"<p>\u00dcr\u00fcn Ad\u0131: Asetil Tetrapeptid-3<br \/>\nCAS: 827306-88-7<br \/>\nMF: C22H39N9O5<br \/>\nMW: 509.6<br \/>\nMol Dosya: 827306-88-7.mol<\/p>\n","protected":false},"featured_media":2177,"comment_status":"open","ping_status":"closed","template":"","meta":{"om_disable_all_campaigns":false,"_monsterinsights_skip_tracking":false,"_monsterinsights_sitenote_active":false,"_monsterinsights_sitenote_note":"","_monsterinsights_sitenote_category":0,"site-sidebar-layout":"default","site-content-layout":"default","ast-site-content-layout":"default","site-content-style":"default","site-sidebar-style":"default","ast-global-header-display":"","ast-banner-title-visibility":"","ast-main-header-display":"","ast-hfb-above-header-display":"","ast-hfb-below-header-display":"","ast-hfb-mobile-header-display":"","site-post-title":"","ast-breadcrumbs-content":"","ast-featured-img":"","footer-sml-layout":"","ast-disable-related-posts":"","theme-transparent-header-meta":"default","adv-header-id-meta":"","stick-header-meta":"","header-above-stick-meta":"","header-main-stick-meta":"","header-below-stick-meta":"","astra-migrate-meta-layouts":"default","ast-page-background-enabled":"default","ast-page-background-meta":{"desktop":{"background-color":"","background-image":"","background-repeat":"repeat","background-position":"center center","background-size":"auto","background-attachment":"scroll","background-type":"","background-media":"","overlay-type":"","overlay-color":"","overlay-opacity":"","overlay-gradient":""},"tablet":{"background-color":"","background-image":"","background-repeat":"repeat","background-position":"center center","background-size":"auto","background-attachment":"scroll","background-type":"","background-media":"","overlay-type":"","overlay-color":"","overlay-opacity":"","overlay-gradient":""},"mobile":{"background-color":"","background-image":"","background-repeat":"repeat","background-position":"center center","background-size":"auto","background-attachment":"scroll","background-type":"","background-media":"","overlay-type":"","overlay-color":"","overlay-opacity":"","overlay-gradient":""}},"ast-content-background-meta":{"desktop":{"background-color":"var(--ast-global-color-5)","background-image":"","background-repeat":"repeat","background-position":"center center","background-size":"auto","background-attachment":"scroll","background-type":"","background-media":"","overlay-type":"","overlay-color":"","overlay-opacity":"","overlay-gradient":""},"tablet":{"background-color":"var(--ast-global-color-5)","background-image":"","background-repeat":"repeat","background-position":"center center","background-size":"auto","background-attachment":"scroll","background-type":"","background-media":"","overlay-type":"","overlay-color":"","overlay-opacity":"","overlay-gradient":""},"mobile":{"background-color":"var(--ast-global-color-5)","background-image":"","background-repeat":"repeat","background-position":"center center","background-size":"auto","background-attachment":"scroll","background-type":"","background-media":"","overlay-type":"","overlay-color":"","overlay-opacity":"","overlay-gradient":""}}},"product_brand":[],"product_cat":[616],"product_tag":[3261],"class_list":{"0":"post-6631","1":"product","2":"type-product","3":"status-publish","4":"has-post-thumbnail","6":"product_cat-sac-kirpik-uzamasini-tesvik-eden-peptit","7":"product_tag-acetyl-tetrapeptide-3-cas-827306-88-7-can-repair-hair-follicle-cells-stimulate-natural-growth-of-eyebrows-and-hair-tr","8":"desktop-align-left","9":"tablet-align-left","10":"mobile-align-left","12":"first","13":"instock","14":"shipping-taxable","15":"product-type-simple"},"_links":{"self":[{"href":"https:\/\/puyapeptide.net\/tr\/wp-json\/wp\/v2\/product\/6631","targetHints":{"allow":["GET"]}}],"collection":[{"href":"https:\/\/puyapeptide.net\/tr\/wp-json\/wp\/v2\/product"}],"about":[{"href":"https:\/\/puyapeptide.net\/tr\/wp-json\/wp\/v2\/types\/product"}],"replies":[{"embeddable":true,"href":"https:\/\/puyapeptide.net\/tr\/wp-json\/wp\/v2\/comments?post=6631"}],"wp:featuredmedia":[{"embeddable":true,"href":"https:\/\/puyapeptide.net\/tr\/wp-json\/wp\/v2\/media\/2177"}],"wp:attachment":[{"href":"https:\/\/puyapeptide.net\/tr\/wp-json\/wp\/v2\/media?parent=6631"}],"wp:term":[{"taxonomy":"product_brand","embeddable":true,"href":"https:\/\/puyapeptide.net\/tr\/wp-json\/wp\/v2\/product_brand?post=6631"},{"taxonomy":"product_cat","embeddable":true,"href":"https:\/\/puyapeptide.net\/tr\/wp-json\/wp\/v2\/product_cat?post=6631"},{"taxonomy":"product_tag","embeddable":true,"href":"https:\/\/puyapeptide.net\/tr\/wp-json\/wp\/v2\/product_tag?post=6631"}],"curies":[{"name":"wp","href":"https:\/\/api.w.org\/{rel}","templated":true}]}}