{"id":6658,"date":"2021-12-16T05:39:50","date_gmt":"2021-12-16T10:39:50","guid":{"rendered":"https:\/\/puyapeptide.net\/product\/biotin-tripeptid-1-biotinoyl-tripeptide-1-biotinoyl-tripeptide-1-cas-299157-54-3-kirpik-sac-ve-kas-buyumesini-destekler\/"},"modified":"2021-12-16T05:39:50","modified_gmt":"2021-12-16T10:39:50","slug":"biotin-tripeptid-1-biotinoyl-tripeptide-1-biotinoyl-tripeptide-1-cas-299157-54-3-kirpik-sac-ve-kas-buyumesini-destekler","status":"publish","type":"product","link":"https:\/\/puyapeptide.net\/tr\/product\/biotin-tripeptid-1-biotinoyl-tripeptide-1-biotinoyl-tripeptide-1-cas-299157-54-3-kirpik-sac-ve-kas-buyumesini-destekler\/","title":{"rendered":"Biotin Tripeptid-1\/ BIoTinoyl Tripeptide-1 \/BIoTinoyl Tripeptide-1 CAS 299157-54-3 Kirpik, sa\u00e7 ve ka\u015f b\u00fcy\u00fcmesini destekler"},"content":{"rendered":"<h2><strong>Biotin Tripeptid-1\/ BIoTinoyl Tripeptide-1 \/BIoTinoyl Tripeptide-1 CAS 299157-54-3 Kirpik, sa\u00e7 ve ka\u015f b\u00fcy\u00fcmesini destekler<\/strong><\/h2>\n<p>\u00dcr\u00fcn Ad\u0131: Biotinyl-GHK tripeptit<br \/>\nE\u015f Anlaml\u0131lar\u0131: Biotinoyl Tripeptide-1;BIO-GHK;biotinoyl tripeptide;Procapil;widelash;Biotinoylglycylhistidyllysine;Biotinyl-GHK tripeptide;N-[5-[(3aS,4S,6aR) )-Heksahidro-2-okso-1H-tieno[3,4-d]imidazol-4-il]-1-oksopentil]glisil-L-histidil-L-lisin<br \/>\nCAS: 299157-54-3&lt;&amp; &gt;MF: C24H38N8O6S<br \/>\nMW: 566.67<br \/>\nEINECS:<br \/>\n\u00dcr\u00fcn Kategorileri:<br \/>\nMol Dosya: 299157-54-3.mol<\/p>\n<p>Biotin Tripeptid-1, vitaminleri birle\u015ftiren bir tripeptittir. H ve Matrikine serisi sinyal peptidi GHK. \u0130ster erkek ister kad\u0131n olsun, sa\u00e7 d\u00f6k\u00fclmesi, %95&#39;i androjenik alopesi olan yayg\u0131n bir sorundur.<\/p>\n<p>Biotin Tripeptid-1, H vitaminini Matrikine sinyal peptidleri GHK ailesi ile birle\u015ftiren bir tripeptittir. Sa\u00e7 d\u00f6k\u00fclmesi hem erkekler hem de kad\u0131nlar i\u00e7in yayg\u0131n bir sorundur ve bunlar\u0131n %95&#39;i androjenik alopesidir. \u00c7in&#39;de, erkeklerin %21&#39;i, kad\u0131nlar\u0131n %6&#39;s\u0131 ile kar\u015f\u0131la\u015ft\u0131r\u0131ld\u0131\u011f\u0131nda, 45 ya\u015f\u0131ndan sonra sa\u00e7 d\u00f6k\u00fclmesi ya\u015fayacakt\u0131r. \u015eu anda piyasada bulunan minoksidil gibi yayg\u0131n sa\u00e7 b\u00fcy\u00fctme ajanlar\u0131, d\u00fc\u015f\u00fck verimlili\u011fe, bir\u00e7ok yan etkiye ve 18-40 ya\u015f aras\u0131 d\u00fc\u015f\u00fck ya\u015f grubunda i\u011fnelere sahiptir.<\/p>\n<p>Biotin tripeptit-1, tripeptid- etkisine sahiptir. 1, kolajen IV ve laminin 5 gibi h\u00fccre d\u0131\u015f\u0131 matrisin sentezini art\u0131rabilen, sa\u00e7 k\u00f6klerinin ya\u015flanmas\u0131n\u0131 yava\u015flatan, sa\u00e7 k\u00f6klerinin yap\u0131s\u0131n\u0131 iyile\u015ftiren, dermal sa\u00e7 k\u00f6klerinde sa\u00e7\u0131n sabitlenmesini destekleyen, sa\u00e7 d\u00f6k\u00fclmesini \u00f6nleyen; doku onar\u0131m genlerinin ifadesini aktive eder, cilt yap\u0131s\u0131n\u0131n yeniden yap\u0131land\u0131r\u0131lmas\u0131n\u0131 ve onar\u0131lmas\u0131n\u0131 destekler; h\u00fccre \u00e7o\u011falmas\u0131n\u0131 ve farkl\u0131la\u015fmas\u0131n\u0131 te\u015fvik eder, sa\u00e7 b\u00fcy\u00fcmesini uyar\u0131r (2PPM biotin tripeptid-1&#39;in aktivitesi 2PPM minoksidil ile kar\u015f\u0131la\u015ft\u0131r\u0131labilir).<\/p>\n<p> <strong>Biotin Tripeptide-1\/ BIoTinoyl Tripeptide-1 \/BIoTinoyl Tripeptide-1 CAS 299157-54- 3 Kimyasal \u00d6zellikler<\/strong><br \/>\nKaynama noktas\u0131 1128.5\u00b165,0 \u00b0C(Tahmini)<br \/>\nyo\u011funluk 1,321\u00b10,06 g\/cm3(Tahmini)<br \/>\npka 3,16\u00b10,10(Tahmini)<\/p>\n<p> <strong>i\u00e7in Biotin Tripeptid-1 sa\u00e7 b\u00fcy\u00fcme uyar\u0131m\u0131<\/strong><br \/>\n <img fetchpriority=\"high\" decoding=\"async\" src=\"https:\/\/puyapeptide.net\/wp-content\/uploads\/2021\/12\/Biotin-Tripeptide-1-for-hair-growth-stimulation.png\" alt=\"Sa\u00e7 b\u00fcy\u00fcme uyar\u0131m\u0131 i\u00e7in Biotin Tripeptid-1\" width=\"562\" height=\"272\" class=\"alignnone size-full wp-image-4340\" \/> <\/p>\n<p> <strong>Biotin Tripeptid-1\/BIoTinoyl Tripeptide-1 \/BIoTinoyl Tripeptide-1 CAS 299157-54-3<\/p>\n<p>1&#39;in \u0130\u015flevi. Kirpikleri, ka\u015flar\u0131, sa\u00e7lar\u0131 b\u00fcy\u00fct\u00fcn ve kal\u0131nla\u015ft\u0131r\u0131n<\/strong><br \/>\n2. Kirpiklerin\/sa\u00e7lar\u0131n\/ka\u015flar\u0131n b\u00fcy\u00fcmesini destekleyen bak\u0131m \u00fcr\u00fcnleri rimel, kirpik bak\u0131m losyonu, sa\u00e7 uzatma losyonu vb. ile birlikte kullan\u0131labilir.<\/p>\n","protected":false},"excerpt":{"rendered":"<p>\u00dcr\u00fcn Ad\u0131: Biotinyl-GHK tripeptid<br \/>\nCAS: 299157-54-3<br \/>\nMF: C24H38N8O6S<br \/>\nMW: 566.67<br \/>\nMol Dosya: 299157-54-3.mol<\/p>\n","protected":false},"featured_media":2219,"comment_status":"open","ping_status":"closed","template":"","meta":{"om_disable_all_campaigns":false,"_monsterinsights_skip_tracking":false,"_monsterinsights_sitenote_active":false,"_monsterinsights_sitenote_note":"","_monsterinsights_sitenote_category":0,"site-sidebar-layout":"default","site-content-layout":"default","ast-site-content-layout":"default","site-content-style":"default","site-sidebar-style":"default","ast-global-header-display":"","ast-banner-title-visibility":"","ast-main-header-display":"","ast-hfb-above-header-display":"","ast-hfb-below-header-display":"","ast-hfb-mobile-header-display":"","site-post-title":"","ast-breadcrumbs-content":"","ast-featured-img":"","footer-sml-layout":"","ast-disable-related-posts":"","theme-transparent-header-meta":"default","adv-header-id-meta":"","stick-header-meta":"","header-above-stick-meta":"","header-main-stick-meta":"","header-below-stick-meta":"","astra-migrate-meta-layouts":"default","ast-page-background-enabled":"default","ast-page-background-meta":{"desktop":{"background-color":"","background-image":"","background-repeat":"repeat","background-position":"center center","background-size":"auto","background-attachment":"scroll","background-type":"","background-media":"","overlay-type":"","overlay-color":"","overlay-opacity":"","overlay-gradient":""},"tablet":{"background-color":"","background-image":"","background-repeat":"repeat","background-position":"center center","background-size":"auto","background-attachment":"scroll","background-type":"","background-media":"","overlay-type":"","overlay-color":"","overlay-opacity":"","overlay-gradient":""},"mobile":{"background-color":"","background-image":"","background-repeat":"repeat","background-position":"center center","background-size":"auto","background-attachment":"scroll","background-type":"","background-media":"","overlay-type":"","overlay-color":"","overlay-opacity":"","overlay-gradient":""}},"ast-content-background-meta":{"desktop":{"background-color":"var(--ast-global-color-5)","background-image":"","background-repeat":"repeat","background-position":"center center","background-size":"auto","background-attachment":"scroll","background-type":"","background-media":"","overlay-type":"","overlay-color":"","overlay-opacity":"","overlay-gradient":""},"tablet":{"background-color":"var(--ast-global-color-5)","background-image":"","background-repeat":"repeat","background-position":"center center","background-size":"auto","background-attachment":"scroll","background-type":"","background-media":"","overlay-type":"","overlay-color":"","overlay-opacity":"","overlay-gradient":""},"mobile":{"background-color":"var(--ast-global-color-5)","background-image":"","background-repeat":"repeat","background-position":"center center","background-size":"auto","background-attachment":"scroll","background-type":"","background-media":"","overlay-type":"","overlay-color":"","overlay-opacity":"","overlay-gradient":""}}},"product_brand":[],"product_cat":[616],"product_tag":[3194,3238,3216],"class_list":{"0":"post-6658","1":"product","2":"type-product","3":"status-publish","4":"has-post-thumbnail","6":"product_cat-sac-kirpik-uzamasini-tesvik-eden-peptit","7":"product_tag-biotin-tripeptide-1-biotinoyl-tripeptide-1-biotinoyl-tripeptide-1-cas-299157-54-3-promotes-eyelash-tr","8":"product_tag-eyebrow-growth-tr","9":"product_tag-hair-tr","10":"desktop-align-left","11":"tablet-align-left","12":"mobile-align-left","14":"first","15":"instock","16":"shipping-taxable","17":"product-type-simple"},"_links":{"self":[{"href":"https:\/\/puyapeptide.net\/tr\/wp-json\/wp\/v2\/product\/6658","targetHints":{"allow":["GET"]}}],"collection":[{"href":"https:\/\/puyapeptide.net\/tr\/wp-json\/wp\/v2\/product"}],"about":[{"href":"https:\/\/puyapeptide.net\/tr\/wp-json\/wp\/v2\/types\/product"}],"replies":[{"embeddable":true,"href":"https:\/\/puyapeptide.net\/tr\/wp-json\/wp\/v2\/comments?post=6658"}],"wp:featuredmedia":[{"embeddable":true,"href":"https:\/\/puyapeptide.net\/tr\/wp-json\/wp\/v2\/media\/2219"}],"wp:attachment":[{"href":"https:\/\/puyapeptide.net\/tr\/wp-json\/wp\/v2\/media?parent=6658"}],"wp:term":[{"taxonomy":"product_brand","embeddable":true,"href":"https:\/\/puyapeptide.net\/tr\/wp-json\/wp\/v2\/product_brand?post=6658"},{"taxonomy":"product_cat","embeddable":true,"href":"https:\/\/puyapeptide.net\/tr\/wp-json\/wp\/v2\/product_cat?post=6658"},{"taxonomy":"product_tag","embeddable":true,"href":"https:\/\/puyapeptide.net\/tr\/wp-json\/wp\/v2\/product_tag?post=6658"}],"curies":[{"name":"wp","href":"https:\/\/api.w.org\/{rel}","templated":true}]}}