{"id":6661,"date":"2021-12-16T05:41:00","date_gmt":"2021-12-16T10:41:00","guid":{"rendered":"https:\/\/puyapeptide.net\/product\/tetrapeptid-16-ultraviyole-isigini-uv-engeller\/"},"modified":"2021-12-16T05:41:00","modified_gmt":"2021-12-16T10:41:00","slug":"tetrapeptid-16-ultraviyole-isigini-uv-engeller","status":"publish","type":"product","link":"https:\/\/puyapeptide.net\/tr\/product\/tetrapeptid-16-ultraviyole-isigini-uv-engeller\/","title":{"rendered":"Tetrapeptid-16 ultraviyole \u0131\u015f\u0131\u011f\u0131n\u0131 (UV) engeller"},"content":{"rendered":"<h2><strong>Tetrapeptid-16 ultraviyole \u0131\u015f\u0131\u011f\u0131n\u0131 (UV) engeller<\/strong><\/h2>\n<p>\u00dcr\u00fcn Ad\u0131: Tetrapeptid-16<br \/>\nKaynak: sentetik<br \/>\nS\u0131n\u0131f: kozmetik<br \/>\nForm\u00fclasyon: referans\u0131n\u0131z i\u00e7in mevcuttur, l\u00fctfen bizimle ileti\u015fime ge\u00e7in.<br \/>\nMSDS ve COA: referans\u0131n\u0131z i\u00e7in mevcuttur, l\u00fctfen bizimle ileti\u015fime ge\u00e7in.<br \/>\nTeslimat: hemen stoktan<br \/>\nKoku: karakteristik<br \/>\nKararl\u0131l\u0131k: kararl\u0131<br \/>\n\u00c7\u00f6z\u00fcn\u00fcrl\u00fck: suda \u00e7\u00f6z\u00fcn\u00fcr<br \/>\nKapasite: ayda 800g<br \/>\nG\u00f6r\u00fcn\u00fcm: beyaz toz<\/p>\n<p>Bu Tetrapeptid-16, cilt epitel h\u00fccreleri ve fibroblastlar taraf\u0131ndan pro-inflamatuar sitokin interl\u00f6kin-6&#39;n\u0131n (IL-6) ultraviyole \u0131\u015f\u0131k (UV) ile ind\u00fcklenen ekspresyonunu inhibe eder. Ayr\u0131ca tetrapeptitler, UV \u0131\u015f\u0131nlar\u0131na do\u011frudan maruz kalma veya UV ile muamele edilmi\u015f keratinositler taraf\u0131ndan \u015fartland\u0131r\u0131lm\u0131\u015f ortam ile muamele ile ind\u00fcklenen deri fibroblastlar\u0131 taraf\u0131ndan matris metaloproteinaz-1&#39;in (MMP-1) yukar\u0131 reg\u00fclasyonunu bast\u0131r\u0131r. Tetrapeptidlerin k\u00fc\u00e7\u00fck boyutu ve biyo-aktivitesi, onlar\u0131 enflamatuar cilt bozukluklar\u0131na y\u00f6nelik terapilerde ve cilt bak\u0131m \u00fcr\u00fcnlerinde aktif bile\u015fenler olarak kullan\u0131m i\u00e7in uygun hale getirir.<\/p>\n","protected":false},"excerpt":{"rendered":"<p>\u00dcr\u00fcn Ad\u0131: Tetrapeptid-16<br \/>\nKaynak: sentetik<br \/>\nS\u0131n\u0131f: kozmetik<br \/>\n\u00c7\u00f6z\u00fcn\u00fcrl\u00fck: suda \u00e7\u00f6z\u00fcn\u00fcr<br \/>\nG\u00f6r\u00fcn\u00fcm: beyaz toz<\/p>\n","protected":false},"featured_media":2114,"comment_status":"open","ping_status":"closed","template":"","meta":{"om_disable_all_campaigns":false,"_monsterinsights_skip_tracking":false,"_monsterinsights_sitenote_active":false,"_monsterinsights_sitenote_note":"","_monsterinsights_sitenote_category":0,"site-sidebar-layout":"default","site-content-layout":"default","ast-site-content-layout":"default","site-content-style":"default","site-sidebar-style":"default","ast-global-header-display":"","ast-banner-title-visibility":"","ast-main-header-display":"","ast-hfb-above-header-display":"","ast-hfb-below-header-display":"","ast-hfb-mobile-header-display":"","site-post-title":"","ast-breadcrumbs-content":"","ast-featured-img":"","footer-sml-layout":"","ast-disable-related-posts":"","theme-transparent-header-meta":"default","adv-header-id-meta":"","stick-header-meta":"","header-above-stick-meta":"","header-main-stick-meta":"","header-below-stick-meta":"","astra-migrate-meta-layouts":"default","ast-page-background-enabled":"default","ast-page-background-meta":{"desktop":{"background-color":"","background-image":"","background-repeat":"repeat","background-position":"center center","background-size":"auto","background-attachment":"scroll","background-type":"","background-media":"","overlay-type":"","overlay-color":"","overlay-opacity":"","overlay-gradient":""},"tablet":{"background-color":"","background-image":"","background-repeat":"repeat","background-position":"center center","background-size":"auto","background-attachment":"scroll","background-type":"","background-media":"","overlay-type":"","overlay-color":"","overlay-opacity":"","overlay-gradient":""},"mobile":{"background-color":"","background-image":"","background-repeat":"repeat","background-position":"center center","background-size":"auto","background-attachment":"scroll","background-type":"","background-media":"","overlay-type":"","overlay-color":"","overlay-opacity":"","overlay-gradient":""}},"ast-content-background-meta":{"desktop":{"background-color":"var(--ast-global-color-5)","background-image":"","background-repeat":"repeat","background-position":"center center","background-size":"auto","background-attachment":"scroll","background-type":"","background-media":"","overlay-type":"","overlay-color":"","overlay-opacity":"","overlay-gradient":""},"tablet":{"background-color":"var(--ast-global-color-5)","background-image":"","background-repeat":"repeat","background-position":"center center","background-size":"auto","background-attachment":"scroll","background-type":"","background-media":"","overlay-type":"","overlay-color":"","overlay-opacity":"","overlay-gradient":""},"mobile":{"background-color":"var(--ast-global-color-5)","background-image":"","background-repeat":"repeat","background-position":"center center","background-size":"auto","background-attachment":"scroll","background-type":"","background-media":"","overlay-type":"","overlay-color":"","overlay-opacity":"","overlay-gradient":""}}},"product_brand":[],"product_cat":[596],"product_tag":[3160],"class_list":{"0":"post-6661","1":"product","2":"type-product","3":"status-publish","4":"has-post-thumbnail","6":"product_cat-goz-bakim-peptidi","7":"product_tag-tetrapeptide-16-inhibit-ultraviolet-light-uv-tr","8":"desktop-align-left","9":"tablet-align-left","10":"mobile-align-left","12":"first","13":"instock","14":"shipping-taxable","15":"product-type-simple"},"_links":{"self":[{"href":"https:\/\/puyapeptide.net\/tr\/wp-json\/wp\/v2\/product\/6661","targetHints":{"allow":["GET"]}}],"collection":[{"href":"https:\/\/puyapeptide.net\/tr\/wp-json\/wp\/v2\/product"}],"about":[{"href":"https:\/\/puyapeptide.net\/tr\/wp-json\/wp\/v2\/types\/product"}],"replies":[{"embeddable":true,"href":"https:\/\/puyapeptide.net\/tr\/wp-json\/wp\/v2\/comments?post=6661"}],"wp:featuredmedia":[{"embeddable":true,"href":"https:\/\/puyapeptide.net\/tr\/wp-json\/wp\/v2\/media\/2114"}],"wp:attachment":[{"href":"https:\/\/puyapeptide.net\/tr\/wp-json\/wp\/v2\/media?parent=6661"}],"wp:term":[{"taxonomy":"product_brand","embeddable":true,"href":"https:\/\/puyapeptide.net\/tr\/wp-json\/wp\/v2\/product_brand?post=6661"},{"taxonomy":"product_cat","embeddable":true,"href":"https:\/\/puyapeptide.net\/tr\/wp-json\/wp\/v2\/product_cat?post=6661"},{"taxonomy":"product_tag","embeddable":true,"href":"https:\/\/puyapeptide.net\/tr\/wp-json\/wp\/v2\/product_tag?post=6661"}],"curies":[{"name":"wp","href":"https:\/\/api.w.org\/{rel}","templated":true}]}}