{"id":6687,"date":"2021-12-16T05:41:52","date_gmt":"2021-12-16T10:41:52","guid":{"rendered":"https:\/\/puyapeptide.net\/product\/tetrapeptid-14-yaslanma-karsiti-lifting-ve-kirisiklik-karsiti-etkiler\/"},"modified":"2021-12-16T05:41:52","modified_gmt":"2021-12-16T10:41:52","slug":"tetrapeptid-14-yaslanma-karsiti-lifting-ve-kirisiklik-karsiti-etkiler","status":"publish","type":"product","link":"https:\/\/puyapeptide.net\/tr\/product\/tetrapeptid-14-yaslanma-karsiti-lifting-ve-kirisiklik-karsiti-etkiler\/","title":{"rendered":"Tetrapeptid-14 Ya\u015flanma kar\u015f\u0131t\u0131, lifting ve k\u0131r\u0131\u015f\u0131kl\u0131k kar\u015f\u0131t\u0131 etkiler"},"content":{"rendered":"<h2><strong>Tetrapeptid-14 Ya\u015flanma kar\u015f\u0131t\u0131, lifting ve k\u0131r\u0131\u015f\u0131kl\u0131k kar\u015f\u0131t\u0131 etkiler<\/strong><\/h2>\n<p>\u00dcr\u00fcn Ad\u0131: Tetrapeptid-14<br \/>\nKaynak: sentetik<br \/>\nS\u0131n\u0131f: kozmetik<br \/>\nForm\u00fclasyon: referans\u0131n\u0131z i\u00e7in mevcuttur, l\u00fctfen bizimle ileti\u015fime ge\u00e7in.<br \/>\nMSDS ve COA: referans\u0131n\u0131z i\u00e7in mevcuttur, l\u00fctfen bizimle ileti\u015fime ge\u00e7in.<br \/>\nTeslimat: hemen stoktan<br \/>\nKoku: karakteristik<br \/>\nKararl\u0131l\u0131k: kararl\u0131<br \/>\n\u00c7\u00f6z\u00fcn\u00fcrl\u00fck: suda \u00e7\u00f6z\u00fcn\u00fcr<br \/>\nKapasite: ayda 600g<br \/>\nG\u00f6r\u00fcn\u00fc\u015f: beyaz toz<\/p>\n<p>Tetrapeptid -14, rosacea veya hafif g\u00fcne\u015fe maruz kalma ile ili\u015fkili k\u0131zar\u0131kl\u0131\u011f\u0131 hafifletmek i\u00e7in kozmetik tedavilerde kullan\u0131labilen spesifik bir peptit sekans\u0131d\u0131r<br \/>\n-\u0130nflamasyonu \u00f6nlemek i\u00e7in interl\u00f6kin-6&#39;y\u0131 (IL-6) a\u015fa\u011f\u0131 reg\u00fcle ederek etki eder. d\u00f6n\u00fc\u015f, parlak ve e\u015fit bir cildin net etkisi ile MMP-1 hasar\u0131n\u0131 azalt\u0131r<br \/>\ng\u00f6r\u00fcn\u00fcm\u00fcn<br \/>\n-Ayr\u0131ca,<br \/>\ngenel cilt sa\u011fl\u0131\u011f\u0131n\u0131 iyile\u015ftirmenin yan\u0131 s\u0131ra iltihap sonras\u0131 pigmentasyon olas\u0131l\u0131\u011f\u0131n\u0131 da azalt\u0131r<\/p>\n<p> <strong>Tetrapeptid- Kullan\u0131m Alanlar\u0131- 14<\/strong><br \/>\nTetrapeptid-14, k\u0131rm\u0131z\u0131l\u0131\u011f\u0131 ve iltihaplanmay\u0131 azaltan bir peptidi \u00e7ay\u0131n antioksidan \u00f6zellikleri, b&#39;nin sakinle\u015ftirici \u00f6zellikleri ile birle\u015ftiren benzersiz bir da\u011f\u0131t\u0131m matrisidir. oswellia serrata ve bal\u0131n yat\u0131\u015ft\u0131r\u0131c\u0131 kalitesi.<\/p>\n","protected":false},"excerpt":{"rendered":"<p>\u00dcr\u00fcn Ad\u0131: Tetrapeptid-14<br \/>\nKaynak: sentetik<br \/>\nS\u0131n\u0131f: kozmetik<br \/>\nTeslim: stoktan hemen<br \/>\nKoku: karakteristik<br \/>\nG\u00f6r\u00fcn\u00fcm: beyaz toz<\/p>\n","protected":false},"featured_media":2177,"comment_status":"open","ping_status":"closed","template":"","meta":{"om_disable_all_campaigns":false,"_monsterinsights_skip_tracking":false,"_monsterinsights_sitenote_active":false,"_monsterinsights_sitenote_note":"","_monsterinsights_sitenote_category":0,"site-sidebar-layout":"default","site-content-layout":"default","ast-site-content-layout":"default","site-content-style":"default","site-sidebar-style":"default","ast-global-header-display":"","ast-banner-title-visibility":"","ast-main-header-display":"","ast-hfb-above-header-display":"","ast-hfb-below-header-display":"","ast-hfb-mobile-header-display":"","site-post-title":"","ast-breadcrumbs-content":"","ast-featured-img":"","footer-sml-layout":"","ast-disable-related-posts":"","theme-transparent-header-meta":"default","adv-header-id-meta":"","stick-header-meta":"","header-above-stick-meta":"","header-main-stick-meta":"","header-below-stick-meta":"","astra-migrate-meta-layouts":"default","ast-page-background-enabled":"default","ast-page-background-meta":{"desktop":{"background-color":"","background-image":"","background-repeat":"repeat","background-position":"center center","background-size":"auto","background-attachment":"scroll","background-type":"","background-media":"","overlay-type":"","overlay-color":"","overlay-opacity":"","overlay-gradient":""},"tablet":{"background-color":"","background-image":"","background-repeat":"repeat","background-position":"center center","background-size":"auto","background-attachment":"scroll","background-type":"","background-media":"","overlay-type":"","overlay-color":"","overlay-opacity":"","overlay-gradient":""},"mobile":{"background-color":"","background-image":"","background-repeat":"repeat","background-position":"center center","background-size":"auto","background-attachment":"scroll","background-type":"","background-media":"","overlay-type":"","overlay-color":"","overlay-opacity":"","overlay-gradient":""}},"ast-content-background-meta":{"desktop":{"background-color":"var(--ast-global-color-5)","background-image":"","background-repeat":"repeat","background-position":"center center","background-size":"auto","background-attachment":"scroll","background-type":"","background-media":"","overlay-type":"","overlay-color":"","overlay-opacity":"","overlay-gradient":""},"tablet":{"background-color":"var(--ast-global-color-5)","background-image":"","background-repeat":"repeat","background-position":"center center","background-size":"auto","background-attachment":"scroll","background-type":"","background-media":"","overlay-type":"","overlay-color":"","overlay-opacity":"","overlay-gradient":""},"mobile":{"background-color":"var(--ast-global-color-5)","background-image":"","background-repeat":"repeat","background-position":"center center","background-size":"auto","background-attachment":"scroll","background-type":"","background-media":"","overlay-type":"","overlay-color":"","overlay-opacity":"","overlay-gradient":""}}},"product_brand":[],"product_cat":[596],"product_tag":[3144,3122],"class_list":{"0":"post-6687","1":"product","2":"type-product","3":"status-publish","4":"has-post-thumbnail","6":"product_cat-goz-bakim-peptidi","7":"product_tag-lifting-and-anti-wrinkle-effects-tr","8":"product_tag-tetrapeptide-14-anti-aging-tr","9":"desktop-align-left","10":"tablet-align-left","11":"mobile-align-left","13":"first","14":"instock","15":"shipping-taxable","16":"product-type-simple"},"_links":{"self":[{"href":"https:\/\/puyapeptide.net\/tr\/wp-json\/wp\/v2\/product\/6687","targetHints":{"allow":["GET"]}}],"collection":[{"href":"https:\/\/puyapeptide.net\/tr\/wp-json\/wp\/v2\/product"}],"about":[{"href":"https:\/\/puyapeptide.net\/tr\/wp-json\/wp\/v2\/types\/product"}],"replies":[{"embeddable":true,"href":"https:\/\/puyapeptide.net\/tr\/wp-json\/wp\/v2\/comments?post=6687"}],"wp:featuredmedia":[{"embeddable":true,"href":"https:\/\/puyapeptide.net\/tr\/wp-json\/wp\/v2\/media\/2177"}],"wp:attachment":[{"href":"https:\/\/puyapeptide.net\/tr\/wp-json\/wp\/v2\/media?parent=6687"}],"wp:term":[{"taxonomy":"product_brand","embeddable":true,"href":"https:\/\/puyapeptide.net\/tr\/wp-json\/wp\/v2\/product_brand?post=6687"},{"taxonomy":"product_cat","embeddable":true,"href":"https:\/\/puyapeptide.net\/tr\/wp-json\/wp\/v2\/product_cat?post=6687"},{"taxonomy":"product_tag","embeddable":true,"href":"https:\/\/puyapeptide.net\/tr\/wp-json\/wp\/v2\/product_tag?post=6687"}],"curies":[{"name":"wp","href":"https:\/\/api.w.org\/{rel}","templated":true}]}}