{"id":6717,"date":"2021-12-16T05:42:43","date_gmt":"2021-12-16T10:42:43","guid":{"rendered":"https:\/\/puyapeptide.net\/product\/dipeptid-2-eyeliss-h-val-trp-oh-cas-24587-37-9-goz-torbalarinin-cikarilmasi-ve-kirisikliklarin-duzeltilmesi-icin\/"},"modified":"2021-12-16T05:42:43","modified_gmt":"2021-12-16T10:42:43","slug":"dipeptid-2-eyeliss-h-val-trp-oh-cas-24587-37-9-goz-torbalarinin-cikarilmasi-ve-kirisikliklarin-duzeltilmesi-icin","status":"publish","type":"product","link":"https:\/\/puyapeptide.net\/tr\/product\/dipeptid-2-eyeliss-h-val-trp-oh-cas-24587-37-9-goz-torbalarinin-cikarilmasi-ve-kirisikliklarin-duzeltilmesi-icin\/","title":{"rendered":"Dipeptid-2\/ Eyeliss\/ H-VAL-TRP-OH CAS 24587-37-9 G\u00f6z torbalar\u0131n\u0131n \u00e7\u0131kar\u0131lmas\u0131 ve k\u0131r\u0131\u015f\u0131kl\u0131klar\u0131n d\u00fczeltilmesi i\u00e7in"},"content":{"rendered":"<h2><strong>Dipeptid-2\/ Eyeliss\/ H-VAL-TRP-OH CAS 24587-37-9 G\u00f6z torbalar\u0131n\u0131n \u00e7\u0131kar\u0131lmas\u0131 ve k\u0131r\u0131\u015f\u0131kl\u0131klar\u0131n d\u00fczeltilmesi i\u00e7in<\/strong><\/h2>\n<p>\u00dcr\u00fcn Ad\u0131: Dipeptid-2\/ Eyeliss\/ H-VAL-TRP-OH<br \/>\nE\u015f anlaml\u0131lar: L-VALYL-L-TRYPTOPHAN;H-VAL-TRP-OH;L-Valyl-L-tirozin;Dipeptid Val -Try;VW-2;eyeliss;VW;Dipeptid-2 \/ Dipeptid Val-Try<br \/>\nCAS: 24587-37-9<br \/>\nMF: C16H21N3O3<br \/>\nMW: 303.36<br \/>\nEINECS:<br \/>\n\u00dcr\u00fcn Kategoriler: Amino Asit T\u00fcrevleri<br \/>\nMol Dosya: 24587-37-9.mol<\/p>\n<p>Dipeptid-2 iki amino asitten olu\u015fan bir peptittir: valin ve triptofan.\u00d6rne\u011fin, \u00e7e\u015fitli peptitler yap\u0131l\u0131r fizyolojik s\u00fcre\u00e7leri kontrol ettikleri v\u00fccut taraf\u0131ndan. Bunu enzim olarak i\u015flev g\u00f6rerek veya h\u00fccrelerin i\u015flevini de\u011fi\u015ftirerek yaparlar.<\/p>\n<p> <strong>Dipeptid-2\/ Eyeliss\/ H-VAL-TRP-OH CAS 24587-37-9 <\/p>\n<p> \u0130\u015flevi ve Uygulamas\u0131<\/strong> Dipeptit-2, g\u00f6z alt\u0131ndaki \u015fi\u015flikleri ve torbalar\u0131 azaltmaya yard\u0131mc\u0131 olur. G\u00f6zlerin \u015fi\u015fmesi, zay\u0131f drenaj, k\u0131r\u0131lgan k\u0131lcal damarlar ve elastikiyet kayb\u0131n\u0131n neden oldu\u011fu s\u0131v\u0131 birikmesinden kaynaklan\u0131r. S\u0131v\u0131 \u00e7evreleyen dokulara s\u0131zar ve &quot;g\u00f6z torbalar\u0131&quot; olu\u015fturur.<\/p>\n<p>Drenaj\u0131 iyile\u015ftirerek, k\u0131lcal k\u0131r\u0131lganl\u0131\u011f\u0131 azaltarak ve cilt s\u0131k\u0131l\u0131\u011f\u0131n\u0131 ve elastikiyetini art\u0131r\u0131rken tahri\u015fi ve cilt gev\u015femesini azaltarak \u00fc\u00e7 ko\u015fulu da hedefler.<\/p>\n<p>1 . g\u00f6z alt\u0131 torbalar\u0131ndan h\u0131zl\u0131 bir \u015fekilde kurtulun, dipeptid-2&#39;nin drenaj etkisi, g\u00f6z alt\u0131 torbalar\u0131n\u0131 15 g\u00fcn i\u00e7inde azaltma etkisine ula\u015fabilir.<\/p>\n<p>2. g\u00f6z alt\u0131 torbalar\u0131n\u0131 gidermede ideal etkiyi elde etmek i\u00e7in losyonlar, jeller, serumlar vb. gibi kozmetik form\u00fclasyonlara eklenir.<\/p>\n<p>3. K\u0131r\u0131\u015f\u0131kl\u0131klar\u0131 yumu\u015fatmak i\u00e7in cildi s\u0131k\u0131la\u015ft\u0131r\u0131r ve d\u00fczenlerken g\u00f6z alt\u0131 \u015fi\u015fliklerini \u00f6nlemeye ve gidermeye yard\u0131mc\u0131 olur.<\/p>\n","protected":false},"excerpt":{"rendered":"<p>\u00dcr\u00fcn Ad\u0131: Dipeptid-2\/ Eyeliss\/ H-VAL-TRP-OH<br \/>\nCAS: 24587-37-9<br \/>\nMF: C16H21N3O3<br \/>\nMW: 303.36<br \/>\nMol Dosya: 24587-37-9. mol<\/p>\n","protected":false},"featured_media":2135,"comment_status":"open","ping_status":"closed","template":"","meta":{"om_disable_all_campaigns":false,"_monsterinsights_skip_tracking":false,"_monsterinsights_sitenote_active":false,"_monsterinsights_sitenote_note":"","_monsterinsights_sitenote_category":0,"site-sidebar-layout":"default","site-content-layout":"default","ast-site-content-layout":"default","site-content-style":"default","site-sidebar-style":"default","ast-global-header-display":"","ast-banner-title-visibility":"","ast-main-header-display":"","ast-hfb-above-header-display":"","ast-hfb-below-header-display":"","ast-hfb-mobile-header-display":"","site-post-title":"","ast-breadcrumbs-content":"","ast-featured-img":"","footer-sml-layout":"","ast-disable-related-posts":"","theme-transparent-header-meta":"default","adv-header-id-meta":"","stick-header-meta":"","header-above-stick-meta":"","header-main-stick-meta":"","header-below-stick-meta":"","astra-migrate-meta-layouts":"default","ast-page-background-enabled":"default","ast-page-background-meta":{"desktop":{"background-color":"","background-image":"","background-repeat":"repeat","background-position":"center center","background-size":"auto","background-attachment":"scroll","background-type":"","background-media":"","overlay-type":"","overlay-color":"","overlay-opacity":"","overlay-gradient":""},"tablet":{"background-color":"","background-image":"","background-repeat":"repeat","background-position":"center center","background-size":"auto","background-attachment":"scroll","background-type":"","background-media":"","overlay-type":"","overlay-color":"","overlay-opacity":"","overlay-gradient":""},"mobile":{"background-color":"","background-image":"","background-repeat":"repeat","background-position":"center center","background-size":"auto","background-attachment":"scroll","background-type":"","background-media":"","overlay-type":"","overlay-color":"","overlay-opacity":"","overlay-gradient":""}},"ast-content-background-meta":{"desktop":{"background-color":"var(--ast-global-color-5)","background-image":"","background-repeat":"repeat","background-position":"center center","background-size":"auto","background-attachment":"scroll","background-type":"","background-media":"","overlay-type":"","overlay-color":"","overlay-opacity":"","overlay-gradient":""},"tablet":{"background-color":"var(--ast-global-color-5)","background-image":"","background-repeat":"repeat","background-position":"center center","background-size":"auto","background-attachment":"scroll","background-type":"","background-media":"","overlay-type":"","overlay-color":"","overlay-opacity":"","overlay-gradient":""},"mobile":{"background-color":"var(--ast-global-color-5)","background-image":"","background-repeat":"repeat","background-position":"center center","background-size":"auto","background-attachment":"scroll","background-type":"","background-media":"","overlay-type":"","overlay-color":"","overlay-opacity":"","overlay-gradient":""}}},"product_brand":[],"product_cat":[596],"product_tag":[],"class_list":{"0":"post-6717","1":"product","2":"type-product","3":"status-publish","4":"has-post-thumbnail","6":"product_cat-goz-bakim-peptidi","7":"desktop-align-left","8":"tablet-align-left","9":"mobile-align-left","11":"first","12":"instock","13":"shipping-taxable","14":"product-type-simple"},"_links":{"self":[{"href":"https:\/\/puyapeptide.net\/tr\/wp-json\/wp\/v2\/product\/6717","targetHints":{"allow":["GET"]}}],"collection":[{"href":"https:\/\/puyapeptide.net\/tr\/wp-json\/wp\/v2\/product"}],"about":[{"href":"https:\/\/puyapeptide.net\/tr\/wp-json\/wp\/v2\/types\/product"}],"replies":[{"embeddable":true,"href":"https:\/\/puyapeptide.net\/tr\/wp-json\/wp\/v2\/comments?post=6717"}],"wp:featuredmedia":[{"embeddable":true,"href":"https:\/\/puyapeptide.net\/tr\/wp-json\/wp\/v2\/media\/2135"}],"wp:attachment":[{"href":"https:\/\/puyapeptide.net\/tr\/wp-json\/wp\/v2\/media?parent=6717"}],"wp:term":[{"taxonomy":"product_brand","embeddable":true,"href":"https:\/\/puyapeptide.net\/tr\/wp-json\/wp\/v2\/product_brand?post=6717"},{"taxonomy":"product_cat","embeddable":true,"href":"https:\/\/puyapeptide.net\/tr\/wp-json\/wp\/v2\/product_cat?post=6717"},{"taxonomy":"product_tag","embeddable":true,"href":"https:\/\/puyapeptide.net\/tr\/wp-json\/wp\/v2\/product_tag?post=6717"}],"curies":[{"name":"wp","href":"https:\/\/api.w.org\/{rel}","templated":true}]}}