{"id":6740,"date":"2021-12-16T06:02:43","date_gmt":"2021-12-16T11:02:43","guid":{"rendered":"https:\/\/puyapeptide.net\/product\/asetil-tetrapeptid-5-eyeseryl-cas-820959-17-9-goz-siskinligini-azaltmaya-yardimci-olabilir\/"},"modified":"2021-12-16T06:02:43","modified_gmt":"2021-12-16T11:02:43","slug":"asetil-tetrapeptid-5-eyeseryl-cas-820959-17-9-goz-siskinligini-azaltmaya-yardimci-olabilir","status":"publish","type":"product","link":"https:\/\/puyapeptide.net\/tr\/product\/asetil-tetrapeptid-5-eyeseryl-cas-820959-17-9-goz-siskinligini-azaltmaya-yardimci-olabilir\/","title":{"rendered":"Asetil tetrapeptid-5\/ Eyeseryl CAS 820959-17-9 g\u00f6z \u015fi\u015fkinli\u011fini azaltmaya yard\u0131mc\u0131 olabilir"},"content":{"rendered":"<h2><strong>Asetil tetrapeptid-5\/ Eyeseryl CAS 820959-17-9 g\u00f6z \u015fi\u015fkinli\u011fini azaltmaya yard\u0131mc\u0131 olabilir<\/strong><\/h2>\n<p>\u00dcr\u00fcn Ad\u0131: Asetil tetrapeptid-5\/ Eyeseryl<br \/>\nE\u015f Anlamlar\u0131: (2S)-2-[[(2S)-2-[[(2S)-2-(3-asetamidopropanoylamino)-3-(1H-) imidazol-5-il)propanoil]amino]-3-hidroksipropanoil]amino]-3-(1H-imidazol-5-il)propanoik asit;N-Asetil-beta-alanil-L-histidil-L-seril-L- histidin;Asetil tetrapeptid-5;Asetil Tetrapeptid;Depuffin\/Asetil Tetrapeptid-5;Asetil Tetrapeptid-5\/eyeseril;Depuffin;tetrapeptid<br \/>\nCAS: 820959-17-9<br \/>\nMF: C20H28N8O7<br \/>\nMW: 492.49&lt; &amp;&gt;EINECS: 1312995-182-4<br \/>\n\u00dcr\u00fcn Kategorileri: G\u00dcZELL\u0130K PEPT\u0130TLER\u0130<br \/>\nMol Dosya: 820959-17-9.mol<\/p>\n<p>Asetil tetrapeptid-5\/ Eyeseryl, \u00f6dem \u00f6nleyici aktif bir peptittir G\u00f6z torbalar\u0131ndan kurtulma, g\u00f6z torbalar\u0131 ve koyu halkalardan kurtulma, \u00f6demle m\u00fccadele, anti-glikosilasyon ve \u00f6dem tipi g\u00f6z torbalar\u0131n\u0131n semptomlar\u0131n\u0131 \u00f6nemli \u00f6l\u00e7\u00fcde hafifletme yetene\u011finde yayg\u0131n olarak kullan\u0131l\u0131r. Eye Silk Amino Peptide, g\u00f6z \u015fi\u015fkinli\u011fini azaltmaya ve cilt elastikiyetinin yan\u0131 s\u0131ra genel p\u00fcr\u00fczs\u00fczl\u00fc\u011f\u00fc iyile\u015ftirmeye yard\u0131mc\u0131 olabilecek nemlendirici bir Chemicalbook ajan\u0131 veya nem emici ajan olarak kabul edilir. Bu bile\u015fi\u011fin higroskopik \u00f6zelliklerini cildin derinliklerinden cildin en d\u0131\u015f katman\u0131na (stratum corneum) \u00e7ekerek \u015fi\u015fkinli\u011fi azaltmak i\u00e7in kullan\u0131r.<\/p>\n<p>Asetil Tetrapeptid-5 nemlendirici veya higroskopik bir madde olarak kabul edilir, g\u00f6z \u015fi\u015fkinli\u011fini azaltmaya, cilt elastikiyetini ve genel p\u00fcr\u00fczs\u00fczl\u00fc\u011f\u00fc iyile\u015ftirmeye yard\u0131mc\u0131 olabilir. Cildin derin k\u0131sm\u0131ndan cildin en d\u0131\u015f tabakas\u0131na (stratum corneum) kadar nemi emmek i\u00e7in bu bile\u015fi\u011fin higroskopikli\u011fini kullan\u0131r, b\u00f6ylece \u015fi\u015fkinli\u011fi azalt\u0131r. Nemlendirme i\u015flevi, kuru cildi tedavi etmek i\u00e7in etkin bir \u015fekilde kullan\u0131lmas\u0131n\u0131 sa\u011flar.<\/p>\n<p> <strong>Asetil Tetrapeptid-5&#39;in \u0130\u015flevi CAS 820959-17-9<\/strong><br \/>\n1. Anjiyotensin I d\u00f6n\u00fc\u015ft\u00fcr\u00fcc\u00fc enzimi<br \/>\n2 inhibe ederek g\u00f6z cildinin mikrosirk\u00fclasyonunu iyile\u015ftirin. SOD aktivitesini artt\u0131r\u0131n ve glikozilasyonunu inhibe edin<br \/>\n3. Kan damarlar\u0131n\u0131n ge\u00e7irgenli\u011fini azalt\u0131n ve su eks\u00fcdasyonunu azalt\u0131n<\/p>\n","protected":false},"excerpt":{"rendered":"<p>\u00dcr\u00fcn Ad\u0131: Asetil tetrapeptid-5\/ Eyeseryl<br \/>\nCAS: 820959-17-9<br \/>\nMF: C20H28N8O7<br \/>\nMW: 492.49<br \/>\nEINECS: 1312995-182-4<br \/>\nMol Dosyas\u0131: 820959-17 -9.mol<\/p>\n","protected":false},"featured_media":2219,"comment_status":"open","ping_status":"closed","template":"","meta":{"om_disable_all_campaigns":false,"_monsterinsights_skip_tracking":false,"_monsterinsights_sitenote_active":false,"_monsterinsights_sitenote_note":"","_monsterinsights_sitenote_category":0,"site-sidebar-layout":"default","site-content-layout":"default","ast-site-content-layout":"default","site-content-style":"default","site-sidebar-style":"default","ast-global-header-display":"","ast-banner-title-visibility":"","ast-main-header-display":"","ast-hfb-above-header-display":"","ast-hfb-below-header-display":"","ast-hfb-mobile-header-display":"","site-post-title":"","ast-breadcrumbs-content":"","ast-featured-img":"","footer-sml-layout":"","ast-disable-related-posts":"","theme-transparent-header-meta":"default","adv-header-id-meta":"","stick-header-meta":"","header-above-stick-meta":"","header-main-stick-meta":"","header-below-stick-meta":"","astra-migrate-meta-layouts":"default","ast-page-background-enabled":"default","ast-page-background-meta":{"desktop":{"background-color":"","background-image":"","background-repeat":"repeat","background-position":"center center","background-size":"auto","background-attachment":"scroll","background-type":"","background-media":"","overlay-type":"","overlay-color":"","overlay-opacity":"","overlay-gradient":""},"tablet":{"background-color":"","background-image":"","background-repeat":"repeat","background-position":"center center","background-size":"auto","background-attachment":"scroll","background-type":"","background-media":"","overlay-type":"","overlay-color":"","overlay-opacity":"","overlay-gradient":""},"mobile":{"background-color":"","background-image":"","background-repeat":"repeat","background-position":"center center","background-size":"auto","background-attachment":"scroll","background-type":"","background-media":"","overlay-type":"","overlay-color":"","overlay-opacity":"","overlay-gradient":""}},"ast-content-background-meta":{"desktop":{"background-color":"var(--ast-global-color-5)","background-image":"","background-repeat":"repeat","background-position":"center center","background-size":"auto","background-attachment":"scroll","background-type":"","background-media":"","overlay-type":"","overlay-color":"","overlay-opacity":"","overlay-gradient":""},"tablet":{"background-color":"var(--ast-global-color-5)","background-image":"","background-repeat":"repeat","background-position":"center center","background-size":"auto","background-attachment":"scroll","background-type":"","background-media":"","overlay-type":"","overlay-color":"","overlay-opacity":"","overlay-gradient":""},"mobile":{"background-color":"var(--ast-global-color-5)","background-image":"","background-repeat":"repeat","background-position":"center center","background-size":"auto","background-attachment":"scroll","background-type":"","background-media":"","overlay-type":"","overlay-color":"","overlay-opacity":"","overlay-gradient":""}}},"product_brand":[],"product_cat":[596],"product_tag":[3105],"class_list":{"0":"post-6740","1":"product","2":"type-product","3":"status-publish","4":"has-post-thumbnail","6":"product_cat-goz-bakim-peptidi","7":"product_tag-acetyl-tetrapeptide-5-eyeseryl-cas-820959-17-9-can-help-reduce-eye-puffiness-tr","8":"desktop-align-left","9":"tablet-align-left","10":"mobile-align-left","12":"first","13":"instock","14":"shipping-taxable","15":"product-type-simple"},"_links":{"self":[{"href":"https:\/\/puyapeptide.net\/tr\/wp-json\/wp\/v2\/product\/6740","targetHints":{"allow":["GET"]}}],"collection":[{"href":"https:\/\/puyapeptide.net\/tr\/wp-json\/wp\/v2\/product"}],"about":[{"href":"https:\/\/puyapeptide.net\/tr\/wp-json\/wp\/v2\/types\/product"}],"replies":[{"embeddable":true,"href":"https:\/\/puyapeptide.net\/tr\/wp-json\/wp\/v2\/comments?post=6740"}],"wp:featuredmedia":[{"embeddable":true,"href":"https:\/\/puyapeptide.net\/tr\/wp-json\/wp\/v2\/media\/2219"}],"wp:attachment":[{"href":"https:\/\/puyapeptide.net\/tr\/wp-json\/wp\/v2\/media?parent=6740"}],"wp:term":[{"taxonomy":"product_brand","embeddable":true,"href":"https:\/\/puyapeptide.net\/tr\/wp-json\/wp\/v2\/product_brand?post=6740"},{"taxonomy":"product_cat","embeddable":true,"href":"https:\/\/puyapeptide.net\/tr\/wp-json\/wp\/v2\/product_cat?post=6740"},{"taxonomy":"product_tag","embeddable":true,"href":"https:\/\/puyapeptide.net\/tr\/wp-json\/wp\/v2\/product_tag?post=6740"}],"curies":[{"name":"wp","href":"https:\/\/api.w.org\/{rel}","templated":true}]}}