{"id":6756,"date":"2021-12-16T06:02:49","date_gmt":"2021-12-16T11:02:49","guid":{"rendered":"https:\/\/puyapeptide.net\/product\/oligopeptid-68-cas-1206525-47-4-cilt-aydinlatma-ve-yaslanma-karsiti-icin\/"},"modified":"2021-12-16T06:02:49","modified_gmt":"2021-12-16T11:02:49","slug":"oligopeptid-68-cas-1206525-47-4-cilt-aydinlatma-ve-yaslanma-karsiti-icin","status":"publish","type":"product","link":"https:\/\/puyapeptide.net\/tr\/product\/oligopeptid-68-cas-1206525-47-4-cilt-aydinlatma-ve-yaslanma-karsiti-icin\/","title":{"rendered":"Oligopeptid-68 CAS 1206525-47-4 Cilt Ayd\u0131nlatma ve Ya\u015flanma Kar\u015f\u0131t\u0131 \u0130\u00e7in"},"content":{"rendered":"<h2><strong>Oligopeptid-68 CAS 1206525-47-4 Cilt Ayd\u0131nlatma ve Ya\u015flanma Kar\u015f\u0131t\u0131 \u0130\u00e7in<\/strong><\/h2>\n<p>\u00dcr\u00fcn Ad\u0131: Oligopeptid-68<br \/>\nE\u015f Anlaml\u0131lar\u0131: Glycyl-L-arginylglycyl-L-alpha-aspartil-L-tyrosyl-L-isoleucyl-L-triptophyl-L-seryl-L-leucyl-L-alpha- aspartil-L-threonil-L-glutamin;Oligopeptid-68, beta-beyaz;L-Glutamin, glisil-L-arginilglisil-L-\u03b1-aspartil-L-tirosil-L-izol\u00f6sil-L-triptofil-L-seril- L-leusil-L-a-aspartil-L-threonil-;Oligopeptid-68 CAS 1206525-47-4 Beyazlat\u0131c\u0131 Oligopeptid-68 Toz<br \/>\nCAS: 1206525-47-4<br \/>\nMF: C62H91N17O21<br \/>\nMW: 1410.49<br \/>\nEINECS: 205-358-3<br \/>\n\u00dcr\u00fcn Kategorileri:<br \/>\nMol Dosya: 1206525-47-4.mol<\/p>\n<p>Oligopeptid-68 &#8211; TGF-\u00df agonist peptidinin karma\u015f\u0131k bir kombinasyonudur Mikroftalmi ile ili\u015fkili transkripsiyon fakt\u00f6r\u00fcn\u00fc (MITF) inhibe eden. MITF, melanojenik enzimler, tirozinaz, TRP-1 ve TRP-2&#39;nin ana transkripsiyonel d\u00fczenleyicisidir. Bu peptit, Arbutin ve C vitamininden daha y\u00fcksek aktiviteye sahip oldu\u011fu g\u00f6sterilen \u00f6nemli cilt ayd\u0131nlatmas\u0131n\u0131 ind\u00fckler.<\/p>\n<p> <strong>Oligopeptid-68&#39;in \u0130\u015flevi CAS 1206525-47-4<\/strong> <\/p>\n<p>1. \u00e7illeri beyazlatmak.<br \/>\n2. a\u015f\u0131r\u0131 melanin \u00fcretimini engeller.<br \/>\n3. melanin birikimini azalt\u0131r.<\/p>\n<p> <strong>Oligopeptid-68&#39;in Faydalar\u0131 CAS 1206525-47-4<\/strong><br \/>\n1. \u00c7illeri beyazlatabilir.<br \/>\n2. A\u015f\u0131r\u0131 melanin \u00fcretimini engelleyebilir.<br \/>\n3. Melanin birikimini azaltabilir.<br \/>\nOligopeptid-68&#39;in etki mekanizmas\u0131.<br \/>\nMelanin \u00fcretimini azalt\u0131r ve MSH&#39;yi (melanosit uyar\u0131c\u0131 hormon) inhibe ederek melanin a\u015f\u0131r\u0131 \u00fcretimini \u00f6nler.<\/p>\n<p>Bilim, peptitlerin y\u00f6netimine yard\u0131mc\u0131 olabilece\u011fini kan\u0131tlam\u0131\u015ft\u0131r. Cildinizdeki k\u0131r\u0131\u015f\u0131kl\u0131klar\u0131 giderir ve ya\u015flanma belirtilerini tersine \u00e7evirir.<br \/>\n\u0130nsan cildi \u00e7o\u011funlukla kolajenden olu\u015fur. Kollajen, bir zincir gibi d\u00fczenlenmi\u015f uzun amino asit par\u00e7alar\u0131ndan olu\u015fan bir proteindir. Kolajen, cilt i\u00e7in bir temel ve kal\u0131nl\u0131k sa\u011flar.<br \/>\n30 ya\u015f\u0131n alt\u0131ndaki kad\u0131nlarda bol miktarda kolajen bulunur, bu da p\u00fcr\u00fczs\u00fcz, s\u0131k\u0131 bir cilt ile sonu\u00e7lan\u0131r.<br \/>\nGeri kalan\u0131m\u0131zda daha az kolajen vard\u0131r &#8211; cilt daha ince olma e\u011filimindedir ve daha fazla k\u0131r\u0131\u015f\u0131kl\u0131\u011f\u0131 ortaya \u00e7\u0131kar\u0131r.&lt;&amp; &gt;Kolajen par\u00e7aland\u0131\u011f\u0131nda, k\u0131sa amino asit segmentleri olu\u015fur. Bunlar peptit olarak bilinen k\u00fc\u00e7\u00fck proteinler ve aktif molek\u00fcllerdir. Cilt bak\u0131m\u0131ndaki peptitler, \u00f6nemli ya\u015flanma kar\u015f\u0131t\u0131 faydalar sa\u011flayabilir.<\/p>\n","protected":false},"excerpt":{"rendered":"<p>\u00dcr\u00fcn Ad\u0131: Oligopeptid-68<br \/>\nCAS: 1206525-47-4<br \/>\nMF: C62H91N17O21<br \/>\nMW: 1410.49<br \/>\nEINECS: 205-358-3<br \/>\nMol Dosyas\u0131: 1206525-47-4. mol<\/p>\n","protected":false},"featured_media":2177,"comment_status":"open","ping_status":"closed","template":"","meta":{"om_disable_all_campaigns":false,"_monsterinsights_skip_tracking":false,"_monsterinsights_sitenote_active":false,"_monsterinsights_sitenote_note":"","_monsterinsights_sitenote_category":0,"site-sidebar-layout":"default","site-content-layout":"default","ast-site-content-layout":"default","site-content-style":"default","site-sidebar-style":"default","ast-global-header-display":"","ast-banner-title-visibility":"","ast-main-header-display":"","ast-hfb-above-header-display":"","ast-hfb-below-header-display":"","ast-hfb-mobile-header-display":"","site-post-title":"","ast-breadcrumbs-content":"","ast-featured-img":"","footer-sml-layout":"","ast-disable-related-posts":"","theme-transparent-header-meta":"default","adv-header-id-meta":"","stick-header-meta":"","header-above-stick-meta":"","header-main-stick-meta":"","header-below-stick-meta":"","astra-migrate-meta-layouts":"default","ast-page-background-enabled":"default","ast-page-background-meta":{"desktop":{"background-color":"","background-image":"","background-repeat":"repeat","background-position":"center center","background-size":"auto","background-attachment":"scroll","background-type":"","background-media":"","overlay-type":"","overlay-color":"","overlay-opacity":"","overlay-gradient":""},"tablet":{"background-color":"","background-image":"","background-repeat":"repeat","background-position":"center center","background-size":"auto","background-attachment":"scroll","background-type":"","background-media":"","overlay-type":"","overlay-color":"","overlay-opacity":"","overlay-gradient":""},"mobile":{"background-color":"","background-image":"","background-repeat":"repeat","background-position":"center center","background-size":"auto","background-attachment":"scroll","background-type":"","background-media":"","overlay-type":"","overlay-color":"","overlay-opacity":"","overlay-gradient":""}},"ast-content-background-meta":{"desktop":{"background-color":"var(--ast-global-color-5)","background-image":"","background-repeat":"repeat","background-position":"center center","background-size":"auto","background-attachment":"scroll","background-type":"","background-media":"","overlay-type":"","overlay-color":"","overlay-opacity":"","overlay-gradient":""},"tablet":{"background-color":"var(--ast-global-color-5)","background-image":"","background-repeat":"repeat","background-position":"center center","background-size":"auto","background-attachment":"scroll","background-type":"","background-media":"","overlay-type":"","overlay-color":"","overlay-opacity":"","overlay-gradient":""},"mobile":{"background-color":"var(--ast-global-color-5)","background-image":"","background-repeat":"repeat","background-position":"center center","background-size":"auto","background-attachment":"scroll","background-type":"","background-media":"","overlay-type":"","overlay-color":"","overlay-opacity":"","overlay-gradient":""}}},"product_brand":[],"product_cat":[572],"product_tag":[3080],"class_list":{"0":"post-6756","1":"product","2":"type-product","3":"status-publish","4":"has-post-thumbnail","6":"product_cat-beyazlatici-peptit","7":"product_tag-oligopeptide-68-cas-1206525-47-4-for-for-skin-lighting-and-anti-aging-tr","8":"desktop-align-left","9":"tablet-align-left","10":"mobile-align-left","12":"first","13":"instock","14":"shipping-taxable","15":"product-type-simple"},"_links":{"self":[{"href":"https:\/\/puyapeptide.net\/tr\/wp-json\/wp\/v2\/product\/6756","targetHints":{"allow":["GET"]}}],"collection":[{"href":"https:\/\/puyapeptide.net\/tr\/wp-json\/wp\/v2\/product"}],"about":[{"href":"https:\/\/puyapeptide.net\/tr\/wp-json\/wp\/v2\/types\/product"}],"replies":[{"embeddable":true,"href":"https:\/\/puyapeptide.net\/tr\/wp-json\/wp\/v2\/comments?post=6756"}],"wp:featuredmedia":[{"embeddable":true,"href":"https:\/\/puyapeptide.net\/tr\/wp-json\/wp\/v2\/media\/2177"}],"wp:attachment":[{"href":"https:\/\/puyapeptide.net\/tr\/wp-json\/wp\/v2\/media?parent=6756"}],"wp:term":[{"taxonomy":"product_brand","embeddable":true,"href":"https:\/\/puyapeptide.net\/tr\/wp-json\/wp\/v2\/product_brand?post=6756"},{"taxonomy":"product_cat","embeddable":true,"href":"https:\/\/puyapeptide.net\/tr\/wp-json\/wp\/v2\/product_cat?post=6756"},{"taxonomy":"product_tag","embeddable":true,"href":"https:\/\/puyapeptide.net\/tr\/wp-json\/wp\/v2\/product_tag?post=6756"}],"curies":[{"name":"wp","href":"https:\/\/api.w.org\/{rel}","templated":true}]}}