{"id":6818,"date":"2021-12-16T06:05:20","date_gmt":"2021-12-16T11:05:20","guid":{"rendered":"https:\/\/puyapeptide.net\/product\/hexapeptide-2-cildi-etkili-bir-sekilde-aydinlatabilen-alti-amino-asit-iceren-kozmetik-bir-peptittir\/"},"modified":"2021-12-16T06:05:20","modified_gmt":"2021-12-16T11:05:20","slug":"hexapeptide-2-cildi-etkili-bir-sekilde-aydinlatabilen-alti-amino-asit-iceren-kozmetik-bir-peptittir","status":"publish","type":"product","link":"https:\/\/puyapeptide.net\/tr\/product\/hexapeptide-2-cildi-etkili-bir-sekilde-aydinlatabilen-alti-amino-asit-iceren-kozmetik-bir-peptittir\/","title":{"rendered":"Hexapeptide-2, cildi etkili bir \u015fekilde ayd\u0131nlatabilen alt\u0131 amino asit i\u00e7eren kozmetik bir peptittir."},"content":{"rendered":"<h2><strong>Hexapeptide-2, cildi etkili bir \u015fekilde ayd\u0131nlatabilen alt\u0131 amino asit i\u00e7eren kozmetik bir peptittir.<\/strong><\/h2>\n<p>\u00dcr\u00fcn Ad\u0131: HEXAPEPTIDE-2<br \/>\nE\u015f anlaml\u0131lar: HEXAPEPTIDE-2;Dermostatyl (hexapeptide-2);Dermostatyl<br \/>\nCAS: \/<br \/>\nMF: C46H56N12O6<br \/>\nMW: 873.01g\/mol<br \/>\n Safl\u0131k: \u226598%<br \/>\n\u00dcr\u00fcn Kategorileri:<br \/>\nMol Dosyas\u0131: Mol Dosyas\u0131<\/p>\n<p>Hexapeptide-2, cildi etkili bir \u015fekilde ayd\u0131nlatabilen ve cilt rengini e\u015fit ve e\u015fit hale getirebilen alt\u0131 amino asit i\u00e7eren bir g\u00fczellik peptididir. kuvvetli ve etkili bir parlat\u0131c\u0131 oligopeptiddir. Esas olarak cilt beyazlatma ve parlatma ve leke giderme i\u00e7in kullan\u0131l\u0131r<\/p>\n<p> <strong>Heksapeptid-2 nedir?<\/strong><br \/>\nHexapeptide-2, cildi ayd\u0131nlatmak ve cilt tonunu e\u015fitlemek i\u00e7in cilt ayd\u0131nlat\u0131c\u0131 bir peptittir. Sentez yoluyla elde edilen bu peptit, a-MSH&#39;ye kar\u015f\u0131 bir antagonist g\u00f6revi g\u00f6r\u00fcr. \u03b1-MSH&#39;nin resept\u00f6rlerine ba\u011flanmas\u0131 cilt pigmentasyonuna arac\u0131l\u0131k eder. \u03b1-MSH&#39;nin resept\u00f6rlerine ba\u011flanmas\u0131 i\u00e7in rekabet eder, b\u00f6ylece melanin sentezini azalt\u0131r. Heksapeptid-2, epidermal h\u00fccrelerde melanin i\u00e7eri\u011finde bir azalmaya neden olur.<\/p>\n<p> <strong>Heksapeptid-2&#39;nin Faydalar\u0131<\/strong><br \/>\n1. Hexapeptide-2, mevcut y\u00fcz k\u0131r\u0131\u015f\u0131kl\u0131klar\u0131n\u0131 azalt\u0131r.<br \/>\n2. Heksapeptid-2, yeni k\u0131r\u0131\u015f\u0131kl\u0131klar\u0131n geli\u015fimine kar\u015f\u0131 etkilidir.<br \/>\n3.Heksapeptid-2, \u00f6zellikle g\u00f6zlerin yak\u0131n\u0131nda ve al\u0131nda, mimik kaslar\u0131n\u0131n kas\u0131lmas\u0131 sonucu olu\u015fan y\u00fcz k\u0131r\u0131\u015f\u0131kl\u0131klar\u0131n\u0131n derinli\u011fini azalt\u0131r.<br \/>\n&lt;&amp; &gt; <strong>Heksapeptid-2&#39;nin \u0130\u015flevi<\/strong><br \/>\nBilim, peptitlerin cildinizdeki k\u0131r\u0131\u015f\u0131kl\u0131klar\u0131 y\u00f6netmeye ve ya\u015flanma belirtilerini tersine \u00e7evirmeye yard\u0131mc\u0131 olabilece\u011fini kan\u0131tlam\u0131\u015ft\u0131r.<br \/>\n\u0130nsan derisi \u00e7o\u011funlukla kolajenden olu\u015fur. Kollajen, bir zincir gibi d\u00fczenlenmi\u015f uzun amino asit par\u00e7alar\u0131ndan olu\u015fan bir proteindir. Kolajen, cilt i\u00e7in bir temel ve kal\u0131nl\u0131k sa\u011flar.<br \/>\n30 ya\u015f\u0131n alt\u0131ndaki kad\u0131nlarda bol miktarda kolajen bulunur, bu da p\u00fcr\u00fczs\u00fcz, s\u0131k\u0131 bir cilt ile sonu\u00e7lan\u0131r.<br \/>\nGeri kalan\u0131m\u0131zda daha az kolajen vard\u0131r &#8211; cilt daha ince olma e\u011filimindedir ve daha fazla k\u0131r\u0131\u015f\u0131kl\u0131\u011f\u0131 ortaya \u00e7\u0131kar\u0131r.&lt;&amp; &gt;Kolajen par\u00e7aland\u0131\u011f\u0131nda, k\u0131sa amino asit segmentleri olu\u015fur. Bunlar peptit olarak bilinen k\u00fc\u00e7\u00fck proteinler ve aktif molek\u00fcllerdir. Cilt bak\u0131m\u0131ndaki peptitler, \u00f6nemli ya\u015flanma kar\u015f\u0131t\u0131 faydalar sa\u011flayabilir.<\/p>\n","protected":false},"excerpt":{"rendered":"<p>\u00dcr\u00fcn Ad\u0131: HEXAPEPTIDE-2<br \/>\nMF: C46H56N12O6<br \/>\nMW: 873.01g\/mol<br \/>\nSafl\u0131k: \u226598%<\/p>\n","protected":false},"featured_media":2219,"comment_status":"open","ping_status":"closed","template":"","meta":{"om_disable_all_campaigns":false,"_monsterinsights_skip_tracking":false,"_monsterinsights_sitenote_active":false,"_monsterinsights_sitenote_note":"","_monsterinsights_sitenote_category":0,"site-sidebar-layout":"default","site-content-layout":"default","ast-site-content-layout":"default","site-content-style":"default","site-sidebar-style":"default","ast-global-header-display":"","ast-banner-title-visibility":"","ast-main-header-display":"","ast-hfb-above-header-display":"","ast-hfb-below-header-display":"","ast-hfb-mobile-header-display":"","site-post-title":"","ast-breadcrumbs-content":"","ast-featured-img":"","footer-sml-layout":"","ast-disable-related-posts":"","theme-transparent-header-meta":"default","adv-header-id-meta":"","stick-header-meta":"","header-above-stick-meta":"","header-main-stick-meta":"","header-below-stick-meta":"","astra-migrate-meta-layouts":"default","ast-page-background-enabled":"default","ast-page-background-meta":{"desktop":{"background-color":"","background-image":"","background-repeat":"repeat","background-position":"center center","background-size":"auto","background-attachment":"scroll","background-type":"","background-media":"","overlay-type":"","overlay-color":"","overlay-opacity":"","overlay-gradient":""},"tablet":{"background-color":"","background-image":"","background-repeat":"repeat","background-position":"center center","background-size":"auto","background-attachment":"scroll","background-type":"","background-media":"","overlay-type":"","overlay-color":"","overlay-opacity":"","overlay-gradient":""},"mobile":{"background-color":"","background-image":"","background-repeat":"repeat","background-position":"center center","background-size":"auto","background-attachment":"scroll","background-type":"","background-media":"","overlay-type":"","overlay-color":"","overlay-opacity":"","overlay-gradient":""}},"ast-content-background-meta":{"desktop":{"background-color":"var(--ast-global-color-5)","background-image":"","background-repeat":"repeat","background-position":"center center","background-size":"auto","background-attachment":"scroll","background-type":"","background-media":"","overlay-type":"","overlay-color":"","overlay-opacity":"","overlay-gradient":""},"tablet":{"background-color":"var(--ast-global-color-5)","background-image":"","background-repeat":"repeat","background-position":"center center","background-size":"auto","background-attachment":"scroll","background-type":"","background-media":"","overlay-type":"","overlay-color":"","overlay-opacity":"","overlay-gradient":""},"mobile":{"background-color":"var(--ast-global-color-5)","background-image":"","background-repeat":"repeat","background-position":"center center","background-size":"auto","background-attachment":"scroll","background-type":"","background-media":"","overlay-type":"","overlay-color":"","overlay-opacity":"","overlay-gradient":""}}},"product_brand":[],"product_cat":[572],"product_tag":[3019,3041],"class_list":{"0":"post-6818","1":"product","2":"type-product","3":"status-publish","4":"has-post-thumbnail","6":"product_cat-beyazlatici-peptit","7":"product_tag-hexapeptide-2-is-a-cosmetic-peptide-containing-six-amino-acids-tr","8":"product_tag-which-can-effectively-brighten-the-skin-tr","9":"desktop-align-left","10":"tablet-align-left","11":"mobile-align-left","13":"first","14":"instock","15":"shipping-taxable","16":"product-type-simple"},"_links":{"self":[{"href":"https:\/\/puyapeptide.net\/tr\/wp-json\/wp\/v2\/product\/6818","targetHints":{"allow":["GET"]}}],"collection":[{"href":"https:\/\/puyapeptide.net\/tr\/wp-json\/wp\/v2\/product"}],"about":[{"href":"https:\/\/puyapeptide.net\/tr\/wp-json\/wp\/v2\/types\/product"}],"replies":[{"embeddable":true,"href":"https:\/\/puyapeptide.net\/tr\/wp-json\/wp\/v2\/comments?post=6818"}],"wp:featuredmedia":[{"embeddable":true,"href":"https:\/\/puyapeptide.net\/tr\/wp-json\/wp\/v2\/media\/2219"}],"wp:attachment":[{"href":"https:\/\/puyapeptide.net\/tr\/wp-json\/wp\/v2\/media?parent=6818"}],"wp:term":[{"taxonomy":"product_brand","embeddable":true,"href":"https:\/\/puyapeptide.net\/tr\/wp-json\/wp\/v2\/product_brand?post=6818"},{"taxonomy":"product_cat","embeddable":true,"href":"https:\/\/puyapeptide.net\/tr\/wp-json\/wp\/v2\/product_cat?post=6818"},{"taxonomy":"product_tag","embeddable":true,"href":"https:\/\/puyapeptide.net\/tr\/wp-json\/wp\/v2\/product_tag?post=6818"}],"curies":[{"name":"wp","href":"https:\/\/api.w.org\/{rel}","templated":true}]}}