{"id":6837,"date":"2021-12-16T06:07:13","date_gmt":"2021-12-16T11:07:13","guid":{"rendered":"https:\/\/puyapeptide.net\/product\/tetrapeptid-30-tegopep-cilt-aydinlatici-peptid-cas-1036207-61-0-cilt-aydinlatici-icin\/"},"modified":"2021-12-16T06:07:13","modified_gmt":"2021-12-16T11:07:13","slug":"tetrapeptid-30-tegopep-cilt-aydinlatici-peptid-cas-1036207-61-0-cilt-aydinlatici-icin","status":"publish","type":"product","link":"https:\/\/puyapeptide.net\/tr\/product\/tetrapeptid-30-tegopep-cilt-aydinlatici-peptid-cas-1036207-61-0-cilt-aydinlatici-icin\/","title":{"rendered":"Tetrapeptid-30\/ Tegopep\/ cilt ayd\u0131nlat\u0131c\u0131 peptid CAS 1036207-61-0 Cilt Ayd\u0131nlat\u0131c\u0131 \u0130\u00e7in"},"content":{"rendered":"<h2><strong>Tetrapeptid-30\/ Tegopep\/ cilt ayd\u0131nlat\u0131c\u0131 peptid CAS 1036207-61-0 Cilt Ayd\u0131nlat\u0131c\u0131 \u0130\u00e7in<\/strong><\/h2>\n<p>\u00dcr\u00fcn Ad\u0131: Tetrapeptid-30<br \/>\nE\u015f Anlaml\u0131lar\u0131: Tetrapeptid-30;Tetrapeptid-30 (cilt ayd\u0131nlat\u0131c\u0131 peptid);L-Lizin, L-prolil-L-lysyl-L-\u03b1-glutamil-<br \/>\nCAS: 1036207-61-0<br \/>\nMF: C22 H40 N6 O7<br \/>\nMW: 500.59<br \/>\nEINECS:<br \/>\n\u00dcr\u00fcn Kategorileri:<br \/>\nMol Dosyas\u0131: 1036207-61-0.mol<\/p>\n<p> Tetrapeptid-30, cilt tonunu dengelemek i\u00e7in geli\u015ftirilmi\u015f yeni bir peptittir. Tirozinaz aktivitesini azaltmak veya inhibe etmek, keratinositlere melanin transferini bloke etmek ve melanosit aktivasyonunun inhibisyonu dahil olmak \u00fczere cilt tonunu ayd\u0131nlatmak i\u00e7in \u00e7e\u015fitli mekanizmalar vard\u0131r. Tetrapeptid-30 Sol\u00fcsyonunun, tirozinaz miktar\u0131n\u0131 azaltarak ve melanosit aktivasyonunu inhibe ederek \u00e7al\u0131\u015ft\u0131\u011f\u0131 teoridir.<\/p>\n<p> <strong>Tetrapeptid-30\/ Tegopep\/ cilt ayd\u0131nlat\u0131c\u0131 peptid CAS 1036207-61-0 Kimyasal \u00d6zellikler<\/strong><br \/>\nKaynama noktas\u0131 931.5\u00b1 65,0 \u00b0C(Tahmini)<br \/>\nyo\u011funluk 1,256\u00b10,06 g\/cm3(Tahmini)<br \/>\npka 3,24\u00b10,10(Tahmini)<\/p>\n<p> <strong>Tetrapeptid-30\/ Tegopep\/ cilt ayd\u0131nlat\u0131c\u0131 peptid CAS 1036207&#39;nin \u0130\u015flevi ve Uygulamas\u0131 -61-0<\/strong><br \/>\n1. Tetrapeptid-30 Cilt Ayd\u0131nlatmas\u0131 ve \u00c7illenme \u0130\u00e7in<br \/>\n2. A\u015f\u0131r\u0131 melanin \u00fcretimini engeller<br \/>\n3. Melanin birikimini azalt\u0131n<br \/>\n4. Parlat\u0131c\u0131 krem, ayd\u0131nlat\u0131c\u0131 fond\u00f6ten, pudra, \u00e7il kremi (g\u00fcne\u015f yan\u0131\u011f\u0131, \u00e7il) gibi g\u00fczellik ve cilt bak\u0131m \u00fcr\u00fcnlerine eklenebilir.<\/p>\n","protected":false},"excerpt":{"rendered":"<p>\u00dcr\u00fcn Ad\u0131: Tetrapeptid-30<br \/>\nCAS: 1036207-61-0<br \/>\nMF: C22 H40 N6 O7<br \/>\nMW: 500.59<br \/>\nMol Dosya: 1036207-61-0.mol<\/p>\n","protected":false},"featured_media":2135,"comment_status":"open","ping_status":"closed","template":"","meta":{"om_disable_all_campaigns":false,"_monsterinsights_skip_tracking":false,"_monsterinsights_sitenote_active":false,"_monsterinsights_sitenote_note":"","_monsterinsights_sitenote_category":0,"site-sidebar-layout":"default","site-content-layout":"default","ast-site-content-layout":"default","site-content-style":"default","site-sidebar-style":"default","ast-global-header-display":"","ast-banner-title-visibility":"","ast-main-header-display":"","ast-hfb-above-header-display":"","ast-hfb-below-header-display":"","ast-hfb-mobile-header-display":"","site-post-title":"","ast-breadcrumbs-content":"","ast-featured-img":"","footer-sml-layout":"","ast-disable-related-posts":"","theme-transparent-header-meta":"default","adv-header-id-meta":"","stick-header-meta":"","header-above-stick-meta":"","header-main-stick-meta":"","header-below-stick-meta":"","astra-migrate-meta-layouts":"default","ast-page-background-enabled":"default","ast-page-background-meta":{"desktop":{"background-color":"","background-image":"","background-repeat":"repeat","background-position":"center center","background-size":"auto","background-attachment":"scroll","background-type":"","background-media":"","overlay-type":"","overlay-color":"","overlay-opacity":"","overlay-gradient":""},"tablet":{"background-color":"","background-image":"","background-repeat":"repeat","background-position":"center center","background-size":"auto","background-attachment":"scroll","background-type":"","background-media":"","overlay-type":"","overlay-color":"","overlay-opacity":"","overlay-gradient":""},"mobile":{"background-color":"","background-image":"","background-repeat":"repeat","background-position":"center center","background-size":"auto","background-attachment":"scroll","background-type":"","background-media":"","overlay-type":"","overlay-color":"","overlay-opacity":"","overlay-gradient":""}},"ast-content-background-meta":{"desktop":{"background-color":"var(--ast-global-color-5)","background-image":"","background-repeat":"repeat","background-position":"center center","background-size":"auto","background-attachment":"scroll","background-type":"","background-media":"","overlay-type":"","overlay-color":"","overlay-opacity":"","overlay-gradient":""},"tablet":{"background-color":"var(--ast-global-color-5)","background-image":"","background-repeat":"repeat","background-position":"center center","background-size":"auto","background-attachment":"scroll","background-type":"","background-media":"","overlay-type":"","overlay-color":"","overlay-opacity":"","overlay-gradient":""},"mobile":{"background-color":"var(--ast-global-color-5)","background-image":"","background-repeat":"repeat","background-position":"center center","background-size":"auto","background-attachment":"scroll","background-type":"","background-media":"","overlay-type":"","overlay-color":"","overlay-opacity":"","overlay-gradient":""}}},"product_brand":[],"product_cat":[572],"product_tag":[2994],"class_list":{"0":"post-6837","1":"product","2":"type-product","3":"status-publish","4":"has-post-thumbnail","6":"product_cat-beyazlatici-peptit","7":"product_tag-tetrapeptide-30-tegopep-skin-lightening-peptide-cas-1036207-61-0-for-skin-lightening-tr","8":"desktop-align-left","9":"tablet-align-left","10":"mobile-align-left","12":"first","13":"instock","14":"shipping-taxable","15":"product-type-simple"},"_links":{"self":[{"href":"https:\/\/puyapeptide.net\/tr\/wp-json\/wp\/v2\/product\/6837","targetHints":{"allow":["GET"]}}],"collection":[{"href":"https:\/\/puyapeptide.net\/tr\/wp-json\/wp\/v2\/product"}],"about":[{"href":"https:\/\/puyapeptide.net\/tr\/wp-json\/wp\/v2\/types\/product"}],"replies":[{"embeddable":true,"href":"https:\/\/puyapeptide.net\/tr\/wp-json\/wp\/v2\/comments?post=6837"}],"wp:featuredmedia":[{"embeddable":true,"href":"https:\/\/puyapeptide.net\/tr\/wp-json\/wp\/v2\/media\/2135"}],"wp:attachment":[{"href":"https:\/\/puyapeptide.net\/tr\/wp-json\/wp\/v2\/media?parent=6837"}],"wp:term":[{"taxonomy":"product_brand","embeddable":true,"href":"https:\/\/puyapeptide.net\/tr\/wp-json\/wp\/v2\/product_brand?post=6837"},{"taxonomy":"product_cat","embeddable":true,"href":"https:\/\/puyapeptide.net\/tr\/wp-json\/wp\/v2\/product_cat?post=6837"},{"taxonomy":"product_tag","embeddable":true,"href":"https:\/\/puyapeptide.net\/tr\/wp-json\/wp\/v2\/product_tag?post=6837"}],"curies":[{"name":"wp","href":"https:\/\/api.w.org\/{rel}","templated":true}]}}