{"id":6846,"date":"2021-12-16T06:08:18","date_gmt":"2021-12-16T11:08:18","guid":{"rendered":"https:\/\/puyapeptide.net\/product\/besin-takviyeleri-icin-glutatyon-tozu-cas-70-18-8-cilt-beyazlatma-azaltilmis-glutatyon-tozu-l-glutatyon\/"},"modified":"2021-12-16T06:08:18","modified_gmt":"2021-12-16T11:08:18","slug":"besin-takviyeleri-icin-glutatyon-tozu-cas-70-18-8-cilt-beyazlatma-azaltilmis-glutatyon-tozu-l-glutatyon","status":"publish","type":"product","link":"https:\/\/puyapeptide.net\/tr\/product\/besin-takviyeleri-icin-glutatyon-tozu-cas-70-18-8-cilt-beyazlatma-azaltilmis-glutatyon-tozu-l-glutatyon\/","title":{"rendered":"Besin Takviyeleri i\u00e7in Glutatyon Tozu CAS 70-18-8 Cilt Beyazlatma Azalt\u0131lm\u0131\u015f Glutatyon Tozu L-Glutatyon"},"content":{"rendered":"<h2><strong>Besin Takviyeleri i\u00e7in Glutatyon Tozu CAS 70-18-8 Cilt Beyazlatma Azalt\u0131lm\u0131\u015f Glutatyon Tozu L-Glutatyon<\/strong><\/h2>\n<p>\u00dcr\u00fcn Ad\u0131: Glutatyon<br \/>\nE\u015f anlaml\u0131lar: glutatiol;glutatione;glutide;glutinal;isethion;l-glutatione;N(NL-.gamma.-Glutamyl-L-cysteinyl)glycine;n-(nl-gamma-glutamil -l-sisteinil)-glisin<br \/>\nCAS: 70-18-8<br \/>\nMF: C10H17N3O6S<br \/>\nMW: 307.32<br \/>\nEINECS: 200-725-4<br \/>\n\u00dcr\u00fcn Kategorileri: kimyasal;\u0130nhibit\u00f6rler;Amino Asitler ve T\u00fcrevler;Malzeme;\u0130la\u00e7 ara \u00fcr\u00fcnleri;farmas\u00f6tik;farmas\u00f6tik;Amino Asitler 13C, 2H, 15N;Antioksidan;Biyokimya;Ara \u00fcr\u00fcnler ve \u0130nce Kimyasallar;Pharmaceuticals;API<br \/>\nMol Dosyas\u0131: 70-18-8.mol<br \/>\n&lt;&amp; &amp;&gt;Glutatyon (GSH), ayn\u0131 zamanda \u0130ndirgenmi\u015f Glutatyon olarak da adland\u0131r\u0131l\u0131r, glutamat, sistein ve glisinden olu\u015fan bir tripeptittir. \u0130nsan v\u00fccudunun hemen hemen her h\u00fccresinde bulunabilir. G\u00fcn\u00fcm\u00fczde Glutatyon&#39;un end\u00fcstriyel \u00fcretimi esas olarak enzimatik sentez ile elde edilmektedir. Y\u00f6ntemde, Glutatyon y\u00fcksek safl\u0131\u011fa ve iyi suda \u00e7\u00f6z\u00fcn\u00fcrl\u00fc\u011fe sahiptir. \u00d6nemli fizyolojik fonksiyonlara sahip aktif bir tripeptit olarak Glutatyon, organizmalardaki en \u00f6nemli protein olmayan s\u00fclfhidril bile\u015fiktir. Detoksifikasyon, anti-oksidasyon, serbest radikal temizleme, cilt beyazlatma ve leke solma gibi biyolojik aktivitelere sahiptir. Bu nedenle kozmetik, ila\u00e7, sa\u011fl\u0131k \u00fcr\u00fcnleri ve di\u011fer end\u00fcstrilerde yayg\u0131n olarak kullan\u0131lmaktad\u0131r. Suda b\u00fcy\u00fck \u00f6l\u00e7\u00fcde \u00e7\u00f6z\u00fcn\u00fcr ve her t\u00fcrl\u00fc cilt beyazlat\u0131c\u0131 kozmetik \u00fcr\u00fcn\u00fcne eklenmesi kolayd\u0131r. Plamed Glutatyon kozmetik s\u0131n\u0131f\u0131 ve t\u0131bbi s\u0131n\u0131f olarak ikiye ayr\u0131l\u0131r.<\/p>\n<p> <strong>Glutatyon CAS 70-18-8 Kimyasal \u00d6zellikler<\/strong><br \/>\nErime noktas\u0131 192-195 \u00b0C (dec.) (lit.)<br \/>\nalfa -16,5 \u00ba (c=2, H2O)<br \/>\nKaynama noktas\u0131 754.5\u00b160.0 \u00b0C(Tahmini)<br \/>\nyo\u011funluk 1.4482 (kaba tahmin)<br \/>\nk\u0131r\u0131lma indisi -17 \u00b0 (C=2, H2O)<br \/>\ndepolama s\u0131cakl\u0131\u011f\u0131 . 2-8\u00b0C<br \/>\n\u00e7\u00f6z\u00fcn\u00fcrl\u00fck H2O: 50 mg\/mL<br \/>\npka pK1 2.12; pK2 3.53; pK3 8.66; pK4 9.12(25\u2103&#39;de)<br \/>\ntoz halinde<br \/>\nrenk Beyaz<br \/>\nKoku Kokusuz<br \/>\nPH 3 (10g\/l, H2O, 20\u00b0C)<br \/>\nSuda \u00c7\u00f6z\u00fcn\u00fcrl\u00fck \u00e7\u00f6z\u00fcn\u00fcr<br \/>\nMerck 14, 4475<br \/>\nBRN 1729812<br \/>\nKararl\u0131l\u0131k: Kararl\u0131. G\u00fc\u00e7l\u00fc oksitleyici ajanlarla uyumlu de\u011fildir.<br \/>\nInChIKey RWSXRVCMGQZWBV-WDSKDSINSA-N<br \/>\nCAS Veritaban\u0131 Referans\u0131 70-18-8(CAS Veritaban\u0131 Referans\u0131)<br \/>\nEPA Madde Kay\u0131t Sistemi Glutatyon (70-18-8)<br \/>\n&lt; &amp;&gt; <strong>Glutatyon \u00dcreticisi Proses Ak\u0131\u015f \u015eemas\u0131<\/strong><br \/>\n <img fetchpriority=\"high\" decoding=\"async\" class=\"alignnone size-full wp-image-4172\" src=\"https:\/\/puyapeptide.net\/wp-content\/uploads\/2021\/12\/Glutathione-Manufacturer-Process-Flow-Chart.png\" alt=\"Glutatyon \u00dcreticisi S\u00fcre\u00e7 Ak\u0131\u015f \u015eemas\u0131\" width=\"1458\" height=\"255\" srcset=\"https:\/\/puyapeptide.net\/wp-content\/uploads\/2021\/12\/Glutathione-Manufacturer-Process-Flow-Chart.png 1458w, https:\/\/puyapeptide.net\/wp-content\/uploads\/2021\/12\/Glutathione-Manufacturer-Process-Flow-Chart-768x134.png 768w, https:\/\/puyapeptide.net\/wp-content\/uploads\/2021\/12\/Glutathione-Manufacturer-Process-Flow-Chart-600x105.png 600w\" sizes=\"(max-width: 1458px) 100vw, 1458px\" \/><br \/>\n <strong>Glutatyon CAS 70-18-8 Faydalar\u0131<\/strong><br \/>\n1.Cildi beyazlat\u0131r ve \u00e7illeri giderir<br \/>\nGlutatyon, a\u011f\u0131r metaller gibi i\u00e7 ve d\u0131\u015f toksinleri \u015felatlayabilir. Cilt pigmentasyonunu \u00f6nleyebilir. Ayr\u0131ca yeni melanin olu\u015fumunu engelleyebilir ve oksidasyonunu azaltabilir. Glutatyon, kloazma gibi cilt problemlerini hafifletir. Cildi ayd\u0131nlatmak ve \u00e7illeri gidermek i\u00e7in harika bir i\u015flevi vard\u0131r. Bu arada, Glutatyon k\u00fc\u00e7\u00fck molek\u00fcler peptittir. B\u00f6ylece haricen uyguland\u0131\u011f\u0131nda h\u00fccre zar\u0131na kolayca n\u00fcfuz edebilir ve cilt taraf\u0131ndan emilebilir. Cildi beyazlatmak i\u00e7in etkili bir kozmetik bile\u015fendir<br \/>\n2.Anti-oksidasyon<br \/>\nGlutatyon&#39;un yap\u0131s\u0131, canl\u0131 bir tiyol grubu-SH i\u00e7erir. B\u00f6ylece kolayca oksitlenir ve hidrojeni giderilir. Tiyol grubu v\u00fccuttaki serbest radikallerle birle\u015ferek serbest radikaller do\u011frudan asidik maddelere indirgenebilir. B\u00f6ylece serbest radikallerin yok edilmesini h\u0131zland\u0131r\u0131r; ve cilde serbest radikal hasar\u0131na kar\u015f\u0131 sava\u015f\u0131r. Ayn\u0131 zamanda, Glutatyon bir t\u00fcr radyasyon koruyucu ajand\u0131r. Radyasyonun do\u011frudan ve dolayl\u0131 etki yoluyla canl\u0131 organizmalarda olduk\u00e7a aktif serbest radikaller \u00fcretmesini sa\u011flayabilir. Ve sonra Glutatyon, anti-oksidan etkisini elde etmek i\u00e7in bu serbest radikalleri temizleyebilir.<br \/>\n3.\u0130solate PM2.5<br \/>\nGlutatyon, cilt y\u00fczeyine etki ederken PM2.5&#39;in cilde verdi\u011fi zarar\u0131 izole edebilir.&lt; &amp;&gt;<br \/>\n <strong>Glutatyon CAS 70-18-8 Uygulama ve Referans Dozaj<\/strong><br \/>\nGlutatyon esas olarak serum, y\u00fcz maskesi, em\u00fclsiyon, toner, \u00f6z, krem vb. gibi cilt bak\u0131m \u00fcr\u00fcnlerinin beyazlat\u0131lmas\u0131nda kullan\u0131l\u0131r.<\/p>\n<table>\n<tbody>\n<tr>\n<td> \u00dcr\u00fcn<\/td>\n<td> Referans Dozaj<\/td>\n<\/tr>\n<tr>\n<td> glutatyon 98%<\/td>\n<td> %0.1-0.5<\/td>\n<\/tr>\n<\/tbody>\n<\/table>\n<p>Glutatyon CAS 70-18-8&#39;in Dikkatine:<br \/>\nGlutatyon, B12 vitamini, orotik asit (B13 vitamini) ile kozmetiklerde kullan\u0131lamaz veya cilt tahri\u015fine neden olur<\/p>\n<p> <strong>Glutatyon CAS 70 Uygulamas\u0131 -18-8<\/strong><br \/>\nGSH, yakla\u015f\u0131k %95&#39;e tekab\u00fcl eden birincil aktif durumdur; GSSG yakla\u015f\u0131k %1 inaktiftir;<br \/>\nGSH sadece peptit ba\u011flar\u0131na sahiptir ve GSSG ayr\u0131ca bir dis\u00fclfid ba\u011f\u0131 i\u00e7erir;<br \/>\nGSH ba\u011flama yetene\u011fi, GSSG&#39;den daha g\u00fc\u00e7l\u00fcd\u00fcr;<br \/>\nGlutatyon red\u00fcktaz, GSH ve GSSG aras\u0131ndaki kar\u015f\u0131l\u0131kl\u0131 d\u00f6n\u00fc\u015f\u00fcm\u00fc katalize eder.&lt;&amp; &gt;Glutatyon hakk\u0131nda bir \u00f6n anlay\u0131\u015fa sahip olman\u0131z gerekti\u011fine inan\u0131n. Daha ileri gidelim.<\/p>\n","protected":false},"excerpt":{"rendered":"<p>\u00dcr\u00fcn Ad\u0131: Glutatyon<br \/>\nCAS: 70-18-8<br \/>\nMF: C10H17N3O6S<br \/>\nMW: 307.32<br \/>\nEINECS: 200-725-4<br \/>\nMol Dosya: 70-18-8.mol<\/p>\n","protected":false},"featured_media":2177,"comment_status":"open","ping_status":"closed","template":"","meta":{"om_disable_all_campaigns":false,"_monsterinsights_skip_tracking":false,"_monsterinsights_sitenote_active":false,"_monsterinsights_sitenote_note":"","_monsterinsights_sitenote_category":0,"site-sidebar-layout":"default","site-content-layout":"default","ast-site-content-layout":"default","site-content-style":"default","site-sidebar-style":"default","ast-global-header-display":"","ast-banner-title-visibility":"","ast-main-header-display":"","ast-hfb-above-header-display":"","ast-hfb-below-header-display":"","ast-hfb-mobile-header-display":"","site-post-title":"","ast-breadcrumbs-content":"","ast-featured-img":"","footer-sml-layout":"","ast-disable-related-posts":"","theme-transparent-header-meta":"default","adv-header-id-meta":"","stick-header-meta":"","header-above-stick-meta":"","header-main-stick-meta":"","header-below-stick-meta":"","astra-migrate-meta-layouts":"default","ast-page-background-enabled":"default","ast-page-background-meta":{"desktop":{"background-color":"","background-image":"","background-repeat":"repeat","background-position":"center center","background-size":"auto","background-attachment":"scroll","background-type":"","background-media":"","overlay-type":"","overlay-color":"","overlay-opacity":"","overlay-gradient":""},"tablet":{"background-color":"","background-image":"","background-repeat":"repeat","background-position":"center center","background-size":"auto","background-attachment":"scroll","background-type":"","background-media":"","overlay-type":"","overlay-color":"","overlay-opacity":"","overlay-gradient":""},"mobile":{"background-color":"","background-image":"","background-repeat":"repeat","background-position":"center center","background-size":"auto","background-attachment":"scroll","background-type":"","background-media":"","overlay-type":"","overlay-color":"","overlay-opacity":"","overlay-gradient":""}},"ast-content-background-meta":{"desktop":{"background-color":"var(--ast-global-color-5)","background-image":"","background-repeat":"repeat","background-position":"center center","background-size":"auto","background-attachment":"scroll","background-type":"","background-media":"","overlay-type":"","overlay-color":"","overlay-opacity":"","overlay-gradient":""},"tablet":{"background-color":"var(--ast-global-color-5)","background-image":"","background-repeat":"repeat","background-position":"center center","background-size":"auto","background-attachment":"scroll","background-type":"","background-media":"","overlay-type":"","overlay-color":"","overlay-opacity":"","overlay-gradient":""},"mobile":{"background-color":"var(--ast-global-color-5)","background-image":"","background-repeat":"repeat","background-position":"center center","background-size":"auto","background-attachment":"scroll","background-type":"","background-media":"","overlay-type":"","overlay-color":"","overlay-opacity":"","overlay-gradient":""}}},"product_brand":[],"product_cat":[572],"product_tag":[2971],"class_list":{"0":"post-6846","1":"product","2":"type-product","3":"status-publish","4":"has-post-thumbnail","6":"product_cat-beyazlatici-peptit","7":"product_tag-glutathione-powder-cas-70-18-8-for-nutrient-supplements-skin-whitening-reduced-glutathione-powder-l-glutathione-tr","8":"desktop-align-left","9":"tablet-align-left","10":"mobile-align-left","12":"first","13":"instock","14":"shipping-taxable","15":"product-type-simple"},"_links":{"self":[{"href":"https:\/\/puyapeptide.net\/tr\/wp-json\/wp\/v2\/product\/6846","targetHints":{"allow":["GET"]}}],"collection":[{"href":"https:\/\/puyapeptide.net\/tr\/wp-json\/wp\/v2\/product"}],"about":[{"href":"https:\/\/puyapeptide.net\/tr\/wp-json\/wp\/v2\/types\/product"}],"replies":[{"embeddable":true,"href":"https:\/\/puyapeptide.net\/tr\/wp-json\/wp\/v2\/comments?post=6846"}],"wp:featuredmedia":[{"embeddable":true,"href":"https:\/\/puyapeptide.net\/tr\/wp-json\/wp\/v2\/media\/2177"}],"wp:attachment":[{"href":"https:\/\/puyapeptide.net\/tr\/wp-json\/wp\/v2\/media?parent=6846"}],"wp:term":[{"taxonomy":"product_brand","embeddable":true,"href":"https:\/\/puyapeptide.net\/tr\/wp-json\/wp\/v2\/product_brand?post=6846"},{"taxonomy":"product_cat","embeddable":true,"href":"https:\/\/puyapeptide.net\/tr\/wp-json\/wp\/v2\/product_cat?post=6846"},{"taxonomy":"product_tag","embeddable":true,"href":"https:\/\/puyapeptide.net\/tr\/wp-json\/wp\/v2\/product_tag?post=6846"}],"curies":[{"name":"wp","href":"https:\/\/api.w.org\/{rel}","templated":true}]}}