{"id":6874,"date":"2021-12-16T06:09:14","date_gmt":"2021-12-16T11:09:14","guid":{"rendered":"https:\/\/puyapeptide.net\/product\/nonapeptid-1-melitane-cas-158563-45-2-bir-cilt-aydinlatici-peptiddir\/"},"modified":"2021-12-16T06:09:14","modified_gmt":"2021-12-16T11:09:14","slug":"nonapeptid-1-melitane-cas-158563-45-2-bir-cilt-aydinlatici-peptiddir","status":"publish","type":"product","link":"https:\/\/puyapeptide.net\/tr\/product\/nonapeptid-1-melitane-cas-158563-45-2-bir-cilt-aydinlatici-peptiddir\/","title":{"rendered":"Nonapeptid-1\/Melitane CAS 158563-45-2 bir cilt ayd\u0131nlat\u0131c\u0131 peptiddir"},"content":{"rendered":"<h2><strong>Nonapeptid-1\/Melitane CAS 158563-45-2 bir cilt ayd\u0131nlat\u0131c\u0131 peptiddir<\/strong><\/h2>\n<p>\u00dcr\u00fcn Ad\u0131: Nonapeptid-1<br \/>\nE\u015f Anlaml\u0131lar\u0131: L-Metionil-L-prolil-D-fenilalanil-L-arginil-D-triptofil-L-fenilalanil-L-lisil-L-prolil-L-valinamid; Melanostatin-5;Melanostatin-5(nonpeptid-1);melanostatin;Met-Pro-D-Phe-Arg-D-Trp-Phe-Lys-Pro-Val-NH2;Melitan \/ Nonapeptid-1;Nonapeptid-1, Melanostatin -5, Melanostatine;Melitan<br \/>\nCAS: 158563-45-2<br \/>\nMF: C61H87N15O9S<br \/>\nMW: 1206.5<br \/>\nEINECS:<br \/>\n\u00dcr\u00fcn Kategorileri:<br \/>\nMol Dosyas\u0131: 158563-45-2 .mol<\/p>\n<p>Nonapeptid-1, ayn\u0131 zamanda Meritide olarak da bilinir, dokuz amino asit i\u00e7eren, peptit olmayan beyazlat\u0131c\u0131 bir maddedir. Esas olarak cildi beyazlatmak ve parlatmak ve lekeleri gidermek i\u00e7in kullan\u0131l\u0131r. MSH&#39;yi (melanotropin) inhibe ederek, melanin \u00fcretimini azaltarak ve a\u015f\u0131r\u0131 melanin \u00fcretimini \u00f6nleyerek.<br \/>\nNonapeptid-1, melanosit uyar\u0131c\u0131 hormondan (MSH) t\u00fcretilen bir cilt ayd\u0131nlat\u0131c\u0131 peptittir. ). Melanositlerdeki tirozin aktivitesini, melanin sentezinin inhibisyonunu engeller ve hiper-pigmentasyonu azaltarak cilt tonunuzun e\u015fitlenmesine yard\u0131mc\u0131 olur. Bu i\u015flem, istenmeyen pigmentasyon olu\u015fumunu azaltarak cilt tonu ve kahverengi lekelerin kontrol\u00fcne olanak tan\u0131r.<\/p>\n<p> <strong>Nonapeptide-1\/ Melitane CAS 158563-45-2<\/strong><br \/>\n1&#39;in \u0130\u015flevi. Nonapeptid-1 melanositin h\u00fccre zar\u0131 \u00fczerindeki resept\u00f6r\u00fc MC1R ile a-MSH&#39;nin ba\u011flanmas\u0131n\u0131 bloke eder. Ard\u0131\u015f\u0131k melanin \u00fcretim s\u00fcreci durdurulur.<br \/>\n2. Cilt koyula\u015ft\u0131rma mekanizmas\u0131n\u0131n ilk a\u015famas\u0131nda \u00e7al\u0131\u015fan bir beyazlatma maddesi. Son derece etkili.<br \/>\n3. Nonapeptid-1 Tirozinaz\u0131n daha fazla aktivasyonunu \u00f6nler ve b\u00f6ylece cilt tonu ve kahverengi lekeler \u00fczerinde daha iyi kontrol i\u00e7in melanin sentezini bloke eder.<br \/>\n4. Nonapeptid-1 Melanin<br \/>\n5 hiper \u00fcretimini engeller. Asya cildinde kan\u0131tlanm\u0131\u015f beyazlatma etkinli\u011fi<\/p>\n<p> <strong>ApplicationNonapeptide-1\/ Melitane CAS 158563-45-2<\/strong><br \/>\nCilt Parlakl\u0131\u011f\u0131 \/ Cilt Ayd\u0131nlat\u0131c\u0131-beyazlat\u0131c\u0131 \/ Koyu Nokta Kar\u015f\u0131t\u0131<\/p>\n","protected":false},"excerpt":{"rendered":"<p>\u00dcr\u00fcn Ad\u0131: Nonapeptid-1<br \/>\nCAS: 158563-45-2<br \/>\nMF: C61H87N15O9S<br \/>\nMW: 1206.5<br \/>\nMol Dosya: 158563-45-2.mol<\/p>\n","protected":false},"featured_media":2114,"comment_status":"open","ping_status":"closed","template":"","meta":{"om_disable_all_campaigns":false,"_monsterinsights_skip_tracking":false,"_monsterinsights_sitenote_active":false,"_monsterinsights_sitenote_note":"","_monsterinsights_sitenote_category":0,"site-sidebar-layout":"default","site-content-layout":"default","ast-site-content-layout":"default","site-content-style":"default","site-sidebar-style":"default","ast-global-header-display":"","ast-banner-title-visibility":"","ast-main-header-display":"","ast-hfb-above-header-display":"","ast-hfb-below-header-display":"","ast-hfb-mobile-header-display":"","site-post-title":"","ast-breadcrumbs-content":"","ast-featured-img":"","footer-sml-layout":"","ast-disable-related-posts":"","theme-transparent-header-meta":"default","adv-header-id-meta":"","stick-header-meta":"","header-above-stick-meta":"","header-main-stick-meta":"","header-below-stick-meta":"","astra-migrate-meta-layouts":"default","ast-page-background-enabled":"default","ast-page-background-meta":{"desktop":{"background-color":"","background-image":"","background-repeat":"repeat","background-position":"center center","background-size":"auto","background-attachment":"scroll","background-type":"","background-media":"","overlay-type":"","overlay-color":"","overlay-opacity":"","overlay-gradient":""},"tablet":{"background-color":"","background-image":"","background-repeat":"repeat","background-position":"center center","background-size":"auto","background-attachment":"scroll","background-type":"","background-media":"","overlay-type":"","overlay-color":"","overlay-opacity":"","overlay-gradient":""},"mobile":{"background-color":"","background-image":"","background-repeat":"repeat","background-position":"center center","background-size":"auto","background-attachment":"scroll","background-type":"","background-media":"","overlay-type":"","overlay-color":"","overlay-opacity":"","overlay-gradient":""}},"ast-content-background-meta":{"desktop":{"background-color":"var(--ast-global-color-5)","background-image":"","background-repeat":"repeat","background-position":"center center","background-size":"auto","background-attachment":"scroll","background-type":"","background-media":"","overlay-type":"","overlay-color":"","overlay-opacity":"","overlay-gradient":""},"tablet":{"background-color":"var(--ast-global-color-5)","background-image":"","background-repeat":"repeat","background-position":"center center","background-size":"auto","background-attachment":"scroll","background-type":"","background-media":"","overlay-type":"","overlay-color":"","overlay-opacity":"","overlay-gradient":""},"mobile":{"background-color":"var(--ast-global-color-5)","background-image":"","background-repeat":"repeat","background-position":"center center","background-size":"auto","background-attachment":"scroll","background-type":"","background-media":"","overlay-type":"","overlay-color":"","overlay-opacity":"","overlay-gradient":""}}},"product_brand":[],"product_cat":[572],"product_tag":[2951],"class_list":{"0":"post-6874","1":"product","2":"type-product","3":"status-publish","4":"has-post-thumbnail","6":"product_cat-beyazlatici-peptit","7":"product_tag-nonapeptide-1-melitane-cas-158563-45-2-is-a-skin-lightening-peptide-tr","8":"desktop-align-left","9":"tablet-align-left","10":"mobile-align-left","12":"first","13":"instock","14":"shipping-taxable","15":"product-type-simple"},"_links":{"self":[{"href":"https:\/\/puyapeptide.net\/tr\/wp-json\/wp\/v2\/product\/6874","targetHints":{"allow":["GET"]}}],"collection":[{"href":"https:\/\/puyapeptide.net\/tr\/wp-json\/wp\/v2\/product"}],"about":[{"href":"https:\/\/puyapeptide.net\/tr\/wp-json\/wp\/v2\/types\/product"}],"replies":[{"embeddable":true,"href":"https:\/\/puyapeptide.net\/tr\/wp-json\/wp\/v2\/comments?post=6874"}],"wp:featuredmedia":[{"embeddable":true,"href":"https:\/\/puyapeptide.net\/tr\/wp-json\/wp\/v2\/media\/2114"}],"wp:attachment":[{"href":"https:\/\/puyapeptide.net\/tr\/wp-json\/wp\/v2\/media?parent=6874"}],"wp:term":[{"taxonomy":"product_brand","embeddable":true,"href":"https:\/\/puyapeptide.net\/tr\/wp-json\/wp\/v2\/product_brand?post=6874"},{"taxonomy":"product_cat","embeddable":true,"href":"https:\/\/puyapeptide.net\/tr\/wp-json\/wp\/v2\/product_cat?post=6874"},{"taxonomy":"product_tag","embeddable":true,"href":"https:\/\/puyapeptide.net\/tr\/wp-json\/wp\/v2\/product_tag?post=6874"}],"curies":[{"name":"wp","href":"https:\/\/api.w.org\/{rel}","templated":true}]}}