{"id":6909,"date":"2021-12-16T06:10:50","date_gmt":"2021-12-16T11:10:50","guid":{"rendered":"https:\/\/puyapeptide.net\/product\/sicak-satis-kozmetik-peptit-l-karnosin-karnosin-cas-305-84-0\/"},"modified":"2021-12-16T06:10:50","modified_gmt":"2021-12-16T11:10:50","slug":"sicak-satis-kozmetik-peptit-l-karnosin-karnosin-cas-305-84-0","status":"publish","type":"product","link":"https:\/\/puyapeptide.net\/tr\/product\/sicak-satis-kozmetik-peptit-l-karnosin-karnosin-cas-305-84-0\/","title":{"rendered":"S\u0131cak Sat\u0131\u015f Kozmetik Peptit L-Karnosin\/Karnosin CAS 305-84-0"},"content":{"rendered":"<h2><strong>S\u0131cak Sat\u0131\u015f Kozmetik Peptit L-Karnosin\/Karnosin CAS 305-84-0<\/strong><\/h2>\n<p>\u00dcr\u00fcn Ad\u0131: L-Carnosine\/Carnosine<br \/>\nE\u015f Anlamlar\u0131: NB-ALANYL-L-HISTIDINE;H-BETA-ALA-HIS-OH;L-IGNOTINE;L-BETA-ALANINE HISTIDINE;L-CARNOSINE;B -ALAN\u0130L-L-H\u0130ST\u0130D\u0130N;BETA-AH;BETA-ALAN\u0130L-L-H\u0130ST\u0130D\u0130N<br \/>\nCAS: 305-84-0<br \/>\nMF: C9H14N4O3<br \/>\nMW: 226.23<br \/>\nEINECS: 206-169-9<br \/>\n\u00dcr\u00fcn Kategorileri: G\u0131da katk\u0131 maddesi;amino;Amino Asitler;kiral;Besin Takviyeleri;API;Amino Asit T\u00fcrevleri;kozmetik<br \/>\nMol Dosyas\u0131: 305-84-0.mol<\/p>\n<p>Karnosin, a\u015fa\u011f\u0131dakileri i\u00e7eren bir dipeptiddir: beta-alanin ve histidin. Kas ve di\u011fer dokularda bulunur. Hem reaktif oksijen t\u00fcrlerini (ROS) hem de reaktif nitrojen t\u00fcrlerini (RNS) temizleyebildi\u011fi i\u00e7in g\u00fc\u00e7l\u00fc oksidan \u00f6zelli\u011fi vard\u0131r. Karnosin, sitozolik tamponlama maddesi ve makrofaj fonksiyonunun d\u00fczenleyicisi olarak g\u00f6rev yapar.1 Ge\u00e7i\u015f metalleri ile kompleks olu\u015fturma yetene\u011fine atfedilerek, biyolojik s\u0131v\u0131larda ve dokularda ge\u00e7i\u015f metali iyonlar\u0131n\u0131n i\u00e7eri\u011fini d\u00fczenlemek i\u00e7in kullan\u0131l\u0131r.<br \/>\nKarnosin \u00f6nleyebilir. ya\u015flanma ve sinir hasar\u0131, g\u00f6z bozukluklar\u0131 (katarakt) ve b\u00f6brek sorunlar\u0131 gibi diyabet komplikasyonlar\u0131n\u0131 \u00f6nlemek veya tedavi etmek i\u00e7in kullan\u0131labilir. Karnosinin potansiyel terap\u00f6tik etkileri, antihipertansif etkileri, imm\u00fcnomod\u00fclasyonu, iyile\u015ftirici etkileri ve antit\u00fcm\u00f6r\/kemopreventif etkileri i\u00e7erir. \u00c7inko iyonu ve karnosinin \u015felat bile\u015fi\u011fi Japonya&#39;da gastrit, mide \u00fclserleri ve haz\u0131ms\u0131zl\u0131k semptomlar\u0131 i\u00e7in kullan\u0131lm\u0131\u015ft\u0131r.<\/p>\n<p> <strong>L-Karnosin\/Karnosin CAS 305-84-0 Kimyasal \u00d6zellikler<\/strong><br \/>\nErime noktas\u0131 253 \u00b0C (dec.) (lit.)<br \/>\nalfa 20.9 \u00ba (c=1,5, H2O)<br \/>\nKaynama noktas\u0131 367.84\u00b0C (kaba tahmin)<br \/>\nyo\u011funluk 1.2673 (kaba tahmin)<br \/>\nk\u0131r\u0131lma indisi 21 \u00b0 ( C=2, H2O)<br \/>\ndepolama s\u0131cakl\u0131\u011f\u0131. -20\u00b0C<br \/>\npka 2.62(25\u00b0C&#39;de)<br \/>\nkristal olu\u015fturur<br \/>\nrenk Beyaz<br \/>\nSuda \u00c7\u00f6z\u00fcn\u00fcrl\u00fck hemen hemen \u015feffafl\u0131k<br \/>\nMerck 14,1850<br \/>\nBRN 87671<br \/>\nKararl\u0131l\u0131k: Kararl\u0131, ancak \u0131s\u0131ya duyarl\u0131 olabilir &#8211; so\u011fukta saklay\u0131n. G\u00fc\u00e7l\u00fc oksitleyici ajanlarla uyumsuz.<br \/>\nInChIKey CQOVPNPJLQNMDC-ZETCQYMHSA-N<br \/>\nCAS Veri Taban\u0131 Referans\u0131 305-84-0(CAS Veri Taban\u0131 Referans\u0131)<br \/>\nEPA Madde Kay\u0131t Sistemi L-Histidin, .beta.-alanyl- (305 -84-0)<\/p>\n<p> <strong>L-Karnosin\/Karnosin CAS&#39;\u0131n \u0130\u015flevi 305-84-0<\/strong><br \/>\n1. Yeni g\u0131da katk\u0131 maddeleri;<br \/>\n2. Karnosin bir \u03b2-alanin ve histidin dipeptid bile\u015fimidir, hayvanlarda sentezlenebilir;<br \/>\n3. Ya\u011f oksidasyonunu inhibe edin ve etin rol\u00fcn\u00fc koruyun;<br \/>\n4. Kozmetik Peptit cilt ya\u015flanmas\u0131n\u0131 ve cilt beyazlatma etkisini \u00f6nleyebilir;<br \/>\n5. Senil katarakt tedavisi;<br \/>\n6. Yara iyile\u015fmesini h\u0131zland\u0131rabilir <\/p>\n<p> <strong>L-Karnosin\/Karnosin CAS 305-84-0 Uygulamas\u0131<\/strong><br \/>\n1. Zararl\u0131 metal bile\u015fiklerine ba\u011flanabilir ve onlar\u0131 etkisiz hale getirebilir.<br \/>\n2. Sa\u011fl\u0131kl\u0131 h\u00fccreleri radyasyon hasar\u0131ndan koruyun.<br \/>\n3. \u00c7ok say\u0131da di\u011fer besin ve bile\u015fiklerin \u00e7al\u0131\u015fmalar\u0131n\u0131 geli\u015ftirmek i\u00e7in bir kataliz\u00f6r g\u00f6revi g\u00f6r\u00fcr.<\/p>\n","protected":false},"excerpt":{"rendered":"<p>\u00dcr\u00fcn Ad\u0131: L-Karnosin\/Karnosin<br \/>\nCAS: 305-84-0<br \/>\nMF: C9H14N4O3<br \/>\nMW: 226.23<br \/>\nEINECS: 206-169-9<br \/>\nMol Dosyas\u0131: 305-84- 0.mol<\/p>\n","protected":false},"featured_media":2177,"comment_status":"open","ping_status":"closed","template":"","meta":{"om_disable_all_campaigns":false,"_monsterinsights_skip_tracking":false,"_monsterinsights_sitenote_active":false,"_monsterinsights_sitenote_note":"","_monsterinsights_sitenote_category":0,"site-sidebar-layout":"default","site-content-layout":"default","ast-site-content-layout":"default","site-content-style":"default","site-sidebar-style":"default","ast-global-header-display":"","ast-banner-title-visibility":"","ast-main-header-display":"","ast-hfb-above-header-display":"","ast-hfb-below-header-display":"","ast-hfb-mobile-header-display":"","site-post-title":"","ast-breadcrumbs-content":"","ast-featured-img":"","footer-sml-layout":"","ast-disable-related-posts":"","theme-transparent-header-meta":"default","adv-header-id-meta":"","stick-header-meta":"","header-above-stick-meta":"","header-main-stick-meta":"","header-below-stick-meta":"","astra-migrate-meta-layouts":"default","ast-page-background-enabled":"default","ast-page-background-meta":{"desktop":{"background-color":"","background-image":"","background-repeat":"repeat","background-position":"center center","background-size":"auto","background-attachment":"scroll","background-type":"","background-media":"","overlay-type":"","overlay-color":"","overlay-opacity":"","overlay-gradient":""},"tablet":{"background-color":"","background-image":"","background-repeat":"repeat","background-position":"center center","background-size":"auto","background-attachment":"scroll","background-type":"","background-media":"","overlay-type":"","overlay-color":"","overlay-opacity":"","overlay-gradient":""},"mobile":{"background-color":"","background-image":"","background-repeat":"repeat","background-position":"center center","background-size":"auto","background-attachment":"scroll","background-type":"","background-media":"","overlay-type":"","overlay-color":"","overlay-opacity":"","overlay-gradient":""}},"ast-content-background-meta":{"desktop":{"background-color":"var(--ast-global-color-5)","background-image":"","background-repeat":"repeat","background-position":"center center","background-size":"auto","background-attachment":"scroll","background-type":"","background-media":"","overlay-type":"","overlay-color":"","overlay-opacity":"","overlay-gradient":""},"tablet":{"background-color":"var(--ast-global-color-5)","background-image":"","background-repeat":"repeat","background-position":"center center","background-size":"auto","background-attachment":"scroll","background-type":"","background-media":"","overlay-type":"","overlay-color":"","overlay-opacity":"","overlay-gradient":""},"mobile":{"background-color":"var(--ast-global-color-5)","background-image":"","background-repeat":"repeat","background-position":"center center","background-size":"auto","background-attachment":"scroll","background-type":"","background-media":"","overlay-type":"","overlay-color":"","overlay-opacity":"","overlay-gradient":""}}},"product_brand":[],"product_cat":[545],"product_tag":[2901],"class_list":{"0":"post-6909","1":"product","2":"type-product","3":"status-publish","4":"has-post-thumbnail","6":"product_cat-kirisiklik-ve-yaslanma-karsiti-peptit","7":"product_tag-hot-sale-cosmetic-peptide-l-carnosine-carnosine-cas-305-84-0-tr","8":"desktop-align-left","9":"tablet-align-left","10":"mobile-align-left","12":"first","13":"instock","14":"shipping-taxable","15":"product-type-simple"},"_links":{"self":[{"href":"https:\/\/puyapeptide.net\/tr\/wp-json\/wp\/v2\/product\/6909","targetHints":{"allow":["GET"]}}],"collection":[{"href":"https:\/\/puyapeptide.net\/tr\/wp-json\/wp\/v2\/product"}],"about":[{"href":"https:\/\/puyapeptide.net\/tr\/wp-json\/wp\/v2\/types\/product"}],"replies":[{"embeddable":true,"href":"https:\/\/puyapeptide.net\/tr\/wp-json\/wp\/v2\/comments?post=6909"}],"wp:featuredmedia":[{"embeddable":true,"href":"https:\/\/puyapeptide.net\/tr\/wp-json\/wp\/v2\/media\/2177"}],"wp:attachment":[{"href":"https:\/\/puyapeptide.net\/tr\/wp-json\/wp\/v2\/media?parent=6909"}],"wp:term":[{"taxonomy":"product_brand","embeddable":true,"href":"https:\/\/puyapeptide.net\/tr\/wp-json\/wp\/v2\/product_brand?post=6909"},{"taxonomy":"product_cat","embeddable":true,"href":"https:\/\/puyapeptide.net\/tr\/wp-json\/wp\/v2\/product_cat?post=6909"},{"taxonomy":"product_tag","embeddable":true,"href":"https:\/\/puyapeptide.net\/tr\/wp-json\/wp\/v2\/product_tag?post=6909"}],"curies":[{"name":"wp","href":"https:\/\/api.w.org\/{rel}","templated":true}]}}