{"id":6977,"date":"2021-12-16T06:35:31","date_gmt":"2021-12-16T11:35:31","guid":{"rendered":"https:\/\/puyapeptide.net\/product\/heksapeptid-10-serilesine-cas-146439-94-3-nemlendiricilerde-kremlerde-yuz-maskelerinde-goz-kremlerinde-yaygin-olarak-kullanilir\/"},"modified":"2021-12-16T06:35:31","modified_gmt":"2021-12-16T11:35:31","slug":"heksapeptid-10-serilesine-cas-146439-94-3-nemlendiricilerde-kremlerde-yuz-maskelerinde-goz-kremlerinde-yaygin-olarak-kullanilir","status":"publish","type":"product","link":"https:\/\/puyapeptide.net\/tr\/product\/heksapeptid-10-serilesine-cas-146439-94-3-nemlendiricilerde-kremlerde-yuz-maskelerinde-goz-kremlerinde-yaygin-olarak-kullanilir\/","title":{"rendered":"Heksapeptid-10\/ Serilesine CAS 146439-94-3 Nemlendiricilerde, kremlerde, y\u00fcz maskelerinde, g\u00f6z kremlerinde yayg\u0131n olarak kullan\u0131l\u0131r"},"content":{"rendered":"<h2><strong>Heksapeptid-10\/ Serilesine CAS 146439-94-3 Nemlendiricilerde, kremlerde, y\u00fcz maskelerinde, g\u00f6z kremlerinde yayg\u0131n olarak kullan\u0131l\u0131r<\/strong><\/h2>\n<p>\u00dcr\u00fcn Ad\u0131: Hexapeptide-10<br \/>\n\u00dcr\u00fcn tan\u0131m\u0131: Cilt dokusu onar\u0131m\u0131n\u0131 uyar\u0131n, cildin biyokimyasal i\u015flevini yeniden \u015fekillendirin, b\u00f6ylece cilt s\u0131k\u0131l\u0131\u011f\u0131n\u0131 art\u0131r\u0131n, k\u0131r\u0131\u015f\u0131kl\u0131k ve ya\u015flanma kar\u015f\u0131t\u0131 olarak kullan\u0131l\u0131r.<br \/>\nCAS: 146439-94 -3<br \/>\nDizi: H-Ser-Ile-Lys-Val-Ala-Val-OH<br \/>\nMolek\u00fcler form\u00fcl: C28H53N7O8<br \/>\nMolek\u00fcl a\u011f\u0131rl\u0131\u011f\u0131: 615.76252<\/p>\n<p>Heksapeptid-10 bir yap\u0131\u015fma dizisindendir cilt yap\u0131s\u0131n\u0131 restore eden laminin. Hexapeptide-10, hem keratinositler hem de fibroblast \u00fczerinde \u00e7ift h\u00fccreli aktiviteyi destekleyen s\u0131k\u0131la\u015ft\u0131r\u0131c\u0131 bir aktiftir. Laminin-5, alfa6-integrin ve hemidesmozomlar\u0131n sentezini artt\u0131r\u0131r, b\u00f6ylece dermal-epidermal ba\u011flant\u0131y\u0131 g\u00fc\u00e7lendirir. Hexapeptide-10 ile cilt yeniden yap\u0131land\u0131r\u0131l\u0131r, yenilenir, daha s\u0131k\u0131 ve daha elastik hale gelir, dolgunlu\u011funu geri kazan\u0131r.<\/p>\n<p> <strong>Hexapeptide-10\/ Serilesine CAS 146439-94-3<\/strong><br \/>\nHeksapeptid-10 art\u0131klara kar\u015f\u0131l\u0131k gelir. laminin \u03b11 zincirinin 2099-2104&#39;\u00fc. Heksapeptid-10&#39;un t\u00fcm\u00f6r istilas\u0131n\u0131, metastaz\u0131 ve anjiyogenezi mod\u00fcle etti\u011fi g\u00f6sterilmi\u015ftir. Ayr\u0131ca monosit h\u00fccre k\u00fclt\u00fcrlerinde prostaglandin E2, interstisyel kollajenaz ve jelatinaz B&#39;nin sentezini ind\u00fckledi. SIKVAV dizisini i\u00e7eren laminin fragmanlar\u0131<br \/>\nyara iyile\u015fme b\u00f6lgelerindeki inflamatuar yan\u0131ta katk\u0131da bulunabilir.<br \/>\nKronik inflamatuar lezyonlarda metalloproteinazlar\u0131n a\u015f\u0131r\u0131 uyar\u0131lmas\u0131nda da rol oynayabilirler.<\/p>\n<p> <strong>Heksapeptid Uygulamas\u0131 -10\/ Serilesine CAS 146439-94-3<\/strong><br \/>\nHeksapeptid-10, kutan\u00f6z yap\u0131y\u0131 eski haline getiren laminin yap\u0131\u015fma dizisindendir.<br \/>\nHeksapeptid-10, her iki keratinosit \u00fczerinde \u00e7ift h\u00fccreli bir aktiviteyi destekleyen s\u0131k\u0131la\u015ft\u0131r\u0131c\u0131 bir aktiftir. ve<br \/>\nfibroblast. Laminin-5, alfa6-integrin ve hemidesmozomlar\u0131n sentezini art\u0131rarak dermal-epidermal ba\u011flant\u0131y\u0131 g\u00fc\u00e7lendirir. Hexapeptide-10 ile cilt yeniden yap\u0131lan\u0131r, yenilenir,<br \/>\ndaha s\u0131k\u0131 ve elastik hale gelir, dolgunlu\u011funa kavu\u015fur.<\/p>\n<p> <strong>Hexapeptide-10\/ Serilesine CAS 146439-94-3<\/strong><br \/>\n1. Nemlendiriciler, kremler, y\u00fcz maskeleri, g\u00f6z kremleri ve banyo \u00fcr\u00fcnlerinde yayg\u0131n olarak kullan\u0131l\u0131r.<br \/>\n2. NHDC gibi y\u00fcksek tatl\u0131l\u0131\u011fa sahip tatland\u0131r\u0131c\u0131larla birlikte kullan\u0131ld\u0131\u011f\u0131nda, tatl\u0131 tad\u0131 daha yumu\u015fak hale getirebilir ve g\u0131dalar\u0131n lezzetini iyile\u015ftirme etkisine ula\u015fabilir.<\/p>\n","protected":false},"excerpt":{"rendered":"<p>\u00dcr\u00fcn Ad\u0131: Heksapeptid-10<br \/>\nCAS: 146439-94-3<br \/>\nS\u0131ra: H-Ser-Ile-Lys-Val-Ala-Val-OH<br \/>\nMolek\u00fcler form\u00fcl: C28H53N7O8<br \/>\nMolek\u00fcl a\u011f\u0131rl\u0131\u011f\u0131: 615.76252<\/p>\n","protected":false},"featured_media":2177,"comment_status":"open","ping_status":"closed","template":"","meta":{"om_disable_all_campaigns":false,"_monsterinsights_skip_tracking":false,"_monsterinsights_sitenote_active":false,"_monsterinsights_sitenote_note":"","_monsterinsights_sitenote_category":0,"site-sidebar-layout":"default","site-content-layout":"default","ast-site-content-layout":"default","site-content-style":"default","site-sidebar-style":"default","ast-global-header-display":"","ast-banner-title-visibility":"","ast-main-header-display":"","ast-hfb-above-header-display":"","ast-hfb-below-header-display":"","ast-hfb-mobile-header-display":"","site-post-title":"","ast-breadcrumbs-content":"","ast-featured-img":"","footer-sml-layout":"","ast-disable-related-posts":"","theme-transparent-header-meta":"default","adv-header-id-meta":"","stick-header-meta":"","header-above-stick-meta":"","header-main-stick-meta":"","header-below-stick-meta":"","astra-migrate-meta-layouts":"default","ast-page-background-enabled":"default","ast-page-background-meta":{"desktop":{"background-color":"","background-image":"","background-repeat":"repeat","background-position":"center center","background-size":"auto","background-attachment":"scroll","background-type":"","background-media":"","overlay-type":"","overlay-color":"","overlay-opacity":"","overlay-gradient":""},"tablet":{"background-color":"","background-image":"","background-repeat":"repeat","background-position":"center center","background-size":"auto","background-attachment":"scroll","background-type":"","background-media":"","overlay-type":"","overlay-color":"","overlay-opacity":"","overlay-gradient":""},"mobile":{"background-color":"","background-image":"","background-repeat":"repeat","background-position":"center center","background-size":"auto","background-attachment":"scroll","background-type":"","background-media":"","overlay-type":"","overlay-color":"","overlay-opacity":"","overlay-gradient":""}},"ast-content-background-meta":{"desktop":{"background-color":"var(--ast-global-color-5)","background-image":"","background-repeat":"repeat","background-position":"center center","background-size":"auto","background-attachment":"scroll","background-type":"","background-media":"","overlay-type":"","overlay-color":"","overlay-opacity":"","overlay-gradient":""},"tablet":{"background-color":"var(--ast-global-color-5)","background-image":"","background-repeat":"repeat","background-position":"center center","background-size":"auto","background-attachment":"scroll","background-type":"","background-media":"","overlay-type":"","overlay-color":"","overlay-opacity":"","overlay-gradient":""},"mobile":{"background-color":"var(--ast-global-color-5)","background-image":"","background-repeat":"repeat","background-position":"center center","background-size":"auto","background-attachment":"scroll","background-type":"","background-media":"","overlay-type":"","overlay-color":"","overlay-opacity":"","overlay-gradient":""}}},"product_brand":[],"product_cat":[545],"product_tag":[2794,2838,2816,2772],"class_list":{"0":"post-6977","1":"product","2":"type-product","3":"status-publish","4":"has-post-thumbnail","6":"product_cat-kirisiklik-ve-yaslanma-karsiti-peptit","7":"product_tag-creams-tr","8":"product_tag-eye-creams-tr","9":"product_tag-facial-masks-tr","10":"product_tag-hexapeptide-10-serilesine-cas-146439-94-3-widely-used-in-moisturizers-tr","11":"desktop-align-left","12":"tablet-align-left","13":"mobile-align-left","15":"first","16":"instock","17":"shipping-taxable","18":"product-type-simple"},"_links":{"self":[{"href":"https:\/\/puyapeptide.net\/tr\/wp-json\/wp\/v2\/product\/6977","targetHints":{"allow":["GET"]}}],"collection":[{"href":"https:\/\/puyapeptide.net\/tr\/wp-json\/wp\/v2\/product"}],"about":[{"href":"https:\/\/puyapeptide.net\/tr\/wp-json\/wp\/v2\/types\/product"}],"replies":[{"embeddable":true,"href":"https:\/\/puyapeptide.net\/tr\/wp-json\/wp\/v2\/comments?post=6977"}],"wp:featuredmedia":[{"embeddable":true,"href":"https:\/\/puyapeptide.net\/tr\/wp-json\/wp\/v2\/media\/2177"}],"wp:attachment":[{"href":"https:\/\/puyapeptide.net\/tr\/wp-json\/wp\/v2\/media?parent=6977"}],"wp:term":[{"taxonomy":"product_brand","embeddable":true,"href":"https:\/\/puyapeptide.net\/tr\/wp-json\/wp\/v2\/product_brand?post=6977"},{"taxonomy":"product_cat","embeddable":true,"href":"https:\/\/puyapeptide.net\/tr\/wp-json\/wp\/v2\/product_cat?post=6977"},{"taxonomy":"product_tag","embeddable":true,"href":"https:\/\/puyapeptide.net\/tr\/wp-json\/wp\/v2\/product_tag?post=6977"}],"curies":[{"name":"wp","href":"https:\/\/api.w.org\/{rel}","templated":true}]}}