{"id":7067,"date":"2021-12-16T06:41:18","date_gmt":"2021-12-16T11:41:18","guid":{"rendered":"https:\/\/puyapeptide.net\/product\/asetil-dipeptid-1-asetil-dipeptid-1-setil-ester-cas-196604-48-5-dogal-cilt-elastikiyetini-iyilestirebilir-ve-sarkmis-cildi-azaltabilir\/"},"modified":"2021-12-16T06:41:18","modified_gmt":"2021-12-16T11:41:18","slug":"asetil-dipeptid-1-asetil-dipeptid-1-setil-ester-cas-196604-48-5-dogal-cilt-elastikiyetini-iyilestirebilir-ve-sarkmis-cildi-azaltabilir","status":"publish","type":"product","link":"https:\/\/puyapeptide.net\/tr\/product\/asetil-dipeptid-1-asetil-dipeptid-1-setil-ester-cas-196604-48-5-dogal-cilt-elastikiyetini-iyilestirebilir-ve-sarkmis-cildi-azaltabilir\/","title":{"rendered":"Asetil dipeptid-1\/ Asetil Dipeptid-1 setil ester CAS 196604-48-5, do\u011fal cilt elastikiyetini iyile\u015ftirebilir ve sarkm\u0131\u015f cildi azaltabilir"},"content":{"rendered":"<h2><strong>Asetil dipeptid-1\/ Asetil Dipeptid-1 setil ester CAS 196604-48-5, do\u011fal cilt elastikiyetini iyile\u015ftirebilir ve sarkm\u0131\u015f cildi azaltabilir<\/strong><\/h2>\n<p>\u00dcr\u00fcn Ad\u0131: Asetil Dipeptid-1 setil ester<br \/>\nE\u015f anlaml\u0131lar: Sensicalmine;Asetil Dipeptid-1 Cetyl Ester, Sensicalmine, Tyr-Arg;Calmosensine;Calmosensine (kozmetik bile\u015fen);Idealift;N-Asetil-L-tirosil- L-arginin heksadesil ester;Asetil Dipeptid Setil Ester;Ac-Tyr-Arg-O-heksadesil ester,Asetil Dipeptid-1 Setil Ester<br \/>\nCAS: 196604-48-5<br \/>\nMF: C33H57N5O5<br \/>\nMW: 603.84<br \/>\nEINECS:<br \/>\n\u00dcr\u00fcn Kategorileri: kozmetik<br \/>\nMol Dosya: 196604-48-5.mol<\/p>\n<p>Asetil Dipeptid-1 Setil Ester, tirozinin asetil esterinin ba\u011flanmas\u0131yla elde edilen bir \u00fcr\u00fcnd\u00fcr. Dipeptid-1&#39;den (qv) dipeptid-1&#39;den argininin setil esteri ile. Ya\u015flanma kar\u015f\u0131t\u0131 Asetil Dipeptid-1 Setil Ester serumu, do\u011fal cilt elastikiyetinizi art\u0131rabilir ve b\u00f6ylece sarkm\u0131\u015f cildi azaltabilir. Y\u00fcz\u00fcn\u00fcz\u00fc daha s\u0131k\u0131 ve s\u0131k\u0131 hale getirin, k\u0131r\u0131\u015f\u0131kl\u0131klar\u0131 yumu\u015fat\u0131n ve nemi koruyun. Ya\u015flanma s\u00fcrecini yava\u015flat\u0131r, yumu\u015fat\u0131r, var olan ince \u00e7izgileri d\u00fczeltir, cilt sarkmas\u0131yla sava\u015f\u0131r, g\u00f6zenekleri k\u00fc\u00e7\u00fclt\u00fcr ve cildi g\u00fc\u00e7lendirir. Cildiniz parlak, sa\u011fl\u0131kl\u0131 bir \u0131\u015f\u0131lt\u0131yla p\u00fcr\u00fczs\u00fcz g\u00f6r\u00fcnecektir.<\/p>\n<p> <strong>Asetil Dipeptid-1 setil ester Kimyasal \u00d6zellikler<\/strong><br \/>\nyo\u011funluk 1,12\u00b10,1 g\/cm3(Tahmini)<br \/>\npka 9,83\u00b10,15(Tahmini)&lt; &amp;&gt;<br \/>\n <strong>Asetil Dipeptid-1 setil ester CAS 196604-48-5<br \/>\nSa\u00e7 Bak\u0131m Maddesinin Kullan\u0131m\u0131<\/strong> ; Cilt Bak\u0131m\u0131<br \/>\n1. Nemlendiriciler, kremler, y\u00fcz maskeleri, g\u00f6z kremleri ve banyo \u00fcr\u00fcnlerinde yayg\u0131n olarak kullan\u0131l\u0131r.<br \/>\n2. NHDC gibi y\u00fcksek tatl\u0131l\u0131\u011fa sahip tatland\u0131r\u0131c\u0131larla birlikte kullan\u0131ld\u0131\u011f\u0131nda, tatl\u0131 tad\u0131 daha yumu\u015fak hale getirebilir ve g\u0131dalar\u0131n lezzetini iyile\u015ftirme etkisine ula\u015fabilir.<\/p>\n","protected":false},"excerpt":{"rendered":"<p>\u00dcr\u00fcn Ad\u0131: Asetil Dipeptid-1 setil ester<br \/>\nCAS: 196604-48-5<br \/>\nMF: C33H57N5O5<br \/>\nMW: 603.84<br \/>\nMol Dosya: 196604-48-5.mol<\/p>\n","protected":false},"featured_media":2219,"comment_status":"open","ping_status":"closed","template":"","meta":{"om_disable_all_campaigns":false,"_monsterinsights_skip_tracking":false,"_monsterinsights_sitenote_active":false,"_monsterinsights_sitenote_note":"","_monsterinsights_sitenote_category":0,"site-sidebar-layout":"default","site-content-layout":"default","ast-site-content-layout":"default","site-content-style":"default","site-sidebar-style":"default","ast-global-header-display":"","ast-banner-title-visibility":"","ast-main-header-display":"","ast-hfb-above-header-display":"","ast-hfb-below-header-display":"","ast-hfb-mobile-header-display":"","site-post-title":"","ast-breadcrumbs-content":"","ast-featured-img":"","footer-sml-layout":"","ast-disable-related-posts":"","theme-transparent-header-meta":"default","adv-header-id-meta":"","stick-header-meta":"","header-above-stick-meta":"","header-main-stick-meta":"","header-below-stick-meta":"","astra-migrate-meta-layouts":"default","ast-page-background-enabled":"default","ast-page-background-meta":{"desktop":{"background-color":"","background-image":"","background-repeat":"repeat","background-position":"center center","background-size":"auto","background-attachment":"scroll","background-type":"","background-media":"","overlay-type":"","overlay-color":"","overlay-opacity":"","overlay-gradient":""},"tablet":{"background-color":"","background-image":"","background-repeat":"repeat","background-position":"center center","background-size":"auto","background-attachment":"scroll","background-type":"","background-media":"","overlay-type":"","overlay-color":"","overlay-opacity":"","overlay-gradient":""},"mobile":{"background-color":"","background-image":"","background-repeat":"repeat","background-position":"center center","background-size":"auto","background-attachment":"scroll","background-type":"","background-media":"","overlay-type":"","overlay-color":"","overlay-opacity":"","overlay-gradient":""}},"ast-content-background-meta":{"desktop":{"background-color":"var(--ast-global-color-5)","background-image":"","background-repeat":"repeat","background-position":"center center","background-size":"auto","background-attachment":"scroll","background-type":"","background-media":"","overlay-type":"","overlay-color":"","overlay-opacity":"","overlay-gradient":""},"tablet":{"background-color":"var(--ast-global-color-5)","background-image":"","background-repeat":"repeat","background-position":"center center","background-size":"auto","background-attachment":"scroll","background-type":"","background-media":"","overlay-type":"","overlay-color":"","overlay-opacity":"","overlay-gradient":""},"mobile":{"background-color":"var(--ast-global-color-5)","background-image":"","background-repeat":"repeat","background-position":"center center","background-size":"auto","background-attachment":"scroll","background-type":"","background-media":"","overlay-type":"","overlay-color":"","overlay-opacity":"","overlay-gradient":""}}},"product_brand":[],"product_cat":[545],"product_tag":[2708],"class_list":{"0":"post-7067","1":"product","2":"type-product","3":"status-publish","4":"has-post-thumbnail","6":"product_cat-kirisiklik-ve-yaslanma-karsiti-peptit","7":"product_tag-acetyl-dipeptide-1-acetyl-dipeptide-1-cetyl-ester-cas-196604-48-5-can-improve-natural-skin-elasticity-and-reduce-sagging-skin-tr","8":"desktop-align-left","9":"tablet-align-left","10":"mobile-align-left","12":"first","13":"instock","14":"shipping-taxable","15":"product-type-simple"},"_links":{"self":[{"href":"https:\/\/puyapeptide.net\/tr\/wp-json\/wp\/v2\/product\/7067","targetHints":{"allow":["GET"]}}],"collection":[{"href":"https:\/\/puyapeptide.net\/tr\/wp-json\/wp\/v2\/product"}],"about":[{"href":"https:\/\/puyapeptide.net\/tr\/wp-json\/wp\/v2\/types\/product"}],"replies":[{"embeddable":true,"href":"https:\/\/puyapeptide.net\/tr\/wp-json\/wp\/v2\/comments?post=7067"}],"wp:featuredmedia":[{"embeddable":true,"href":"https:\/\/puyapeptide.net\/tr\/wp-json\/wp\/v2\/media\/2219"}],"wp:attachment":[{"href":"https:\/\/puyapeptide.net\/tr\/wp-json\/wp\/v2\/media?parent=7067"}],"wp:term":[{"taxonomy":"product_brand","embeddable":true,"href":"https:\/\/puyapeptide.net\/tr\/wp-json\/wp\/v2\/product_brand?post=7067"},{"taxonomy":"product_cat","embeddable":true,"href":"https:\/\/puyapeptide.net\/tr\/wp-json\/wp\/v2\/product_cat?post=7067"},{"taxonomy":"product_tag","embeddable":true,"href":"https:\/\/puyapeptide.net\/tr\/wp-json\/wp\/v2\/product_tag?post=7067"}],"curies":[{"name":"wp","href":"https:\/\/api.w.org\/{rel}","templated":true}]}}