{"id":7091,"date":"2021-12-16T06:43:02","date_gmt":"2021-12-16T11:43:02","guid":{"rendered":"https:\/\/puyapeptide.net\/product\/puya-tedarik-asetil-pentapeptid-1-kolajen-proteini-ve-elastin-proteinini-iyilestirebilir\/"},"modified":"2021-12-16T06:43:02","modified_gmt":"2021-12-16T11:43:02","slug":"puya-tedarik-asetil-pentapeptid-1-kolajen-proteini-ve-elastin-proteinini-iyilestirebilir","status":"publish","type":"product","link":"https:\/\/puyapeptide.net\/tr\/product\/puya-tedarik-asetil-pentapeptid-1-kolajen-proteini-ve-elastin-proteinini-iyilestirebilir\/","title":{"rendered":"Puya Tedarik Asetil Pentapeptid-1, kolajen proteini ve elastin proteinini iyile\u015ftirebilir"},"content":{"rendered":"<h2><strong>Puya Tedarik Asetil Pentapeptid-1, kolajen proteini ve elastin proteinini iyile\u015ftirebilir<\/strong><\/h2>\n<p>\u00dcr\u00fcn ad\u0131: Asetil Pentapeptid-1<br \/>\nMolek\u00fcler:720<br \/>\nG\u00f6r\u00fcn\u00fcm: beyaz veya kirli beyaz toz<br \/>\nCOA ve MSDS: referans\u0131n\u0131z i\u00e7in mevcuttur<br \/>\nSafl\u0131k: %95<br \/>\nS\u0131n\u0131f: kozmetik<br \/>\nKaynak: sentetik<br \/>\nKapasite: ayda 300g<br \/>\nG\u00f6r\u00fcn\u00fcm: beyaz toz<\/p>\n<p>Asetil pentapeptit-1, bu \u00f6zellikleri korumay\u0131 ba\u015faran do\u011fal elementleri g\u00fc\u00e7lendirerek cildin s\u0131k\u0131l\u0131\u011f\u0131n\u0131 art\u0131rmak i\u00e7in ideal bir bile\u015fendir. elastin ve kollajen dahil ciltte. B\u00f6ylece, sarkma ve sarkmay\u0131 en aza indirmek i\u00e7in cilt b\u00fct\u00fcnl\u00fc\u011f\u00fcn\u00fcn ve esnekli\u011finin artt\u0131r\u0131lmas\u0131n\u0131n istendi\u011fi hem y\u00fcz hem de v\u00fccut bak\u0131m\u0131 i\u00e7in s\u0131k\u0131la\u015ft\u0131r\u0131c\u0131 ve ya\u015flanma kar\u015f\u0131t\u0131 form\u00fclasyonlara dahil edilebilir. Ayr\u0131ca, kilo verdikten sonra sark\u0131kl\u0131\u011f\u0131 \u00f6nlemek i\u00e7in zay\u0131flama form\u00fclleri eklemek de faydal\u0131 olacakt\u0131r.<\/p>\n<p> <strong>Asetil Pentapeptid-1&#39;in i\u015flevi<\/strong><br \/>\nKolajen \u00fcretimini te\u015fvik eder, hasarl\u0131 cildi onar\u0131r, ya\u015flanmay\u0131 geciktirir, cildi iyile\u015ftirir. elastikiyet, cilt canl\u0131l\u0131\u011f\u0131n\u0131 artt\u0131r\u0131r.<br \/>\n1.Kolajen proteini ve elastin protein sentezini geli\u015ftirmek,k\u0131r\u0131\u015f\u0131kl\u0131k \u00f6nleyici;<br \/>\n2.Cildin kal\u0131nla\u015fmas\u0131na ve s\u0131k\u0131la\u015fmas\u0131na yard\u0131mc\u0131 olur, cildi s\u0131k\u0131la\u015ft\u0131r\u0131r.<\/p>\n<p> <strong>Asetil Pentapeptid Kullan\u0131m\u0131- 1<\/strong><br \/>\nAsetil Pentapeptid-1 kolajen proteini ve elastin proteinini iyile\u015ftirebilir<br \/>\nsentez, k\u0131r\u0131\u015f\u0131kl\u0131k \u00f6nleyici;Cildin kal\u0131nl\u0131\u011f\u0131na ve s\u0131k\u0131la\u015fmas\u0131na yard\u0131mc\u0131 olur, cildi s\u0131k\u0131la\u015ft\u0131r\u0131r.<\/p>\n","protected":false},"excerpt":{"rendered":"<p>\u00dcr\u00fcn ad\u0131: Asetil Pentapeptid-1<br \/>\nMolek\u00fcler:720<br \/>\nG\u00f6r\u00fcn\u00fcm: beyaz veya kirli beyaz toz<br \/>\nSafl\u0131k: %95<br \/>\nS\u0131n\u0131f: kozmetik<br \/>\nKaynak: sentetik<br \/>\nG\u00f6r\u00fcn\u00fcm: beyaz toz<\/p>\n","protected":false},"featured_media":2135,"comment_status":"open","ping_status":"closed","template":"","meta":{"om_disable_all_campaigns":false,"_monsterinsights_skip_tracking":false,"_monsterinsights_sitenote_active":false,"_monsterinsights_sitenote_note":"","_monsterinsights_sitenote_category":0,"site-sidebar-layout":"default","site-content-layout":"default","ast-site-content-layout":"default","site-content-style":"default","site-sidebar-style":"default","ast-global-header-display":"","ast-banner-title-visibility":"","ast-main-header-display":"","ast-hfb-above-header-display":"","ast-hfb-below-header-display":"","ast-hfb-mobile-header-display":"","site-post-title":"","ast-breadcrumbs-content":"","ast-featured-img":"","footer-sml-layout":"","ast-disable-related-posts":"","theme-transparent-header-meta":"default","adv-header-id-meta":"","stick-header-meta":"","header-above-stick-meta":"","header-main-stick-meta":"","header-below-stick-meta":"","astra-migrate-meta-layouts":"default","ast-page-background-enabled":"default","ast-page-background-meta":{"desktop":{"background-color":"","background-image":"","background-repeat":"repeat","background-position":"center center","background-size":"auto","background-attachment":"scroll","background-type":"","background-media":"","overlay-type":"","overlay-color":"","overlay-opacity":"","overlay-gradient":""},"tablet":{"background-color":"","background-image":"","background-repeat":"repeat","background-position":"center center","background-size":"auto","background-attachment":"scroll","background-type":"","background-media":"","overlay-type":"","overlay-color":"","overlay-opacity":"","overlay-gradient":""},"mobile":{"background-color":"","background-image":"","background-repeat":"repeat","background-position":"center center","background-size":"auto","background-attachment":"scroll","background-type":"","background-media":"","overlay-type":"","overlay-color":"","overlay-opacity":"","overlay-gradient":""}},"ast-content-background-meta":{"desktop":{"background-color":"var(--ast-global-color-5)","background-image":"","background-repeat":"repeat","background-position":"center center","background-size":"auto","background-attachment":"scroll","background-type":"","background-media":"","overlay-type":"","overlay-color":"","overlay-opacity":"","overlay-gradient":""},"tablet":{"background-color":"var(--ast-global-color-5)","background-image":"","background-repeat":"repeat","background-position":"center center","background-size":"auto","background-attachment":"scroll","background-type":"","background-media":"","overlay-type":"","overlay-color":"","overlay-opacity":"","overlay-gradient":""},"mobile":{"background-color":"var(--ast-global-color-5)","background-image":"","background-repeat":"repeat","background-position":"center center","background-size":"auto","background-attachment":"scroll","background-type":"","background-media":"","overlay-type":"","overlay-color":"","overlay-opacity":"","overlay-gradient":""}}},"product_brand":[],"product_cat":[545],"product_tag":[2686],"class_list":{"0":"post-7091","1":"product","2":"type-product","3":"status-publish","4":"has-post-thumbnail","6":"product_cat-kirisiklik-ve-yaslanma-karsiti-peptit","7":"product_tag-puya-supply-acetyl-pentapeptide-1-can-improve-collagen-protein-and-elastin-protein-tr","8":"desktop-align-left","9":"tablet-align-left","10":"mobile-align-left","12":"first","13":"instock","14":"shipping-taxable","15":"product-type-simple"},"_links":{"self":[{"href":"https:\/\/puyapeptide.net\/tr\/wp-json\/wp\/v2\/product\/7091","targetHints":{"allow":["GET"]}}],"collection":[{"href":"https:\/\/puyapeptide.net\/tr\/wp-json\/wp\/v2\/product"}],"about":[{"href":"https:\/\/puyapeptide.net\/tr\/wp-json\/wp\/v2\/types\/product"}],"replies":[{"embeddable":true,"href":"https:\/\/puyapeptide.net\/tr\/wp-json\/wp\/v2\/comments?post=7091"}],"wp:featuredmedia":[{"embeddable":true,"href":"https:\/\/puyapeptide.net\/tr\/wp-json\/wp\/v2\/media\/2135"}],"wp:attachment":[{"href":"https:\/\/puyapeptide.net\/tr\/wp-json\/wp\/v2\/media?parent=7091"}],"wp:term":[{"taxonomy":"product_brand","embeddable":true,"href":"https:\/\/puyapeptide.net\/tr\/wp-json\/wp\/v2\/product_brand?post=7091"},{"taxonomy":"product_cat","embeddable":true,"href":"https:\/\/puyapeptide.net\/tr\/wp-json\/wp\/v2\/product_cat?post=7091"},{"taxonomy":"product_tag","embeddable":true,"href":"https:\/\/puyapeptide.net\/tr\/wp-json\/wp\/v2\/product_tag?post=7091"}],"curies":[{"name":"wp","href":"https:\/\/api.w.org\/{rel}","templated":true}]}}