{"id":7248,"date":"2021-12-16T07:18:53","date_gmt":"2021-12-16T12:18:53","guid":{"rendered":"https:\/\/puyapeptide.net\/product\/melanotan-1-melanotan-i-afamelanotide-cas-75921-69-6\/"},"modified":"2021-12-16T07:18:53","modified_gmt":"2021-12-16T12:18:53","slug":"melanotan-1-melanotan-i-afamelanotide-cas-75921-69-6","status":"publish","type":"product","link":"https:\/\/puyapeptide.net\/tr\/product\/melanotan-1-melanotan-i-afamelanotide-cas-75921-69-6\/","title":{"rendered":"Melanotan 1\/ Melanotan I\/ Afamelanotide CAS 75921-69-6"},"content":{"rendered":"<h2><strong>Melanotan 1\/ Melanotan I\/ Afamelanotide CAS 75921-69-6<\/strong><\/h2>\n<p>\u00dcr\u00fcn Ad\u0131: Melanotan 1<br \/>\nS\u0131ra: Ac-Ser-Tyr-Ser-Nle-Glu-His-D-Phe-Arg-Trp-Gly-Lys-Pro-Val-NH2<br \/>\nE\u015f Anlamlar\u0131: [ NLE4,D-PHE]ALFA-MELANOS\u0130T UYARICI HORMON;(NLE4,D-PHE7)-ALPHA-MSH;[Nle4,D-Phe7]\u03b1-MSH;Ac-L-Ser-L-Tyr-L-Ser-L -Nle-L-Glu-L-His-D-Phe-L-Arg-L-Trp-Gly-L-Lys-L-Pro-L-Val-NH2;N-Ac-L-Ser-L-Tyr -L-Ser-L-Nle-L-Glu-L-His-D-Phe-L-Arg-L-Trp-Gly-L-Lys-L-Pro-L-Val-NH2;[Nle4,DPhe7] a-MSH, amid;[Nle4,DPhe7] a-MSH, amid:Melanotan \u2160;[Nle4, D-Phe7]-\u03b1-MSH, amid<br \/>\nCAS: 75921-69-6<br \/>\nMF: C78H111N21O19&lt; &amp;&gt;MW: 1646.85<br \/>\nEINECS: 211-519-9<br \/>\n\u00dcr\u00fcn Kategorileri: \u0130yon Kanal\u0131 Mod\u00fclasyonlu Peptitler;Melanosit Uyar\u0131c\u0131 Hormonlar (MSH);\u0130mm\u00fcnomod\u00fclat\u00f6rlerHormonlar;Obezite Ara\u015ft\u0131rmas\u0131;H\u00fccre Biyolojisi Peptitler;Hipofiz Hormonlar\u0131;Peptit;Melanosit Uyar\u0131c\u0131 Hormon (MSH)Peptitler ve Proteinler;\u03b1-Melanosit Uyar\u0131c\u0131 Hormon (\u03b1-MSH)H\u00fccre Biyolojisi i\u00e7in Peptitler;Sitokinler B\u00fcy\u00fcme Fakt\u00f6rleri ve Hormonlar (Obesity);Melanotan II A<br \/>\nMol Dosya: 75921-69-6.mol&lt;&amp; &gt;<br \/>\nMelanotan 2 (Melanotan II olarak da bilinir) bir sentetiktir. Cildimizde pigmentasyondan sorumlu olan melanogenezi uyaran, v\u00fccudumuzda do\u011fal olarak \u00fcretilen bir peptit hormonunun son derece \u00fcretilen varyant\u0131. Alfa-Melanosit uyar\u0131c\u0131 hormon veya MSH olarak adland\u0131r\u0131lan bu peptit hormonu, etkilerini g\u00f6sterme s\u00fcrecinde belirli melanokortin resept\u00f6rlerini aktive eder. Ger\u00e7ekten de MSH, bunlar arac\u0131l\u0131\u011f\u0131yla lipid metabolizmas\u0131, i\u015ftah ve cinsel libido gibi g\u00fc\u00e7l\u00fc faydalar da ortaya \u00e7\u0131kar\u0131r. melanokortin resept\u00f6rleri.<br \/>\nBu nedenle, Melanotan 2&#39;nin cilt bronzla\u015fmas\u0131n\u0131 desteklemeye ek olarak i\u015ftah kesici, lipolitik ve libido artt\u0131r\u0131c\u0131 etkiler g\u00f6sterdi\u011fi \u00e7al\u0131\u015fmalarda g\u00f6sterilmi\u015ftir. Melanotan 2&#39;nin, melanojenez uyar\u0131c\u0131 \u00f6zellikleri nedeniyle g\u00fcne\u015f \u0131\u015f\u0131\u011f\u0131ndan gelen ultraviyole \u0131\u015f\u0131nlar\u0131n\u0131n zararl\u0131 etkilerine kar\u015f\u0131 korumada kullan\u0131m\u0131 yo\u011fun olarak ara\u015ft\u0131r\u0131lm\u0131\u015ft\u0131r.<br \/>\nAyr\u0131ca Melanotan 2(MT-2) ve sentetik olarak \u00fcretilmi\u015f benzer bir varyant\u0131, , cinsel i\u015flev bozuklu\u011funun tedavisi i\u00e7in<br \/>\n potansiyel bir \u00e7are olarak ara\u015ft\u0131r\u0131lm\u0131\u015ft\u0131r; \u00f6zellikle, erkek erektil disfonksiyon.<\/p>\n<p> <strong>Melanotan 1\/ Melanotan I\/ Afamelanotide CAS 75921-69-6 Kimyasal \u00d6zellikler<\/strong><br \/>\nyo\u011funluk 1,46\u00b10,1 g\/cm3(\u00d6ng\u00f6r\u00fclen)<br \/>\nRTECS OS1830200<br \/>\nsaklama s\u0131cakl\u0131\u011f\u0131 . \u221220\u00b0C<br \/>\npka 4,43\u00b10,10(Tahmini)<br \/>\nInChIKey UAHFGYDRQSXQEB-LEBBXHLNSA-N<br \/>\nCAS Veritaban\u0131 Referans\u0131 75921-69-6(CAS Veritaban\u0131 Referans\u0131)<\/p>\n<p> <strong>Melanotan Kullan\u0131mlar\u0131 1\/ Melanotan I\/ Afamelanotide CAS 75921-69-6s<\/strong><br \/>\nMelanotan I&#39;in sal\u0131nmas\u0131yla, 13 amino asitten olu\u015fan bu lineer peptit, ila\u00e7 ara\u015ft\u0131rmalar\u0131nda daha da b\u00fcy\u00fck bir rol oynayacakt\u0131r. Melanotan I&#39;in ba\u015fl\u0131ca \u0130ngilizce isimleri, \u03b1-MSH analoglar\u0131na ait olan Melanotan-1 ve Afamelanotide&#39;dir, Melanotan I, eritropoietik protoporfirinin neden oldu\u011fu \u0131\u015f\u0131\u011fa duyarl\u0131l\u0131k bozukluklar\u0131n\u0131 tedavi etmek i\u00e7in kullan\u0131labilir.<\/p>\n","protected":false},"excerpt":{"rendered":"<p>\u00dcr\u00fcn Ad\u0131: Melanotan 1<br \/>\nCAS: 75921-69-6<br \/>\nMF: C78H111N21O19<br \/>\nMW: 1646.85<br \/>\nEINECS: 211-519-9<br \/>\nMol Dosya: 75921-69-6.mol<\/p>\n","protected":false},"featured_media":2219,"comment_status":"open","ping_status":"closed","template":"","meta":{"om_disable_all_campaigns":false,"_monsterinsights_skip_tracking":false,"_monsterinsights_sitenote_active":false,"_monsterinsights_sitenote_note":"","_monsterinsights_sitenote_category":0,"site-sidebar-layout":"default","site-content-layout":"default","ast-site-content-layout":"default","site-content-style":"default","site-sidebar-style":"default","ast-global-header-display":"","ast-banner-title-visibility":"","ast-main-header-display":"","ast-hfb-above-header-display":"","ast-hfb-below-header-display":"","ast-hfb-mobile-header-display":"","site-post-title":"","ast-breadcrumbs-content":"","ast-featured-img":"","footer-sml-layout":"","ast-disable-related-posts":"","theme-transparent-header-meta":"default","adv-header-id-meta":"","stick-header-meta":"","header-above-stick-meta":"","header-main-stick-meta":"","header-below-stick-meta":"","astra-migrate-meta-layouts":"default","ast-page-background-enabled":"default","ast-page-background-meta":{"desktop":{"background-color":"","background-image":"","background-repeat":"repeat","background-position":"center center","background-size":"auto","background-attachment":"scroll","background-type":"","background-media":"","overlay-type":"","overlay-color":"","overlay-opacity":"","overlay-gradient":""},"tablet":{"background-color":"","background-image":"","background-repeat":"repeat","background-position":"center center","background-size":"auto","background-attachment":"scroll","background-type":"","background-media":"","overlay-type":"","overlay-color":"","overlay-opacity":"","overlay-gradient":""},"mobile":{"background-color":"","background-image":"","background-repeat":"repeat","background-position":"center center","background-size":"auto","background-attachment":"scroll","background-type":"","background-media":"","overlay-type":"","overlay-color":"","overlay-opacity":"","overlay-gradient":""}},"ast-content-background-meta":{"desktop":{"background-color":"var(--ast-global-color-5)","background-image":"","background-repeat":"repeat","background-position":"center center","background-size":"auto","background-attachment":"scroll","background-type":"","background-media":"","overlay-type":"","overlay-color":"","overlay-opacity":"","overlay-gradient":""},"tablet":{"background-color":"var(--ast-global-color-5)","background-image":"","background-repeat":"repeat","background-position":"center center","background-size":"auto","background-attachment":"scroll","background-type":"","background-media":"","overlay-type":"","overlay-color":"","overlay-opacity":"","overlay-gradient":""},"mobile":{"background-color":"var(--ast-global-color-5)","background-image":"","background-repeat":"repeat","background-position":"center center","background-size":"auto","background-attachment":"scroll","background-type":"","background-media":"","overlay-type":"","overlay-color":"","overlay-opacity":"","overlay-gradient":""}}},"product_brand":[],"product_cat":[529],"product_tag":[2553],"class_list":{"0":"post-7248","1":"product","2":"type-product","3":"status-publish","4":"has-post-thumbnail","6":"product_cat-diger-peptitler","7":"product_tag-melanotan-1-melanotan-i-afamelanotide-cas-75921-69-6-tr","8":"desktop-align-left","9":"tablet-align-left","10":"mobile-align-left","12":"first","13":"instock","14":"shipping-taxable","15":"product-type-simple"},"_links":{"self":[{"href":"https:\/\/puyapeptide.net\/tr\/wp-json\/wp\/v2\/product\/7248","targetHints":{"allow":["GET"]}}],"collection":[{"href":"https:\/\/puyapeptide.net\/tr\/wp-json\/wp\/v2\/product"}],"about":[{"href":"https:\/\/puyapeptide.net\/tr\/wp-json\/wp\/v2\/types\/product"}],"replies":[{"embeddable":true,"href":"https:\/\/puyapeptide.net\/tr\/wp-json\/wp\/v2\/comments?post=7248"}],"wp:featuredmedia":[{"embeddable":true,"href":"https:\/\/puyapeptide.net\/tr\/wp-json\/wp\/v2\/media\/2219"}],"wp:attachment":[{"href":"https:\/\/puyapeptide.net\/tr\/wp-json\/wp\/v2\/media?parent=7248"}],"wp:term":[{"taxonomy":"product_brand","embeddable":true,"href":"https:\/\/puyapeptide.net\/tr\/wp-json\/wp\/v2\/product_brand?post=7248"},{"taxonomy":"product_cat","embeddable":true,"href":"https:\/\/puyapeptide.net\/tr\/wp-json\/wp\/v2\/product_cat?post=7248"},{"taxonomy":"product_tag","embeddable":true,"href":"https:\/\/puyapeptide.net\/tr\/wp-json\/wp\/v2\/product_tag?post=7248"}],"curies":[{"name":"wp","href":"https:\/\/api.w.org\/{rel}","templated":true}]}}