{"id":7266,"date":"2021-12-16T07:20:06","date_gmt":"2021-12-16T12:20:06","guid":{"rendered":"https:\/\/puyapeptide.net\/product\/laboratuvar-arastirmasi-icin-poziotinib-ara290-cibinetide-cas-1208243-50-8\/"},"modified":"2021-12-16T07:20:06","modified_gmt":"2021-12-16T12:20:06","slug":"laboratuvar-arastirmasi-icin-poziotinib-ara290-cibinetide-cas-1208243-50-8","status":"publish","type":"product","link":"https:\/\/puyapeptide.net\/tr\/product\/laboratuvar-arastirmasi-icin-poziotinib-ara290-cibinetide-cas-1208243-50-8\/","title":{"rendered":"Laboratuvar Ara\u015ft\u0131rmas\u0131 i\u00e7in Poziotinib\/ ARA290\/ Cibinetide CAS 1208243-50-8"},"content":{"rendered":"<h2><strong>Laboratuvar Ara\u015ft\u0131rmas\u0131 i\u00e7in Poziotinib\/ ARA290\/ Cibinetide CAS 1208243-50-8<\/strong><\/h2>\n<p>\u00dcr\u00fcn Ad\u0131: Poziotinib<br \/>\nS\u0131ra: Pyr-Glu-Gln-Leu-Glu-Arg-Ala-Leu-Asn-Ser-Ser-OH<br \/>\nE\u015f Anlamlar\u0131: ARA-290 (Cibinetide);ARA290, &gt; %98;ARA290,Cibinetide, &gt;98%;ARA290;WZTIQQBMSJTRBR-MUZUOSMHSA-N;ara290\/Poziotinib;L-Serine, 5-oxo-L-prolil-L-\u03b1-glutamil-L-glutaminyl-L-leucyl-L -a-glutamil-L-arginil-L-alanil-L-leusil-L-asparaginil-L-seril-;ARA-290(Cibinetide) asetat<br \/>\nCAS: 1208243-50-8<br \/>\nMF: C51H84N16O21&lt; &amp;&gt;MW: 1257.31<br \/>\nEINECS:<br \/>\n\u00dcr\u00fcn Kategorileri:<br \/>\nMol Dosyas\u0131: 1208243-50-8.mol<\/p>\n<p>ARA290, N- terminal piroglutamik asittir. ARA290, eritropoietin\/CD131 heteroresept\u00f6r\u00fcn\u00fcn bir agonisti olan bir EPO t\u00fcrevidir ve n\u00f6rolojik hastal\u0131klar\u0131n tedavisi i\u00e7in klinik deneylerde yayg\u0131n olarak kullan\u0131l\u0131r. \u00e7al\u0131\u015fmalar.<\/p>\n<p> <strong>Poziotinib\/ ARA290\/ Sibinetid CAS 1208243-50-8 Kimyasal \u00d6zellikler<\/strong><br \/>\nyo\u011funluk 1.56\u00b10.1 g\/cm3(Tahmini)<br \/>\npka 2.90\u00b10.10(Tahmini)<\/p>\n<p> <strong>Poziotinib\/ ARA290\/ Cibinetide CAS 1208243-50-8&#39;in \u0130\u015flevi ve Uygulamas\u0131<\/strong><br \/>\nCibinetide, inflamatuar kaskad\u0131n bir sonucu olarak doku hasar\u0131 durumunda do\u011fu\u015ftan gelen onar\u0131m mekanizmalar\u0131n\u0131 aktive etmek i\u00e7in tasarlanm\u0131\u015f, s\u0131n\u0131f\u0131nda birinci bir sentetik peptittir. Doku koruyucu, onar\u0131c\u0131 ve anti-inflamatuar sinyal yollar\u0131n\u0131 aktive eden Do\u011fal Onar\u0131m Resept\u00f6r\u00fcne (IRR) se\u00e7ici olarak ba\u011flan\u0131r.<\/p>\n","protected":false},"excerpt":{"rendered":"<p>\u00dcr\u00fcn Ad\u0131: Poziotinib<br \/>\nCAS: 1208243-50-8<br \/>\nMF: C51H84N16O21<br \/>\nMW: 1257.31<br \/>\nMol Dosya: 1208243-50-8.mol<\/p>\n","protected":false},"featured_media":2114,"comment_status":"open","ping_status":"closed","template":"","meta":{"om_disable_all_campaigns":false,"_monsterinsights_skip_tracking":false,"_monsterinsights_sitenote_active":false,"_monsterinsights_sitenote_note":"","_monsterinsights_sitenote_category":0,"site-sidebar-layout":"default","site-content-layout":"default","ast-site-content-layout":"default","site-content-style":"default","site-sidebar-style":"default","ast-global-header-display":"","ast-banner-title-visibility":"","ast-main-header-display":"","ast-hfb-above-header-display":"","ast-hfb-below-header-display":"","ast-hfb-mobile-header-display":"","site-post-title":"","ast-breadcrumbs-content":"","ast-featured-img":"","footer-sml-layout":"","ast-disable-related-posts":"","theme-transparent-header-meta":"default","adv-header-id-meta":"","stick-header-meta":"","header-above-stick-meta":"","header-main-stick-meta":"","header-below-stick-meta":"","astra-migrate-meta-layouts":"default","ast-page-background-enabled":"default","ast-page-background-meta":{"desktop":{"background-color":"","background-image":"","background-repeat":"repeat","background-position":"center center","background-size":"auto","background-attachment":"scroll","background-type":"","background-media":"","overlay-type":"","overlay-color":"","overlay-opacity":"","overlay-gradient":""},"tablet":{"background-color":"","background-image":"","background-repeat":"repeat","background-position":"center center","background-size":"auto","background-attachment":"scroll","background-type":"","background-media":"","overlay-type":"","overlay-color":"","overlay-opacity":"","overlay-gradient":""},"mobile":{"background-color":"","background-image":"","background-repeat":"repeat","background-position":"center center","background-size":"auto","background-attachment":"scroll","background-type":"","background-media":"","overlay-type":"","overlay-color":"","overlay-opacity":"","overlay-gradient":""}},"ast-content-background-meta":{"desktop":{"background-color":"var(--ast-global-color-5)","background-image":"","background-repeat":"repeat","background-position":"center center","background-size":"auto","background-attachment":"scroll","background-type":"","background-media":"","overlay-type":"","overlay-color":"","overlay-opacity":"","overlay-gradient":""},"tablet":{"background-color":"var(--ast-global-color-5)","background-image":"","background-repeat":"repeat","background-position":"center center","background-size":"auto","background-attachment":"scroll","background-type":"","background-media":"","overlay-type":"","overlay-color":"","overlay-opacity":"","overlay-gradient":""},"mobile":{"background-color":"var(--ast-global-color-5)","background-image":"","background-repeat":"repeat","background-position":"center center","background-size":"auto","background-attachment":"scroll","background-type":"","background-media":"","overlay-type":"","overlay-color":"","overlay-opacity":"","overlay-gradient":""}}},"product_brand":[],"product_cat":[529],"product_tag":[2528],"class_list":{"0":"post-7266","1":"product","2":"type-product","3":"status-publish","4":"has-post-thumbnail","6":"product_cat-diger-peptitler","7":"product_tag-poziotinib-ara290-cibinetide-cas-1208243-50-8-for-lab-research-tr","8":"desktop-align-left","9":"tablet-align-left","10":"mobile-align-left","12":"first","13":"instock","14":"shipping-taxable","15":"product-type-simple"},"_links":{"self":[{"href":"https:\/\/puyapeptide.net\/tr\/wp-json\/wp\/v2\/product\/7266","targetHints":{"allow":["GET"]}}],"collection":[{"href":"https:\/\/puyapeptide.net\/tr\/wp-json\/wp\/v2\/product"}],"about":[{"href":"https:\/\/puyapeptide.net\/tr\/wp-json\/wp\/v2\/types\/product"}],"replies":[{"embeddable":true,"href":"https:\/\/puyapeptide.net\/tr\/wp-json\/wp\/v2\/comments?post=7266"}],"wp:featuredmedia":[{"embeddable":true,"href":"https:\/\/puyapeptide.net\/tr\/wp-json\/wp\/v2\/media\/2114"}],"wp:attachment":[{"href":"https:\/\/puyapeptide.net\/tr\/wp-json\/wp\/v2\/media?parent=7266"}],"wp:term":[{"taxonomy":"product_brand","embeddable":true,"href":"https:\/\/puyapeptide.net\/tr\/wp-json\/wp\/v2\/product_brand?post=7266"},{"taxonomy":"product_cat","embeddable":true,"href":"https:\/\/puyapeptide.net\/tr\/wp-json\/wp\/v2\/product_cat?post=7266"},{"taxonomy":"product_tag","embeddable":true,"href":"https:\/\/puyapeptide.net\/tr\/wp-json\/wp\/v2\/product_tag?post=7266"}],"curies":[{"name":"wp","href":"https:\/\/api.w.org\/{rel}","templated":true}]}}