{"id":7346,"date":"2021-12-16T07:23:39","date_gmt":"2021-12-16T12:23:39","guid":{"rendered":"https:\/\/puyapeptide.net\/product\/pentagastrin-cas-5534-95-2-mide-asidi-ve-pepsin-salgilanmasini-destekler\/"},"modified":"2021-12-16T07:23:39","modified_gmt":"2021-12-16T12:23:39","slug":"pentagastrin-cas-5534-95-2-mide-asidi-ve-pepsin-salgilanmasini-destekler","status":"publish","type":"product","link":"https:\/\/puyapeptide.net\/tr\/product\/pentagastrin-cas-5534-95-2-mide-asidi-ve-pepsin-salgilanmasini-destekler\/","title":{"rendered":"Pentagastrin CAS 5534-95-2 Mide asidi ve pepsin salg\u0131lanmas\u0131n\u0131 destekler"},"content":{"rendered":"<h2><strong>Pentagastrin CAS 5534-95-2 Mide asidi ve pepsin salg\u0131lanmas\u0131n\u0131 destekler<\/strong><\/h2>\n<p>\u00dcr\u00fcn Ad\u0131: PENTAGASTRIN<br \/>\nE\u015f Anlaml\u0131lar\u0131: T-BOC-BETA-ALA-TRP-MET-ASP-PHE-NH2;aspartil]-l-fenilalaninamide;ay6608;boc-beta-ala-try-met-asp -phe(nh2);gastrodiagnost;ici50123;laninamid;l-metionil-l-alfa-aspartil-<br \/>\nCAS: 5534-95-2<br \/>\nMF: C37H49N7O9S<br \/>\nMW: 767.9<br \/>\nEINECS: 226 -889-7<br \/>\n\u00dcr\u00fcn Kategorileri: MARCAINE;Peptid<br \/>\nMol Dosya: 5534-95-2.mol<\/p>\n<p>Peptavlon, ayn\u0131 zamanda pentagastrin olarak da bilinir, mide asidinin salg\u0131lanmas\u0131n\u0131 destekleyen sentetik bir pentagastrindir. , pepsin ve endogastrin. Klinik olarak mide salg\u0131 fonksiyon muayenesi ve pankreas fonksiyon muayenesi i\u00e7in kullan\u0131l\u0131r.<\/p>\n<p> <strong>Pentagastrin CAS 5534-95-2 Kimyasal \u00d6zellikler<\/strong><br \/>\nErime noktas\u0131 229-230\u00b0 (dec)<br \/>\nalfa D22 -28.8 \u00b10.5 \u00b0 (DMF)<br \/>\nKaynama noktas\u0131 1196.6\u00b165,0 \u00b0C(Tahmini)<br \/>\nyo\u011funluk 1.303\u00b10.06 g\/cm3(Tahmini)<br \/>\ndepolama s\u0131cakl\u0131\u011f\u0131. -20\u00b0C<br \/>\n\u00e7\u00f6z\u00fcn\u00fcrl\u00fck Suda pratik olarak \u00e7\u00f6z\u00fcnmez; 5M amonyak ve dimetilformamid i\u00e7inde \u00e7\u00f6z\u00fcn\u00fcr; etanolde az \u00e7\u00f6z\u00fcn\u00fcr (%96).<br \/>\npka 4.19\u00b10.10(Tahmini)<br \/>\ntoz halinde<br \/>\nInChIKey NEYNJQRKHLUJRU-DZUOILHNSA-N<\/p>\n<p> <strong>Pentagastrin CAS 5534-95-2<\/strong> &lt;&amp; &gt;1. anestezik (yerel)<br \/>\n2. mide salg\u0131 bozukluklar\u0131 i\u00e7in tan\u0131 maddesi<\/p>\n","protected":false},"excerpt":{"rendered":"<p>\u00dcr\u00fcn Ad\u0131: PENTAGASTRIN<br \/>\nCAS: 5534-95-2<br \/>\nMF: C37H49N7O9S<br \/>\nMW: 767.9<br \/>\nEINECS: 226-889-7<br \/>\nMol Dosya: 5534-95-2.mol<\/p>\n","protected":false},"featured_media":2114,"comment_status":"open","ping_status":"closed","template":"","meta":{"om_disable_all_campaigns":false,"_monsterinsights_skip_tracking":false,"_monsterinsights_sitenote_active":false,"_monsterinsights_sitenote_note":"","_monsterinsights_sitenote_category":0,"site-sidebar-layout":"default","site-content-layout":"default","ast-site-content-layout":"default","site-content-style":"default","site-sidebar-style":"default","ast-global-header-display":"","ast-banner-title-visibility":"","ast-main-header-display":"","ast-hfb-above-header-display":"","ast-hfb-below-header-display":"","ast-hfb-mobile-header-display":"","site-post-title":"","ast-breadcrumbs-content":"","ast-featured-img":"","footer-sml-layout":"","ast-disable-related-posts":"","theme-transparent-header-meta":"default","adv-header-id-meta":"","stick-header-meta":"","header-above-stick-meta":"","header-main-stick-meta":"","header-below-stick-meta":"","astra-migrate-meta-layouts":"default","ast-page-background-enabled":"default","ast-page-background-meta":{"desktop":{"background-color":"","background-image":"","background-repeat":"repeat","background-position":"center center","background-size":"auto","background-attachment":"scroll","background-type":"","background-media":"","overlay-type":"","overlay-color":"","overlay-opacity":"","overlay-gradient":""},"tablet":{"background-color":"","background-image":"","background-repeat":"repeat","background-position":"center center","background-size":"auto","background-attachment":"scroll","background-type":"","background-media":"","overlay-type":"","overlay-color":"","overlay-opacity":"","overlay-gradient":""},"mobile":{"background-color":"","background-image":"","background-repeat":"repeat","background-position":"center center","background-size":"auto","background-attachment":"scroll","background-type":"","background-media":"","overlay-type":"","overlay-color":"","overlay-opacity":"","overlay-gradient":""}},"ast-content-background-meta":{"desktop":{"background-color":"var(--ast-global-color-5)","background-image":"","background-repeat":"repeat","background-position":"center center","background-size":"auto","background-attachment":"scroll","background-type":"","background-media":"","overlay-type":"","overlay-color":"","overlay-opacity":"","overlay-gradient":""},"tablet":{"background-color":"var(--ast-global-color-5)","background-image":"","background-repeat":"repeat","background-position":"center center","background-size":"auto","background-attachment":"scroll","background-type":"","background-media":"","overlay-type":"","overlay-color":"","overlay-opacity":"","overlay-gradient":""},"mobile":{"background-color":"var(--ast-global-color-5)","background-image":"","background-repeat":"repeat","background-position":"center center","background-size":"auto","background-attachment":"scroll","background-type":"","background-media":"","overlay-type":"","overlay-color":"","overlay-opacity":"","overlay-gradient":""}}},"product_brand":[],"product_cat":[460],"product_tag":[2418],"class_list":{"0":"post-7346","1":"product","2":"type-product","3":"status-publish","4":"has-post-thumbnail","6":"product_cat-gastrointestinal-sistem-peptidi","7":"product_tag-pentagastrin-cas-5534-95-2-promotes-the-secretion-of-gastric-acid-and-pepsin-tr","8":"desktop-align-left","9":"tablet-align-left","10":"mobile-align-left","12":"first","13":"instock","14":"shipping-taxable","15":"product-type-simple"},"_links":{"self":[{"href":"https:\/\/puyapeptide.net\/tr\/wp-json\/wp\/v2\/product\/7346","targetHints":{"allow":["GET"]}}],"collection":[{"href":"https:\/\/puyapeptide.net\/tr\/wp-json\/wp\/v2\/product"}],"about":[{"href":"https:\/\/puyapeptide.net\/tr\/wp-json\/wp\/v2\/types\/product"}],"replies":[{"embeddable":true,"href":"https:\/\/puyapeptide.net\/tr\/wp-json\/wp\/v2\/comments?post=7346"}],"wp:featuredmedia":[{"embeddable":true,"href":"https:\/\/puyapeptide.net\/tr\/wp-json\/wp\/v2\/media\/2114"}],"wp:attachment":[{"href":"https:\/\/puyapeptide.net\/tr\/wp-json\/wp\/v2\/media?parent=7346"}],"wp:term":[{"taxonomy":"product_brand","embeddable":true,"href":"https:\/\/puyapeptide.net\/tr\/wp-json\/wp\/v2\/product_brand?post=7346"},{"taxonomy":"product_cat","embeddable":true,"href":"https:\/\/puyapeptide.net\/tr\/wp-json\/wp\/v2\/product_cat?post=7346"},{"taxonomy":"product_tag","embeddable":true,"href":"https:\/\/puyapeptide.net\/tr\/wp-json\/wp\/v2\/product_tag?post=7346"}],"curies":[{"name":"wp","href":"https:\/\/api.w.org\/{rel}","templated":true}]}}