{"id":7420,"date":"2021-12-16T07:59:18","date_gmt":"2021-12-16T12:59:18","guid":{"rendered":"https:\/\/puyapeptide.net\/product\/bivalirudin-cas-128270-60-0-laboratuvar-arastirmalari-icin-bir-antikoagulandir\/"},"modified":"2021-12-16T07:59:18","modified_gmt":"2021-12-16T12:59:18","slug":"bivalirudin-cas-128270-60-0-laboratuvar-arastirmalari-icin-bir-antikoagulandir","status":"publish","type":"product","link":"https:\/\/puyapeptide.net\/tr\/product\/bivalirudin-cas-128270-60-0-laboratuvar-arastirmalari-icin-bir-antikoagulandir\/","title":{"rendered":"Bivalirudin CAS 128270-60-0, Laboratuvar Ara\u015ft\u0131rmalar\u0131 i\u00e7in bir antikoag\u00fcland\u0131r"},"content":{"rendered":"<h2><strong>Bivalirudin CAS 128270-60-0, Laboratuvar Ara\u015ft\u0131rmalar\u0131 i\u00e7in bir antikoag\u00fcland\u0131r<\/strong><\/h2>\n<p>\u00dcr\u00fcn Ad\u0131: Bivalirudin<br \/>\nE\u015f Anlaml\u0131lar\u0131: Bivalirudin, TFA;BIVALIRUDIN;BIVALIRUDIN TRIFLUOROACETATE;BITTERMELONP.E;Human Bivalirudin;DPHE-PRO-ARG-PRO-GLY-GLY-GLY-GLY-ASN-GLY-A PHE-GLU-GLU-LLE-PRO-GLU-GLU-TYR-LEU;Bivalirudin Asetat;Bivalirudin BG 8967, Hirulog, Hirulog I<br \/>\nCAS: 128270-60-0<br \/>\nMF: C98H138N24O33<br \/>\nMW: 2180.29<br \/>\nEINECS: 274-570-6<br \/>\n\u00dcr\u00fcn Kategorileri: API;proteinler;Peptid<br \/>\nMol Dosya: 128270-60-0.mol<\/p>\n<p>Bivalirudin, bir t\u00fcr sentetik yeni antikoag\u00fcland\u0131r. Trombinin direkt, spesifik ve geri d\u00f6n\u00fc\u015f\u00fcml\u00fc inhibit\u00f6r\u00fcd\u00fcr. Ba\u015flang\u0131\u00e7ta \u0130svi\u00e7reli Basset (Biogen) taraf\u0131ndan geli\u015ftirilmi\u015ftir. Daha sonra Amerika Birle\u015fik Devletleri \u0130la\u00e7 \u015eirketi&#39;ne transfer edildi ve 2000 y\u0131l\u0131nda Amerika Birle\u015fik Devletleri&#39;nde pazarlanmas\u0131 i\u00e7in onayland\u0131. Antikoag\u00fclan i\u00e7eri\u011fi hirudinden t\u00fcretilen bir t\u00fcr 20 peptittir. Bivalirudin, kan dola\u015f\u0131m\u0131nda bulunan trombinin veya trombusa ba\u011fl\u0131 trombinin katalitik b\u00f6lgesi ve anyon ba\u011flama b\u00f6lgesi ile spesifik olarak ba\u011flanabilir, b\u00f6ylece trombin aktivitesini do\u011frudan inhibe edebilir. Ve rol\u00fc k\u0131sa, geri d\u00f6n\u00fc\u015f\u00fcml\u00fcd\u00fcr. Erken klinik \u00e7al\u0131\u015fmalar, bivalirudinin antikoag\u00fclasyon tedavisinin iyi oldu\u011funu g\u00f6stermektedir. Ve kanama olaylar\u0131n\u0131n insidans\u0131 d\u00fc\u015f\u00fckt\u00fcr. Bu nedenle kullan\u0131m\u0131 geleneksel heparin tedavisinden daha g\u00fcvenlidir. Esas olarak anjiyoplastinin \u00f6nlenmesinde, karars\u0131z anjina pektorisin iskemik komplikasyonlar\u0131n\u0131n giri\u015fimsel tedavisinde, \u00f6ncesi ve sonras\u0131nda kullan\u0131l\u0131r.<\/p>\n<p> <strong>Bivalirudin CAS 128270-60-0 Kimyasal \u00d6zellikler<\/strong><br \/>\nyo\u011funluk 1.52\u00b10.1 g\/cm3(Tahmini)<br \/>\ndepolama s\u0131cakl\u0131\u011f\u0131. -20\u00b0C<br \/>\ntoz olu\u015fturur<br \/>\nrenk beyazdan kirli beyaza<br \/>\nInChIKey OIRCOABEOLEUMC-GEJPAHFPSA-N<\/p>\n<p> <strong>Bivalirudin CAS 128270-60-0<\/strong><br \/>\nAntikoag\u00fclan; antitrombotik.<\/p>\n<p>Biluvudin sentetik bir antikoag\u00fclan ila\u00e7t\u0131r, hirudinin 20 peptit analo\u011fudur ve 2000 y\u0131l\u0131nda Amerika Birle\u015fik Devletleri&#39;nde pazarlama i\u00e7in onaylanm\u0131\u015ft\u0131r. Bivalirudin spesifik olarak trombinin katalitik b\u00f6lgesine ve anyonik harici ba\u011flanma b\u00f6lgesine ba\u011flan\u0131r , trombinin aktivitesini do\u011frudan inhibe ederek ve b\u00f6ylece trombin taraf\u0131ndan katalize edilen ve ind\u00fcklenen reaksiyonlar\u0131 inhibe eder ve etkisi geri d\u00f6n\u00fc\u015f\u00fcml\u00fcd\u00fcr. Bivalirudin esas olarak yeti\u015fkinlerde elektif perk\u00fctan koroner giri\u015fim (PCI) i\u00e7in bir antikoag\u00fclan olarak kullan\u0131l\u0131r.<\/p>\n","protected":false},"excerpt":{"rendered":"<p>\u00dcr\u00fcn Ad\u0131: Bivalirudin<br \/>\nCAS: 128270-60-0<br \/>\nMF: C98H138N24O33<br \/>\nMW: 2180.29<br \/>\nEINECS: 274-570-6<br \/>\nMol Dosya: 128270-60-0.mol<\/p>\n","protected":false},"featured_media":2282,"comment_status":"open","ping_status":"closed","template":"","meta":{"om_disable_all_campaigns":false,"_monsterinsights_skip_tracking":false,"_monsterinsights_sitenote_active":false,"_monsterinsights_sitenote_note":"","_monsterinsights_sitenote_category":0,"site-sidebar-layout":"default","site-content-layout":"default","ast-site-content-layout":"default","site-content-style":"default","site-sidebar-style":"default","ast-global-header-display":"","ast-banner-title-visibility":"","ast-main-header-display":"","ast-hfb-above-header-display":"","ast-hfb-below-header-display":"","ast-hfb-mobile-header-display":"","site-post-title":"","ast-breadcrumbs-content":"","ast-featured-img":"","footer-sml-layout":"","ast-disable-related-posts":"","theme-transparent-header-meta":"default","adv-header-id-meta":"","stick-header-meta":"","header-above-stick-meta":"","header-main-stick-meta":"","header-below-stick-meta":"","astra-migrate-meta-layouts":"default","ast-page-background-enabled":"default","ast-page-background-meta":{"desktop":{"background-color":"","background-image":"","background-repeat":"repeat","background-position":"center center","background-size":"auto","background-attachment":"scroll","background-type":"","background-media":"","overlay-type":"","overlay-color":"","overlay-opacity":"","overlay-gradient":""},"tablet":{"background-color":"","background-image":"","background-repeat":"repeat","background-position":"center center","background-size":"auto","background-attachment":"scroll","background-type":"","background-media":"","overlay-type":"","overlay-color":"","overlay-opacity":"","overlay-gradient":""},"mobile":{"background-color":"","background-image":"","background-repeat":"repeat","background-position":"center center","background-size":"auto","background-attachment":"scroll","background-type":"","background-media":"","overlay-type":"","overlay-color":"","overlay-opacity":"","overlay-gradient":""}},"ast-content-background-meta":{"desktop":{"background-color":"var(--ast-global-color-5)","background-image":"","background-repeat":"repeat","background-position":"center center","background-size":"auto","background-attachment":"scroll","background-type":"","background-media":"","overlay-type":"","overlay-color":"","overlay-opacity":"","overlay-gradient":""},"tablet":{"background-color":"var(--ast-global-color-5)","background-image":"","background-repeat":"repeat","background-position":"center center","background-size":"auto","background-attachment":"scroll","background-type":"","background-media":"","overlay-type":"","overlay-color":"","overlay-opacity":"","overlay-gradient":""},"mobile":{"background-color":"var(--ast-global-color-5)","background-image":"","background-repeat":"repeat","background-position":"center center","background-size":"auto","background-attachment":"scroll","background-type":"","background-media":"","overlay-type":"","overlay-color":"","overlay-opacity":"","overlay-gradient":""}}},"product_brand":[],"product_cat":[421],"product_tag":[2402],"class_list":{"0":"post-7420","1":"product","2":"type-product","3":"status-publish","4":"has-post-thumbnail","6":"product_cat-kan-ve-vaskuler-peptit","7":"product_tag-bivalirudin-cas-128270-60-0-is-an-anticoagulant-for-lab-research-tr","8":"desktop-align-left","9":"tablet-align-left","10":"mobile-align-left","12":"first","13":"instock","14":"shipping-taxable","15":"product-type-simple"},"_links":{"self":[{"href":"https:\/\/puyapeptide.net\/tr\/wp-json\/wp\/v2\/product\/7420","targetHints":{"allow":["GET"]}}],"collection":[{"href":"https:\/\/puyapeptide.net\/tr\/wp-json\/wp\/v2\/product"}],"about":[{"href":"https:\/\/puyapeptide.net\/tr\/wp-json\/wp\/v2\/types\/product"}],"replies":[{"embeddable":true,"href":"https:\/\/puyapeptide.net\/tr\/wp-json\/wp\/v2\/comments?post=7420"}],"wp:featuredmedia":[{"embeddable":true,"href":"https:\/\/puyapeptide.net\/tr\/wp-json\/wp\/v2\/media\/2282"}],"wp:attachment":[{"href":"https:\/\/puyapeptide.net\/tr\/wp-json\/wp\/v2\/media?parent=7420"}],"wp:term":[{"taxonomy":"product_brand","embeddable":true,"href":"https:\/\/puyapeptide.net\/tr\/wp-json\/wp\/v2\/product_brand?post=7420"},{"taxonomy":"product_cat","embeddable":true,"href":"https:\/\/puyapeptide.net\/tr\/wp-json\/wp\/v2\/product_cat?post=7420"},{"taxonomy":"product_tag","embeddable":true,"href":"https:\/\/puyapeptide.net\/tr\/wp-json\/wp\/v2\/product_tag?post=7420"}],"curies":[{"name":"wp","href":"https:\/\/api.w.org\/{rel}","templated":true}]}}